{"id":7607,"date":"2023-09-23T13:18:27","date_gmt":"2023-09-23T11:18:27","guid":{"rendered":"https:\/\/videom.it\/blog\/?post_type=product&#038;p=7607"},"modified":"2025-05-23T10:54:42","modified_gmt":"2025-05-23T08:54:42","slug":"iphone-15-pro-256gb","status":"publish","type":"product","link":"https:\/\/videom.it\/blog\/shop\/iphone-15-pro-256gb\/","title":{"rendered":"iPhone 15 Pro 256Gb"},"content":{"rendered":"<p><strong>iPhone 15 Pro. Ora in titanio.<\/strong><br \/>\niPhone 15 Pro. Forgiato nel titanio, con il rivoluzionario<a href=\"https:\/\/it.wikipedia.org\/wiki\/Apple_Silicon\" target=\"_blank\" rel=\"noopener\"> chip A17 Pro<\/a>, il tasto Azione personalizzabile e un sistema di fotocamere Pro ancora pi\u00f9, versatile.<\/p>\n<p><strong>Caratteristiche principali:<\/strong><\/p>\n<p>&#8211; FORGIATO NEL TITANIO,\u00a0 iPhone 15 Pro ha un design robusto e leggero in titanio di grado aerospaziale con vetro posteriore opaco e parte frontale in Ceramic Shield, pi\u00f9, resistente di qualsiasi altro vetro per smartphone. Ed \u00e8, a prova di schizzi, gocce e polvere.1<\/p>\n<p>&#8211; DISPLAY EVOLUTO, Il display Super Retina XDR da 6,1&#8243;2 con ProMotion spinge il refresh rate fino a 120Hz quando ti servono prestazioni grafiche al top. La Dynamic Island ti mostra avvisi e attivit\u00e0, in tempo reale. E con il display always-on, la schermata di blocco \u00e8, sempre visibile: non devi nemmeno toccarla per sapere cosa c&#8217;\u00e8, di nuovo.<\/p>\n<p>&#8211; A17 PRO, UN CHIP CLAMOROSAMENTE INNOVATIVO, Grazie alla GPU di classe Pro, i giochi sono incredibilmente immersivi, con ambienti dettagliati e personaggi realistici. Il chip A17 Pro \u00e8, anche efficientissimo, cos\u00ec, la batteria dura tutto il giorno.3<\/p>\n<h4>&#8211; <strong>iPhone 15 Pro<\/strong> POTENTE SISTEMA DI FOTOCAMERE.<\/h4>\n<p>Con sette obiettivi professionali a disposizione, inquadratura perfetta e a portata di mano. Fai foto ad altissima risoluzione con colori pi\u00f9, intensi e dettagli pi\u00f9, definiti, usando la fotocamera principale da 48MP. E con il teleobiettivo 3x su iPhone 15 Pro puoi zoomare sul soggetto per scattare primi piani nitidissimi da ancora pi\u00f9, lontano.<\/p>\n<p>&#8211; TASTO AZIONE PERSONALIZZABILE, Il tasto Azione ti permette di attivare al volo la tua funzione preferita. Scegli tra Silenzioso, Fotocamera, Memo vocale, Comando rapido e altro ancora: una volta impostata la funzione, ti baster\u00e0, tenere premuto per attivarla.<\/p>\n<p>&#8211; CONNESSIONI DA PRO, Il nuovo connettore USB-C ti permette di caricare il Mac, o iPad con lo stesso cavo che usi per il tuo iPhone 15 Pro. Ed \u00e8, compatibile con lo standard USB 3, per un trasferimento dati ultrarapido.4 Non solo: con il Wi-Fi 6E, i download sono fino a due volte pi\u00f9, veloci.5<\/p>\n<p>&#8211; FUNZIONI DI SICUREZZA , Se devi chiamare i soccorsi ma non c&#8217;\u00e8, campo o non ci sono reti Wi-Fi disponibili, puoi usare SOS emergenze via satellite.6 E con Rilevamento incidenti, iPhone pu\u00f2, riconoscere un grave incidente d&#8217;auto e chiamare aiuto se tu non puoi.7<\/p>\n<p><a href=\"https:\/\/i0.wp.com\/videom.it\/blog\/wp-content\/uploads\/2021\/06\/Nuova-facciata-A-nera-negozio.jpg?ssl=1\"><img data-recalc-dims=\"1\" decoding=\"async\" class=\"alignnone size-medium wp-image-7057\" src=\"https:\/\/i0.wp.com\/videom.it\/blog\/wp-content\/uploads\/2021\/06\/Nuova-facciata-A-nera-negozio.jpg?resize=300%2C134&#038;ssl=1\" alt=\"iPhone 15 Pro\" width=\"300\" height=\"134\" \/><\/a><a href=\"https:\/\/videom.it\/blog\/wp-content\/uploads\/2020\/05\/consegna-gratuita-GRAT-e1618251105672.jpg\">\u00a0 \u00a0<\/a><img data-recalc-dims=\"1\" decoding=\"async\" class=\"alignnone size-medium wp-image-4221\" src=\"https:\/\/i0.wp.com\/videom.it\/blog\/wp-content\/uploads\/2020\/05\/consegna-gratuita-GRAT.jpg?resize=300%2C108&#038;ssl=1\" alt=\"iPhone 15 Pro\" width=\"300\" height=\"108\" \/><\/p>\n<p><strong>Unica sede a Trebisacce (Cs) in Vle della Libert\u00e0 22\/24<\/strong> &#8211; 098158459 \/ 51519 &#8211; 3518188174 &#8211; <a href=\"mailto:info@videom.it\">info@videom.it<\/a><\/p>\n","protected":false},"excerpt":{"rendered":"<ul class=\"productFeature\">\n<li class=\"productFeatureRow body-medium\"><strong><span class=\"proprietiesfeatures\">Dimensioni display-pollici:\u00a06,1 Pollici<\/span><\/strong><\/li>\n<li class=\"productFeatureRow body-medium\"><strong><span class=\"proprietiesfeatures\">MegaPixel totali:\u00a0Megapixel Tot 48<\/span><\/strong><\/li>\n<li class=\"productFeatureRow body-medium\"><strong><span class=\"proprietiesfeatures\">Capacit\u00e0 di memoria-GB: Memoria 256 GB<\/span><\/strong><\/li>\n<li class=\"productFeatureRow body-medium\"><strong><span class=\"proprietiesfeatures\">Sistema operativo:\u00a0Sistema operativo iOS<\/span><\/strong><\/li>\n<\/ul>\n<p><img decoding=\"async\" src=\"https:\/\/videom.it\/blog\/wp-content\/uploads\/2020\/05\/consegna-gratuita-GRAT-300x108.jpg\" \/><\/p>\n<p><a href=\"https:\/\/videom.it\/blog\/wp-content\/uploads\/2021\/05\/carte-di-credito-supportate-da-paypal-2.png\"><img decoding=\"async\" class=\"alignnone size-medium wp-image-6452\" src=\"https:\/\/videom.it\/blog\/wp-content\/uploads\/2021\/05\/carte-di-credito-supportate-da-paypal-2-300x68.png\" alt=\"\" width=\"300\" height=\"68\" srcset=\"https:\/\/i0.wp.com\/videom.it\/blog\/wp-content\/uploads\/2021\/05\/carte-di-credito-supportate-da-paypal-2.png?resize=300%2C68&amp;ssl=1 300w, https:\/\/i0.wp.com\/videom.it\/blog\/wp-content\/uploads\/2021\/05\/carte-di-credito-supportate-da-paypal-2.png?resize=768%2C175&amp;ssl=1 768w, https:\/\/i0.wp.com\/videom.it\/blog\/wp-content\/uploads\/2021\/05\/carte-di-credito-supportate-da-paypal-2.png?resize=600%2C137&amp;ssl=1 600w, https:\/\/i0.wp.com\/videom.it\/blog\/wp-content\/uploads\/2021\/05\/carte-di-credito-supportate-da-paypal-2.png?w=1000&amp;ssl=1 1000w\" sizes=\"(max-width: 300px) 100vw, 300px\" \/><\/a><\/p>\n","protected":false},"featured_media":7606,"comment_status":"open","ping_status":"closed","template":"","meta":{"jetpack_post_was_ever_published":false,"jetpack_publicize_message":"","jetpack_publicize_feature_enabled":true,"jetpack_social_post_already_shared":true,"jetpack_social_options":{"image_generator_settings":{"template":"highway","default_image_id":0,"font":"","enabled":false},"version":2}},"product_brand":[],"product_cat":[67,27],"product_tag":[200,21,36,20,54],"class_list":{"0":"post-7607","1":"product","2":"type-product","3":"status-publish","4":"has-post-thumbnail","6":"product_cat-apple","7":"product_cat-smartphone","8":"product_tag-airpod","9":"product_tag-apple","10":"product_tag-cellulari","11":"product_tag-iphone","12":"product_tag-smartphone","14":"first","15":"outofstock","16":"taxable","17":"shipping-taxable","18":"purchasable","19":"product-type-simple"},"yoast_head":"<!-- This site is optimized with the Yoast SEO plugin v27.4 - https:\/\/yoast.com\/product\/yoast-seo-wordpress\/ -->\n<title>iPhone 15 Pro 256Gb<\/title>\n<meta name=\"description\" content=\"iPhone 15 Pro e iPhone 15 Pro Max. Design in titanio. Chip A17 Pro. Tasto Azione. Fotocamera principale da 48MP. USB\u2011C, schermo da 6,1 ...\" \/>\n<meta name=\"robots\" content=\"index, follow, max-snippet:-1, max-image-preview:large, max-video-preview:-1\" \/>\n<link rel=\"canonical\" href=\"https:\/\/videom.it\/blog\/shop\/iphone-15-pro-256gb\/\" \/>\n<meta property=\"og:locale\" content=\"it_IT\" \/>\n<meta property=\"og:type\" content=\"article\" \/>\n<meta property=\"og:title\" content=\"iPhone 15 Pro 256Gb\" \/>\n<meta property=\"og:description\" content=\"iPhone 15 Pro e iPhone 15 Pro Max. Design in titanio. Chip A17 Pro. Tasto Azione. Fotocamera principale da 48MP. USB\u2011C, schermo da 6,1 ...\" \/>\n<meta property=\"og:url\" content=\"https:\/\/videom.it\/blog\/shop\/iphone-15-pro-256gb\/\" \/>\n<meta property=\"og:site_name\" content=\"VideoMusic\" \/>\n<meta property=\"article:publisher\" content=\"https:\/\/www.facebook.com\/videomusiccava.trebisacce\" \/>\n<meta property=\"article:modified_time\" content=\"2025-05-23T08:54:42+00:00\" \/>\n<meta property=\"og:image\" content=\"https:\/\/videom.it\/blog\/wp-content\/uploads\/2023\/09\/15PRO-128-C.jpg\" \/>\n\t<meta property=\"og:image:width\" content=\"1200\" \/>\n\t<meta property=\"og:image:height\" content=\"600\" \/>\n\t<meta property=\"og:image:type\" content=\"image\/jpeg\" \/>\n<meta name=\"twitter:label1\" content=\"Tempo di lettura stimato\" \/>\n\t<meta name=\"twitter:data1\" content=\"3 minuti\" \/>\n<script type=\"application\/ld+json\" class=\"yoast-schema-graph\">{\"@context\":\"https:\\\/\\\/schema.org\",\"@graph\":[{\"@type\":\"WebPage\",\"@id\":\"https:\\\/\\\/videom.it\\\/blog\\\/shop\\\/iphone-15-pro-256gb\\\/\",\"url\":\"https:\\\/\\\/videom.it\\\/blog\\\/shop\\\/iphone-15-pro-256gb\\\/\",\"name\":\"iPhone 15 Pro 256Gb\",\"isPartOf\":{\"@id\":\"https:\\\/\\\/videom.it\\\/blog\\\/#website\"},\"primaryImageOfPage\":{\"@id\":\"https:\\\/\\\/videom.it\\\/blog\\\/shop\\\/iphone-15-pro-256gb\\\/#primaryimage\"},\"image\":{\"@id\":\"https:\\\/\\\/videom.it\\\/blog\\\/shop\\\/iphone-15-pro-256gb\\\/#primaryimage\"},\"thumbnailUrl\":\"https:\\\/\\\/i0.wp.com\\\/videom.it\\\/blog\\\/wp-content\\\/uploads\\\/2023\\\/09\\\/15PRO-128-C.jpg?fit=1200%2C600&ssl=1\",\"datePublished\":\"2023-09-23T11:18:27+00:00\",\"dateModified\":\"2025-05-23T08:54:42+00:00\",\"description\":\"iPhone 15 Pro e iPhone 15 Pro Max. Design in titanio. Chip A17 Pro. Tasto Azione. Fotocamera principale da 48MP. USB\u2011C, schermo da 6,1 ...\",\"breadcrumb\":{\"@id\":\"https:\\\/\\\/videom.it\\\/blog\\\/shop\\\/iphone-15-pro-256gb\\\/#breadcrumb\"},\"inLanguage\":\"it-IT\",\"potentialAction\":[{\"@type\":\"ReadAction\",\"target\":[\"https:\\\/\\\/videom.it\\\/blog\\\/shop\\\/iphone-15-pro-256gb\\\/\"]}]},{\"@type\":\"ImageObject\",\"inLanguage\":\"it-IT\",\"@id\":\"https:\\\/\\\/videom.it\\\/blog\\\/shop\\\/iphone-15-pro-256gb\\\/#primaryimage\",\"url\":\"https:\\\/\\\/i0.wp.com\\\/videom.it\\\/blog\\\/wp-content\\\/uploads\\\/2023\\\/09\\\/15PRO-128-C.jpg?fit=1200%2C600&ssl=1\",\"contentUrl\":\"https:\\\/\\\/i0.wp.com\\\/videom.it\\\/blog\\\/wp-content\\\/uploads\\\/2023\\\/09\\\/15PRO-128-C.jpg?fit=1200%2C600&ssl=1\",\"width\":1200,\"height\":600},{\"@type\":\"BreadcrumbList\",\"@id\":\"https:\\\/\\\/videom.it\\\/blog\\\/shop\\\/iphone-15-pro-256gb\\\/#breadcrumb\",\"itemListElement\":[{\"@type\":\"ListItem\",\"position\":1,\"name\":\"Home\",\"item\":\"https:\\\/\\\/videom.it\\\/blog\\\/\"},{\"@type\":\"ListItem\",\"position\":2,\"name\":\"Shop\",\"item\":\"https:\\\/\\\/videom.it\\\/blog\\\/shop\\\/\"},{\"@type\":\"ListItem\",\"position\":3,\"name\":\"iPhone 15 Pro 256Gb\"}]},{\"@type\":\"WebSite\",\"@id\":\"https:\\\/\\\/videom.it\\\/blog\\\/#website\",\"url\":\"https:\\\/\\\/videom.it\\\/blog\\\/\",\"name\":\"VideoMusic\",\"description\":\"Luce &amp; Gas - Assicurazioni - Riparazioni\",\"publisher\":{\"@id\":\"https:\\\/\\\/videom.it\\\/blog\\\/#organization\"},\"potentialAction\":[{\"@type\":\"SearchAction\",\"target\":{\"@type\":\"EntryPoint\",\"urlTemplate\":\"https:\\\/\\\/videom.it\\\/blog\\\/?s={search_term_string}\"},\"query-input\":{\"@type\":\"PropertyValueSpecification\",\"valueRequired\":true,\"valueName\":\"search_term_string\"}}],\"inLanguage\":\"it-IT\"},{\"@type\":\"Organization\",\"@id\":\"https:\\\/\\\/videom.it\\\/blog\\\/#organization\",\"name\":\"VideoMusic\",\"url\":\"https:\\\/\\\/videom.it\\\/blog\\\/\",\"logo\":{\"@type\":\"ImageObject\",\"inLanguage\":\"it-IT\",\"@id\":\"https:\\\/\\\/videom.it\\\/blog\\\/#\\\/schema\\\/logo\\\/image\\\/\",\"url\":\"https:\\\/\\\/i2.wp.com\\\/videom.it\\\/blog\\\/wp-content\\\/uploads\\\/2015\\\/04\\\/25th-giallo-3.jpg?fit=1300%2C1192&ssl=1\",\"contentUrl\":\"https:\\\/\\\/i2.wp.com\\\/videom.it\\\/blog\\\/wp-content\\\/uploads\\\/2015\\\/04\\\/25th-giallo-3.jpg?fit=1300%2C1192&ssl=1\",\"width\":1300,\"height\":1192,\"caption\":\"VideoMusic\"},\"image\":{\"@id\":\"https:\\\/\\\/videom.it\\\/blog\\\/#\\\/schema\\\/logo\\\/image\\\/\"},\"sameAs\":[\"https:\\\/\\\/www.facebook.com\\\/videomusiccava.trebisacce\",\"https:\\\/\\\/x.com\\\/vbcava\",\"https:\\\/\\\/www.youtube.com\\\/channel\\\/UCgNxnZpk2zqHaIcIxF3swOA\"]}]}<\/script>\n<!-- \/ Yoast SEO plugin. -->","yoast_head_json":{"title":"iPhone 15 Pro 256Gb","description":"iPhone 15 Pro e iPhone 15 Pro Max. Design in titanio. Chip A17 Pro. Tasto Azione. Fotocamera principale da 48MP. USB\u2011C, schermo da 6,1 ...","robots":{"index":"index","follow":"follow","max-snippet":"max-snippet:-1","max-image-preview":"max-image-preview:large","max-video-preview":"max-video-preview:-1"},"canonical":"https:\/\/videom.it\/blog\/shop\/iphone-15-pro-256gb\/","og_locale":"it_IT","og_type":"article","og_title":"iPhone 15 Pro 256Gb","og_description":"iPhone 15 Pro e iPhone 15 Pro Max. Design in titanio. Chip A17 Pro. Tasto Azione. Fotocamera principale da 48MP. USB\u2011C, schermo da 6,1 ...","og_url":"https:\/\/videom.it\/blog\/shop\/iphone-15-pro-256gb\/","og_site_name":"VideoMusic","article_publisher":"https:\/\/www.facebook.com\/videomusiccava.trebisacce","article_modified_time":"2025-05-23T08:54:42+00:00","og_image":[{"width":1200,"height":600,"url":"https:\/\/videom.it\/blog\/wp-content\/uploads\/2023\/09\/15PRO-128-C.jpg","type":"image\/jpeg"}],"twitter_misc":{"Tempo di lettura stimato":"3 minuti"},"schema":{"@context":"https:\/\/schema.org","@graph":[{"@type":"WebPage","@id":"https:\/\/videom.it\/blog\/shop\/iphone-15-pro-256gb\/","url":"https:\/\/videom.it\/blog\/shop\/iphone-15-pro-256gb\/","name":"iPhone 15 Pro 256Gb","isPartOf":{"@id":"https:\/\/videom.it\/blog\/#website"},"primaryImageOfPage":{"@id":"https:\/\/videom.it\/blog\/shop\/iphone-15-pro-256gb\/#primaryimage"},"image":{"@id":"https:\/\/videom.it\/blog\/shop\/iphone-15-pro-256gb\/#primaryimage"},"thumbnailUrl":"https:\/\/i0.wp.com\/videom.it\/blog\/wp-content\/uploads\/2023\/09\/15PRO-128-C.jpg?fit=1200%2C600&ssl=1","datePublished":"2023-09-23T11:18:27+00:00","dateModified":"2025-05-23T08:54:42+00:00","description":"iPhone 15 Pro e iPhone 15 Pro Max. Design in titanio. Chip A17 Pro. Tasto Azione. Fotocamera principale da 48MP. USB\u2011C, schermo da 6,1 ...","breadcrumb":{"@id":"https:\/\/videom.it\/blog\/shop\/iphone-15-pro-256gb\/#breadcrumb"},"inLanguage":"it-IT","potentialAction":[{"@type":"ReadAction","target":["https:\/\/videom.it\/blog\/shop\/iphone-15-pro-256gb\/"]}]},{"@type":"ImageObject","inLanguage":"it-IT","@id":"https:\/\/videom.it\/blog\/shop\/iphone-15-pro-256gb\/#primaryimage","url":"https:\/\/i0.wp.com\/videom.it\/blog\/wp-content\/uploads\/2023\/09\/15PRO-128-C.jpg?fit=1200%2C600&ssl=1","contentUrl":"https:\/\/i0.wp.com\/videom.it\/blog\/wp-content\/uploads\/2023\/09\/15PRO-128-C.jpg?fit=1200%2C600&ssl=1","width":1200,"height":600},{"@type":"BreadcrumbList","@id":"https:\/\/videom.it\/blog\/shop\/iphone-15-pro-256gb\/#breadcrumb","itemListElement":[{"@type":"ListItem","position":1,"name":"Home","item":"https:\/\/videom.it\/blog\/"},{"@type":"ListItem","position":2,"name":"Shop","item":"https:\/\/videom.it\/blog\/shop\/"},{"@type":"ListItem","position":3,"name":"iPhone 15 Pro 256Gb"}]},{"@type":"WebSite","@id":"https:\/\/videom.it\/blog\/#website","url":"https:\/\/videom.it\/blog\/","name":"VideoMusic","description":"Luce &amp; Gas - Assicurazioni - Riparazioni","publisher":{"@id":"https:\/\/videom.it\/blog\/#organization"},"potentialAction":[{"@type":"SearchAction","target":{"@type":"EntryPoint","urlTemplate":"https:\/\/videom.it\/blog\/?s={search_term_string}"},"query-input":{"@type":"PropertyValueSpecification","valueRequired":true,"valueName":"search_term_string"}}],"inLanguage":"it-IT"},{"@type":"Organization","@id":"https:\/\/videom.it\/blog\/#organization","name":"VideoMusic","url":"https:\/\/videom.it\/blog\/","logo":{"@type":"ImageObject","inLanguage":"it-IT","@id":"https:\/\/videom.it\/blog\/#\/schema\/logo\/image\/","url":"https:\/\/i2.wp.com\/videom.it\/blog\/wp-content\/uploads\/2015\/04\/25th-giallo-3.jpg?fit=1300%2C1192&ssl=1","contentUrl":"https:\/\/i2.wp.com\/videom.it\/blog\/wp-content\/uploads\/2015\/04\/25th-giallo-3.jpg?fit=1300%2C1192&ssl=1","width":1300,"height":1192,"caption":"VideoMusic"},"image":{"@id":"https:\/\/videom.it\/blog\/#\/schema\/logo\/image\/"},"sameAs":["https:\/\/www.facebook.com\/videomusiccava.trebisacce","https:\/\/x.com\/vbcava","https:\/\/www.youtube.com\/channel\/UCgNxnZpk2zqHaIcIxF3swOA"]}]}},"jetpack_publicize_connections":[],"jetpack_sharing_enabled":true,"_links":{"self":[{"href":"https:\/\/videom.it\/blog\/wp-json\/wp\/v2\/product\/7607","targetHints":{"allow":["GET"]}}],"collection":[{"href":"https:\/\/videom.it\/blog\/wp-json\/wp\/v2\/product"}],"about":[{"href":"https:\/\/videom.it\/blog\/wp-json\/wp\/v2\/types\/product"}],"replies":[{"embeddable":true,"href":"https:\/\/videom.it\/blog\/wp-json\/wp\/v2\/comments?post=7607"}],"wp:featuredmedia":[{"embeddable":true,"href":"https:\/\/videom.it\/blog\/wp-json\/wp\/v2\/media\/7606"}],"wp:attachment":[{"href":"https:\/\/videom.it\/blog\/wp-json\/wp\/v2\/media?parent=7607"}],"wp:term":[{"taxonomy":"product_brand","embeddable":true,"href":"https:\/\/videom.it\/blog\/wp-json\/wp\/v2\/product_brand?post=7607"},{"taxonomy":"product_cat","embeddable":true,"href":"https:\/\/videom.it\/blog\/wp-json\/wp\/v2\/product_cat?post=7607"},{"taxonomy":"product_tag","embeddable":true,"href":"https:\/\/videom.it\/blog\/wp-json\/wp\/v2\/product_tag?post=7607"}],"curies":[{"name":"wp","href":"https:\/\/api.w.org\/{rel}","templated":true}]}}