{"id":7271,"date":"2022-04-07T10:50:46","date_gmt":"2022-04-07T08:50:46","guid":{"rendered":"https:\/\/videom.it\/blog\/?post_type=product&#038;p=7271"},"modified":"2025-05-23T10:55:12","modified_gmt":"2025-05-23T08:55:12","slug":"xiaomi-redmi-note-11-pro","status":"publish","type":"product","link":"https:\/\/videom.it\/blog\/shop\/xiaomi-redmi-note-11-pro\/","title":{"rendered":"Xiaomi Redmi Note 11 Pro"},"content":{"rendered":"<p><span class=\"a-list-item\">Il Xiaomi Redmi Note 11 Pro 5G \u00e8 Dotato di una configurazione a tripla fotocamera posteriore, offre un&#8217;esperienza fotografica eccezionale senza compromessi. La sua fotocamera principale da 108 MP cattura immagini straordinarie con colori vivaci; una fotocamera ultra grandangolare da 8 MP estende la tua prospettiva con un angolo di visione di 118 gradi; un obiettivo macro da 2 MP che cattura i minimi dettagli da vicino<\/span><\/p>\n<ul class=\"a-unordered-list a-vertical a-spacing-mini\">\n<li><span class=\"a-list-item\">Ad caratterizzare la parte anteriore del telefono c&#8217;\u00e8 una fotocamera frontale da 16 MP. La fotocamera principale da 108 MP di livello professionale utilizza il sensore Samsung HM2 con un sensore di grandi dimensioni a 1\/1,52 pollici e supporta la tecnologia di binning dei pixel 9 in 1 e un doppio ISO nativo per fornire immagini incredibili in tutte le condizioni di illuminazione, con risultati spettacolari soprattutto in penombra.<\/span><\/li>\n<li><span class=\"a-list-item\">Xiaomi Redmi Note 11 Pro 5G \u00e8 dotato di una ricarica turbo di punta da 67 W, che consente di caricare oltre la met\u00e0 della sua batteria ad alta capacit\u00e0 da 5.000 mAh in soli 15 minuti. Alimentato da Snapdrago 695, Redmi Note 11 Pro SG offre anche prestazioni fluide e affidabili con supporto 5G<\/span><\/li>\n<\/ul>\n<h4><span class=\"a-list-item\"> Redmi Note 11 Pro 5G migliora l&#8217;esperienza dello schermo:<\/span><\/h4>\n<ul class=\"a-unordered-list a-vertical a-spacing-mini\">\n<li><span class=\"a-list-item\">Con un ampio display DotDisplay FHD+ <a href=\"https:\/\/it.wikipedia.org\/wiki\/AMOLED\" target=\"_blank\" rel=\"noopener\">AMOLED<\/a> da 6,67 con frequenza di aggiornamento del display di 120 Hz, con una risposta scorrevole e transizioni prive di ritardi. Il bellissimo display \u00e8 racchiuso in un corpo con un design alla moda a bordo piatto<\/span><\/li>\n<li><span class=\"a-list-item\">Inoltre, con i doppi altoparlanti super lineari situati nella parte superiore e inferiore del telefono, Redmi Note 11 Pro 5G offre un suono stereo coinvolgente per giocare o guardare video.<\/span><\/li>\n<\/ul>\n<p><strong>Nel nostro Store \u00e8 possibile finanziare tutti gli Smartphone. Anche Senza Busta Paga.<\/strong><\/p>\n<p><strong>Proteggi il tuo Smartphone con<\/strong> <a href=\"http:\/\/videom.it\/blog\/protection-pro\/\">PROTECTION PRO ULTRA<\/a>.<\/p>\n<p>Il sistema di protezione pi\u00f9 avanzato sul mercato. Una esclusiva della<strong> VideoMusic Cava Trebisacce<\/strong>, unico rivenditore dell&#8217;Alto Ionio.<\/p>\n<p><a href=\"https:\/\/i0.wp.com\/videom.it\/blog\/wp-content\/uploads\/2021\/05\/Logo-giugno-2020-tras.png?ssl=1\"><img data-recalc-dims=\"1\" decoding=\"async\" class=\"alignnone size-medium wp-image-6231\" src=\"https:\/\/i0.wp.com\/videom.it\/blog\/wp-content\/uploads\/2021\/05\/Logo-giugno-2020-tras-300x74.png?resize=300%2C74&#038;ssl=1\" alt=\"Vivo Y72\" width=\"300\" height=\"74\" \/><\/a> <a href=\"https:\/\/i0.wp.com\/videom.it\/blog\/wp-content\/uploads\/2021\/06\/Nuova-facciata-A-nera-negozio.jpg?ssl=1\"><img data-recalc-dims=\"1\" decoding=\"async\" class=\"alignnone size-medium wp-image-7057\" src=\"https:\/\/i0.wp.com\/videom.it\/blog\/wp-content\/uploads\/2021\/06\/Nuova-facciata-A-nera-negozio.jpg?resize=300%2C134&#038;ssl=1\" alt=\"Xiaomi Redmi Note 11 Pro\" width=\"300\" height=\"134\" \/><\/a><\/p>\n<p><a href=\"https:\/\/i0.wp.com\/videom.it\/blog\/wp-content\/uploads\/2020\/05\/consegna-gratuita-GRAT-e1618251105672.jpg?ssl=1\">\u00a0 \u00a0<img data-recalc-dims=\"1\" decoding=\"async\" class=\"alignnone size-medium wp-image-4221\" src=\"https:\/\/i0.wp.com\/videom.it\/blog\/wp-content\/uploads\/2020\/05\/consegna-gratuita-GRAT.jpg?resize=300%2C108&#038;ssl=1\" alt=\"Xiaomi Redmi Note 11 Pro\" width=\"300\" height=\"108\" \/><\/a><\/p>\n<p><strong>Unica sede a Trebisacce (Cs) in Vle della Libert\u00e0 22\/24<\/strong> &#8211; 098158459 \/ 51519 &#8211; 3518188174 &#8211; <a href=\"mailto:info@videom.it\">info@videom.it<\/a><\/p>\n","protected":false},"excerpt":{"rendered":"<p class=\"product-description\"><strong>Quadri Band &#8211; 4G-LTE &#8211; Wi-Fi &#8211; NFC &#8211; A-GPS<\/strong><br \/>\n<strong>Fotocamera posteriore: 50 Megapixel<\/strong><br \/>\n<strong>Android 11 con MIUI 13<\/strong><br \/>\n<strong>Processore: 8-Core da 2.4 GHz<\/strong><br \/>\n<strong>Memoria interna: 128 GB<\/strong><br \/>\n<strong>RAM: 4 GB &#8211; Display 6.43 &#8221; AMOLED<\/strong><\/p>\n<p><a href=\"https:\/\/videom.it\/blog\/wp-content\/uploads\/2021\/05\/carte-di-credito-supportate-da-paypal-2.png\"><img loading=\"lazy\" decoding=\"async\" class=\"alignnone size-medium wp-image-6452\" src=\"https:\/\/videom.it\/blog\/wp-content\/uploads\/2021\/05\/carte-di-credito-supportate-da-paypal-2-300x68.png\" alt=\"\" width=\"300\" height=\"68\" srcset=\"https:\/\/i0.wp.com\/videom.it\/blog\/wp-content\/uploads\/2021\/05\/carte-di-credito-supportate-da-paypal-2.png?resize=300%2C68&amp;ssl=1 300w, https:\/\/i0.wp.com\/videom.it\/blog\/wp-content\/uploads\/2021\/05\/carte-di-credito-supportate-da-paypal-2.png?resize=768%2C175&amp;ssl=1 768w, https:\/\/i0.wp.com\/videom.it\/blog\/wp-content\/uploads\/2021\/05\/carte-di-credito-supportate-da-paypal-2.png?resize=600%2C137&amp;ssl=1 600w, https:\/\/i0.wp.com\/videom.it\/blog\/wp-content\/uploads\/2021\/05\/carte-di-credito-supportate-da-paypal-2.png?w=1000&amp;ssl=1 1000w\" sizes=\"(max-width: 300px) 100vw, 300px\" \/><\/a><\/p>\n<p><a href=\"https:\/\/videom.it\/blog\/wp-content\/uploads\/2020\/05\/consegna-gratuita-GRAT-e1618251105672.jpg\"><img loading=\"lazy\" decoding=\"async\" class=\"alignnone size-medium wp-image-4221\" src=\"https:\/\/videom.it\/blog\/wp-content\/uploads\/2020\/05\/consegna-gratuita-GRAT-300x108.jpg\" alt=\"\" width=\"300\" height=\"108\" \/><\/a><\/p>\n","protected":false},"featured_media":7275,"comment_status":"open","ping_status":"closed","template":"","meta":{"jetpack_publicize_message":"","jetpack_publicize_feature_enabled":true,"jetpack_social_post_already_shared":true,"jetpack_social_options":{"image_generator_settings":{"template":"highway","default_image_id":0,"font":"","enabled":false},"version":2}},"product_brand":[],"product_cat":[27],"product_tag":[140,55,85,54,186],"class_list":{"0":"post-7271","1":"product","2":"type-product","3":"status-publish","4":"has-post-thumbnail","6":"product_cat-smartphone","7":"product_tag-5g","8":"product_tag-android","9":"product_tag-dual-sim","10":"product_tag-smartphone","11":"product_tag-xiaomi","13":"first","14":"outofstock","15":"sale","16":"taxable","17":"shipping-taxable","18":"purchasable","19":"product-type-simple"},"yoast_head":"<!-- This site is optimized with the Yoast SEO plugin v27.5 - https:\/\/yoast.com\/product\/yoast-seo-wordpress\/ -->\n<title>Xiaomi Redmi Note 11 Pro<\/title>\n<meta name=\"description\" content=\"Il nuovissimo Xiaomi Redmi Note 11 Pro 5G \u00e8 dotato di una fotocamera professionale da 108 MP, Display Full HD+ AMOLED da 6,67 pollice ..\" \/>\n<meta name=\"robots\" content=\"index, follow, max-snippet:-1, max-image-preview:large, max-video-preview:-1\" \/>\n<link rel=\"canonical\" href=\"https:\/\/videom.it\/blog\/shop\/xiaomi-redmi-note-11-pro\/\" \/>\n<meta property=\"og:locale\" content=\"it_IT\" \/>\n<meta property=\"og:type\" content=\"article\" \/>\n<meta property=\"og:title\" content=\"Xiaomi Redmi Note 11 Pro\" \/>\n<meta property=\"og:description\" content=\"Il nuovissimo Xiaomi Redmi Note 11 Pro 5G \u00e8 dotato di una fotocamera professionale da 108 MP, Display Full HD+ AMOLED da 6,67 pollice ..\" \/>\n<meta property=\"og:url\" content=\"https:\/\/videom.it\/blog\/shop\/xiaomi-redmi-note-11-pro\/\" \/>\n<meta property=\"og:site_name\" content=\"VideoMusic\" \/>\n<meta property=\"article:publisher\" content=\"https:\/\/www.facebook.com\/videomusiccava.trebisacce\" \/>\n<meta property=\"article:modified_time\" content=\"2025-05-23T08:55:12+00:00\" \/>\n<meta property=\"og:image\" content=\"https:\/\/videom.it\/blog\/wp-content\/uploads\/2022\/04\/safe_image.jpg\" \/>\n\t<meta property=\"og:image:width\" content=\"1024\" \/>\n\t<meta property=\"og:image:height\" content=\"600\" \/>\n\t<meta property=\"og:image:type\" content=\"image\/jpeg\" \/>\n<meta name=\"twitter:label1\" content=\"Tempo di lettura stimato\" \/>\n\t<meta name=\"twitter:data1\" content=\"3 minuti\" \/>\n<script type=\"application\/ld+json\" class=\"yoast-schema-graph\">{\"@context\":\"https:\\\/\\\/schema.org\",\"@graph\":[{\"@type\":\"WebPage\",\"@id\":\"https:\\\/\\\/videom.it\\\/blog\\\/shop\\\/xiaomi-redmi-note-11-pro\\\/\",\"url\":\"https:\\\/\\\/videom.it\\\/blog\\\/shop\\\/xiaomi-redmi-note-11-pro\\\/\",\"name\":\"Xiaomi Redmi Note 11 Pro\",\"isPartOf\":{\"@id\":\"https:\\\/\\\/videom.it\\\/blog\\\/#website\"},\"primaryImageOfPage\":{\"@id\":\"https:\\\/\\\/videom.it\\\/blog\\\/shop\\\/xiaomi-redmi-note-11-pro\\\/#primaryimage\"},\"image\":{\"@id\":\"https:\\\/\\\/videom.it\\\/blog\\\/shop\\\/xiaomi-redmi-note-11-pro\\\/#primaryimage\"},\"thumbnailUrl\":\"https:\\\/\\\/i0.wp.com\\\/videom.it\\\/blog\\\/wp-content\\\/uploads\\\/2022\\\/04\\\/safe_image.jpg?fit=1024%2C600&ssl=1\",\"datePublished\":\"2022-04-07T08:50:46+00:00\",\"dateModified\":\"2025-05-23T08:55:12+00:00\",\"description\":\"Il nuovissimo Xiaomi Redmi Note 11 Pro 5G \u00e8 dotato di una fotocamera professionale da 108 MP, Display Full HD+ AMOLED da 6,67 pollice ..\",\"breadcrumb\":{\"@id\":\"https:\\\/\\\/videom.it\\\/blog\\\/shop\\\/xiaomi-redmi-note-11-pro\\\/#breadcrumb\"},\"inLanguage\":\"it-IT\",\"potentialAction\":[{\"@type\":\"ReadAction\",\"target\":[\"https:\\\/\\\/videom.it\\\/blog\\\/shop\\\/xiaomi-redmi-note-11-pro\\\/\"]}]},{\"@type\":\"ImageObject\",\"inLanguage\":\"it-IT\",\"@id\":\"https:\\\/\\\/videom.it\\\/blog\\\/shop\\\/xiaomi-redmi-note-11-pro\\\/#primaryimage\",\"url\":\"https:\\\/\\\/i0.wp.com\\\/videom.it\\\/blog\\\/wp-content\\\/uploads\\\/2022\\\/04\\\/safe_image.jpg?fit=1024%2C600&ssl=1\",\"contentUrl\":\"https:\\\/\\\/i0.wp.com\\\/videom.it\\\/blog\\\/wp-content\\\/uploads\\\/2022\\\/04\\\/safe_image.jpg?fit=1024%2C600&ssl=1\",\"width\":1024,\"height\":600},{\"@type\":\"BreadcrumbList\",\"@id\":\"https:\\\/\\\/videom.it\\\/blog\\\/shop\\\/xiaomi-redmi-note-11-pro\\\/#breadcrumb\",\"itemListElement\":[{\"@type\":\"ListItem\",\"position\":1,\"name\":\"Home\",\"item\":\"https:\\\/\\\/videom.it\\\/blog\\\/\"},{\"@type\":\"ListItem\",\"position\":2,\"name\":\"Shop\",\"item\":\"https:\\\/\\\/videom.it\\\/blog\\\/shop\\\/\"},{\"@type\":\"ListItem\",\"position\":3,\"name\":\"Xiaomi Redmi Note 11 Pro\"}]},{\"@type\":\"WebSite\",\"@id\":\"https:\\\/\\\/videom.it\\\/blog\\\/#website\",\"url\":\"https:\\\/\\\/videom.it\\\/blog\\\/\",\"name\":\"VideoMusic\",\"description\":\"Luce &amp; Gas - Assicurazioni - Riparazioni\",\"publisher\":{\"@id\":\"https:\\\/\\\/videom.it\\\/blog\\\/#organization\"},\"potentialAction\":[{\"@type\":\"SearchAction\",\"target\":{\"@type\":\"EntryPoint\",\"urlTemplate\":\"https:\\\/\\\/videom.it\\\/blog\\\/?s={search_term_string}\"},\"query-input\":{\"@type\":\"PropertyValueSpecification\",\"valueRequired\":true,\"valueName\":\"search_term_string\"}}],\"inLanguage\":\"it-IT\"},{\"@type\":\"Organization\",\"@id\":\"https:\\\/\\\/videom.it\\\/blog\\\/#organization\",\"name\":\"VideoMusic\",\"url\":\"https:\\\/\\\/videom.it\\\/blog\\\/\",\"logo\":{\"@type\":\"ImageObject\",\"inLanguage\":\"it-IT\",\"@id\":\"https:\\\/\\\/videom.it\\\/blog\\\/#\\\/schema\\\/logo\\\/image\\\/\",\"url\":\"https:\\\/\\\/i2.wp.com\\\/videom.it\\\/blog\\\/wp-content\\\/uploads\\\/2015\\\/04\\\/25th-giallo-3.jpg?fit=1300%2C1192&ssl=1\",\"contentUrl\":\"https:\\\/\\\/i2.wp.com\\\/videom.it\\\/blog\\\/wp-content\\\/uploads\\\/2015\\\/04\\\/25th-giallo-3.jpg?fit=1300%2C1192&ssl=1\",\"width\":1300,\"height\":1192,\"caption\":\"VideoMusic\"},\"image\":{\"@id\":\"https:\\\/\\\/videom.it\\\/blog\\\/#\\\/schema\\\/logo\\\/image\\\/\"},\"sameAs\":[\"https:\\\/\\\/www.facebook.com\\\/videomusiccava.trebisacce\",\"https:\\\/\\\/x.com\\\/vbcava\",\"https:\\\/\\\/www.youtube.com\\\/channel\\\/UCgNxnZpk2zqHaIcIxF3swOA\"]}]}<\/script>\n<!-- \/ Yoast SEO plugin. -->","yoast_head_json":{"title":"Xiaomi Redmi Note 11 Pro","description":"Il nuovissimo Xiaomi Redmi Note 11 Pro 5G \u00e8 dotato di una fotocamera professionale da 108 MP, Display Full HD+ AMOLED da 6,67 pollice ..","robots":{"index":"index","follow":"follow","max-snippet":"max-snippet:-1","max-image-preview":"max-image-preview:large","max-video-preview":"max-video-preview:-1"},"canonical":"https:\/\/videom.it\/blog\/shop\/xiaomi-redmi-note-11-pro\/","og_locale":"it_IT","og_type":"article","og_title":"Xiaomi Redmi Note 11 Pro","og_description":"Il nuovissimo Xiaomi Redmi Note 11 Pro 5G \u00e8 dotato di una fotocamera professionale da 108 MP, Display Full HD+ AMOLED da 6,67 pollice ..","og_url":"https:\/\/videom.it\/blog\/shop\/xiaomi-redmi-note-11-pro\/","og_site_name":"VideoMusic","article_publisher":"https:\/\/www.facebook.com\/videomusiccava.trebisacce","article_modified_time":"2025-05-23T08:55:12+00:00","og_image":[{"width":1024,"height":600,"url":"https:\/\/videom.it\/blog\/wp-content\/uploads\/2022\/04\/safe_image.jpg","type":"image\/jpeg"}],"twitter_misc":{"Tempo di lettura stimato":"3 minuti"},"schema":{"@context":"https:\/\/schema.org","@graph":[{"@type":"WebPage","@id":"https:\/\/videom.it\/blog\/shop\/xiaomi-redmi-note-11-pro\/","url":"https:\/\/videom.it\/blog\/shop\/xiaomi-redmi-note-11-pro\/","name":"Xiaomi Redmi Note 11 Pro","isPartOf":{"@id":"https:\/\/videom.it\/blog\/#website"},"primaryImageOfPage":{"@id":"https:\/\/videom.it\/blog\/shop\/xiaomi-redmi-note-11-pro\/#primaryimage"},"image":{"@id":"https:\/\/videom.it\/blog\/shop\/xiaomi-redmi-note-11-pro\/#primaryimage"},"thumbnailUrl":"https:\/\/i0.wp.com\/videom.it\/blog\/wp-content\/uploads\/2022\/04\/safe_image.jpg?fit=1024%2C600&ssl=1","datePublished":"2022-04-07T08:50:46+00:00","dateModified":"2025-05-23T08:55:12+00:00","description":"Il nuovissimo Xiaomi Redmi Note 11 Pro 5G \u00e8 dotato di una fotocamera professionale da 108 MP, Display Full HD+ AMOLED da 6,67 pollice ..","breadcrumb":{"@id":"https:\/\/videom.it\/blog\/shop\/xiaomi-redmi-note-11-pro\/#breadcrumb"},"inLanguage":"it-IT","potentialAction":[{"@type":"ReadAction","target":["https:\/\/videom.it\/blog\/shop\/xiaomi-redmi-note-11-pro\/"]}]},{"@type":"ImageObject","inLanguage":"it-IT","@id":"https:\/\/videom.it\/blog\/shop\/xiaomi-redmi-note-11-pro\/#primaryimage","url":"https:\/\/i0.wp.com\/videom.it\/blog\/wp-content\/uploads\/2022\/04\/safe_image.jpg?fit=1024%2C600&ssl=1","contentUrl":"https:\/\/i0.wp.com\/videom.it\/blog\/wp-content\/uploads\/2022\/04\/safe_image.jpg?fit=1024%2C600&ssl=1","width":1024,"height":600},{"@type":"BreadcrumbList","@id":"https:\/\/videom.it\/blog\/shop\/xiaomi-redmi-note-11-pro\/#breadcrumb","itemListElement":[{"@type":"ListItem","position":1,"name":"Home","item":"https:\/\/videom.it\/blog\/"},{"@type":"ListItem","position":2,"name":"Shop","item":"https:\/\/videom.it\/blog\/shop\/"},{"@type":"ListItem","position":3,"name":"Xiaomi Redmi Note 11 Pro"}]},{"@type":"WebSite","@id":"https:\/\/videom.it\/blog\/#website","url":"https:\/\/videom.it\/blog\/","name":"VideoMusic","description":"Luce &amp; Gas - Assicurazioni - Riparazioni","publisher":{"@id":"https:\/\/videom.it\/blog\/#organization"},"potentialAction":[{"@type":"SearchAction","target":{"@type":"EntryPoint","urlTemplate":"https:\/\/videom.it\/blog\/?s={search_term_string}"},"query-input":{"@type":"PropertyValueSpecification","valueRequired":true,"valueName":"search_term_string"}}],"inLanguage":"it-IT"},{"@type":"Organization","@id":"https:\/\/videom.it\/blog\/#organization","name":"VideoMusic","url":"https:\/\/videom.it\/blog\/","logo":{"@type":"ImageObject","inLanguage":"it-IT","@id":"https:\/\/videom.it\/blog\/#\/schema\/logo\/image\/","url":"https:\/\/i2.wp.com\/videom.it\/blog\/wp-content\/uploads\/2015\/04\/25th-giallo-3.jpg?fit=1300%2C1192&ssl=1","contentUrl":"https:\/\/i2.wp.com\/videom.it\/blog\/wp-content\/uploads\/2015\/04\/25th-giallo-3.jpg?fit=1300%2C1192&ssl=1","width":1300,"height":1192,"caption":"VideoMusic"},"image":{"@id":"https:\/\/videom.it\/blog\/#\/schema\/logo\/image\/"},"sameAs":["https:\/\/www.facebook.com\/videomusiccava.trebisacce","https:\/\/x.com\/vbcava","https:\/\/www.youtube.com\/channel\/UCgNxnZpk2zqHaIcIxF3swOA"]}]}},"jetpack_publicize_connections":[],"jetpack_sharing_enabled":true,"_links":{"self":[{"href":"https:\/\/videom.it\/blog\/wp-json\/wp\/v2\/product\/7271","targetHints":{"allow":["GET"]}}],"collection":[{"href":"https:\/\/videom.it\/blog\/wp-json\/wp\/v2\/product"}],"about":[{"href":"https:\/\/videom.it\/blog\/wp-json\/wp\/v2\/types\/product"}],"replies":[{"embeddable":true,"href":"https:\/\/videom.it\/blog\/wp-json\/wp\/v2\/comments?post=7271"}],"wp:featuredmedia":[{"embeddable":true,"href":"https:\/\/videom.it\/blog\/wp-json\/wp\/v2\/media\/7275"}],"wp:attachment":[{"href":"https:\/\/videom.it\/blog\/wp-json\/wp\/v2\/media?parent=7271"}],"wp:term":[{"taxonomy":"product_brand","embeddable":true,"href":"https:\/\/videom.it\/blog\/wp-json\/wp\/v2\/product_brand?post=7271"},{"taxonomy":"product_cat","embeddable":true,"href":"https:\/\/videom.it\/blog\/wp-json\/wp\/v2\/product_cat?post=7271"},{"taxonomy":"product_tag","embeddable":true,"href":"https:\/\/videom.it\/blog\/wp-json\/wp\/v2\/product_tag?post=7271"}],"curies":[{"name":"wp","href":"https:\/\/api.w.org\/{rel}","templated":true}]}}