{"id":7231,"date":"2022-02-05T18:31:30","date_gmt":"2022-02-05T17:31:30","guid":{"rendered":"https:\/\/videom.it\/blog\/?post_type=product&#038;p=7231"},"modified":"2025-05-23T10:55:38","modified_gmt":"2025-05-23T08:55:38","slug":"vivo-y33s-128gb","status":"publish","type":"product","link":"https:\/\/videom.it\/blog\/shop\/vivo-y33s-128gb\/","title":{"rendered":"Vivo Y33s 128GB"},"content":{"rendered":"<p><span class=\"a-list-item\">Vivo Y33s ha una Tripla fotocamera da 50 MP. Il nuovo sensore della fotocamera posteriore principale da 50 MP d\u00e0 un nuovo significato alla fotografia ad alta definizione. Cogli i momenti pi\u00f9 emozionanti senza difficolt\u00e0 e ottieni una nitidezza impeccabile anche con lo zoom o in ingrandimento.<\/span><\/p>\n<ul class=\"a-unordered-list a-vertical a-spacing-mini\">\n<li><span class=\"a-list-item\">Lettore laterale di impronte digitali + riconoscimento facciale Face Wake. Sblocca il tuo smartphone con un solo movimento, grazie al pulsante di accensione laterale, che \u00e8 anche un robusto lettore di impronte digitali. In alternativa, usa la funzione Face Wake per sbloccare il telefono con un solo sguardo.<\/span><\/li>\n<li><span class=\"a-list-item\">Batteria da 5000 mAh + Fast Charge 18W. Per non doverti mai preoccupare dell\u2019autonomia della batteria, ecco le nostre tre efficaci strategie: una batteria da 5000 mAh (valore tipico)*, la ricarica rapida Fast Charge da 18W, e la funzione vivo Energy Guardian (VEG). Ricarica veloce, pieno uso dell\u2019ampia capacit\u00e0 della batteria e gestione energetica efficiente.<\/span><\/li>\n<li><span class=\"a-list-item\">Processore Helio G80 + ROM da 128 GB Nel cuore di Y33s c\u2019\u00e8 un processore <a href=\"https:\/\/it.wikipedia.org\/wiki\/Multi_core\" target=\"_blank\" rel=\"noopener\">octa-core<\/a> Helio G80, con frequenza di clock della CPU fino a 2,0 Ghz. La GPU offre pi\u00f9 potenza, migliora la qualit\u00e0 delle immagini e assicura prestazioni superiori al predecessore, rendendo Y33s ideale per i giochi.<\/span><\/li>\n<li><span class=\"a-list-item\">Sottile e accattivante, con un tocco di classe. Uno smartphone snello ed elegante, con cornice piatta 2.5D e solo 8,0 mm di spessore, dotato di una potente batteria da 5000 mAh. Tecnologia di grande leggerezza e una maneggevolezza al top, di incredibile comodit\u00e0.<\/span><\/li>\n<\/ul>\n<p><strong>Nel nostro Store \u00e8 possibile finanziare tutti gli Smartphone. Anche Senza Busta Paga.<\/strong><\/p>\n<p>Proteggi il tuo Smartphone con <a href=\"http:\/\/videom.it\/blog\/protection-pro\/\">PROTECTION PRO ULTRA<\/a>.<\/p>\n<p>Il sistema di protezione pi\u00f9 avanzato sul mercato. Una esclusiva della VideoMusic Cava Trebisacce, unico rivenditore dell&#8217;Alto Ionio.<\/p>\n<p><a href=\"https:\/\/i0.wp.com\/videom.it\/blog\/wp-content\/uploads\/2021\/05\/Logo-giugno-2020-tras.png?ssl=1\"><img data-recalc-dims=\"1\" decoding=\"async\" class=\"alignnone size-medium wp-image-6231\" src=\"https:\/\/i0.wp.com\/videom.it\/blog\/wp-content\/uploads\/2021\/05\/Logo-giugno-2020-tras-300x74.png?resize=300%2C74&#038;ssl=1\" alt=\"Vivo Y33s\" width=\"300\" height=\"74\" \/><\/a> <a href=\"https:\/\/i0.wp.com\/videom.it\/blog\/wp-content\/uploads\/2021\/06\/Nuova-facciata-A-nera-negozio.jpg?ssl=1\"><img data-recalc-dims=\"1\" decoding=\"async\" class=\"alignnone size-medium wp-image-7057\" src=\"https:\/\/i0.wp.com\/videom.it\/blog\/wp-content\/uploads\/2021\/06\/Nuova-facciata-A-nera-negozio.jpg?resize=300%2C134&#038;ssl=1\" alt=\"Vivo Y33s\" width=\"300\" height=\"134\" \/><\/a><\/p>\n<p><a href=\"https:\/\/i0.wp.com\/videom.it\/blog\/wp-content\/uploads\/2020\/05\/consegna-gratuita-GRAT-e1618251105672.jpg?ssl=1\">\u00a0 \u00a0<img data-recalc-dims=\"1\" decoding=\"async\" class=\"alignnone size-medium wp-image-4221\" src=\"https:\/\/i0.wp.com\/videom.it\/blog\/wp-content\/uploads\/2020\/05\/consegna-gratuita-GRAT.jpg?resize=300%2C108&#038;ssl=1\" alt=\"Vivo Y33s\" width=\"300\" height=\"108\" \/><\/a><\/p>\n<p><strong>Unica sede a Trebisacce (Cs) in Vle della Libert\u00e0 22\/24<\/strong> &#8211; 098158459 \/ 51519 &#8211; 3518188174 &#8211; <a href=\"mailto:info@videom.it\">info@videom.it<\/a><\/p>\n","protected":false},"excerpt":{"rendered":"<p class=\"a-size-large\"><span class=\"a-size-large1\"><b>vivo Y33s 8+128 GB Smartphone ,<\/b><\/span><\/p>\n<p class=\"a-size-large\"><span class=\"a-size-large1\"><b><span id=\"productTitle\">6.58&#8221;, fotocamera principale da 50 MP,<\/span><\/b><\/span><\/p>\n<p class=\"a-size-large\"><span class=\"a-size-large1\"><b><span id=\"productTitle\">Video Ultra Stabile con EIS,<\/span><\/b><\/span><\/p>\n<p class=\"a-size-large\"><span class=\"a-size-large1\"><b><span id=\"productTitle\">Batteria da 5000 mAh + ricarica rapida Fast Charge da 18W,<\/span><\/b><\/span><\/p>\n<p class=\"a-size-large\"><span class=\"a-size-large1\"><b><span id=\"productTitle\">Smartphone con doppia SIM\u00a0<\/span><\/b><\/span><\/p>\n<p><a href=\"https:\/\/videom.it\/blog\/wp-content\/uploads\/2021\/05\/carte-di-credito-supportate-da-paypal-2.png\"><img loading=\"lazy\" decoding=\"async\" class=\"alignnone size-medium wp-image-6452\" src=\"https:\/\/videom.it\/blog\/wp-content\/uploads\/2021\/05\/carte-di-credito-supportate-da-paypal-2-300x68.png\" alt=\"\" width=\"300\" height=\"68\" srcset=\"https:\/\/i0.wp.com\/videom.it\/blog\/wp-content\/uploads\/2021\/05\/carte-di-credito-supportate-da-paypal-2.png?resize=300%2C68&amp;ssl=1 300w, https:\/\/i0.wp.com\/videom.it\/blog\/wp-content\/uploads\/2021\/05\/carte-di-credito-supportate-da-paypal-2.png?resize=768%2C175&amp;ssl=1 768w, https:\/\/i0.wp.com\/videom.it\/blog\/wp-content\/uploads\/2021\/05\/carte-di-credito-supportate-da-paypal-2.png?resize=600%2C137&amp;ssl=1 600w, https:\/\/i0.wp.com\/videom.it\/blog\/wp-content\/uploads\/2021\/05\/carte-di-credito-supportate-da-paypal-2.png?w=1000&amp;ssl=1 1000w\" sizes=\"(max-width: 300px) 100vw, 300px\" \/><\/a><\/p>\n<p><a href=\"https:\/\/videom.it\/blog\/wp-content\/uploads\/2020\/05\/consegna-gratuita-GRAT-e1618251105672.jpg\"><img loading=\"lazy\" decoding=\"async\" class=\"alignnone size-medium wp-image-4221\" src=\"https:\/\/videom.it\/blog\/wp-content\/uploads\/2020\/05\/consegna-gratuita-GRAT-300x108.jpg\" alt=\"\" width=\"300\" height=\"108\" \/><\/a><\/p>\n","protected":false},"featured_media":7241,"comment_status":"open","ping_status":"closed","template":"","meta":{"jetpack_post_was_ever_published":false,"jetpack_publicize_message":"","jetpack_publicize_feature_enabled":true,"jetpack_social_post_already_shared":true,"jetpack_social_options":{"image_generator_settings":{"template":"highway","default_image_id":0,"font":"","enabled":false},"version":2}},"product_brand":[],"product_cat":[27],"product_tag":[102,55,36,54,276],"class_list":{"0":"post-7231","1":"product","2":"type-product","3":"status-publish","4":"has-post-thumbnail","6":"product_cat-smartphone","7":"product_tag-4g","8":"product_tag-android","9":"product_tag-cellulari","10":"product_tag-smartphone","11":"product_tag-vivo","13":"first","14":"outofstock","15":"taxable","16":"shipping-taxable","17":"purchasable","18":"product-type-simple"},"yoast_head":"<!-- This site is optimized with the Yoast SEO plugin v27.4 - https:\/\/yoast.com\/product\/yoast-seo-wordpress\/ -->\n<title>Vivo Y33s 128GB<\/title>\n<meta name=\"description\" content=\"Vivo Y33s \u00e8 uno smartphone Dual SIM con software Android 11, che monta una batteria con capacit\u00e0 di 5000mAh e ha un chip MediaTek Helio G80.\" \/>\n<meta name=\"robots\" content=\"index, follow, max-snippet:-1, max-image-preview:large, max-video-preview:-1\" \/>\n<link rel=\"canonical\" href=\"https:\/\/videom.it\/blog\/shop\/vivo-y33s-128gb\/\" \/>\n<meta property=\"og:locale\" content=\"it_IT\" \/>\n<meta property=\"og:type\" content=\"article\" \/>\n<meta property=\"og:title\" content=\"Vivo Y33s 128GB\" \/>\n<meta property=\"og:description\" content=\"Vivo Y33s \u00e8 uno smartphone Dual SIM con software Android 11, che monta una batteria con capacit\u00e0 di 5000mAh e ha un chip MediaTek Helio G80.\" \/>\n<meta property=\"og:url\" content=\"https:\/\/videom.it\/blog\/shop\/vivo-y33s-128gb\/\" \/>\n<meta property=\"og:site_name\" content=\"VideoMusic\" \/>\n<meta property=\"article:publisher\" content=\"https:\/\/www.facebook.com\/videomusiccava.trebisacce\" \/>\n<meta property=\"article:modified_time\" content=\"2025-05-23T08:55:38+00:00\" \/>\n<meta property=\"og:image\" content=\"https:\/\/videom.it\/blog\/wp-content\/uploads\/2022\/02\/vivo-Y33sA.jpg\" \/>\n\t<meta property=\"og:image:width\" content=\"1024\" \/>\n\t<meta property=\"og:image:height\" content=\"600\" \/>\n\t<meta property=\"og:image:type\" content=\"image\/jpeg\" \/>\n<meta name=\"twitter:label1\" content=\"Tempo di lettura stimato\" \/>\n\t<meta name=\"twitter:data1\" content=\"1 minuto\" \/>\n<script type=\"application\/ld+json\" class=\"yoast-schema-graph\">{\"@context\":\"https:\\\/\\\/schema.org\",\"@graph\":[{\"@type\":\"WebPage\",\"@id\":\"https:\\\/\\\/videom.it\\\/blog\\\/shop\\\/vivo-y33s-128gb\\\/\",\"url\":\"https:\\\/\\\/videom.it\\\/blog\\\/shop\\\/vivo-y33s-128gb\\\/\",\"name\":\"Vivo Y33s 128GB\",\"isPartOf\":{\"@id\":\"https:\\\/\\\/videom.it\\\/blog\\\/#website\"},\"primaryImageOfPage\":{\"@id\":\"https:\\\/\\\/videom.it\\\/blog\\\/shop\\\/vivo-y33s-128gb\\\/#primaryimage\"},\"image\":{\"@id\":\"https:\\\/\\\/videom.it\\\/blog\\\/shop\\\/vivo-y33s-128gb\\\/#primaryimage\"},\"thumbnailUrl\":\"https:\\\/\\\/i0.wp.com\\\/videom.it\\\/blog\\\/wp-content\\\/uploads\\\/2022\\\/02\\\/vivo-Y33sA.jpg?fit=1024%2C600&ssl=1\",\"datePublished\":\"2022-02-05T17:31:30+00:00\",\"dateModified\":\"2025-05-23T08:55:38+00:00\",\"description\":\"Vivo Y33s \u00e8 uno smartphone Dual SIM con software Android 11, che monta una batteria con capacit\u00e0 di 5000mAh e ha un chip MediaTek Helio G80.\",\"breadcrumb\":{\"@id\":\"https:\\\/\\\/videom.it\\\/blog\\\/shop\\\/vivo-y33s-128gb\\\/#breadcrumb\"},\"inLanguage\":\"it-IT\",\"potentialAction\":[{\"@type\":\"ReadAction\",\"target\":[\"https:\\\/\\\/videom.it\\\/blog\\\/shop\\\/vivo-y33s-128gb\\\/\"]}]},{\"@type\":\"ImageObject\",\"inLanguage\":\"it-IT\",\"@id\":\"https:\\\/\\\/videom.it\\\/blog\\\/shop\\\/vivo-y33s-128gb\\\/#primaryimage\",\"url\":\"https:\\\/\\\/i0.wp.com\\\/videom.it\\\/blog\\\/wp-content\\\/uploads\\\/2022\\\/02\\\/vivo-Y33sA.jpg?fit=1024%2C600&ssl=1\",\"contentUrl\":\"https:\\\/\\\/i0.wp.com\\\/videom.it\\\/blog\\\/wp-content\\\/uploads\\\/2022\\\/02\\\/vivo-Y33sA.jpg?fit=1024%2C600&ssl=1\",\"width\":1024,\"height\":600},{\"@type\":\"BreadcrumbList\",\"@id\":\"https:\\\/\\\/videom.it\\\/blog\\\/shop\\\/vivo-y33s-128gb\\\/#breadcrumb\",\"itemListElement\":[{\"@type\":\"ListItem\",\"position\":1,\"name\":\"Home\",\"item\":\"https:\\\/\\\/videom.it\\\/blog\\\/\"},{\"@type\":\"ListItem\",\"position\":2,\"name\":\"Shop\",\"item\":\"https:\\\/\\\/videom.it\\\/blog\\\/shop\\\/\"},{\"@type\":\"ListItem\",\"position\":3,\"name\":\"Vivo Y33s 128GB\"}]},{\"@type\":\"WebSite\",\"@id\":\"https:\\\/\\\/videom.it\\\/blog\\\/#website\",\"url\":\"https:\\\/\\\/videom.it\\\/blog\\\/\",\"name\":\"VideoMusic\",\"description\":\"Luce &amp; Gas - Assicurazioni - Riparazioni\",\"publisher\":{\"@id\":\"https:\\\/\\\/videom.it\\\/blog\\\/#organization\"},\"potentialAction\":[{\"@type\":\"SearchAction\",\"target\":{\"@type\":\"EntryPoint\",\"urlTemplate\":\"https:\\\/\\\/videom.it\\\/blog\\\/?s={search_term_string}\"},\"query-input\":{\"@type\":\"PropertyValueSpecification\",\"valueRequired\":true,\"valueName\":\"search_term_string\"}}],\"inLanguage\":\"it-IT\"},{\"@type\":\"Organization\",\"@id\":\"https:\\\/\\\/videom.it\\\/blog\\\/#organization\",\"name\":\"VideoMusic\",\"url\":\"https:\\\/\\\/videom.it\\\/blog\\\/\",\"logo\":{\"@type\":\"ImageObject\",\"inLanguage\":\"it-IT\",\"@id\":\"https:\\\/\\\/videom.it\\\/blog\\\/#\\\/schema\\\/logo\\\/image\\\/\",\"url\":\"https:\\\/\\\/i2.wp.com\\\/videom.it\\\/blog\\\/wp-content\\\/uploads\\\/2015\\\/04\\\/25th-giallo-3.jpg?fit=1300%2C1192&ssl=1\",\"contentUrl\":\"https:\\\/\\\/i2.wp.com\\\/videom.it\\\/blog\\\/wp-content\\\/uploads\\\/2015\\\/04\\\/25th-giallo-3.jpg?fit=1300%2C1192&ssl=1\",\"width\":1300,\"height\":1192,\"caption\":\"VideoMusic\"},\"image\":{\"@id\":\"https:\\\/\\\/videom.it\\\/blog\\\/#\\\/schema\\\/logo\\\/image\\\/\"},\"sameAs\":[\"https:\\\/\\\/www.facebook.com\\\/videomusiccava.trebisacce\",\"https:\\\/\\\/x.com\\\/vbcava\",\"https:\\\/\\\/www.youtube.com\\\/channel\\\/UCgNxnZpk2zqHaIcIxF3swOA\"]}]}<\/script>\n<!-- \/ Yoast SEO plugin. -->","yoast_head_json":{"title":"Vivo Y33s 128GB","description":"Vivo Y33s \u00e8 uno smartphone Dual SIM con software Android 11, che monta una batteria con capacit\u00e0 di 5000mAh e ha un chip MediaTek Helio G80.","robots":{"index":"index","follow":"follow","max-snippet":"max-snippet:-1","max-image-preview":"max-image-preview:large","max-video-preview":"max-video-preview:-1"},"canonical":"https:\/\/videom.it\/blog\/shop\/vivo-y33s-128gb\/","og_locale":"it_IT","og_type":"article","og_title":"Vivo Y33s 128GB","og_description":"Vivo Y33s \u00e8 uno smartphone Dual SIM con software Android 11, che monta una batteria con capacit\u00e0 di 5000mAh e ha un chip MediaTek Helio G80.","og_url":"https:\/\/videom.it\/blog\/shop\/vivo-y33s-128gb\/","og_site_name":"VideoMusic","article_publisher":"https:\/\/www.facebook.com\/videomusiccava.trebisacce","article_modified_time":"2025-05-23T08:55:38+00:00","og_image":[{"width":1024,"height":600,"url":"https:\/\/videom.it\/blog\/wp-content\/uploads\/2022\/02\/vivo-Y33sA.jpg","type":"image\/jpeg"}],"twitter_misc":{"Tempo di lettura stimato":"1 minuto"},"schema":{"@context":"https:\/\/schema.org","@graph":[{"@type":"WebPage","@id":"https:\/\/videom.it\/blog\/shop\/vivo-y33s-128gb\/","url":"https:\/\/videom.it\/blog\/shop\/vivo-y33s-128gb\/","name":"Vivo Y33s 128GB","isPartOf":{"@id":"https:\/\/videom.it\/blog\/#website"},"primaryImageOfPage":{"@id":"https:\/\/videom.it\/blog\/shop\/vivo-y33s-128gb\/#primaryimage"},"image":{"@id":"https:\/\/videom.it\/blog\/shop\/vivo-y33s-128gb\/#primaryimage"},"thumbnailUrl":"https:\/\/i0.wp.com\/videom.it\/blog\/wp-content\/uploads\/2022\/02\/vivo-Y33sA.jpg?fit=1024%2C600&ssl=1","datePublished":"2022-02-05T17:31:30+00:00","dateModified":"2025-05-23T08:55:38+00:00","description":"Vivo Y33s \u00e8 uno smartphone Dual SIM con software Android 11, che monta una batteria con capacit\u00e0 di 5000mAh e ha un chip MediaTek Helio G80.","breadcrumb":{"@id":"https:\/\/videom.it\/blog\/shop\/vivo-y33s-128gb\/#breadcrumb"},"inLanguage":"it-IT","potentialAction":[{"@type":"ReadAction","target":["https:\/\/videom.it\/blog\/shop\/vivo-y33s-128gb\/"]}]},{"@type":"ImageObject","inLanguage":"it-IT","@id":"https:\/\/videom.it\/blog\/shop\/vivo-y33s-128gb\/#primaryimage","url":"https:\/\/i0.wp.com\/videom.it\/blog\/wp-content\/uploads\/2022\/02\/vivo-Y33sA.jpg?fit=1024%2C600&ssl=1","contentUrl":"https:\/\/i0.wp.com\/videom.it\/blog\/wp-content\/uploads\/2022\/02\/vivo-Y33sA.jpg?fit=1024%2C600&ssl=1","width":1024,"height":600},{"@type":"BreadcrumbList","@id":"https:\/\/videom.it\/blog\/shop\/vivo-y33s-128gb\/#breadcrumb","itemListElement":[{"@type":"ListItem","position":1,"name":"Home","item":"https:\/\/videom.it\/blog\/"},{"@type":"ListItem","position":2,"name":"Shop","item":"https:\/\/videom.it\/blog\/shop\/"},{"@type":"ListItem","position":3,"name":"Vivo Y33s 128GB"}]},{"@type":"WebSite","@id":"https:\/\/videom.it\/blog\/#website","url":"https:\/\/videom.it\/blog\/","name":"VideoMusic","description":"Luce &amp; Gas - Assicurazioni - Riparazioni","publisher":{"@id":"https:\/\/videom.it\/blog\/#organization"},"potentialAction":[{"@type":"SearchAction","target":{"@type":"EntryPoint","urlTemplate":"https:\/\/videom.it\/blog\/?s={search_term_string}"},"query-input":{"@type":"PropertyValueSpecification","valueRequired":true,"valueName":"search_term_string"}}],"inLanguage":"it-IT"},{"@type":"Organization","@id":"https:\/\/videom.it\/blog\/#organization","name":"VideoMusic","url":"https:\/\/videom.it\/blog\/","logo":{"@type":"ImageObject","inLanguage":"it-IT","@id":"https:\/\/videom.it\/blog\/#\/schema\/logo\/image\/","url":"https:\/\/i2.wp.com\/videom.it\/blog\/wp-content\/uploads\/2015\/04\/25th-giallo-3.jpg?fit=1300%2C1192&ssl=1","contentUrl":"https:\/\/i2.wp.com\/videom.it\/blog\/wp-content\/uploads\/2015\/04\/25th-giallo-3.jpg?fit=1300%2C1192&ssl=1","width":1300,"height":1192,"caption":"VideoMusic"},"image":{"@id":"https:\/\/videom.it\/blog\/#\/schema\/logo\/image\/"},"sameAs":["https:\/\/www.facebook.com\/videomusiccava.trebisacce","https:\/\/x.com\/vbcava","https:\/\/www.youtube.com\/channel\/UCgNxnZpk2zqHaIcIxF3swOA"]}]}},"jetpack_publicize_connections":[],"jetpack_sharing_enabled":true,"_links":{"self":[{"href":"https:\/\/videom.it\/blog\/wp-json\/wp\/v2\/product\/7231","targetHints":{"allow":["GET"]}}],"collection":[{"href":"https:\/\/videom.it\/blog\/wp-json\/wp\/v2\/product"}],"about":[{"href":"https:\/\/videom.it\/blog\/wp-json\/wp\/v2\/types\/product"}],"replies":[{"embeddable":true,"href":"https:\/\/videom.it\/blog\/wp-json\/wp\/v2\/comments?post=7231"}],"wp:featuredmedia":[{"embeddable":true,"href":"https:\/\/videom.it\/blog\/wp-json\/wp\/v2\/media\/7241"}],"wp:attachment":[{"href":"https:\/\/videom.it\/blog\/wp-json\/wp\/v2\/media?parent=7231"}],"wp:term":[{"taxonomy":"product_brand","embeddable":true,"href":"https:\/\/videom.it\/blog\/wp-json\/wp\/v2\/product_brand?post=7231"},{"taxonomy":"product_cat","embeddable":true,"href":"https:\/\/videom.it\/blog\/wp-json\/wp\/v2\/product_cat?post=7231"},{"taxonomy":"product_tag","embeddable":true,"href":"https:\/\/videom.it\/blog\/wp-json\/wp\/v2\/product_tag?post=7231"}],"curies":[{"name":"wp","href":"https:\/\/api.w.org\/{rel}","templated":true}]}}