{"id":7175,"date":"2021-11-09T19:45:45","date_gmt":"2021-11-09T18:45:45","guid":{"rendered":"https:\/\/videom.it\/blog\/?post_type=product&#038;p=7175"},"modified":"2025-05-23T11:01:37","modified_gmt":"2025-05-23T09:01:37","slug":"notebook-lenovo-v145-81mt004mix","status":"publish","type":"product","link":"https:\/\/videom.it\/blog\/shop\/notebook-lenovo-v145-81mt004mix\/","title":{"rendered":"NOTEBOOK LENOVO V145 81MT004MIX"},"content":{"rendered":"<h4>NOTEBOOK LENOVO V145 81MT004MIX &#8211; 15.6&#8243;&#8221; FHD &#8211; AMD A6-9225 &#8211; RAM 8GB &#8211; SSD 256GB<\/h4>\n<p>Scopri il Notebook Lenovo V145, un notebook da 38,1 cm (15&#8243;), progettato per migliorare le attivit\u00e0 aziendali di ogni giorno. Ottieni maggiore produttivit\u00e0 ed efficienza grazie all&#8217;affidabilit\u00e0 del processore e della scheda <a href=\"https:\/\/it.wikipedia.org\/wiki\/Radeon\" target=\"_blank\" rel=\"noopener\">grafica AMD.<\/a> Proteggi i tuoi dati tramite crittografia di livello professionale e offri ai dipendenti comode funzionalit\u00e0 ergonomiche, racchiuse in uno chassis dal design innovativo, essenziale e professionale.<\/p>\n<p>Le straordinarie prestazioni AMD e la molteplicit\u00e0 di porte risponderanno alle esigenze dei dipendenti che avranno meno problemi da sottoporre al reparto IT. A sua volta, il reparto IT potr\u00e0 contare sulla crittografia di dati e password e su livelli eccellenti di affidabilit\u00e0 e robustezza.<\/p>\n<p>Tieni al sicuro i dati aziendali con il modulo software TPM (Trusted Platform Module) del notebook V145. Come Windows 10 Pro Bitlocker, \u00e8 disattivato per impostazione predefinita ma pu\u00f2 essere attivato dal cliente.<\/p>\n<p>La grande quantit\u00e0 di porte del notebook V145 permette il collegamento di tantissime periferiche. Le tecnologie WiFi AC e Bluetooth\u00ae 4.1 garantiscono connessioni affidabili alla rete. Altres\u00ec la nitidezza delle immagini e dell&#8217;audio durante una videoconferenza \u00e8 assicurata dalla fotocamera HD e dagli altoparlanti Dolby Audio\u2122.<\/p>\n<p><a href=\"https:\/\/i0.wp.com\/videom.it\/blog\/wp-content\/uploads\/2020\/05\/consegna-gratuita-GRAT.jpg\"><img data-recalc-dims=\"1\" decoding=\"async\" class=\"alignnone size-medium wp-image-4221\" src=\"https:\/\/i0.wp.com\/videom.it\/blog\/wp-content\/uploads\/2020\/05\/consegna-gratuita-GRAT-300x108.jpg?resize=300%2C108\" alt=\"Notebook Lenovo V145\" width=\"300\" height=\"108\" \/><\/a> <a href=\"https:\/\/i0.wp.com\/videom.it\/blog\/wp-content\/uploads\/2020\/01\/Logo-Videomusic-Blog1.jpg\"><img data-recalc-dims=\"1\" decoding=\"async\" class=\"alignnone size-medium wp-image-3983\" src=\"https:\/\/i0.wp.com\/videom.it\/blog\/wp-content\/uploads\/2020\/01\/Logo-Videomusic-Blog1-300x74.jpg?resize=300%2C74\" alt=\"Notebook Lenovo V145\" width=\"300\" height=\"74\" srcset=\"https:\/\/i0.wp.com\/videom.it\/blog\/wp-content\/uploads\/2020\/01\/Logo-Videomusic-Blog1.jpg?resize=300%2C74&amp;ssl=1 300w, https:\/\/i0.wp.com\/videom.it\/blog\/wp-content\/uploads\/2020\/01\/Logo-Videomusic-Blog1.jpg?resize=1024%2C252&amp;ssl=1 1024w, https:\/\/i0.wp.com\/videom.it\/blog\/wp-content\/uploads\/2020\/01\/Logo-Videomusic-Blog1.jpg?resize=768%2C189&amp;ssl=1 768w, https:\/\/i0.wp.com\/videom.it\/blog\/wp-content\/uploads\/2020\/01\/Logo-Videomusic-Blog1.jpg?resize=1536%2C379&amp;ssl=1 1536w, https:\/\/i0.wp.com\/videom.it\/blog\/wp-content\/uploads\/2020\/01\/Logo-Videomusic-Blog1.jpg?resize=100%2C25&amp;ssl=1 100w, https:\/\/i0.wp.com\/videom.it\/blog\/wp-content\/uploads\/2020\/01\/Logo-Videomusic-Blog1.jpg?resize=150%2C37&amp;ssl=1 150w, https:\/\/i0.wp.com\/videom.it\/blog\/wp-content\/uploads\/2020\/01\/Logo-Videomusic-Blog1.jpg?resize=200%2C49&amp;ssl=1 200w, https:\/\/i0.wp.com\/videom.it\/blog\/wp-content\/uploads\/2020\/01\/Logo-Videomusic-Blog1.jpg?resize=450%2C111&amp;ssl=1 450w, https:\/\/i0.wp.com\/videom.it\/blog\/wp-content\/uploads\/2020\/01\/Logo-Videomusic-Blog1.jpg?resize=600%2C148&amp;ssl=1 600w, https:\/\/i0.wp.com\/videom.it\/blog\/wp-content\/uploads\/2020\/01\/Logo-Videomusic-Blog1.jpg?resize=900%2C222&amp;ssl=1 900w, https:\/\/i0.wp.com\/videom.it\/blog\/wp-content\/uploads\/2020\/01\/Logo-Videomusic-Blog1.jpg?w=1712&amp;ssl=1 1712w\" sizes=\"(max-width: 300px) 100vw, 300px\" \/><\/a><\/p>\n<p><img data-recalc-dims=\"1\" fetchpriority=\"high\" decoding=\"async\" class=\"\" src=\"https:\/\/i0.wp.com\/videom.it\/blog\/wp-content\/uploads\/2021\/05\/143-mod-1SMALSMAL.jpg?resize=339%2C184&#038;ssl=1\" width=\"339\" height=\"184\" \/><\/p>\n<p><strong>Unica sede a Trebisacce (Cs) in Vle della Libert\u00e0 22\/24 &#8211; 098158459 \/ 51519 &#8211; 3518188174 &#8211; info@videom.it<\/strong><\/p>\n<p>Mappa: <a href=\"https:\/\/goo.gl\/maps\/VSviMp8vEsp2ZTba8\" target=\"_blank\" rel=\"noopener noreferrer\">https:\/\/goo.gl\/maps\/VSviMp8vEsp2ZTba8<\/a><\/p>\n","protected":false},"excerpt":{"rendered":"<ul class=\"listTable\">\n<li>CPU Completa: AMD A6-9225<\/li>\n<li>Memoria Ram: 8 GB<\/li>\n<li>SSD: 256 GB<\/li>\n<li>Monitor Effettivo: 15.6&#8243;<\/li>\n<li>Sistema Operativo: Free Dos<\/li>\n<li>Colore : Nero<\/li>\n<\/ul>\n<ul class=\"listTable\">\n<li>Dimensione Schermo: 15 &#8220;<\/li>\n<li>CPU : AMD A6<\/li>\n<li>Display: Full HD<\/li>\n<li>Connettivit\u00e0 Dispositivo: Wi-Fi<\/li>\n<\/ul>\n<p><img loading=\"lazy\" decoding=\"async\" class=\"\" src=\"https:\/\/videom.it\/blog\/wp-content\/uploads\/2021\/05\/carte-di-credito-supportate-da-paypal-2.png\" width=\"338\" height=\"77\" \/><\/p>\n<p><a href=\"http:\/\/videom.it\/blog\/wp-content\/uploads\/2020\/05\/consegna-gratuita-GRAT.jpg\"><img loading=\"lazy\" decoding=\"async\" class=\"alignnone size-medium wp-image-4221\" src=\"http:\/\/videom.it\/blog\/wp-content\/uploads\/2020\/05\/consegna-gratuita-GRAT-300x108.jpg\" alt=\"lenovo v145\" width=\"300\" height=\"108\" \/><\/a><\/p>\n","protected":false},"featured_media":7177,"comment_status":"open","ping_status":"closed","template":"","meta":{"jetpack_post_was_ever_published":false,"jetpack_publicize_message":"","jetpack_publicize_feature_enabled":true,"jetpack_social_post_already_shared":true,"jetpack_social_options":{"image_generator_settings":{"template":"highway","default_image_id":0,"font":"","enabled":false},"version":2}},"product_brand":[],"product_cat":[206],"product_tag":[207,211],"class_list":{"0":"post-7175","1":"product","2":"type-product","3":"status-publish","4":"has-post-thumbnail","6":"product_cat-informatica","7":"product_tag-informatica","8":"product_tag-notebook","10":"first","11":"outofstock","12":"sale","13":"taxable","14":"shipping-taxable","15":"purchasable","16":"product-type-simple"},"yoast_head":"<!-- This site is optimized with the Yoast SEO plugin v27.5 - https:\/\/yoast.com\/product\/yoast-seo-wordpress\/ -->\n<title>NOTEBOOK LENOVO V145 81MT004MIX<\/title>\n<meta name=\"description\" content=\"Scopri il Notebook Lenovo V145, un notebook da15.6&quot; - RAM 8GB - SSD 256GB. Progettato per migliorare le attivit\u00e0 aziendali di ogni giorno..\" \/>\n<meta name=\"robots\" content=\"index, follow, max-snippet:-1, max-image-preview:large, max-video-preview:-1\" \/>\n<link rel=\"canonical\" href=\"https:\/\/videom.it\/blog\/shop\/notebook-lenovo-v145-81mt004mix\/\" \/>\n<meta property=\"og:locale\" content=\"it_IT\" \/>\n<meta property=\"og:type\" content=\"article\" \/>\n<meta property=\"og:title\" content=\"NOTEBOOK LENOVO V145 81MT004MIX\" \/>\n<meta property=\"og:description\" content=\"Scopri il Notebook Lenovo V145, un notebook da15.6&quot; - RAM 8GB - SSD 256GB. Progettato per migliorare le attivit\u00e0 aziendali di ogni giorno..\" \/>\n<meta property=\"og:url\" content=\"https:\/\/videom.it\/blog\/shop\/notebook-lenovo-v145-81mt004mix\/\" \/>\n<meta property=\"og:site_name\" content=\"VideoMusic\" \/>\n<meta property=\"article:publisher\" content=\"https:\/\/www.facebook.com\/videomusiccava.trebisacce\" \/>\n<meta property=\"article:modified_time\" content=\"2025-05-23T09:01:37+00:00\" \/>\n<meta property=\"og:image\" content=\"https:\/\/videom.it\/blog\/wp-content\/uploads\/2021\/11\/lenovo-v145.jpg\" \/>\n\t<meta property=\"og:image:width\" content=\"1024\" \/>\n\t<meta property=\"og:image:height\" content=\"600\" \/>\n\t<meta property=\"og:image:type\" content=\"image\/jpeg\" \/>\n<meta name=\"twitter:label1\" content=\"Tempo di lettura stimato\" \/>\n\t<meta name=\"twitter:data1\" content=\"1 minuto\" \/>\n<script type=\"application\/ld+json\" class=\"yoast-schema-graph\">{\"@context\":\"https:\\\/\\\/schema.org\",\"@graph\":[{\"@type\":\"WebPage\",\"@id\":\"https:\\\/\\\/videom.it\\\/blog\\\/shop\\\/notebook-lenovo-v145-81mt004mix\\\/\",\"url\":\"https:\\\/\\\/videom.it\\\/blog\\\/shop\\\/notebook-lenovo-v145-81mt004mix\\\/\",\"name\":\"NOTEBOOK LENOVO V145 81MT004MIX\",\"isPartOf\":{\"@id\":\"https:\\\/\\\/videom.it\\\/blog\\\/#website\"},\"primaryImageOfPage\":{\"@id\":\"https:\\\/\\\/videom.it\\\/blog\\\/shop\\\/notebook-lenovo-v145-81mt004mix\\\/#primaryimage\"},\"image\":{\"@id\":\"https:\\\/\\\/videom.it\\\/blog\\\/shop\\\/notebook-lenovo-v145-81mt004mix\\\/#primaryimage\"},\"thumbnailUrl\":\"https:\\\/\\\/i0.wp.com\\\/videom.it\\\/blog\\\/wp-content\\\/uploads\\\/2021\\\/11\\\/lenovo-v145.jpg?fit=1024%2C600&ssl=1\",\"datePublished\":\"2021-11-09T18:45:45+00:00\",\"dateModified\":\"2025-05-23T09:01:37+00:00\",\"description\":\"Scopri il Notebook Lenovo V145, un notebook da15.6\\\" - RAM 8GB - SSD 256GB. Progettato per migliorare le attivit\u00e0 aziendali di ogni giorno..\",\"breadcrumb\":{\"@id\":\"https:\\\/\\\/videom.it\\\/blog\\\/shop\\\/notebook-lenovo-v145-81mt004mix\\\/#breadcrumb\"},\"inLanguage\":\"it-IT\",\"potentialAction\":[{\"@type\":\"ReadAction\",\"target\":[\"https:\\\/\\\/videom.it\\\/blog\\\/shop\\\/notebook-lenovo-v145-81mt004mix\\\/\"]}]},{\"@type\":\"ImageObject\",\"inLanguage\":\"it-IT\",\"@id\":\"https:\\\/\\\/videom.it\\\/blog\\\/shop\\\/notebook-lenovo-v145-81mt004mix\\\/#primaryimage\",\"url\":\"https:\\\/\\\/i0.wp.com\\\/videom.it\\\/blog\\\/wp-content\\\/uploads\\\/2021\\\/11\\\/lenovo-v145.jpg?fit=1024%2C600&ssl=1\",\"contentUrl\":\"https:\\\/\\\/i0.wp.com\\\/videom.it\\\/blog\\\/wp-content\\\/uploads\\\/2021\\\/11\\\/lenovo-v145.jpg?fit=1024%2C600&ssl=1\",\"width\":1024,\"height\":600},{\"@type\":\"BreadcrumbList\",\"@id\":\"https:\\\/\\\/videom.it\\\/blog\\\/shop\\\/notebook-lenovo-v145-81mt004mix\\\/#breadcrumb\",\"itemListElement\":[{\"@type\":\"ListItem\",\"position\":1,\"name\":\"Home\",\"item\":\"https:\\\/\\\/videom.it\\\/blog\\\/\"},{\"@type\":\"ListItem\",\"position\":2,\"name\":\"Shop\",\"item\":\"https:\\\/\\\/videom.it\\\/blog\\\/shop\\\/\"},{\"@type\":\"ListItem\",\"position\":3,\"name\":\"NOTEBOOK LENOVO V145 81MT004MIX\"}]},{\"@type\":\"WebSite\",\"@id\":\"https:\\\/\\\/videom.it\\\/blog\\\/#website\",\"url\":\"https:\\\/\\\/videom.it\\\/blog\\\/\",\"name\":\"VideoMusic\",\"description\":\"Luce &amp; Gas - Assicurazioni - Riparazioni\",\"publisher\":{\"@id\":\"https:\\\/\\\/videom.it\\\/blog\\\/#organization\"},\"potentialAction\":[{\"@type\":\"SearchAction\",\"target\":{\"@type\":\"EntryPoint\",\"urlTemplate\":\"https:\\\/\\\/videom.it\\\/blog\\\/?s={search_term_string}\"},\"query-input\":{\"@type\":\"PropertyValueSpecification\",\"valueRequired\":true,\"valueName\":\"search_term_string\"}}],\"inLanguage\":\"it-IT\"},{\"@type\":\"Organization\",\"@id\":\"https:\\\/\\\/videom.it\\\/blog\\\/#organization\",\"name\":\"VideoMusic\",\"url\":\"https:\\\/\\\/videom.it\\\/blog\\\/\",\"logo\":{\"@type\":\"ImageObject\",\"inLanguage\":\"it-IT\",\"@id\":\"https:\\\/\\\/videom.it\\\/blog\\\/#\\\/schema\\\/logo\\\/image\\\/\",\"url\":\"https:\\\/\\\/i2.wp.com\\\/videom.it\\\/blog\\\/wp-content\\\/uploads\\\/2015\\\/04\\\/25th-giallo-3.jpg?fit=1300%2C1192&ssl=1\",\"contentUrl\":\"https:\\\/\\\/i2.wp.com\\\/videom.it\\\/blog\\\/wp-content\\\/uploads\\\/2015\\\/04\\\/25th-giallo-3.jpg?fit=1300%2C1192&ssl=1\",\"width\":1300,\"height\":1192,\"caption\":\"VideoMusic\"},\"image\":{\"@id\":\"https:\\\/\\\/videom.it\\\/blog\\\/#\\\/schema\\\/logo\\\/image\\\/\"},\"sameAs\":[\"https:\\\/\\\/www.facebook.com\\\/videomusiccava.trebisacce\",\"https:\\\/\\\/x.com\\\/vbcava\",\"https:\\\/\\\/www.youtube.com\\\/channel\\\/UCgNxnZpk2zqHaIcIxF3swOA\"]}]}<\/script>\n<!-- \/ Yoast SEO plugin. -->","yoast_head_json":{"title":"NOTEBOOK LENOVO V145 81MT004MIX","description":"Scopri il Notebook Lenovo V145, un notebook da15.6\" - RAM 8GB - SSD 256GB. Progettato per migliorare le attivit\u00e0 aziendali di ogni giorno..","robots":{"index":"index","follow":"follow","max-snippet":"max-snippet:-1","max-image-preview":"max-image-preview:large","max-video-preview":"max-video-preview:-1"},"canonical":"https:\/\/videom.it\/blog\/shop\/notebook-lenovo-v145-81mt004mix\/","og_locale":"it_IT","og_type":"article","og_title":"NOTEBOOK LENOVO V145 81MT004MIX","og_description":"Scopri il Notebook Lenovo V145, un notebook da15.6\" - RAM 8GB - SSD 256GB. Progettato per migliorare le attivit\u00e0 aziendali di ogni giorno..","og_url":"https:\/\/videom.it\/blog\/shop\/notebook-lenovo-v145-81mt004mix\/","og_site_name":"VideoMusic","article_publisher":"https:\/\/www.facebook.com\/videomusiccava.trebisacce","article_modified_time":"2025-05-23T09:01:37+00:00","og_image":[{"width":1024,"height":600,"url":"https:\/\/videom.it\/blog\/wp-content\/uploads\/2021\/11\/lenovo-v145.jpg","type":"image\/jpeg"}],"twitter_misc":{"Tempo di lettura stimato":"1 minuto"},"schema":{"@context":"https:\/\/schema.org","@graph":[{"@type":"WebPage","@id":"https:\/\/videom.it\/blog\/shop\/notebook-lenovo-v145-81mt004mix\/","url":"https:\/\/videom.it\/blog\/shop\/notebook-lenovo-v145-81mt004mix\/","name":"NOTEBOOK LENOVO V145 81MT004MIX","isPartOf":{"@id":"https:\/\/videom.it\/blog\/#website"},"primaryImageOfPage":{"@id":"https:\/\/videom.it\/blog\/shop\/notebook-lenovo-v145-81mt004mix\/#primaryimage"},"image":{"@id":"https:\/\/videom.it\/blog\/shop\/notebook-lenovo-v145-81mt004mix\/#primaryimage"},"thumbnailUrl":"https:\/\/i0.wp.com\/videom.it\/blog\/wp-content\/uploads\/2021\/11\/lenovo-v145.jpg?fit=1024%2C600&ssl=1","datePublished":"2021-11-09T18:45:45+00:00","dateModified":"2025-05-23T09:01:37+00:00","description":"Scopri il Notebook Lenovo V145, un notebook da15.6\" - RAM 8GB - SSD 256GB. Progettato per migliorare le attivit\u00e0 aziendali di ogni giorno..","breadcrumb":{"@id":"https:\/\/videom.it\/blog\/shop\/notebook-lenovo-v145-81mt004mix\/#breadcrumb"},"inLanguage":"it-IT","potentialAction":[{"@type":"ReadAction","target":["https:\/\/videom.it\/blog\/shop\/notebook-lenovo-v145-81mt004mix\/"]}]},{"@type":"ImageObject","inLanguage":"it-IT","@id":"https:\/\/videom.it\/blog\/shop\/notebook-lenovo-v145-81mt004mix\/#primaryimage","url":"https:\/\/i0.wp.com\/videom.it\/blog\/wp-content\/uploads\/2021\/11\/lenovo-v145.jpg?fit=1024%2C600&ssl=1","contentUrl":"https:\/\/i0.wp.com\/videom.it\/blog\/wp-content\/uploads\/2021\/11\/lenovo-v145.jpg?fit=1024%2C600&ssl=1","width":1024,"height":600},{"@type":"BreadcrumbList","@id":"https:\/\/videom.it\/blog\/shop\/notebook-lenovo-v145-81mt004mix\/#breadcrumb","itemListElement":[{"@type":"ListItem","position":1,"name":"Home","item":"https:\/\/videom.it\/blog\/"},{"@type":"ListItem","position":2,"name":"Shop","item":"https:\/\/videom.it\/blog\/shop\/"},{"@type":"ListItem","position":3,"name":"NOTEBOOK LENOVO V145 81MT004MIX"}]},{"@type":"WebSite","@id":"https:\/\/videom.it\/blog\/#website","url":"https:\/\/videom.it\/blog\/","name":"VideoMusic","description":"Luce &amp; Gas - Assicurazioni - Riparazioni","publisher":{"@id":"https:\/\/videom.it\/blog\/#organization"},"potentialAction":[{"@type":"SearchAction","target":{"@type":"EntryPoint","urlTemplate":"https:\/\/videom.it\/blog\/?s={search_term_string}"},"query-input":{"@type":"PropertyValueSpecification","valueRequired":true,"valueName":"search_term_string"}}],"inLanguage":"it-IT"},{"@type":"Organization","@id":"https:\/\/videom.it\/blog\/#organization","name":"VideoMusic","url":"https:\/\/videom.it\/blog\/","logo":{"@type":"ImageObject","inLanguage":"it-IT","@id":"https:\/\/videom.it\/blog\/#\/schema\/logo\/image\/","url":"https:\/\/i2.wp.com\/videom.it\/blog\/wp-content\/uploads\/2015\/04\/25th-giallo-3.jpg?fit=1300%2C1192&ssl=1","contentUrl":"https:\/\/i2.wp.com\/videom.it\/blog\/wp-content\/uploads\/2015\/04\/25th-giallo-3.jpg?fit=1300%2C1192&ssl=1","width":1300,"height":1192,"caption":"VideoMusic"},"image":{"@id":"https:\/\/videom.it\/blog\/#\/schema\/logo\/image\/"},"sameAs":["https:\/\/www.facebook.com\/videomusiccava.trebisacce","https:\/\/x.com\/vbcava","https:\/\/www.youtube.com\/channel\/UCgNxnZpk2zqHaIcIxF3swOA"]}]}},"jetpack_publicize_connections":[],"jetpack_sharing_enabled":true,"_links":{"self":[{"href":"https:\/\/videom.it\/blog\/wp-json\/wp\/v2\/product\/7175","targetHints":{"allow":["GET"]}}],"collection":[{"href":"https:\/\/videom.it\/blog\/wp-json\/wp\/v2\/product"}],"about":[{"href":"https:\/\/videom.it\/blog\/wp-json\/wp\/v2\/types\/product"}],"replies":[{"embeddable":true,"href":"https:\/\/videom.it\/blog\/wp-json\/wp\/v2\/comments?post=7175"}],"wp:featuredmedia":[{"embeddable":true,"href":"https:\/\/videom.it\/blog\/wp-json\/wp\/v2\/media\/7177"}],"wp:attachment":[{"href":"https:\/\/videom.it\/blog\/wp-json\/wp\/v2\/media?parent=7175"}],"wp:term":[{"taxonomy":"product_brand","embeddable":true,"href":"https:\/\/videom.it\/blog\/wp-json\/wp\/v2\/product_brand?post=7175"},{"taxonomy":"product_cat","embeddable":true,"href":"https:\/\/videom.it\/blog\/wp-json\/wp\/v2\/product_cat?post=7175"},{"taxonomy":"product_tag","embeddable":true,"href":"https:\/\/videom.it\/blog\/wp-json\/wp\/v2\/product_tag?post=7175"}],"curies":[{"name":"wp","href":"https:\/\/api.w.org\/{rel}","templated":true}]}}