{"id":7174,"date":"2021-11-03T18:36:47","date_gmt":"2021-11-03T17:36:47","guid":{"rendered":"https:\/\/videom.it\/blog\/?post_type=product&#038;p=7174"},"modified":"2026-03-15T02:29:48","modified_gmt":"2026-03-15T01:29:48","slug":"iphone-11-pro-264gb-rigenerato","status":"publish","type":"product","link":"https:\/\/videom.it\/blog\/shop\/iphone-11-pro-264gb-rigenerato\/","title":{"rendered":"iPhone 11 Pro 264gb Rigenerato"},"content":{"rendered":"<p><strong>Apple iPhone 11 Pro 256Gb Rigenerato<\/strong> \u00e8 uno smartphone con sistema operativo <strong><a href=\"https:\/\/it.wikipedia.org\/wiki\/IOS\" target=\"_blank\" rel=\"noopener noreferrer\">iOS<\/a><\/strong> che potremmo definire di fascia alta.<\/p>\n<p>Il display di\u00a0<strong><a href=\"http:\/\/videom.it\/blog\/apple-iphone-xi\/\" target=\"_blank\" rel=\"noopener noreferrer\">Apple iPhone 11 Pro<\/a> 256GB<\/strong> Rigenerato \u00e8 da 5,8 pollici e ha una densit\u00e0 di pixel di 458 ppi, questo poich\u00e9 la sua risoluzione \u00e8 di 1125 x 2436. La fotocamera principale da 12 megapixel \u00e8 dotata di flash Quadruplo a due tonalit\u00e0 e di stabilizzatore, per avere foto pi\u00f9 nitide e meno mosse. I video possono essere registrati a 4K &#8211; 3840 x 2160 pixel e la fotocamera frontale ha una risoluzione di 12 megapixel. Il dispositivo supporta le reti mobili sino a quelle LTE, mentre la Wi-Fi \u00e8 di tipo a\/b\/g\/n\/ac\/ax e il Bluetooth \u00e8 5.0. Non manca il GPS e neanche il chip NFC. Manca invece la radio FM e la porta ad infrarossi. Il processore di questo dispositivo \u00e8 un Apple A13 Bionic esa con supporto ai 64 bit che lavora alla frequenza di 2.65 GHz e ha un processore grafico GPU 4-core.<\/p>\n<p>Questo Iphone \u00e8 disponibile con<strong> 64 \/ 256 GB <\/strong>di memoria non espandibile.\u00a0 La batteria non removibile \u00e8 da 3190 mAh.<\/p>\n<p><strong>Inoltre presso il nostro Store \u00e8 possibile finanziare gli Smartphone Anche Senza Busta Paga<\/strong><\/p>\n<p>Proteggi il tuo Smartphone con <a href=\"http:\/\/videom.it\/blog\/protection-pro\/\">PROTECTION PRO ULTRA<\/a><\/p>\n<p>Il sistema di protezione pi\u00f9 avanzato sul mercato. <strong>Una esclusiva della VideoMusic Cava Trebisacce, unico rivenditore dell&#8217;Alto Ionio<\/strong><\/p>\n<p><strong> <a href=\"https:\/\/i0.wp.com\/videom.it\/blog\/wp-content\/uploads\/2021\/05\/Logo-giugno-2020-tras.png?ssl=1\"><img data-recalc-dims=\"1\" decoding=\"async\" class=\"alignnone size-medium wp-image-6231\" src=\"https:\/\/i0.wp.com\/videom.it\/blog\/wp-content\/uploads\/2021\/05\/Logo-giugno-2020-tras-300x74.png?resize=300%2C74&#038;ssl=1\" alt=\"\" width=\"300\" height=\"74\" \/><\/a>\u00a0<a href=\"https:\/\/i0.wp.com\/videom.it\/blog\/wp-content\/uploads\/2021\/06\/Nuova-facciata-A-nera-negozio.jpg?ssl=1\">\u00a0 <img data-recalc-dims=\"1\" decoding=\"async\" class=\"alignnone size-medium wp-image-7057\" src=\"https:\/\/i0.wp.com\/videom.it\/blog\/wp-content\/uploads\/2021\/06\/Nuova-facciata-A-nera-negozio.jpg?resize=300%2C134&#038;ssl=1\" alt=\"iphone 11 pro rigenerato\" width=\"300\" height=\"134\" \/><\/a>\u00a0<\/strong><\/p>\n<p><strong>VideoMusic Sede Unica in Viale della Libert\u00e0 22\/24 a Trebisacce (Cs) &#8211; tel 098158459 \/ 51519 WhatsApp 3518188174<\/strong><\/p>\n<p><a href=\"https:\/\/i0.wp.com\/videom.it\/blog\/wp-content\/uploads\/2020\/05\/consegna-gratuita-GRAT-e1618251105672.jpg?ssl=1\"><img data-recalc-dims=\"1\" decoding=\"async\" class=\"alignnone size-medium wp-image-4221\" src=\"https:\/\/i0.wp.com\/videom.it\/blog\/wp-content\/uploads\/2020\/05\/consegna-gratuita-GRAT.jpg?resize=300%2C108&#038;ssl=1\" alt=\"iphone 11 pro rigenerato\" width=\"300\" height=\"108\" \/><\/a><\/p>\n","protected":false},"excerpt":{"rendered":"<p><strong>iPhone 11 Pro 264gb Rigenerato<\/strong><\/p>\n<ul class=\"a-unordered-list a-vertical a-spacing-none\">\n<li><span class=\"a-list-item\">Resistente alla polvere e all\u2019acqua (4 metri fino a 30 minuti, IP68)<\/span><\/li>\n<li><span class=\"a-list-item\">Sistema a tripla fotocamera da 12MP (ultra-grandangolo, grandangolo e teleobiettivo) con modalita\u0300 Notte, modalita\u0300 Ritratto.\u00a0<\/span><\/li>\n<li><span class=\"a-list-item\">Registrazione video 4K fino a 60 fps e slow\u2010motion<\/span><\/li>\n<li><span class=\"a-list-item\">Fotocamera anteriore TrueDepth da 12MP con modalita\u0300 Ritratto, registrazione video 4K fino a 60 fps e slow\u2010motion<\/span><\/li>\n<li><span class=\"a-list-item\">Face ID per l\u2019autenticazione sicura e Apple Pay<\/span><\/li>\n<li><span class=\"a-list-item\">Chip A13 Bionic con Neural Engine di terza generazione<\/span><\/li>\n<li><span class=\"a-list-item\">Ricarica veloce con alimentatore da 18W incluso<\/span><\/li>\n<li><span class=\"a-list-item\">Ricarica wireless<\/span><\/li>\n<\/ul>\n<p><a href=\"https:\/\/videom.it\/blog\/wp-content\/uploads\/2021\/05\/carte-di-credito-supportate-da-paypal-2.png\"><img loading=\"lazy\" decoding=\"async\" class=\"alignnone size-medium wp-image-6452\" src=\"https:\/\/videom.it\/blog\/wp-content\/uploads\/2021\/05\/carte-di-credito-supportate-da-paypal-2-300x68.png\" alt=\"\" width=\"300\" height=\"68\" srcset=\"https:\/\/i0.wp.com\/videom.it\/blog\/wp-content\/uploads\/2021\/05\/carte-di-credito-supportate-da-paypal-2.png?resize=300%2C68&amp;ssl=1 300w, https:\/\/i0.wp.com\/videom.it\/blog\/wp-content\/uploads\/2021\/05\/carte-di-credito-supportate-da-paypal-2.png?resize=768%2C175&amp;ssl=1 768w, https:\/\/i0.wp.com\/videom.it\/blog\/wp-content\/uploads\/2021\/05\/carte-di-credito-supportate-da-paypal-2.png?resize=600%2C137&amp;ssl=1 600w, https:\/\/i0.wp.com\/videom.it\/blog\/wp-content\/uploads\/2021\/05\/carte-di-credito-supportate-da-paypal-2.png?w=1000&amp;ssl=1 1000w\" sizes=\"(max-width: 300px) 100vw, 300px\" \/><\/a><\/p>\n<p><a href=\"https:\/\/videom.it\/blog\/wp-content\/uploads\/2020\/05\/consegna-gratuita-GRAT-e1618251105672.jpg\"><img loading=\"lazy\" decoding=\"async\" class=\"alignnone size-medium wp-image-4221\" src=\"https:\/\/videom.it\/blog\/wp-content\/uploads\/2020\/05\/consegna-gratuita-GRAT-300x108.jpg\" alt=\"\" width=\"300\" height=\"108\" \/><\/a><\/p>\n","protected":false},"featured_media":7058,"comment_status":"open","ping_status":"closed","template":"","meta":{"jetpack_post_was_ever_published":false,"jetpack_publicize_message":"","jetpack_publicize_feature_enabled":true,"jetpack_social_post_already_shared":true,"jetpack_social_options":{"image_generator_settings":{"template":"highway","default_image_id":0,"font":"","enabled":false},"version":2}},"product_brand":[],"product_cat":[67,233,27],"product_tag":[21,36,20,54,47,45],"class_list":{"0":"post-7174","1":"product","2":"type-product","3":"status-publish","4":"has-post-thumbnail","6":"product_cat-apple","7":"product_cat-rigenerati","8":"product_cat-smartphone","9":"product_tag-apple","10":"product_tag-cellulari","11":"product_tag-iphone","12":"product_tag-smartphone","13":"product_tag-vodafone","14":"product_tag-wind","16":"first","17":"outofstock","18":"featured","19":"taxable","20":"shipping-taxable","21":"purchasable","22":"product-type-simple"},"yoast_head":"<!-- This site is optimized with the Yoast SEO plugin v27.4 - https:\/\/yoast.com\/product\/yoast-seo-wordpress\/ -->\n<title>iPhone 11 Pro 264gb Rigenerato<\/title>\n<meta name=\"description\" content=\"Apple iPhone 11 256Gb Pro Rigenerato \u00e8 uno smartphone iOS con caratteristiche all&#039;avanguardia che lo rendono una scelta eccellente per ogni tipo..\" \/>\n<meta name=\"robots\" content=\"index, follow, max-snippet:-1, max-image-preview:large, max-video-preview:-1\" \/>\n<link rel=\"canonical\" href=\"https:\/\/videom.it\/blog\/shop\/iphone-11-pro-264gb-rigenerato\/\" \/>\n<meta property=\"og:locale\" content=\"it_IT\" \/>\n<meta property=\"og:type\" content=\"article\" \/>\n<meta property=\"og:title\" content=\"iPhone 11 Pro 264gb Rigenerato\" \/>\n<meta property=\"og:description\" content=\"Apple iPhone 11 256Gb Pro Rigenerato \u00e8 uno smartphone iOS con caratteristiche all&#039;avanguardia che lo rendono una scelta eccellente per ogni tipo..\" \/>\n<meta property=\"og:url\" content=\"https:\/\/videom.it\/blog\/shop\/iphone-11-pro-264gb-rigenerato\/\" \/>\n<meta property=\"og:site_name\" content=\"VideoMusic\" \/>\n<meta property=\"article:publisher\" content=\"https:\/\/www.facebook.com\/videomusiccava.trebisacce\" \/>\n<meta property=\"article:modified_time\" content=\"2026-03-15T01:29:48+00:00\" \/>\n<meta property=\"og:image\" content=\"https:\/\/videom.it\/blog\/wp-content\/uploads\/2021\/06\/IPHONE-11-pro-RI.jpg\" \/>\n\t<meta property=\"og:image:width\" content=\"1024\" \/>\n\t<meta property=\"og:image:height\" content=\"600\" \/>\n\t<meta property=\"og:image:type\" content=\"image\/jpeg\" \/>\n<meta name=\"twitter:label1\" content=\"Tempo di lettura stimato\" \/>\n\t<meta name=\"twitter:data1\" content=\"3 minuti\" \/>\n<script type=\"application\/ld+json\" class=\"yoast-schema-graph\">{\"@context\":\"https:\\\/\\\/schema.org\",\"@graph\":[{\"@type\":\"WebPage\",\"@id\":\"https:\\\/\\\/videom.it\\\/blog\\\/shop\\\/iphone-11-pro-264gb-rigenerato\\\/\",\"url\":\"https:\\\/\\\/videom.it\\\/blog\\\/shop\\\/iphone-11-pro-264gb-rigenerato\\\/\",\"name\":\"iPhone 11 Pro 264gb Rigenerato\",\"isPartOf\":{\"@id\":\"https:\\\/\\\/videom.it\\\/blog\\\/#website\"},\"primaryImageOfPage\":{\"@id\":\"https:\\\/\\\/videom.it\\\/blog\\\/shop\\\/iphone-11-pro-264gb-rigenerato\\\/#primaryimage\"},\"image\":{\"@id\":\"https:\\\/\\\/videom.it\\\/blog\\\/shop\\\/iphone-11-pro-264gb-rigenerato\\\/#primaryimage\"},\"thumbnailUrl\":\"https:\\\/\\\/i0.wp.com\\\/videom.it\\\/blog\\\/wp-content\\\/uploads\\\/2021\\\/06\\\/IPHONE-11-pro-RI.jpg?fit=1024%2C600&ssl=1\",\"datePublished\":\"2021-11-03T17:36:47+00:00\",\"dateModified\":\"2026-03-15T01:29:48+00:00\",\"description\":\"Apple iPhone 11 256Gb Pro Rigenerato \u00e8 uno smartphone iOS con caratteristiche all'avanguardia che lo rendono una scelta eccellente per ogni tipo..\",\"breadcrumb\":{\"@id\":\"https:\\\/\\\/videom.it\\\/blog\\\/shop\\\/iphone-11-pro-264gb-rigenerato\\\/#breadcrumb\"},\"inLanguage\":\"it-IT\",\"potentialAction\":[{\"@type\":\"ReadAction\",\"target\":[\"https:\\\/\\\/videom.it\\\/blog\\\/shop\\\/iphone-11-pro-264gb-rigenerato\\\/\"]}]},{\"@type\":\"ImageObject\",\"inLanguage\":\"it-IT\",\"@id\":\"https:\\\/\\\/videom.it\\\/blog\\\/shop\\\/iphone-11-pro-264gb-rigenerato\\\/#primaryimage\",\"url\":\"https:\\\/\\\/i0.wp.com\\\/videom.it\\\/blog\\\/wp-content\\\/uploads\\\/2021\\\/06\\\/IPHONE-11-pro-RI.jpg?fit=1024%2C600&ssl=1\",\"contentUrl\":\"https:\\\/\\\/i0.wp.com\\\/videom.it\\\/blog\\\/wp-content\\\/uploads\\\/2021\\\/06\\\/IPHONE-11-pro-RI.jpg?fit=1024%2C600&ssl=1\",\"width\":1024,\"height\":600},{\"@type\":\"BreadcrumbList\",\"@id\":\"https:\\\/\\\/videom.it\\\/blog\\\/shop\\\/iphone-11-pro-264gb-rigenerato\\\/#breadcrumb\",\"itemListElement\":[{\"@type\":\"ListItem\",\"position\":1,\"name\":\"Home\",\"item\":\"https:\\\/\\\/videom.it\\\/blog\\\/\"},{\"@type\":\"ListItem\",\"position\":2,\"name\":\"Shop\",\"item\":\"https:\\\/\\\/videom.it\\\/blog\\\/shop\\\/\"},{\"@type\":\"ListItem\",\"position\":3,\"name\":\"iPhone 11 Pro 264gb Rigenerato\"}]},{\"@type\":\"WebSite\",\"@id\":\"https:\\\/\\\/videom.it\\\/blog\\\/#website\",\"url\":\"https:\\\/\\\/videom.it\\\/blog\\\/\",\"name\":\"VideoMusic\",\"description\":\"Luce &amp; Gas - Assicurazioni - Riparazioni\",\"publisher\":{\"@id\":\"https:\\\/\\\/videom.it\\\/blog\\\/#organization\"},\"potentialAction\":[{\"@type\":\"SearchAction\",\"target\":{\"@type\":\"EntryPoint\",\"urlTemplate\":\"https:\\\/\\\/videom.it\\\/blog\\\/?s={search_term_string}\"},\"query-input\":{\"@type\":\"PropertyValueSpecification\",\"valueRequired\":true,\"valueName\":\"search_term_string\"}}],\"inLanguage\":\"it-IT\"},{\"@type\":\"Organization\",\"@id\":\"https:\\\/\\\/videom.it\\\/blog\\\/#organization\",\"name\":\"VideoMusic\",\"url\":\"https:\\\/\\\/videom.it\\\/blog\\\/\",\"logo\":{\"@type\":\"ImageObject\",\"inLanguage\":\"it-IT\",\"@id\":\"https:\\\/\\\/videom.it\\\/blog\\\/#\\\/schema\\\/logo\\\/image\\\/\",\"url\":\"https:\\\/\\\/i2.wp.com\\\/videom.it\\\/blog\\\/wp-content\\\/uploads\\\/2015\\\/04\\\/25th-giallo-3.jpg?fit=1300%2C1192&ssl=1\",\"contentUrl\":\"https:\\\/\\\/i2.wp.com\\\/videom.it\\\/blog\\\/wp-content\\\/uploads\\\/2015\\\/04\\\/25th-giallo-3.jpg?fit=1300%2C1192&ssl=1\",\"width\":1300,\"height\":1192,\"caption\":\"VideoMusic\"},\"image\":{\"@id\":\"https:\\\/\\\/videom.it\\\/blog\\\/#\\\/schema\\\/logo\\\/image\\\/\"},\"sameAs\":[\"https:\\\/\\\/www.facebook.com\\\/videomusiccava.trebisacce\",\"https:\\\/\\\/x.com\\\/vbcava\",\"https:\\\/\\\/www.youtube.com\\\/channel\\\/UCgNxnZpk2zqHaIcIxF3swOA\"]}]}<\/script>\n<!-- \/ Yoast SEO plugin. -->","yoast_head_json":{"title":"iPhone 11 Pro 264gb Rigenerato","description":"Apple iPhone 11 256Gb Pro Rigenerato \u00e8 uno smartphone iOS con caratteristiche all'avanguardia che lo rendono una scelta eccellente per ogni tipo..","robots":{"index":"index","follow":"follow","max-snippet":"max-snippet:-1","max-image-preview":"max-image-preview:large","max-video-preview":"max-video-preview:-1"},"canonical":"https:\/\/videom.it\/blog\/shop\/iphone-11-pro-264gb-rigenerato\/","og_locale":"it_IT","og_type":"article","og_title":"iPhone 11 Pro 264gb Rigenerato","og_description":"Apple iPhone 11 256Gb Pro Rigenerato \u00e8 uno smartphone iOS con caratteristiche all'avanguardia che lo rendono una scelta eccellente per ogni tipo..","og_url":"https:\/\/videom.it\/blog\/shop\/iphone-11-pro-264gb-rigenerato\/","og_site_name":"VideoMusic","article_publisher":"https:\/\/www.facebook.com\/videomusiccava.trebisacce","article_modified_time":"2026-03-15T01:29:48+00:00","og_image":[{"width":1024,"height":600,"url":"https:\/\/videom.it\/blog\/wp-content\/uploads\/2021\/06\/IPHONE-11-pro-RI.jpg","type":"image\/jpeg"}],"twitter_misc":{"Tempo di lettura stimato":"3 minuti"},"schema":{"@context":"https:\/\/schema.org","@graph":[{"@type":"WebPage","@id":"https:\/\/videom.it\/blog\/shop\/iphone-11-pro-264gb-rigenerato\/","url":"https:\/\/videom.it\/blog\/shop\/iphone-11-pro-264gb-rigenerato\/","name":"iPhone 11 Pro 264gb Rigenerato","isPartOf":{"@id":"https:\/\/videom.it\/blog\/#website"},"primaryImageOfPage":{"@id":"https:\/\/videom.it\/blog\/shop\/iphone-11-pro-264gb-rigenerato\/#primaryimage"},"image":{"@id":"https:\/\/videom.it\/blog\/shop\/iphone-11-pro-264gb-rigenerato\/#primaryimage"},"thumbnailUrl":"https:\/\/i0.wp.com\/videom.it\/blog\/wp-content\/uploads\/2021\/06\/IPHONE-11-pro-RI.jpg?fit=1024%2C600&ssl=1","datePublished":"2021-11-03T17:36:47+00:00","dateModified":"2026-03-15T01:29:48+00:00","description":"Apple iPhone 11 256Gb Pro Rigenerato \u00e8 uno smartphone iOS con caratteristiche all'avanguardia che lo rendono una scelta eccellente per ogni tipo..","breadcrumb":{"@id":"https:\/\/videom.it\/blog\/shop\/iphone-11-pro-264gb-rigenerato\/#breadcrumb"},"inLanguage":"it-IT","potentialAction":[{"@type":"ReadAction","target":["https:\/\/videom.it\/blog\/shop\/iphone-11-pro-264gb-rigenerato\/"]}]},{"@type":"ImageObject","inLanguage":"it-IT","@id":"https:\/\/videom.it\/blog\/shop\/iphone-11-pro-264gb-rigenerato\/#primaryimage","url":"https:\/\/i0.wp.com\/videom.it\/blog\/wp-content\/uploads\/2021\/06\/IPHONE-11-pro-RI.jpg?fit=1024%2C600&ssl=1","contentUrl":"https:\/\/i0.wp.com\/videom.it\/blog\/wp-content\/uploads\/2021\/06\/IPHONE-11-pro-RI.jpg?fit=1024%2C600&ssl=1","width":1024,"height":600},{"@type":"BreadcrumbList","@id":"https:\/\/videom.it\/blog\/shop\/iphone-11-pro-264gb-rigenerato\/#breadcrumb","itemListElement":[{"@type":"ListItem","position":1,"name":"Home","item":"https:\/\/videom.it\/blog\/"},{"@type":"ListItem","position":2,"name":"Shop","item":"https:\/\/videom.it\/blog\/shop\/"},{"@type":"ListItem","position":3,"name":"iPhone 11 Pro 264gb Rigenerato"}]},{"@type":"WebSite","@id":"https:\/\/videom.it\/blog\/#website","url":"https:\/\/videom.it\/blog\/","name":"VideoMusic","description":"Luce &amp; Gas - Assicurazioni - Riparazioni","publisher":{"@id":"https:\/\/videom.it\/blog\/#organization"},"potentialAction":[{"@type":"SearchAction","target":{"@type":"EntryPoint","urlTemplate":"https:\/\/videom.it\/blog\/?s={search_term_string}"},"query-input":{"@type":"PropertyValueSpecification","valueRequired":true,"valueName":"search_term_string"}}],"inLanguage":"it-IT"},{"@type":"Organization","@id":"https:\/\/videom.it\/blog\/#organization","name":"VideoMusic","url":"https:\/\/videom.it\/blog\/","logo":{"@type":"ImageObject","inLanguage":"it-IT","@id":"https:\/\/videom.it\/blog\/#\/schema\/logo\/image\/","url":"https:\/\/i2.wp.com\/videom.it\/blog\/wp-content\/uploads\/2015\/04\/25th-giallo-3.jpg?fit=1300%2C1192&ssl=1","contentUrl":"https:\/\/i2.wp.com\/videom.it\/blog\/wp-content\/uploads\/2015\/04\/25th-giallo-3.jpg?fit=1300%2C1192&ssl=1","width":1300,"height":1192,"caption":"VideoMusic"},"image":{"@id":"https:\/\/videom.it\/blog\/#\/schema\/logo\/image\/"},"sameAs":["https:\/\/www.facebook.com\/videomusiccava.trebisacce","https:\/\/x.com\/vbcava","https:\/\/www.youtube.com\/channel\/UCgNxnZpk2zqHaIcIxF3swOA"]}]}},"jetpack_publicize_connections":[],"jetpack_sharing_enabled":true,"_links":{"self":[{"href":"https:\/\/videom.it\/blog\/wp-json\/wp\/v2\/product\/7174","targetHints":{"allow":["GET"]}}],"collection":[{"href":"https:\/\/videom.it\/blog\/wp-json\/wp\/v2\/product"}],"about":[{"href":"https:\/\/videom.it\/blog\/wp-json\/wp\/v2\/types\/product"}],"replies":[{"embeddable":true,"href":"https:\/\/videom.it\/blog\/wp-json\/wp\/v2\/comments?post=7174"}],"wp:featuredmedia":[{"embeddable":true,"href":"https:\/\/videom.it\/blog\/wp-json\/wp\/v2\/media\/7058"}],"wp:attachment":[{"href":"https:\/\/videom.it\/blog\/wp-json\/wp\/v2\/media?parent=7174"}],"wp:term":[{"taxonomy":"product_brand","embeddable":true,"href":"https:\/\/videom.it\/blog\/wp-json\/wp\/v2\/product_brand?post=7174"},{"taxonomy":"product_cat","embeddable":true,"href":"https:\/\/videom.it\/blog\/wp-json\/wp\/v2\/product_cat?post=7174"},{"taxonomy":"product_tag","embeddable":true,"href":"https:\/\/videom.it\/blog\/wp-json\/wp\/v2\/product_tag?post=7174"}],"curies":[{"name":"wp","href":"https:\/\/api.w.org\/{rel}","templated":true}]}}