{"id":7138,"date":"2021-09-20T12:11:28","date_gmt":"2021-09-20T10:11:28","guid":{"rendered":"https:\/\/videom.it\/blog\/?post_type=product&#038;p=7138"},"modified":"2024-12-28T11:14:59","modified_gmt":"2024-12-28T10:14:59","slug":"iphone-13-128gb","status":"publish","type":"product","link":"https:\/\/videom.it\/blog\/shop\/iphone-13-128gb\/","title":{"rendered":"iPhone 13 128Gb"},"content":{"rendered":"<p>iPhone 13 ha il display OLED il 28% pi\u00f9 brillante: con una luminosit\u00e0 fino a 800 nit, si vede benissimo anche in pieno sole. E con le foto e i video HDR pu\u00f2 arrivare fino a 1200 nit. Vedrai neri assoluti, bianchi pi\u00f9 brillanti e ogni minima sfumatura, su uno schermo che \u00e8 anche pi\u00f9 efficiente nel consumo della batteria. Il sistema a doppia fotocamera pi\u00f9 evoluto di sempre. Un design robusto sotto ogni profilo. Un chip cos\u00ec veloce che gli altri mangiano la polvere. Maggiore durata della batteria.<\/p>\n<p>Riprogettato completamente l\u2019architettura e ruotato gli obiettivi di 45 gradi per fare spazio al nostro sistema a doppia fotocamera pi\u00f9 evoluto, con il sensore pi\u00f9 grande di sempre sul grandangolo, e una nuova stabilizzazione ottica dell\u2019immagine su sensore. E abbiamo anche aumentato la velocit\u00e0 dell\u2019ultra-grandangolo. Il nuovo ultra\u2011grandangolo\u00a0<strong>mette in luce pi\u00f9 dettagli<\/strong>\u00a0nelle zone buie delle tue foto.Il nuovo grandangolo\u00a0<strong>cattura il 47% di luce in\u00a0pi\u00f9,<\/strong> per foto e\u00a0video migliori. La nuova stabilizzazione ottica dell\u2019immagine su sensore\u00a0<strong>mantiene l\u2019inquadratura ferma<\/strong>\u00a0anche se tu ti\u00a0muovi.<\/p>\n<h4 class=\"typography-site-headline-reduced-alt dual-headline large-offset-6 large-6 small-offset-1 small-10\">Modalit\u00e0 Cinema filmi video <strong>HDR con <a href=\"https:\/\/en.wikipedia.org\/wiki\/Dolby_Vision\" target=\"_blank\" rel=\"noopener\">Dolby\u00a0Vision<\/a><\/strong><\/h4>\n<p class=\"typography-site-body tile-copy copy large-show small-hide\">Il fulmineo chip A15 Bionic spinge al\u00a0massimo la modalit\u00e0 Cinema, gli Stili fotografici, il Testo attivo e molte altre funzioni. Con il Secure\u00a0Enclave tiene al\u00a0sicuro le tue informazioni personali, come i dati di Face\u00a0ID e\u00a0i\u00a0contatti. E ha una maggiore efficienza, che allunga la\u00a0durata della batteria.<\/p>\n<ul class=\"tile-list\" role=\"list\">\n<li class=\"list-item typography-site-callout copy\" role=\"listitem\">CPU fino al\u00a0<strong>50% pi\u00f9\u00a0rapida<\/strong>\u00a0rispetto alla\u00a0concorrenza<\/li>\n<li class=\"list-item typography-site-callout copy\" role=\"listitem\">Grafica fino al\u00a0<strong>30% pi\u00f9\u00a0scattante<\/strong>\u00a0rispetto alla\u00a0concorrenza<\/li>\n<li class=\"list-item typography-site-callout copy\" role=\"listitem\">L\u2019unico chip per smartphone pi\u00f9 veloce \u00e8 in\u00a0<strong>iPhone\u00a013\u00a0Pro<\/strong><\/li>\n<\/ul>\n<table>\n<caption>Prezzi della serie iPhone 13 in Italia<\/caption>\n<tbody>\n<tr>\n<td class=\"firstcol empty\"><\/td>\n<td>iPhone 13 mini<\/td>\n<td>iPhone 13<\/td>\n<td>13 Pro<\/td>\n<td>13 Pro Max<\/td>\n<\/tr>\n<tr>\n<td class=\"firstcol \">128 GB<\/td>\n<td>839\u20ac<\/td>\n<td>939\u20ac<\/td>\n<td>1.189\u20ac<\/td>\n<td>1.289\u20ac<\/td>\n<\/tr>\n<tr>\n<td class=\"firstcol \">256 GB<\/td>\n<td>959\u20ac<\/td>\n<td>1.059\u20ac<\/td>\n<td>1.309\u20ac<\/td>\n<td>1.409\u20ac<\/td>\n<\/tr>\n<tr>\n<td class=\"firstcol \">512 GB<\/td>\n<td>1.189\u20ac<\/td>\n<td>1.289\u20ac<\/td>\n<td>1.539\u20ac<\/td>\n<td>1.639\u20ac<\/td>\n<\/tr>\n<tr>\n<td class=\"firstcol \">1 TB<\/td>\n<td>\/<\/td>\n<td>\/<\/td>\n<td>1.769\u20ac<\/td>\n<td>1.869\u20ac<\/td>\n<\/tr>\n<\/tbody>\n<\/table>\n<p><strong>Inoltre nel nostro Store \u00e8 possibile finanziare gli Smartphone. Anche Senza Busta Paga.<\/strong><\/p>\n<p>Proteggi il tuo Smartphone con <a href=\"http:\/\/videom.it\/blog\/protection-pro\/\">PROTECTION PRO ULTRA<\/a>.<\/p>\n<p>Il sistema di protezione pi\u00f9 avanzato sul mercato. Una esclusiva della VideoMusic Cava Trebisacce, unico rivenditore dell&#8217;Alto Ionio.<\/p>\n<p><a href=\"https:\/\/i0.wp.com\/videom.it\/blog\/wp-content\/uploads\/2021\/05\/Logo-giugno-2020-tras.png?ssl=1\"><img data-recalc-dims=\"1\" decoding=\"async\" class=\"alignnone size-medium wp-image-6231\" src=\"https:\/\/i0.wp.com\/videom.it\/blog\/wp-content\/uploads\/2021\/05\/Logo-giugno-2020-tras-300x74.png?resize=300%2C74&#038;ssl=1\" alt=\"iPhone 13\" width=\"300\" height=\"74\" \/><\/a> <a href=\"https:\/\/i0.wp.com\/videom.it\/blog\/wp-content\/uploads\/2021\/06\/Nuova-facciata-A-nera-negozio.jpg?ssl=1\"><img data-recalc-dims=\"1\" decoding=\"async\" class=\"alignnone size-medium wp-image-7057\" src=\"https:\/\/i0.wp.com\/videom.it\/blog\/wp-content\/uploads\/2021\/06\/Nuova-facciata-A-nera-negozio.jpg?resize=300%2C134&#038;ssl=1\" alt=\"iPhone 13\" width=\"300\" height=\"134\" \/><\/a><\/p>\n<p><a href=\"https:\/\/i0.wp.com\/videom.it\/blog\/wp-content\/uploads\/2020\/05\/consegna-gratuita-GRAT-e1618251105672.jpg?ssl=1\">\u00a0 \u00a0<img data-recalc-dims=\"1\" decoding=\"async\" class=\"alignnone size-medium wp-image-4221\" src=\"https:\/\/i0.wp.com\/videom.it\/blog\/wp-content\/uploads\/2020\/05\/consegna-gratuita-GRAT.jpg?resize=300%2C108&#038;ssl=1\" alt=\"iPhone 13\" width=\"300\" height=\"108\" \/><\/a><\/p>\n<p>Unica sede a Trebisacce (Cs) in Vle della Libert\u00e0 22\/24 &#8211; 098158459 \/ 51519 &#8211; 3518188174 &#8211; <a href=\"mailto:info@videom.it\">info@videom.it<\/a><\/p>\n","protected":false},"excerpt":{"rendered":"<p><strong>Apple iPhone 13<\/strong><\/p>\n<ul class=\"a-unordered-list a-vertical a-spacing-mini\">\n<li><strong><span class=\"a-list-item\">Display Super Retina XDR da 6,1&#8243;<\/span><\/strong><\/li>\n<li><strong><span class=\"a-list-item\">Modalit\u00e0 Cinema con profondit\u00e0 di campo smart e spostamento automatico della messa a fuoco nei video<\/span><\/strong><\/li>\n<li><strong><span class=\"a-list-item\">Evoluto sistema a doppia fotocamera da 12MP (grandangolo e ultra-grandangolo) con Stili fotografici, Smart HDR 4, modalit\u00e0 Notte e registrazione video HDR a 4K con Dolby Vision<\/span><\/strong><\/li>\n<li><strong><span class=\"a-list-item\">Fotocamera anteriore TrueDepth da 12MP con modalit\u00e0 Notte e registrazione video HDR a 4K con Dolby Vision<\/span><\/strong><\/li>\n<li><strong><span class=\"a-list-item\">Chip A15 Bionic per prestazioni fulminee<\/span><\/strong><\/li>\n<li><strong><span class=\"a-list-item\">Fino a 19 ore di riproduzione video<\/span><\/strong><\/li>\n<\/ul>\n<p><a href=\"https:\/\/videom.it\/blog\/wp-content\/uploads\/2021\/05\/carte-di-credito-supportate-da-paypal-2.png\"><img loading=\"lazy\" decoding=\"async\" class=\"alignnone size-medium wp-image-6452\" src=\"https:\/\/videom.it\/blog\/wp-content\/uploads\/2021\/05\/carte-di-credito-supportate-da-paypal-2-300x68.png\" alt=\"\" width=\"300\" height=\"68\" srcset=\"https:\/\/i0.wp.com\/videom.it\/blog\/wp-content\/uploads\/2021\/05\/carte-di-credito-supportate-da-paypal-2.png?resize=300%2C68&amp;ssl=1 300w, https:\/\/i0.wp.com\/videom.it\/blog\/wp-content\/uploads\/2021\/05\/carte-di-credito-supportate-da-paypal-2.png?resize=768%2C175&amp;ssl=1 768w, https:\/\/i0.wp.com\/videom.it\/blog\/wp-content\/uploads\/2021\/05\/carte-di-credito-supportate-da-paypal-2.png?resize=600%2C137&amp;ssl=1 600w, https:\/\/i0.wp.com\/videom.it\/blog\/wp-content\/uploads\/2021\/05\/carte-di-credito-supportate-da-paypal-2.png?w=1000&amp;ssl=1 1000w\" sizes=\"(max-width: 300px) 100vw, 300px\" \/><\/a><\/p>\n<p><a href=\"https:\/\/videom.it\/blog\/wp-content\/uploads\/2020\/05\/consegna-gratuita-GRAT-e1618251105672.jpg\"><img loading=\"lazy\" decoding=\"async\" class=\"alignnone size-medium wp-image-4221\" src=\"https:\/\/videom.it\/blog\/wp-content\/uploads\/2020\/05\/consegna-gratuita-GRAT-300x108.jpg\" alt=\"\" width=\"300\" height=\"108\" \/><\/a><\/p>\n","protected":false},"featured_media":7143,"comment_status":"open","ping_status":"closed","template":"","meta":{"jetpack_post_was_ever_published":false,"jetpack_publicize_message":"","jetpack_publicize_feature_enabled":true,"jetpack_social_post_already_shared":true,"jetpack_social_options":{"image_generator_settings":{"template":"highway","default_image_id":0,"font":"","enabled":false},"version":2}},"product_brand":[],"product_cat":[67],"product_tag":[],"class_list":{"0":"post-7138","1":"product","2":"type-product","3":"status-publish","4":"has-post-thumbnail","6":"product_cat-apple","8":"first","9":"outofstock","10":"taxable","11":"shipping-taxable","12":"purchasable","13":"product-type-simple"},"yoast_head":"<!-- This site is optimized with the Yoast SEO plugin v27.5 - https:\/\/yoast.com\/product\/yoast-seo-wordpress\/ -->\n<title>iPhone 13 128Gb<\/title>\n<meta name=\"robots\" content=\"index, follow, max-snippet:-1, max-image-preview:large, max-video-preview:-1\" \/>\n<link rel=\"canonical\" href=\"https:\/\/videom.it\/blog\/shop\/iphone-13-128gb\/\" \/>\n<meta property=\"og:locale\" content=\"it_IT\" \/>\n<meta property=\"og:type\" content=\"article\" \/>\n<meta property=\"og:title\" content=\"iPhone 13 128Gb\" \/>\n<meta property=\"og:description\" content=\"Apple iPhone 13   Display Super Retina XDR da 6,1&quot;  Modalit\u00e0 Cinema con profondit\u00e0 di campo smart e spostamento automatico della messa a fuoco nei video  Evoluto sistema a doppia fotocamera da 12MP (grandangolo e ultra-grandangolo) con Stili fotografici, Smart HDR 4, modalit\u00e0 Notte e registrazione video HDR a 4K con Dolby Vision  Fotocamera anteriore TrueDepth da 12MP con modalit\u00e0 Notte e registrazione video HDR a 4K con Dolby Vision  Chip A15 Bionic per prestazioni fulminee  Fino a 19 ore di riproduzione video\" \/>\n<meta property=\"og:url\" content=\"https:\/\/videom.it\/blog\/shop\/iphone-13-128gb\/\" \/>\n<meta property=\"og:site_name\" content=\"VideoMusic\" \/>\n<meta property=\"article:publisher\" content=\"https:\/\/www.facebook.com\/videomusiccava.trebisacce\" \/>\n<meta property=\"article:modified_time\" content=\"2024-12-28T10:14:59+00:00\" \/>\n<meta property=\"og:image\" content=\"https:\/\/videom.it\/blog\/wp-content\/uploads\/2021\/09\/Iphone-13.jpg\" \/>\n\t<meta property=\"og:image:width\" content=\"1024\" \/>\n\t<meta property=\"og:image:height\" content=\"600\" \/>\n\t<meta property=\"og:image:type\" content=\"image\/jpeg\" \/>\n<meta name=\"twitter:label1\" content=\"Tempo di lettura stimato\" \/>\n\t<meta name=\"twitter:data1\" content=\"3 minuti\" \/>\n<script type=\"application\/ld+json\" class=\"yoast-schema-graph\">{\"@context\":\"https:\\\/\\\/schema.org\",\"@graph\":[{\"@type\":\"WebPage\",\"@id\":\"https:\\\/\\\/videom.it\\\/blog\\\/shop\\\/iphone-13-128gb\\\/\",\"url\":\"https:\\\/\\\/videom.it\\\/blog\\\/shop\\\/iphone-13-128gb\\\/\",\"name\":\"iPhone 13 128Gb\",\"isPartOf\":{\"@id\":\"https:\\\/\\\/videom.it\\\/blog\\\/#website\"},\"primaryImageOfPage\":{\"@id\":\"https:\\\/\\\/videom.it\\\/blog\\\/shop\\\/iphone-13-128gb\\\/#primaryimage\"},\"image\":{\"@id\":\"https:\\\/\\\/videom.it\\\/blog\\\/shop\\\/iphone-13-128gb\\\/#primaryimage\"},\"thumbnailUrl\":\"https:\\\/\\\/i0.wp.com\\\/videom.it\\\/blog\\\/wp-content\\\/uploads\\\/2021\\\/09\\\/Iphone-13.jpg?fit=1024%2C600&ssl=1\",\"datePublished\":\"2021-09-20T10:11:28+00:00\",\"dateModified\":\"2024-12-28T10:14:59+00:00\",\"breadcrumb\":{\"@id\":\"https:\\\/\\\/videom.it\\\/blog\\\/shop\\\/iphone-13-128gb\\\/#breadcrumb\"},\"inLanguage\":\"it-IT\",\"potentialAction\":[{\"@type\":\"ReadAction\",\"target\":[\"https:\\\/\\\/videom.it\\\/blog\\\/shop\\\/iphone-13-128gb\\\/\"]}]},{\"@type\":\"ImageObject\",\"inLanguage\":\"it-IT\",\"@id\":\"https:\\\/\\\/videom.it\\\/blog\\\/shop\\\/iphone-13-128gb\\\/#primaryimage\",\"url\":\"https:\\\/\\\/i0.wp.com\\\/videom.it\\\/blog\\\/wp-content\\\/uploads\\\/2021\\\/09\\\/Iphone-13.jpg?fit=1024%2C600&ssl=1\",\"contentUrl\":\"https:\\\/\\\/i0.wp.com\\\/videom.it\\\/blog\\\/wp-content\\\/uploads\\\/2021\\\/09\\\/Iphone-13.jpg?fit=1024%2C600&ssl=1\",\"width\":1024,\"height\":600},{\"@type\":\"BreadcrumbList\",\"@id\":\"https:\\\/\\\/videom.it\\\/blog\\\/shop\\\/iphone-13-128gb\\\/#breadcrumb\",\"itemListElement\":[{\"@type\":\"ListItem\",\"position\":1,\"name\":\"Home\",\"item\":\"https:\\\/\\\/videom.it\\\/blog\\\/\"},{\"@type\":\"ListItem\",\"position\":2,\"name\":\"Shop\",\"item\":\"https:\\\/\\\/videom.it\\\/blog\\\/shop\\\/\"},{\"@type\":\"ListItem\",\"position\":3,\"name\":\"iPhone 13 128Gb\"}]},{\"@type\":\"WebSite\",\"@id\":\"https:\\\/\\\/videom.it\\\/blog\\\/#website\",\"url\":\"https:\\\/\\\/videom.it\\\/blog\\\/\",\"name\":\"VideoMusic\",\"description\":\"Luce &amp; Gas - Assicurazioni - Riparazioni\",\"publisher\":{\"@id\":\"https:\\\/\\\/videom.it\\\/blog\\\/#organization\"},\"potentialAction\":[{\"@type\":\"SearchAction\",\"target\":{\"@type\":\"EntryPoint\",\"urlTemplate\":\"https:\\\/\\\/videom.it\\\/blog\\\/?s={search_term_string}\"},\"query-input\":{\"@type\":\"PropertyValueSpecification\",\"valueRequired\":true,\"valueName\":\"search_term_string\"}}],\"inLanguage\":\"it-IT\"},{\"@type\":\"Organization\",\"@id\":\"https:\\\/\\\/videom.it\\\/blog\\\/#organization\",\"name\":\"VideoMusic\",\"url\":\"https:\\\/\\\/videom.it\\\/blog\\\/\",\"logo\":{\"@type\":\"ImageObject\",\"inLanguage\":\"it-IT\",\"@id\":\"https:\\\/\\\/videom.it\\\/blog\\\/#\\\/schema\\\/logo\\\/image\\\/\",\"url\":\"https:\\\/\\\/i2.wp.com\\\/videom.it\\\/blog\\\/wp-content\\\/uploads\\\/2015\\\/04\\\/25th-giallo-3.jpg?fit=1300%2C1192&ssl=1\",\"contentUrl\":\"https:\\\/\\\/i2.wp.com\\\/videom.it\\\/blog\\\/wp-content\\\/uploads\\\/2015\\\/04\\\/25th-giallo-3.jpg?fit=1300%2C1192&ssl=1\",\"width\":1300,\"height\":1192,\"caption\":\"VideoMusic\"},\"image\":{\"@id\":\"https:\\\/\\\/videom.it\\\/blog\\\/#\\\/schema\\\/logo\\\/image\\\/\"},\"sameAs\":[\"https:\\\/\\\/www.facebook.com\\\/videomusiccava.trebisacce\",\"https:\\\/\\\/x.com\\\/vbcava\",\"https:\\\/\\\/www.youtube.com\\\/channel\\\/UCgNxnZpk2zqHaIcIxF3swOA\"]}]}<\/script>\n<!-- \/ Yoast SEO plugin. -->","yoast_head_json":{"title":"iPhone 13 128Gb","robots":{"index":"index","follow":"follow","max-snippet":"max-snippet:-1","max-image-preview":"max-image-preview:large","max-video-preview":"max-video-preview:-1"},"canonical":"https:\/\/videom.it\/blog\/shop\/iphone-13-128gb\/","og_locale":"it_IT","og_type":"article","og_title":"iPhone 13 128Gb","og_description":"Apple iPhone 13   Display Super Retina XDR da 6,1\"  Modalit\u00e0 Cinema con profondit\u00e0 di campo smart e spostamento automatico della messa a fuoco nei video  Evoluto sistema a doppia fotocamera da 12MP (grandangolo e ultra-grandangolo) con Stili fotografici, Smart HDR 4, modalit\u00e0 Notte e registrazione video HDR a 4K con Dolby Vision  Fotocamera anteriore TrueDepth da 12MP con modalit\u00e0 Notte e registrazione video HDR a 4K con Dolby Vision  Chip A15 Bionic per prestazioni fulminee  Fino a 19 ore di riproduzione video","og_url":"https:\/\/videom.it\/blog\/shop\/iphone-13-128gb\/","og_site_name":"VideoMusic","article_publisher":"https:\/\/www.facebook.com\/videomusiccava.trebisacce","article_modified_time":"2024-12-28T10:14:59+00:00","og_image":[{"width":1024,"height":600,"url":"https:\/\/videom.it\/blog\/wp-content\/uploads\/2021\/09\/Iphone-13.jpg","type":"image\/jpeg"}],"twitter_misc":{"Tempo di lettura stimato":"3 minuti"},"schema":{"@context":"https:\/\/schema.org","@graph":[{"@type":"WebPage","@id":"https:\/\/videom.it\/blog\/shop\/iphone-13-128gb\/","url":"https:\/\/videom.it\/blog\/shop\/iphone-13-128gb\/","name":"iPhone 13 128Gb","isPartOf":{"@id":"https:\/\/videom.it\/blog\/#website"},"primaryImageOfPage":{"@id":"https:\/\/videom.it\/blog\/shop\/iphone-13-128gb\/#primaryimage"},"image":{"@id":"https:\/\/videom.it\/blog\/shop\/iphone-13-128gb\/#primaryimage"},"thumbnailUrl":"https:\/\/i0.wp.com\/videom.it\/blog\/wp-content\/uploads\/2021\/09\/Iphone-13.jpg?fit=1024%2C600&ssl=1","datePublished":"2021-09-20T10:11:28+00:00","dateModified":"2024-12-28T10:14:59+00:00","breadcrumb":{"@id":"https:\/\/videom.it\/blog\/shop\/iphone-13-128gb\/#breadcrumb"},"inLanguage":"it-IT","potentialAction":[{"@type":"ReadAction","target":["https:\/\/videom.it\/blog\/shop\/iphone-13-128gb\/"]}]},{"@type":"ImageObject","inLanguage":"it-IT","@id":"https:\/\/videom.it\/blog\/shop\/iphone-13-128gb\/#primaryimage","url":"https:\/\/i0.wp.com\/videom.it\/blog\/wp-content\/uploads\/2021\/09\/Iphone-13.jpg?fit=1024%2C600&ssl=1","contentUrl":"https:\/\/i0.wp.com\/videom.it\/blog\/wp-content\/uploads\/2021\/09\/Iphone-13.jpg?fit=1024%2C600&ssl=1","width":1024,"height":600},{"@type":"BreadcrumbList","@id":"https:\/\/videom.it\/blog\/shop\/iphone-13-128gb\/#breadcrumb","itemListElement":[{"@type":"ListItem","position":1,"name":"Home","item":"https:\/\/videom.it\/blog\/"},{"@type":"ListItem","position":2,"name":"Shop","item":"https:\/\/videom.it\/blog\/shop\/"},{"@type":"ListItem","position":3,"name":"iPhone 13 128Gb"}]},{"@type":"WebSite","@id":"https:\/\/videom.it\/blog\/#website","url":"https:\/\/videom.it\/blog\/","name":"VideoMusic","description":"Luce &amp; Gas - Assicurazioni - Riparazioni","publisher":{"@id":"https:\/\/videom.it\/blog\/#organization"},"potentialAction":[{"@type":"SearchAction","target":{"@type":"EntryPoint","urlTemplate":"https:\/\/videom.it\/blog\/?s={search_term_string}"},"query-input":{"@type":"PropertyValueSpecification","valueRequired":true,"valueName":"search_term_string"}}],"inLanguage":"it-IT"},{"@type":"Organization","@id":"https:\/\/videom.it\/blog\/#organization","name":"VideoMusic","url":"https:\/\/videom.it\/blog\/","logo":{"@type":"ImageObject","inLanguage":"it-IT","@id":"https:\/\/videom.it\/blog\/#\/schema\/logo\/image\/","url":"https:\/\/i2.wp.com\/videom.it\/blog\/wp-content\/uploads\/2015\/04\/25th-giallo-3.jpg?fit=1300%2C1192&ssl=1","contentUrl":"https:\/\/i2.wp.com\/videom.it\/blog\/wp-content\/uploads\/2015\/04\/25th-giallo-3.jpg?fit=1300%2C1192&ssl=1","width":1300,"height":1192,"caption":"VideoMusic"},"image":{"@id":"https:\/\/videom.it\/blog\/#\/schema\/logo\/image\/"},"sameAs":["https:\/\/www.facebook.com\/videomusiccava.trebisacce","https:\/\/x.com\/vbcava","https:\/\/www.youtube.com\/channel\/UCgNxnZpk2zqHaIcIxF3swOA"]}]}},"jetpack_publicize_connections":[],"jetpack_sharing_enabled":true,"_links":{"self":[{"href":"https:\/\/videom.it\/blog\/wp-json\/wp\/v2\/product\/7138","targetHints":{"allow":["GET"]}}],"collection":[{"href":"https:\/\/videom.it\/blog\/wp-json\/wp\/v2\/product"}],"about":[{"href":"https:\/\/videom.it\/blog\/wp-json\/wp\/v2\/types\/product"}],"replies":[{"embeddable":true,"href":"https:\/\/videom.it\/blog\/wp-json\/wp\/v2\/comments?post=7138"}],"wp:featuredmedia":[{"embeddable":true,"href":"https:\/\/videom.it\/blog\/wp-json\/wp\/v2\/media\/7143"}],"wp:attachment":[{"href":"https:\/\/videom.it\/blog\/wp-json\/wp\/v2\/media?parent=7138"}],"wp:term":[{"taxonomy":"product_brand","embeddable":true,"href":"https:\/\/videom.it\/blog\/wp-json\/wp\/v2\/product_brand?post=7138"},{"taxonomy":"product_cat","embeddable":true,"href":"https:\/\/videom.it\/blog\/wp-json\/wp\/v2\/product_cat?post=7138"},{"taxonomy":"product_tag","embeddable":true,"href":"https:\/\/videom.it\/blog\/wp-json\/wp\/v2\/product_tag?post=7138"}],"curies":[{"name":"wp","href":"https:\/\/api.w.org\/{rel}","templated":true}]}}