{"id":7121,"date":"2021-08-24T19:05:52","date_gmt":"2021-08-24T17:05:52","guid":{"rendered":"https:\/\/videom.it\/blog\/?post_type=product&#038;p=7121"},"modified":"2021-08-24T19:15:25","modified_gmt":"2021-08-24T17:15:25","slug":"xiaomi-mi-tv-stick","status":"publish","type":"product","link":"https:\/\/videom.it\/blog\/shop\/xiaomi-mi-tv-stick\/","title":{"rendered":"Xiaomi Mi TV Stick"},"content":{"rendered":"<p>Xiaomi Mi TV Stick si descrive in una sola parola:\u00a0<strong>semplice<\/strong>. La collegate direttamente alla TV, non ci sono porte accessorie, quindi non potete sbagliarvi. L\u2019accoppiamento del telecomando \u00e8 questione di un attimo, e le istruzioni a schermo vi guideranno facilmente in tutta la prima configurazione, che pu\u00f2 avvenire anche tramite smartphone, trasferendo i dati del vostro account Google in pochi minuti.<\/p>\n<p>L\u2019esperienza \u00e8 quella di Android TV \u201cpuro\u201d, nel senso che non c\u2019\u00e8 nemmeno il <a href=\"https:\/\/it.wikipedia.org\/wiki\/Microsoft_Launcher\" target=\"_blank\" rel=\"noopener\">launcher<\/a> personalizzato di Xiaomi (PatchWall) che abbiamo visto invece sulle\u00a0Mi TV\u00a0dell\u2019azienda. Il telecomando ha i tasti essenziali per muoversi nell\u2019interfaccia, non uno di pi\u00f9, non uno di meno, ed i due principali servizi di streaming (<strong>Netflix e Prime Video<\/strong>) sono subito a portata di mano. C\u2019\u00e8 comunque il supporto HDMI CEC che, se abilitato, vi permette di usare il telecomando della vostra TV, cui sarete ancor pi\u00f9 abituati.<\/p>\n<p><a href=\"https:\/\/i0.wp.com\/videom.it\/blog\/wp-content\/uploads\/2021\/08\/Immagine.jpg?ssl=1\"><img data-recalc-dims=\"1\" fetchpriority=\"high\" decoding=\"async\" class=\"alignnone size-large wp-image-7122\" src=\"https:\/\/i0.wp.com\/videom.it\/blog\/wp-content\/uploads\/2021\/08\/Immagine.jpg?resize=1024%2C437&#038;ssl=1\" alt=\"Xiaomi Mi TV Stick\" width=\"1024\" height=\"437\" srcset=\"https:\/\/i0.wp.com\/videom.it\/blog\/wp-content\/uploads\/2021\/08\/Immagine.jpg?resize=1024%2C437&amp;ssl=1 1024w, https:\/\/i0.wp.com\/videom.it\/blog\/wp-content\/uploads\/2021\/08\/Immagine.jpg?resize=300%2C128&amp;ssl=1 300w, https:\/\/i0.wp.com\/videom.it\/blog\/wp-content\/uploads\/2021\/08\/Immagine.jpg?resize=768%2C328&amp;ssl=1 768w, https:\/\/i0.wp.com\/videom.it\/blog\/wp-content\/uploads\/2021\/08\/Immagine.jpg?resize=600%2C256&amp;ssl=1 600w, https:\/\/i0.wp.com\/videom.it\/blog\/wp-content\/uploads\/2021\/08\/Immagine.jpg?w=1326&amp;ssl=1 1326w\" sizes=\"(max-width: 1024px) 100vw, 1024px\" \/><\/a><\/p>\n<p>E poi ci sono tutte le app classiche di Android TV:\u00a0<strong>TIMVision<\/strong>,\u00a0<strong>Infinity<\/strong>,\u00a0<strong>DAZN<\/strong>,<strong>\u00a0Rai Play,<\/strong>\u00a0<strong>DPlay<\/strong>\u00a0e tutte le altre che trovereste su qualsiasi Android TV. Il Play Store non \u00e8 certo ampio come quello di uno smartphone (<strong>nemmeno lontanamente<\/strong>), ma almeno le app che ci sono sono state pensate per il grande schermo e funzionano bene col telecomando.<\/p>\n<p><strong>Meglio Xiaomi Mi TV Stick o <a href=\"https:\/\/videom.it\/blog\/shop\/tv-stick-4k-ultra-hd\/\" target=\"_blank\" rel=\"noopener\">Amazon\u00a0Fire TV Stick<\/a>?\u00a0<\/strong>Dipende.\u00a0Alla fin fine \u00e8 pi\u00f9 una scelta dettata dai servizi che usate di pi\u00f9. Se non foste abbonati ad Amazon Prime, l\u2019ago pender\u00e0 pi\u00f9 facilmente sulla Mi TV Stick, viceversa \u00e8 quasi come lanciare una monetina o per lo pi\u00f9 gusto personale.<\/p>\n<p><strong>Disponibile anche nel nostro Store:<\/strong><\/p>\n<p><a href=\"https:\/\/i0.wp.com\/videom.it\/blog\/wp-content\/uploads\/2021\/05\/Logo-giugno-2020-tras.png?ssl=1\"><img data-recalc-dims=\"1\" decoding=\"async\" class=\"alignnone size-medium wp-image-6231\" src=\"https:\/\/i0.wp.com\/videom.it\/blog\/wp-content\/uploads\/2021\/05\/Logo-giugno-2020-tras-300x74.png?resize=300%2C74&#038;ssl=1\" alt=\"Xiaomi Mi TV Stick\" width=\"300\" height=\"74\" \/><\/a>\u00a0 <a href=\"https:\/\/i0.wp.com\/videom.it\/blog\/wp-content\/uploads\/2021\/05\/143-mod-1SMALSMAL.jpg?ssl=1\"><img data-recalc-dims=\"1\" decoding=\"async\" class=\"alignnone size-medium wp-image-6574\" src=\"https:\/\/i0.wp.com\/videom.it\/blog\/wp-content\/uploads\/2021\/05\/143-mod-1SMALSMAL-300x163.jpg?resize=300%2C163&#038;ssl=1\" alt=\"Xiaomi Mi TV Stick\" width=\"300\" height=\"163\" \/><\/a><\/p>\n<p><strong>Unica sede a Trebisacce (Cs) in Vle della Libert\u00e0 22\/24 &#8211; 098158459 \/ 51519 &#8211; 3518188174 &#8211; info@videom.it<\/strong><\/p>\n","protected":false},"excerpt":{"rendered":"<p>\u2022<strong>CPU<\/strong>: Amlogic S805Y quad-core Cortex A53 (fino a 1,2 GHz)<br \/>\n\u2022<strong>GPU<\/strong>: ARM Mali-450 (fino a 750 MHz)<br \/>\n\u2022<strong>RAM<\/strong>: 1 GB<br \/>\n\u2022<strong>Memoria interna<\/strong>: 8 GB<br \/>\n\u2022<strong>Connettivit\u00e0<\/strong>: Wi-Fi 802.11 ac Dual Band (2,4\/5 GHz), Bluetooth 4.2<br \/>\n\u2022<strong>Formati<\/strong>: RM, MOV, VOB, AVI, MKV, TS, WMV, MP4<br \/>\n\u2022<strong>Codec<\/strong>: VP9-10, H.265, H.264, VC-1, MPEG1\/2\/4, real 8\/9\/10<br \/>\n\u2022<strong>Audio<\/strong>: Dolby Audio, DTS<br \/>\n\u2022<strong>Dimensioni<\/strong>: 92,4 \u00d7 30,2 \u00d7 15,2 mm<br \/>\n\u2022<strong>Peso<\/strong>: 28,5 grammi<br \/>\n\u2022<strong>OS<\/strong>: Android TV 9 (patch marzo 2020)<\/p>\n<p><a href=\"https:\/\/videom.it\/blog\/wp-content\/uploads\/2021\/05\/carte-di-credito-supportate-da-paypal-2.png\"><img loading=\"lazy\" decoding=\"async\" class=\"alignnone size-medium wp-image-6452\" src=\"https:\/\/videom.it\/blog\/wp-content\/uploads\/2021\/05\/carte-di-credito-supportate-da-paypal-2-300x68.png\" alt=\"\" width=\"300\" height=\"68\" srcset=\"https:\/\/i0.wp.com\/videom.it\/blog\/wp-content\/uploads\/2021\/05\/carte-di-credito-supportate-da-paypal-2.png?resize=300%2C68&amp;ssl=1 300w, https:\/\/i0.wp.com\/videom.it\/blog\/wp-content\/uploads\/2021\/05\/carte-di-credito-supportate-da-paypal-2.png?resize=768%2C175&amp;ssl=1 768w, https:\/\/i0.wp.com\/videom.it\/blog\/wp-content\/uploads\/2021\/05\/carte-di-credito-supportate-da-paypal-2.png?resize=600%2C137&amp;ssl=1 600w, https:\/\/i0.wp.com\/videom.it\/blog\/wp-content\/uploads\/2021\/05\/carte-di-credito-supportate-da-paypal-2.png?w=1000&amp;ssl=1 1000w\" sizes=\"(max-width: 300px) 100vw, 300px\" \/><\/a><\/p>\n<p><a href=\"https:\/\/videom.it\/blog\/wp-content\/uploads\/2020\/05\/consegna-gratuita-GRAT-e1618251105672.jpg\"><img loading=\"lazy\" decoding=\"async\" class=\"alignnone size-medium wp-image-4221\" src=\"https:\/\/videom.it\/blog\/wp-content\/uploads\/2020\/05\/consegna-gratuita-GRAT-300x108.jpg\" alt=\"\" width=\"300\" height=\"108\" \/><\/a><\/p>\n","protected":false},"featured_media":7124,"comment_status":"open","ping_status":"closed","template":"","meta":{"jetpack_post_was_ever_published":false,"jetpack_publicize_message":"","jetpack_publicize_feature_enabled":true,"jetpack_social_post_already_shared":true,"jetpack_social_options":{"image_generator_settings":{"template":"highway","default_image_id":0,"font":"","enabled":false},"version":2}},"product_brand":[],"product_cat":[241],"product_tag":[],"class_list":{"0":"post-7121","1":"product","2":"type-product","3":"status-publish","4":"has-post-thumbnail","6":"product_cat-tv-decoder","8":"first","9":"instock","10":"taxable","11":"shipping-taxable","12":"purchasable","13":"product-type-simple"},"yoast_head":"<!-- This site is optimized with the Yoast SEO plugin v27.4 - https:\/\/yoast.com\/product\/yoast-seo-wordpress\/ -->\n<title>Xiaomi Mi TV Stick<\/title>\n<meta name=\"description\" content=\"Xiaomi Mi TV Stick si descrive in una sola parola:\u00a0semplice. La collegate alla TV e in un attimo il tuo televisore diventa &quot;SMART TV&quot;\" \/>\n<meta name=\"robots\" content=\"index, follow, max-snippet:-1, max-image-preview:large, max-video-preview:-1\" \/>\n<link rel=\"canonical\" href=\"https:\/\/videom.it\/blog\/shop\/xiaomi-mi-tv-stick\/\" \/>\n<meta property=\"og:locale\" content=\"it_IT\" \/>\n<meta property=\"og:type\" content=\"article\" \/>\n<meta property=\"og:title\" content=\"Xiaomi Mi TV Stick\" \/>\n<meta property=\"og:description\" content=\"Xiaomi Mi TV Stick si descrive in una sola parola:\u00a0semplice. La collegate alla TV e in un attimo il tuo televisore diventa &quot;SMART TV&quot;\" \/>\n<meta property=\"og:url\" content=\"https:\/\/videom.it\/blog\/shop\/xiaomi-mi-tv-stick\/\" \/>\n<meta property=\"og:site_name\" content=\"VideoMusic\" \/>\n<meta property=\"article:publisher\" content=\"https:\/\/www.facebook.com\/videomusiccava.trebisacce\" \/>\n<meta property=\"article:modified_time\" content=\"2021-08-24T17:15:25+00:00\" \/>\n<meta property=\"og:image\" content=\"https:\/\/i1.wp.com\/videom.it\/blog\/wp-content\/uploads\/2021\/08\/titolo.jpg?fit=1024%2C600&ssl=1\" \/>\n\t<meta property=\"og:image:width\" content=\"1024\" \/>\n\t<meta property=\"og:image:height\" content=\"600\" \/>\n\t<meta property=\"og:image:type\" content=\"image\/jpeg\" \/>\n<meta name=\"twitter:label1\" content=\"Tempo di lettura stimato\" \/>\n\t<meta name=\"twitter:data1\" content=\"1 minuto\" \/>\n<script type=\"application\/ld+json\" class=\"yoast-schema-graph\">{\"@context\":\"https:\\\/\\\/schema.org\",\"@graph\":[{\"@type\":\"WebPage\",\"@id\":\"https:\\\/\\\/videom.it\\\/blog\\\/shop\\\/xiaomi-mi-tv-stick\\\/\",\"url\":\"https:\\\/\\\/videom.it\\\/blog\\\/shop\\\/xiaomi-mi-tv-stick\\\/\",\"name\":\"Xiaomi Mi TV Stick\",\"isPartOf\":{\"@id\":\"https:\\\/\\\/videom.it\\\/blog\\\/#website\"},\"primaryImageOfPage\":{\"@id\":\"https:\\\/\\\/videom.it\\\/blog\\\/shop\\\/xiaomi-mi-tv-stick\\\/#primaryimage\"},\"image\":{\"@id\":\"https:\\\/\\\/videom.it\\\/blog\\\/shop\\\/xiaomi-mi-tv-stick\\\/#primaryimage\"},\"thumbnailUrl\":\"https:\\\/\\\/i0.wp.com\\\/videom.it\\\/blog\\\/wp-content\\\/uploads\\\/2021\\\/08\\\/titolo.jpg?fit=1024%2C600&ssl=1\",\"datePublished\":\"2021-08-24T17:05:52+00:00\",\"dateModified\":\"2021-08-24T17:15:25+00:00\",\"description\":\"Xiaomi Mi TV Stick si descrive in una sola parola:\u00a0semplice. La collegate alla TV e in un attimo il tuo televisore diventa \\\"SMART TV\\\"\",\"breadcrumb\":{\"@id\":\"https:\\\/\\\/videom.it\\\/blog\\\/shop\\\/xiaomi-mi-tv-stick\\\/#breadcrumb\"},\"inLanguage\":\"it-IT\",\"potentialAction\":[{\"@type\":\"ReadAction\",\"target\":[\"https:\\\/\\\/videom.it\\\/blog\\\/shop\\\/xiaomi-mi-tv-stick\\\/\"]}]},{\"@type\":\"ImageObject\",\"inLanguage\":\"it-IT\",\"@id\":\"https:\\\/\\\/videom.it\\\/blog\\\/shop\\\/xiaomi-mi-tv-stick\\\/#primaryimage\",\"url\":\"https:\\\/\\\/i0.wp.com\\\/videom.it\\\/blog\\\/wp-content\\\/uploads\\\/2021\\\/08\\\/titolo.jpg?fit=1024%2C600&ssl=1\",\"contentUrl\":\"https:\\\/\\\/i0.wp.com\\\/videom.it\\\/blog\\\/wp-content\\\/uploads\\\/2021\\\/08\\\/titolo.jpg?fit=1024%2C600&ssl=1\",\"width\":1024,\"height\":600},{\"@type\":\"BreadcrumbList\",\"@id\":\"https:\\\/\\\/videom.it\\\/blog\\\/shop\\\/xiaomi-mi-tv-stick\\\/#breadcrumb\",\"itemListElement\":[{\"@type\":\"ListItem\",\"position\":1,\"name\":\"Home\",\"item\":\"https:\\\/\\\/videom.it\\\/blog\\\/\"},{\"@type\":\"ListItem\",\"position\":2,\"name\":\"Shop\",\"item\":\"https:\\\/\\\/videom.it\\\/blog\\\/shop\\\/\"},{\"@type\":\"ListItem\",\"position\":3,\"name\":\"Xiaomi Mi TV Stick\"}]},{\"@type\":\"WebSite\",\"@id\":\"https:\\\/\\\/videom.it\\\/blog\\\/#website\",\"url\":\"https:\\\/\\\/videom.it\\\/blog\\\/\",\"name\":\"VideoMusic\",\"description\":\"Luce &amp; Gas - Assicurazioni - Riparazioni\",\"publisher\":{\"@id\":\"https:\\\/\\\/videom.it\\\/blog\\\/#organization\"},\"potentialAction\":[{\"@type\":\"SearchAction\",\"target\":{\"@type\":\"EntryPoint\",\"urlTemplate\":\"https:\\\/\\\/videom.it\\\/blog\\\/?s={search_term_string}\"},\"query-input\":{\"@type\":\"PropertyValueSpecification\",\"valueRequired\":true,\"valueName\":\"search_term_string\"}}],\"inLanguage\":\"it-IT\"},{\"@type\":\"Organization\",\"@id\":\"https:\\\/\\\/videom.it\\\/blog\\\/#organization\",\"name\":\"VideoMusic\",\"url\":\"https:\\\/\\\/videom.it\\\/blog\\\/\",\"logo\":{\"@type\":\"ImageObject\",\"inLanguage\":\"it-IT\",\"@id\":\"https:\\\/\\\/videom.it\\\/blog\\\/#\\\/schema\\\/logo\\\/image\\\/\",\"url\":\"https:\\\/\\\/i2.wp.com\\\/videom.it\\\/blog\\\/wp-content\\\/uploads\\\/2015\\\/04\\\/25th-giallo-3.jpg?fit=1300%2C1192&ssl=1\",\"contentUrl\":\"https:\\\/\\\/i2.wp.com\\\/videom.it\\\/blog\\\/wp-content\\\/uploads\\\/2015\\\/04\\\/25th-giallo-3.jpg?fit=1300%2C1192&ssl=1\",\"width\":1300,\"height\":1192,\"caption\":\"VideoMusic\"},\"image\":{\"@id\":\"https:\\\/\\\/videom.it\\\/blog\\\/#\\\/schema\\\/logo\\\/image\\\/\"},\"sameAs\":[\"https:\\\/\\\/www.facebook.com\\\/videomusiccava.trebisacce\",\"https:\\\/\\\/x.com\\\/vbcava\",\"https:\\\/\\\/www.youtube.com\\\/channel\\\/UCgNxnZpk2zqHaIcIxF3swOA\"]}]}<\/script>\n<!-- \/ Yoast SEO plugin. -->","yoast_head_json":{"title":"Xiaomi Mi TV Stick","description":"Xiaomi Mi TV Stick si descrive in una sola parola:\u00a0semplice. La collegate alla TV e in un attimo il tuo televisore diventa \"SMART TV\"","robots":{"index":"index","follow":"follow","max-snippet":"max-snippet:-1","max-image-preview":"max-image-preview:large","max-video-preview":"max-video-preview:-1"},"canonical":"https:\/\/videom.it\/blog\/shop\/xiaomi-mi-tv-stick\/","og_locale":"it_IT","og_type":"article","og_title":"Xiaomi Mi TV Stick","og_description":"Xiaomi Mi TV Stick si descrive in una sola parola:\u00a0semplice. La collegate alla TV e in un attimo il tuo televisore diventa \"SMART TV\"","og_url":"https:\/\/videom.it\/blog\/shop\/xiaomi-mi-tv-stick\/","og_site_name":"VideoMusic","article_publisher":"https:\/\/www.facebook.com\/videomusiccava.trebisacce","article_modified_time":"2021-08-24T17:15:25+00:00","og_image":[{"width":1024,"height":600,"url":"https:\/\/i1.wp.com\/videom.it\/blog\/wp-content\/uploads\/2021\/08\/titolo.jpg?fit=1024%2C600&ssl=1","type":"image\/jpeg"}],"twitter_misc":{"Tempo di lettura stimato":"1 minuto"},"schema":{"@context":"https:\/\/schema.org","@graph":[{"@type":"WebPage","@id":"https:\/\/videom.it\/blog\/shop\/xiaomi-mi-tv-stick\/","url":"https:\/\/videom.it\/blog\/shop\/xiaomi-mi-tv-stick\/","name":"Xiaomi Mi TV Stick","isPartOf":{"@id":"https:\/\/videom.it\/blog\/#website"},"primaryImageOfPage":{"@id":"https:\/\/videom.it\/blog\/shop\/xiaomi-mi-tv-stick\/#primaryimage"},"image":{"@id":"https:\/\/videom.it\/blog\/shop\/xiaomi-mi-tv-stick\/#primaryimage"},"thumbnailUrl":"https:\/\/i0.wp.com\/videom.it\/blog\/wp-content\/uploads\/2021\/08\/titolo.jpg?fit=1024%2C600&ssl=1","datePublished":"2021-08-24T17:05:52+00:00","dateModified":"2021-08-24T17:15:25+00:00","description":"Xiaomi Mi TV Stick si descrive in una sola parola:\u00a0semplice. La collegate alla TV e in un attimo il tuo televisore diventa \"SMART TV\"","breadcrumb":{"@id":"https:\/\/videom.it\/blog\/shop\/xiaomi-mi-tv-stick\/#breadcrumb"},"inLanguage":"it-IT","potentialAction":[{"@type":"ReadAction","target":["https:\/\/videom.it\/blog\/shop\/xiaomi-mi-tv-stick\/"]}]},{"@type":"ImageObject","inLanguage":"it-IT","@id":"https:\/\/videom.it\/blog\/shop\/xiaomi-mi-tv-stick\/#primaryimage","url":"https:\/\/i0.wp.com\/videom.it\/blog\/wp-content\/uploads\/2021\/08\/titolo.jpg?fit=1024%2C600&ssl=1","contentUrl":"https:\/\/i0.wp.com\/videom.it\/blog\/wp-content\/uploads\/2021\/08\/titolo.jpg?fit=1024%2C600&ssl=1","width":1024,"height":600},{"@type":"BreadcrumbList","@id":"https:\/\/videom.it\/blog\/shop\/xiaomi-mi-tv-stick\/#breadcrumb","itemListElement":[{"@type":"ListItem","position":1,"name":"Home","item":"https:\/\/videom.it\/blog\/"},{"@type":"ListItem","position":2,"name":"Shop","item":"https:\/\/videom.it\/blog\/shop\/"},{"@type":"ListItem","position":3,"name":"Xiaomi Mi TV Stick"}]},{"@type":"WebSite","@id":"https:\/\/videom.it\/blog\/#website","url":"https:\/\/videom.it\/blog\/","name":"VideoMusic","description":"Luce &amp; Gas - Assicurazioni - Riparazioni","publisher":{"@id":"https:\/\/videom.it\/blog\/#organization"},"potentialAction":[{"@type":"SearchAction","target":{"@type":"EntryPoint","urlTemplate":"https:\/\/videom.it\/blog\/?s={search_term_string}"},"query-input":{"@type":"PropertyValueSpecification","valueRequired":true,"valueName":"search_term_string"}}],"inLanguage":"it-IT"},{"@type":"Organization","@id":"https:\/\/videom.it\/blog\/#organization","name":"VideoMusic","url":"https:\/\/videom.it\/blog\/","logo":{"@type":"ImageObject","inLanguage":"it-IT","@id":"https:\/\/videom.it\/blog\/#\/schema\/logo\/image\/","url":"https:\/\/i2.wp.com\/videom.it\/blog\/wp-content\/uploads\/2015\/04\/25th-giallo-3.jpg?fit=1300%2C1192&ssl=1","contentUrl":"https:\/\/i2.wp.com\/videom.it\/blog\/wp-content\/uploads\/2015\/04\/25th-giallo-3.jpg?fit=1300%2C1192&ssl=1","width":1300,"height":1192,"caption":"VideoMusic"},"image":{"@id":"https:\/\/videom.it\/blog\/#\/schema\/logo\/image\/"},"sameAs":["https:\/\/www.facebook.com\/videomusiccava.trebisacce","https:\/\/x.com\/vbcava","https:\/\/www.youtube.com\/channel\/UCgNxnZpk2zqHaIcIxF3swOA"]}]}},"jetpack_publicize_connections":[],"jetpack_sharing_enabled":true,"_links":{"self":[{"href":"https:\/\/videom.it\/blog\/wp-json\/wp\/v2\/product\/7121","targetHints":{"allow":["GET"]}}],"collection":[{"href":"https:\/\/videom.it\/blog\/wp-json\/wp\/v2\/product"}],"about":[{"href":"https:\/\/videom.it\/blog\/wp-json\/wp\/v2\/types\/product"}],"replies":[{"embeddable":true,"href":"https:\/\/videom.it\/blog\/wp-json\/wp\/v2\/comments?post=7121"}],"wp:featuredmedia":[{"embeddable":true,"href":"https:\/\/videom.it\/blog\/wp-json\/wp\/v2\/media\/7124"}],"wp:attachment":[{"href":"https:\/\/videom.it\/blog\/wp-json\/wp\/v2\/media?parent=7121"}],"wp:term":[{"taxonomy":"product_brand","embeddable":true,"href":"https:\/\/videom.it\/blog\/wp-json\/wp\/v2\/product_brand?post=7121"},{"taxonomy":"product_cat","embeddable":true,"href":"https:\/\/videom.it\/blog\/wp-json\/wp\/v2\/product_cat?post=7121"},{"taxonomy":"product_tag","embeddable":true,"href":"https:\/\/videom.it\/blog\/wp-json\/wp\/v2\/product_tag?post=7121"}],"curies":[{"name":"wp","href":"https:\/\/api.w.org\/{rel}","templated":true}]}}