{"id":7028,"date":"2021-05-31T19:04:10","date_gmt":"2021-05-31T17:04:10","guid":{"rendered":"https:\/\/videom.it\/blog\/?post_type=product&#038;p=7028"},"modified":"2024-07-16T08:54:53","modified_gmt":"2024-07-16T06:54:53","slug":"xiaomi-mi-11i-5g","status":"publish","type":"product","link":"https:\/\/videom.it\/blog\/shop\/xiaomi-mi-11i-5g\/","title":{"rendered":"Xiaomi Mi 11i 5G"},"content":{"rendered":"<p>Xiaomi Mi 11i 5G \u00e8 un smartphone <a title=\"Vedi tutti i cellulari con Sistema Operativo Android\" href=\"https:\/\/it.wikipedia.org\/wiki\/Android\" target=\"_blank\" rel=\"noopener\"><b>Android<\/b><\/a>\u00a0in grado di soddisfare anche l&#8217;utente pi\u00f9 esigente. Sul <strong>Xiaomi Mi 11i 5G <\/strong>troviamo un display flat\u00a0<strong>Samsung E4 AMOLED\u00a0<\/strong>da<strong>\u00a06.67<\/strong>\u00a0pollici di diagonale con risoluzione\u00a0<strong>Full HD+<\/strong>\u00a0(2400 x 1080 pixel) in 20:9 con densit\u00e0 di\u00a0<strong>394 PPI<\/strong>, refresh rate a\u00a0<strong>120Hz<\/strong>, supporto all&#8217;HDR10+, luminosit\u00e0 massima di 1300 nits nel suo picco, frequenza di campionamento del tocco fino a 360Hz e protezione Corning Gorilla Glass 5.\u00a0Sul versante delle funzionalit\u00e0 a questo Xiaomi Mi 11i non manca davvero nulla. A cominciare dal modulo\u00a0<b>5G<\/b>\u00a0che permette un trasferimento dati e una navigazione in internet eccellente, passando per la connettivit\u00e0\u00a0<b>Wi-fi<\/b>\u00a0e il\u00a0<b>GPS<\/b>.<br \/>\nQuesto Xiaomi Mi 11i \u00e8 un prodotto con pochi competitor per ci\u00f2 che riguarda la multimedialit\u00e0 grazie alla fotocamera da ben\u00a0<b>108<\/b>\u00a0megapixel che permette al Xiaomi Mi 11i di scattare foto di alta qualit\u00e0 con una risoluzione di\u00a0<b>12000&#215;9000<\/b>\u00a0pixel e di registrare video in\u00a0<b>8K<\/b>\u00a0alla risoluzione di\u00a0<b>7680&#215;4320<\/b>\u00a0pixel. Frontalmente il\u00a0<strong>Mi 11i<\/strong> <strong>5G<\/strong> \u00e8 equipaggiato da una fotocamera da <strong>20 mega-pixel<\/strong> con apertura f\/2.5. In diurna gli scatti sono caratterizzati da un buon livello di dettaglio, cos\u00ec come dei buoni colori ed una buona gestione automatica dell&#8217;HDR.<\/p>\n<p>Lo spessore di <b>7.8mm<\/b>\u00a0\u00e8 veramente contenuto e rende questo Xiaomi Mi 11i ancora pi\u00f9 spettacolare.<\/p>\n<p><strong>Proteggi il tuo Smartphone con<\/strong> <a href=\"http:\/\/videom.it\/blog\/protection-pro\/\">PROTECTION PRO ULTRA<\/a><\/p>\n<p>Il sistema di protezione pi\u00f9 avanzato sul mercato. <strong>Una esclusiva della VideoMusic Cava Trebisacce<\/strong>, unico rivenditore dell&#8217;Alto Ionio<\/p>\n<p><a href=\"https:\/\/i0.wp.com\/videom.it\/blog\/wp-content\/uploads\/2021\/05\/Logo-giugno-2020-tras.png?ssl=1\"><img data-recalc-dims=\"1\" decoding=\"async\" class=\"alignnone size-medium wp-image-6231\" src=\"https:\/\/i0.wp.com\/videom.it\/blog\/wp-content\/uploads\/2021\/05\/Logo-giugno-2020-tras-300x74.png?resize=300%2C74&#038;ssl=1\" alt=\"Xiaomi Mi 11i 5G\" width=\"300\" height=\"74\" \/><\/a><a href=\"https:\/\/i0.wp.com\/videom.it\/blog\/wp-content\/uploads\/2021\/03\/nuova-insegna-blog.jpg?ssl=1\"><img data-recalc-dims=\"1\" fetchpriority=\"high\" decoding=\"async\" class=\"alignnone size-medium wp-image-5230\" src=\"https:\/\/i0.wp.com\/videom.it\/blog\/wp-content\/uploads\/2021\/03\/nuova-insegna-blog-300x173.jpg?resize=300%2C173&#038;ssl=1\" alt=\"Xiaomi Mi 11i 5G\" width=\"300\" height=\"173\" \/><\/a><\/p>\n<p><strong>VideoMusic Cava Trebisacce Unica sede a Trebisacce (Cs) in Vle della Libert\u00e0 22\/24\u00a0<\/strong><\/p>\n<p><strong>Tel 098158459 \/ 51519 &#8211; 3518188174 &#8211; <a href=\"mailto:info@videom.it\">info@videom.it<\/a><\/strong><\/p>\n","protected":false},"excerpt":{"rendered":"<ul>\n<li><strong>Display<\/strong> 6,67&#8221; AMOLED<\/li>\n<li><strong>Penta Band<\/strong> &#8211; 5G-LTE &#8211; Wi-Fi &#8211; A-GPS<\/li>\n<li><strong>Fotocamera posteriore<\/strong>: 108 Megapixel<\/li>\n<li>Fotocamera Frontale: 20 Megapixel<\/li>\n<li>Android 11 con MIUI 12<\/li>\n<li><strong>Processore<\/strong>: 8-Core da 2,84 GHz<\/li>\n<li><strong>Memoria interna<\/strong>: 256 GB &#8211; RAM: 8 GB<br \/>\n<a href=\"https:\/\/videom.it\/blog\/wp-content\/uploads\/2021\/05\/carte-di-credito-supportate-da-paypal-2.png\"><img decoding=\"async\" class=\"alignnone size-medium wp-image-6452\" src=\"https:\/\/videom.it\/blog\/wp-content\/uploads\/2021\/05\/carte-di-credito-supportate-da-paypal-2-300x68.png\" alt=\"\" width=\"300\" height=\"68\" srcset=\"https:\/\/i0.wp.com\/videom.it\/blog\/wp-content\/uploads\/2021\/05\/carte-di-credito-supportate-da-paypal-2.png?resize=300%2C68&amp;ssl=1 300w, https:\/\/i0.wp.com\/videom.it\/blog\/wp-content\/uploads\/2021\/05\/carte-di-credito-supportate-da-paypal-2.png?resize=768%2C175&amp;ssl=1 768w, https:\/\/i0.wp.com\/videom.it\/blog\/wp-content\/uploads\/2021\/05\/carte-di-credito-supportate-da-paypal-2.png?resize=600%2C137&amp;ssl=1 600w, https:\/\/i0.wp.com\/videom.it\/blog\/wp-content\/uploads\/2021\/05\/carte-di-credito-supportate-da-paypal-2.png?w=1000&amp;ssl=1 1000w\" sizes=\"(max-width: 300px) 100vw, 300px\" \/><\/a><\/li>\n<\/ul>\n<p><a href=\"https:\/\/videom.it\/blog\/wp-content\/uploads\/2020\/05\/consegna-gratuita-GRAT-e1618251105672.jpg\"><img loading=\"lazy\" decoding=\"async\" class=\"alignnone size-medium wp-image-4221\" src=\"https:\/\/videom.it\/blog\/wp-content\/uploads\/2020\/05\/consegna-gratuita-GRAT-300x108.jpg\" alt=\"\" width=\"300\" height=\"108\" \/><\/a><\/p>\n<p>&nbsp;<\/p>\n","protected":false},"featured_media":7033,"comment_status":"open","ping_status":"closed","template":"","meta":{"jetpack_post_was_ever_published":false,"jetpack_publicize_message":"","jetpack_publicize_feature_enabled":true,"jetpack_social_post_already_shared":true,"jetpack_social_options":{"image_generator_settings":{"template":"highway","default_image_id":0,"font":"","enabled":false},"version":2}},"product_brand":[],"product_cat":[27],"product_tag":[140,55,85,54,215],"class_list":{"0":"post-7028","1":"product","2":"type-product","3":"status-publish","4":"has-post-thumbnail","6":"product_cat-smartphone","7":"product_tag-5g","8":"product_tag-android","9":"product_tag-dual-sim","10":"product_tag-smartphone","11":"product_tag-telefonia-trebisacce","13":"first","14":"outofstock","15":"sale","16":"taxable","17":"shipping-taxable","18":"purchasable","19":"product-type-simple"},"yoast_head":"<!-- This site is optimized with the Yoast SEO plugin v27.4 - https:\/\/yoast.com\/product\/yoast-seo-wordpress\/ -->\n<title>Xiaomi Mi 11i 5G<\/title>\n<meta name=\"description\" content=\"Questo Xiaomi Mi 11i 5G \u00e8 un prodotto con pochi competitor per ci\u00f2 che riguarda la multimedialit\u00e0 grazie alla fotocamera da ben\u00a0108\u00a0megapixel\" \/>\n<meta name=\"robots\" content=\"index, follow, max-snippet:-1, max-image-preview:large, max-video-preview:-1\" \/>\n<link rel=\"canonical\" href=\"https:\/\/videom.it\/blog\/shop\/xiaomi-mi-11i-5g\/\" \/>\n<meta property=\"og:locale\" content=\"it_IT\" \/>\n<meta property=\"og:type\" content=\"article\" \/>\n<meta property=\"og:title\" content=\"Xiaomi Mi 11i 5G\" \/>\n<meta property=\"og:description\" content=\"Questo Xiaomi Mi 11i 5G \u00e8 un prodotto con pochi competitor per ci\u00f2 che riguarda la multimedialit\u00e0 grazie alla fotocamera da ben\u00a0108\u00a0megapixel\" \/>\n<meta property=\"og:url\" content=\"https:\/\/videom.it\/blog\/shop\/xiaomi-mi-11i-5g\/\" \/>\n<meta property=\"og:site_name\" content=\"VideoMusic\" \/>\n<meta property=\"article:publisher\" content=\"https:\/\/www.facebook.com\/videomusiccava.trebisacce\" \/>\n<meta property=\"article:modified_time\" content=\"2024-07-16T06:54:53+00:00\" \/>\n<meta property=\"og:image\" content=\"https:\/\/videom.it\/blog\/wp-content\/uploads\/2021\/05\/Xiaomi-Mi-11-I.jpg\" \/>\n\t<meta property=\"og:image:width\" content=\"1024\" \/>\n\t<meta property=\"og:image:height\" content=\"600\" \/>\n\t<meta property=\"og:image:type\" content=\"image\/jpeg\" \/>\n<meta name=\"twitter:label1\" content=\"Tempo di lettura stimato\" \/>\n\t<meta name=\"twitter:data1\" content=\"2 minuti\" \/>\n<script type=\"application\/ld+json\" class=\"yoast-schema-graph\">{\"@context\":\"https:\\\/\\\/schema.org\",\"@graph\":[{\"@type\":\"WebPage\",\"@id\":\"https:\\\/\\\/videom.it\\\/blog\\\/shop\\\/xiaomi-mi-11i-5g\\\/\",\"url\":\"https:\\\/\\\/videom.it\\\/blog\\\/shop\\\/xiaomi-mi-11i-5g\\\/\",\"name\":\"Xiaomi Mi 11i 5G\",\"isPartOf\":{\"@id\":\"https:\\\/\\\/videom.it\\\/blog\\\/#website\"},\"primaryImageOfPage\":{\"@id\":\"https:\\\/\\\/videom.it\\\/blog\\\/shop\\\/xiaomi-mi-11i-5g\\\/#primaryimage\"},\"image\":{\"@id\":\"https:\\\/\\\/videom.it\\\/blog\\\/shop\\\/xiaomi-mi-11i-5g\\\/#primaryimage\"},\"thumbnailUrl\":\"https:\\\/\\\/i0.wp.com\\\/videom.it\\\/blog\\\/wp-content\\\/uploads\\\/2021\\\/05\\\/Xiaomi-Mi-11-I.jpg?fit=1024%2C600&ssl=1\",\"datePublished\":\"2021-05-31T17:04:10+00:00\",\"dateModified\":\"2024-07-16T06:54:53+00:00\",\"description\":\"Questo Xiaomi Mi 11i 5G \u00e8 un prodotto con pochi competitor per ci\u00f2 che riguarda la multimedialit\u00e0 grazie alla fotocamera da ben\u00a0108\u00a0megapixel\",\"breadcrumb\":{\"@id\":\"https:\\\/\\\/videom.it\\\/blog\\\/shop\\\/xiaomi-mi-11i-5g\\\/#breadcrumb\"},\"inLanguage\":\"it-IT\",\"potentialAction\":[{\"@type\":\"ReadAction\",\"target\":[\"https:\\\/\\\/videom.it\\\/blog\\\/shop\\\/xiaomi-mi-11i-5g\\\/\"]}]},{\"@type\":\"ImageObject\",\"inLanguage\":\"it-IT\",\"@id\":\"https:\\\/\\\/videom.it\\\/blog\\\/shop\\\/xiaomi-mi-11i-5g\\\/#primaryimage\",\"url\":\"https:\\\/\\\/i0.wp.com\\\/videom.it\\\/blog\\\/wp-content\\\/uploads\\\/2021\\\/05\\\/Xiaomi-Mi-11-I.jpg?fit=1024%2C600&ssl=1\",\"contentUrl\":\"https:\\\/\\\/i0.wp.com\\\/videom.it\\\/blog\\\/wp-content\\\/uploads\\\/2021\\\/05\\\/Xiaomi-Mi-11-I.jpg?fit=1024%2C600&ssl=1\",\"width\":1024,\"height\":600},{\"@type\":\"BreadcrumbList\",\"@id\":\"https:\\\/\\\/videom.it\\\/blog\\\/shop\\\/xiaomi-mi-11i-5g\\\/#breadcrumb\",\"itemListElement\":[{\"@type\":\"ListItem\",\"position\":1,\"name\":\"Home\",\"item\":\"https:\\\/\\\/videom.it\\\/blog\\\/\"},{\"@type\":\"ListItem\",\"position\":2,\"name\":\"Shop\",\"item\":\"https:\\\/\\\/videom.it\\\/blog\\\/shop\\\/\"},{\"@type\":\"ListItem\",\"position\":3,\"name\":\"Xiaomi Mi 11i 5G\"}]},{\"@type\":\"WebSite\",\"@id\":\"https:\\\/\\\/videom.it\\\/blog\\\/#website\",\"url\":\"https:\\\/\\\/videom.it\\\/blog\\\/\",\"name\":\"VideoMusic\",\"description\":\"Luce &amp; Gas - Assicurazioni - Riparazioni\",\"publisher\":{\"@id\":\"https:\\\/\\\/videom.it\\\/blog\\\/#organization\"},\"potentialAction\":[{\"@type\":\"SearchAction\",\"target\":{\"@type\":\"EntryPoint\",\"urlTemplate\":\"https:\\\/\\\/videom.it\\\/blog\\\/?s={search_term_string}\"},\"query-input\":{\"@type\":\"PropertyValueSpecification\",\"valueRequired\":true,\"valueName\":\"search_term_string\"}}],\"inLanguage\":\"it-IT\"},{\"@type\":\"Organization\",\"@id\":\"https:\\\/\\\/videom.it\\\/blog\\\/#organization\",\"name\":\"VideoMusic\",\"url\":\"https:\\\/\\\/videom.it\\\/blog\\\/\",\"logo\":{\"@type\":\"ImageObject\",\"inLanguage\":\"it-IT\",\"@id\":\"https:\\\/\\\/videom.it\\\/blog\\\/#\\\/schema\\\/logo\\\/image\\\/\",\"url\":\"https:\\\/\\\/i2.wp.com\\\/videom.it\\\/blog\\\/wp-content\\\/uploads\\\/2015\\\/04\\\/25th-giallo-3.jpg?fit=1300%2C1192&ssl=1\",\"contentUrl\":\"https:\\\/\\\/i2.wp.com\\\/videom.it\\\/blog\\\/wp-content\\\/uploads\\\/2015\\\/04\\\/25th-giallo-3.jpg?fit=1300%2C1192&ssl=1\",\"width\":1300,\"height\":1192,\"caption\":\"VideoMusic\"},\"image\":{\"@id\":\"https:\\\/\\\/videom.it\\\/blog\\\/#\\\/schema\\\/logo\\\/image\\\/\"},\"sameAs\":[\"https:\\\/\\\/www.facebook.com\\\/videomusiccava.trebisacce\",\"https:\\\/\\\/x.com\\\/vbcava\",\"https:\\\/\\\/www.youtube.com\\\/channel\\\/UCgNxnZpk2zqHaIcIxF3swOA\"]}]}<\/script>\n<!-- \/ Yoast SEO plugin. -->","yoast_head_json":{"title":"Xiaomi Mi 11i 5G","description":"Questo Xiaomi Mi 11i 5G \u00e8 un prodotto con pochi competitor per ci\u00f2 che riguarda la multimedialit\u00e0 grazie alla fotocamera da ben\u00a0108\u00a0megapixel","robots":{"index":"index","follow":"follow","max-snippet":"max-snippet:-1","max-image-preview":"max-image-preview:large","max-video-preview":"max-video-preview:-1"},"canonical":"https:\/\/videom.it\/blog\/shop\/xiaomi-mi-11i-5g\/","og_locale":"it_IT","og_type":"article","og_title":"Xiaomi Mi 11i 5G","og_description":"Questo Xiaomi Mi 11i 5G \u00e8 un prodotto con pochi competitor per ci\u00f2 che riguarda la multimedialit\u00e0 grazie alla fotocamera da ben\u00a0108\u00a0megapixel","og_url":"https:\/\/videom.it\/blog\/shop\/xiaomi-mi-11i-5g\/","og_site_name":"VideoMusic","article_publisher":"https:\/\/www.facebook.com\/videomusiccava.trebisacce","article_modified_time":"2024-07-16T06:54:53+00:00","og_image":[{"width":1024,"height":600,"url":"https:\/\/videom.it\/blog\/wp-content\/uploads\/2021\/05\/Xiaomi-Mi-11-I.jpg","type":"image\/jpeg"}],"twitter_misc":{"Tempo di lettura stimato":"2 minuti"},"schema":{"@context":"https:\/\/schema.org","@graph":[{"@type":"WebPage","@id":"https:\/\/videom.it\/blog\/shop\/xiaomi-mi-11i-5g\/","url":"https:\/\/videom.it\/blog\/shop\/xiaomi-mi-11i-5g\/","name":"Xiaomi Mi 11i 5G","isPartOf":{"@id":"https:\/\/videom.it\/blog\/#website"},"primaryImageOfPage":{"@id":"https:\/\/videom.it\/blog\/shop\/xiaomi-mi-11i-5g\/#primaryimage"},"image":{"@id":"https:\/\/videom.it\/blog\/shop\/xiaomi-mi-11i-5g\/#primaryimage"},"thumbnailUrl":"https:\/\/i0.wp.com\/videom.it\/blog\/wp-content\/uploads\/2021\/05\/Xiaomi-Mi-11-I.jpg?fit=1024%2C600&ssl=1","datePublished":"2021-05-31T17:04:10+00:00","dateModified":"2024-07-16T06:54:53+00:00","description":"Questo Xiaomi Mi 11i 5G \u00e8 un prodotto con pochi competitor per ci\u00f2 che riguarda la multimedialit\u00e0 grazie alla fotocamera da ben\u00a0108\u00a0megapixel","breadcrumb":{"@id":"https:\/\/videom.it\/blog\/shop\/xiaomi-mi-11i-5g\/#breadcrumb"},"inLanguage":"it-IT","potentialAction":[{"@type":"ReadAction","target":["https:\/\/videom.it\/blog\/shop\/xiaomi-mi-11i-5g\/"]}]},{"@type":"ImageObject","inLanguage":"it-IT","@id":"https:\/\/videom.it\/blog\/shop\/xiaomi-mi-11i-5g\/#primaryimage","url":"https:\/\/i0.wp.com\/videom.it\/blog\/wp-content\/uploads\/2021\/05\/Xiaomi-Mi-11-I.jpg?fit=1024%2C600&ssl=1","contentUrl":"https:\/\/i0.wp.com\/videom.it\/blog\/wp-content\/uploads\/2021\/05\/Xiaomi-Mi-11-I.jpg?fit=1024%2C600&ssl=1","width":1024,"height":600},{"@type":"BreadcrumbList","@id":"https:\/\/videom.it\/blog\/shop\/xiaomi-mi-11i-5g\/#breadcrumb","itemListElement":[{"@type":"ListItem","position":1,"name":"Home","item":"https:\/\/videom.it\/blog\/"},{"@type":"ListItem","position":2,"name":"Shop","item":"https:\/\/videom.it\/blog\/shop\/"},{"@type":"ListItem","position":3,"name":"Xiaomi Mi 11i 5G"}]},{"@type":"WebSite","@id":"https:\/\/videom.it\/blog\/#website","url":"https:\/\/videom.it\/blog\/","name":"VideoMusic","description":"Luce &amp; Gas - Assicurazioni - Riparazioni","publisher":{"@id":"https:\/\/videom.it\/blog\/#organization"},"potentialAction":[{"@type":"SearchAction","target":{"@type":"EntryPoint","urlTemplate":"https:\/\/videom.it\/blog\/?s={search_term_string}"},"query-input":{"@type":"PropertyValueSpecification","valueRequired":true,"valueName":"search_term_string"}}],"inLanguage":"it-IT"},{"@type":"Organization","@id":"https:\/\/videom.it\/blog\/#organization","name":"VideoMusic","url":"https:\/\/videom.it\/blog\/","logo":{"@type":"ImageObject","inLanguage":"it-IT","@id":"https:\/\/videom.it\/blog\/#\/schema\/logo\/image\/","url":"https:\/\/i2.wp.com\/videom.it\/blog\/wp-content\/uploads\/2015\/04\/25th-giallo-3.jpg?fit=1300%2C1192&ssl=1","contentUrl":"https:\/\/i2.wp.com\/videom.it\/blog\/wp-content\/uploads\/2015\/04\/25th-giallo-3.jpg?fit=1300%2C1192&ssl=1","width":1300,"height":1192,"caption":"VideoMusic"},"image":{"@id":"https:\/\/videom.it\/blog\/#\/schema\/logo\/image\/"},"sameAs":["https:\/\/www.facebook.com\/videomusiccava.trebisacce","https:\/\/x.com\/vbcava","https:\/\/www.youtube.com\/channel\/UCgNxnZpk2zqHaIcIxF3swOA"]}]}},"jetpack_publicize_connections":[],"jetpack_sharing_enabled":true,"_links":{"self":[{"href":"https:\/\/videom.it\/blog\/wp-json\/wp\/v2\/product\/7028","targetHints":{"allow":["GET"]}}],"collection":[{"href":"https:\/\/videom.it\/blog\/wp-json\/wp\/v2\/product"}],"about":[{"href":"https:\/\/videom.it\/blog\/wp-json\/wp\/v2\/types\/product"}],"replies":[{"embeddable":true,"href":"https:\/\/videom.it\/blog\/wp-json\/wp\/v2\/comments?post=7028"}],"wp:featuredmedia":[{"embeddable":true,"href":"https:\/\/videom.it\/blog\/wp-json\/wp\/v2\/media\/7033"}],"wp:attachment":[{"href":"https:\/\/videom.it\/blog\/wp-json\/wp\/v2\/media?parent=7028"}],"wp:term":[{"taxonomy":"product_brand","embeddable":true,"href":"https:\/\/videom.it\/blog\/wp-json\/wp\/v2\/product_brand?post=7028"},{"taxonomy":"product_cat","embeddable":true,"href":"https:\/\/videom.it\/blog\/wp-json\/wp\/v2\/product_cat?post=7028"},{"taxonomy":"product_tag","embeddable":true,"href":"https:\/\/videom.it\/blog\/wp-json\/wp\/v2\/product_tag?post=7028"}],"curies":[{"name":"wp","href":"https:\/\/api.w.org\/{rel}","templated":true}]}}