{"id":6372,"date":"2021-05-12T20:21:19","date_gmt":"2021-05-12T18:21:19","guid":{"rendered":"https:\/\/videom.it\/blog\/?post_type=product&#038;p=6372"},"modified":"2021-05-22T18:27:57","modified_gmt":"2021-05-22T16:27:57","slug":"samsung-galaxy-a32-5g","status":"publish","type":"product","link":"https:\/\/videom.it\/blog\/shop\/samsung-galaxy-a32-5g\/","title":{"rendered":"Samsung Galaxy A32 5G"},"content":{"rendered":"<p>Samsung Galaxy A32 5G \u00e8 un smartphone\u00a0<a href=\"https:\/\/it.wikipedia.org\/wiki\/Android\" target=\"_blank\" rel=\"noopener\"><b>Android<\/b><\/a> completo, che non ha molto da invidiare ai dispositivi pi\u00f9 avanzati. Sorprende il display\u00a0<b>Touchscreen<\/b>\u00a0da\u00a0<b>6.5<\/b> pollici che pone questo Samsung al vertice della categoria. La Risoluzione del Display \u00e8 di <b>1600&#215;720<\/b> pixel. Sul versante delle funzionalit\u00e0 al Samsung Galaxy A32 5G non manca davvero nulla. A cominciare dal modulo <b>5G<\/b>\u00a0che permette un trasferimento dati e una navigazione in internet eccellente, passando per la connettivit\u00e0\u00a0<b>Wi-fi<\/b>\u00a0e il\u00a0<b>GPS<\/b>.<br \/>\nLo smartphone Samsung A32 5G \u00e8 un prodotto con pochi competitor per ci\u00f2 che riguarda la multimedialit\u00e0 grazie alla fotocamera da ben <b>48<\/b>\u00a0megapixel che permette di scattare foto fantastiche con una risoluzione di\u00a0<b>8000&#215;6000<\/b>\u00a0pixel e di registrare video in\u00a0<b>fullHD<\/b>\u00a0alla risoluzione di\u00a0<b>1920&#215;1080<\/b>\u00a0pixel.<\/p>\n<p><strong>Proteggi il tuo Smartphone con <a href=\"http:\/\/videom.it\/blog\/protection-pro\/\">PROTECTION PRO ULTRA<\/a><\/strong><\/p>\n<p>Il sistema di protezione pi\u00f9 avanzato sul mercato. <strong>Una esclusiva della VideoMusic Cava Trebisacce,<\/strong> unico rivenditore dell&#8217;Alto Ionio.<\/p>\n<p><strong>Unica sede a Trebisacce (Cs) in Vle della Libert\u00e0 22\/24 &#8211; 098158459 \/ 51519 &#8211; 3518188174 &#8211; <a href=\"mailto:info@videom.it\">info@videom.it<\/a><\/strong><\/p>\n<p><a href=\"https:\/\/i0.wp.com\/videom.it\/blog\/wp-content\/uploads\/2021\/05\/Logo-giugno-2020-tras.png?ssl=1\"><img data-recalc-dims=\"1\" decoding=\"async\" class=\"alignnone size-medium wp-image-6231\" src=\"https:\/\/i0.wp.com\/videom.it\/blog\/wp-content\/uploads\/2021\/05\/Logo-giugno-2020-tras-300x74.png?resize=300%2C74&#038;ssl=1\" alt=\"\" width=\"300\" height=\"74\" \/><\/a> <a href=\"https:\/\/i0.wp.com\/videom.it\/blog\/wp-content\/uploads\/2021\/03\/nuova-insegna-blog.jpg?ssl=1\"><img data-recalc-dims=\"1\" fetchpriority=\"high\" decoding=\"async\" class=\"alignnone size-medium wp-image-5230\" src=\"https:\/\/i0.wp.com\/videom.it\/blog\/wp-content\/uploads\/2021\/03\/nuova-insegna-blog-300x173.jpg?resize=300%2C173&#038;ssl=1\" alt=\"Samsung Galaxy A32 5G\" width=\"300\" height=\"173\" \/><\/a>\u00a0 \u00a0 <a href=\"https:\/\/i0.wp.com\/videom.it\/blog\/wp-content\/uploads\/2020\/05\/consegna-gratuita-GRAT-e1618251105672.jpg?ssl=1\"><img data-recalc-dims=\"1\" decoding=\"async\" class=\"alignnone size-medium wp-image-4221\" src=\"https:\/\/i0.wp.com\/videom.it\/blog\/wp-content\/uploads\/2020\/05\/consegna-gratuita-GRAT.jpg?resize=300%2C108&#038;ssl=1\" alt=\"Samsung Galaxy A32 5G\" width=\"300\" height=\"108\" \/><\/a><\/p>\n","protected":false},"excerpt":{"rendered":"<ul>\n<li class=\"micon_display\" title=\"Display\">Display: 6.5 pollici<\/li>\n<li class=\"micon_camera\" title=\"Fotocamera\">Fotocamera: 48+8+5+2MP \/ 13MP<\/li>\n<li class=\"micon_cpu\" title=\"Processore\">Processore: MediaTek MT6853V Dimensity 720<\/li>\n<li class=\"micon_memory\" title=\"Memoria\">Memoria: 4GB RAM + 64GB<\/li>\n<li class=\"micon_battery\" title=\"Batteria\">Batteria: 5000mAh \/ 15Watt<\/li>\n<li class=\"micon_os\" title=\"Sistema operativo\">Sistema operativo: Android 11<\/li>\n<li class=\"micon_network\" title=\"Rete Mobile\">Rete mobile: 5G<\/li>\n<li class=\"micon_sim\" title=\"SIM Card\">SIM Card: Dual SIM<\/li>\n<li class=\"micon_finger\" title=\"Lettore impronte\">Lettore impronte: laterale<\/li>\n<\/ul>\n<p><a href=\"https:\/\/videom.it\/blog\/wp-content\/uploads\/2020\/05\/consegna-gratuita-GRAT-e1618251105672.jpg\"><img loading=\"lazy\" decoding=\"async\" class=\"alignnone size-medium wp-image-4221\" src=\"https:\/\/videom.it\/blog\/wp-content\/uploads\/2020\/05\/consegna-gratuita-GRAT-300x108.jpg\" alt=\"\" width=\"300\" height=\"108\" \/><\/a><\/p>\n","protected":false},"featured_media":6375,"comment_status":"open","ping_status":"closed","template":"","meta":{"jetpack_post_was_ever_published":false,"jetpack_publicize_message":"","jetpack_publicize_feature_enabled":true,"jetpack_social_post_already_shared":true,"jetpack_social_options":{"image_generator_settings":{"template":"highway","default_image_id":0,"font":"","enabled":false},"version":2}},"product_brand":[],"product_cat":[27],"product_tag":[55,85,53,54,215],"class_list":{"0":"post-6372","1":"product","2":"type-product","3":"status-publish","4":"has-post-thumbnail","6":"product_cat-smartphone","7":"product_tag-android","8":"product_tag-dual-sim","9":"product_tag-samsung","10":"product_tag-smartphone","11":"product_tag-telefonia-trebisacce","13":"first","14":"instock","15":"taxable","16":"shipping-taxable","17":"purchasable","18":"product-type-simple"},"yoast_head":"<!-- This site is optimized with the Yoast SEO plugin v27.4 - https:\/\/yoast.com\/product\/yoast-seo-wordpress\/ -->\n<title>Samsung Galaxy A32 5G<\/title>\n<meta name=\"description\" content=\"Samsung Galaxy A32 5G \u00e8 un smartphone\u00a0Android\u00a0completo, che non ha molto da invidiare ai dispositivi pi\u00f9 avanzati. Il display\u00a0da\u00a06.5&quot;...\" \/>\n<meta name=\"robots\" content=\"index, follow, max-snippet:-1, max-image-preview:large, max-video-preview:-1\" \/>\n<link rel=\"canonical\" href=\"https:\/\/videom.it\/blog\/shop\/samsung-galaxy-a32-5g\/\" \/>\n<meta property=\"og:locale\" content=\"it_IT\" \/>\n<meta property=\"og:type\" content=\"article\" \/>\n<meta property=\"og:title\" content=\"Samsung Galaxy A32 5G\" \/>\n<meta property=\"og:description\" content=\"Samsung Galaxy A32 5G \u00e8 un smartphone\u00a0Android\u00a0completo, che non ha molto da invidiare ai dispositivi pi\u00f9 avanzati. Il display\u00a0da\u00a06.5&quot;...\" \/>\n<meta property=\"og:url\" content=\"https:\/\/videom.it\/blog\/shop\/samsung-galaxy-a32-5g\/\" \/>\n<meta property=\"og:site_name\" content=\"VideoMusic\" \/>\n<meta property=\"article:publisher\" content=\"https:\/\/www.facebook.com\/videomusiccava.trebisacce\" \/>\n<meta property=\"article:modified_time\" content=\"2021-05-22T16:27:57+00:00\" \/>\n<meta property=\"og:image\" content=\"https:\/\/i0.wp.com\/videom.it\/blog\/wp-content\/uploads\/2021\/05\/a325gA.jpg?fit=1024%2C600&ssl=1\" \/>\n\t<meta property=\"og:image:width\" content=\"1024\" \/>\n\t<meta property=\"og:image:height\" content=\"600\" \/>\n\t<meta property=\"og:image:type\" content=\"image\/jpeg\" \/>\n<meta name=\"twitter:label1\" content=\"Tempo di lettura stimato\" \/>\n\t<meta name=\"twitter:data1\" content=\"2 minuti\" \/>\n<script type=\"application\/ld+json\" class=\"yoast-schema-graph\">{\"@context\":\"https:\\\/\\\/schema.org\",\"@graph\":[{\"@type\":\"WebPage\",\"@id\":\"https:\\\/\\\/videom.it\\\/blog\\\/shop\\\/samsung-galaxy-a32-5g\\\/\",\"url\":\"https:\\\/\\\/videom.it\\\/blog\\\/shop\\\/samsung-galaxy-a32-5g\\\/\",\"name\":\"Samsung Galaxy A32 5G\",\"isPartOf\":{\"@id\":\"https:\\\/\\\/videom.it\\\/blog\\\/#website\"},\"primaryImageOfPage\":{\"@id\":\"https:\\\/\\\/videom.it\\\/blog\\\/shop\\\/samsung-galaxy-a32-5g\\\/#primaryimage\"},\"image\":{\"@id\":\"https:\\\/\\\/videom.it\\\/blog\\\/shop\\\/samsung-galaxy-a32-5g\\\/#primaryimage\"},\"thumbnailUrl\":\"https:\\\/\\\/i0.wp.com\\\/videom.it\\\/blog\\\/wp-content\\\/uploads\\\/2021\\\/05\\\/a325gA.jpg?fit=1024%2C600&ssl=1\",\"datePublished\":\"2021-05-12T18:21:19+00:00\",\"dateModified\":\"2021-05-22T16:27:57+00:00\",\"description\":\"Samsung Galaxy A32 5G \u00e8 un smartphone\u00a0Android\u00a0completo, che non ha molto da invidiare ai dispositivi pi\u00f9 avanzati. Il display\u00a0da\u00a06.5\\\"...\",\"breadcrumb\":{\"@id\":\"https:\\\/\\\/videom.it\\\/blog\\\/shop\\\/samsung-galaxy-a32-5g\\\/#breadcrumb\"},\"inLanguage\":\"it-IT\",\"potentialAction\":[{\"@type\":\"ReadAction\",\"target\":[\"https:\\\/\\\/videom.it\\\/blog\\\/shop\\\/samsung-galaxy-a32-5g\\\/\"]}]},{\"@type\":\"ImageObject\",\"inLanguage\":\"it-IT\",\"@id\":\"https:\\\/\\\/videom.it\\\/blog\\\/shop\\\/samsung-galaxy-a32-5g\\\/#primaryimage\",\"url\":\"https:\\\/\\\/i0.wp.com\\\/videom.it\\\/blog\\\/wp-content\\\/uploads\\\/2021\\\/05\\\/a325gA.jpg?fit=1024%2C600&ssl=1\",\"contentUrl\":\"https:\\\/\\\/i0.wp.com\\\/videom.it\\\/blog\\\/wp-content\\\/uploads\\\/2021\\\/05\\\/a325gA.jpg?fit=1024%2C600&ssl=1\",\"width\":1024,\"height\":600},{\"@type\":\"BreadcrumbList\",\"@id\":\"https:\\\/\\\/videom.it\\\/blog\\\/shop\\\/samsung-galaxy-a32-5g\\\/#breadcrumb\",\"itemListElement\":[{\"@type\":\"ListItem\",\"position\":1,\"name\":\"Home\",\"item\":\"https:\\\/\\\/videom.it\\\/blog\\\/\"},{\"@type\":\"ListItem\",\"position\":2,\"name\":\"Shop\",\"item\":\"https:\\\/\\\/videom.it\\\/blog\\\/shop\\\/\"},{\"@type\":\"ListItem\",\"position\":3,\"name\":\"Samsung Galaxy A32 5G\"}]},{\"@type\":\"WebSite\",\"@id\":\"https:\\\/\\\/videom.it\\\/blog\\\/#website\",\"url\":\"https:\\\/\\\/videom.it\\\/blog\\\/\",\"name\":\"VideoMusic\",\"description\":\"Luce &amp; Gas - Assicurazioni - Riparazioni\",\"publisher\":{\"@id\":\"https:\\\/\\\/videom.it\\\/blog\\\/#organization\"},\"potentialAction\":[{\"@type\":\"SearchAction\",\"target\":{\"@type\":\"EntryPoint\",\"urlTemplate\":\"https:\\\/\\\/videom.it\\\/blog\\\/?s={search_term_string}\"},\"query-input\":{\"@type\":\"PropertyValueSpecification\",\"valueRequired\":true,\"valueName\":\"search_term_string\"}}],\"inLanguage\":\"it-IT\"},{\"@type\":\"Organization\",\"@id\":\"https:\\\/\\\/videom.it\\\/blog\\\/#organization\",\"name\":\"VideoMusic\",\"url\":\"https:\\\/\\\/videom.it\\\/blog\\\/\",\"logo\":{\"@type\":\"ImageObject\",\"inLanguage\":\"it-IT\",\"@id\":\"https:\\\/\\\/videom.it\\\/blog\\\/#\\\/schema\\\/logo\\\/image\\\/\",\"url\":\"https:\\\/\\\/i2.wp.com\\\/videom.it\\\/blog\\\/wp-content\\\/uploads\\\/2015\\\/04\\\/25th-giallo-3.jpg?fit=1300%2C1192&ssl=1\",\"contentUrl\":\"https:\\\/\\\/i2.wp.com\\\/videom.it\\\/blog\\\/wp-content\\\/uploads\\\/2015\\\/04\\\/25th-giallo-3.jpg?fit=1300%2C1192&ssl=1\",\"width\":1300,\"height\":1192,\"caption\":\"VideoMusic\"},\"image\":{\"@id\":\"https:\\\/\\\/videom.it\\\/blog\\\/#\\\/schema\\\/logo\\\/image\\\/\"},\"sameAs\":[\"https:\\\/\\\/www.facebook.com\\\/videomusiccava.trebisacce\",\"https:\\\/\\\/x.com\\\/vbcava\",\"https:\\\/\\\/www.youtube.com\\\/channel\\\/UCgNxnZpk2zqHaIcIxF3swOA\"]}]}<\/script>\n<!-- \/ Yoast SEO plugin. -->","yoast_head_json":{"title":"Samsung Galaxy A32 5G","description":"Samsung Galaxy A32 5G \u00e8 un smartphone\u00a0Android\u00a0completo, che non ha molto da invidiare ai dispositivi pi\u00f9 avanzati. Il display\u00a0da\u00a06.5\"...","robots":{"index":"index","follow":"follow","max-snippet":"max-snippet:-1","max-image-preview":"max-image-preview:large","max-video-preview":"max-video-preview:-1"},"canonical":"https:\/\/videom.it\/blog\/shop\/samsung-galaxy-a32-5g\/","og_locale":"it_IT","og_type":"article","og_title":"Samsung Galaxy A32 5G","og_description":"Samsung Galaxy A32 5G \u00e8 un smartphone\u00a0Android\u00a0completo, che non ha molto da invidiare ai dispositivi pi\u00f9 avanzati. Il display\u00a0da\u00a06.5\"...","og_url":"https:\/\/videom.it\/blog\/shop\/samsung-galaxy-a32-5g\/","og_site_name":"VideoMusic","article_publisher":"https:\/\/www.facebook.com\/videomusiccava.trebisacce","article_modified_time":"2021-05-22T16:27:57+00:00","og_image":[{"width":1024,"height":600,"url":"https:\/\/i0.wp.com\/videom.it\/blog\/wp-content\/uploads\/2021\/05\/a325gA.jpg?fit=1024%2C600&ssl=1","type":"image\/jpeg"}],"twitter_misc":{"Tempo di lettura stimato":"2 minuti"},"schema":{"@context":"https:\/\/schema.org","@graph":[{"@type":"WebPage","@id":"https:\/\/videom.it\/blog\/shop\/samsung-galaxy-a32-5g\/","url":"https:\/\/videom.it\/blog\/shop\/samsung-galaxy-a32-5g\/","name":"Samsung Galaxy A32 5G","isPartOf":{"@id":"https:\/\/videom.it\/blog\/#website"},"primaryImageOfPage":{"@id":"https:\/\/videom.it\/blog\/shop\/samsung-galaxy-a32-5g\/#primaryimage"},"image":{"@id":"https:\/\/videom.it\/blog\/shop\/samsung-galaxy-a32-5g\/#primaryimage"},"thumbnailUrl":"https:\/\/i0.wp.com\/videom.it\/blog\/wp-content\/uploads\/2021\/05\/a325gA.jpg?fit=1024%2C600&ssl=1","datePublished":"2021-05-12T18:21:19+00:00","dateModified":"2021-05-22T16:27:57+00:00","description":"Samsung Galaxy A32 5G \u00e8 un smartphone\u00a0Android\u00a0completo, che non ha molto da invidiare ai dispositivi pi\u00f9 avanzati. Il display\u00a0da\u00a06.5\"...","breadcrumb":{"@id":"https:\/\/videom.it\/blog\/shop\/samsung-galaxy-a32-5g\/#breadcrumb"},"inLanguage":"it-IT","potentialAction":[{"@type":"ReadAction","target":["https:\/\/videom.it\/blog\/shop\/samsung-galaxy-a32-5g\/"]}]},{"@type":"ImageObject","inLanguage":"it-IT","@id":"https:\/\/videom.it\/blog\/shop\/samsung-galaxy-a32-5g\/#primaryimage","url":"https:\/\/i0.wp.com\/videom.it\/blog\/wp-content\/uploads\/2021\/05\/a325gA.jpg?fit=1024%2C600&ssl=1","contentUrl":"https:\/\/i0.wp.com\/videom.it\/blog\/wp-content\/uploads\/2021\/05\/a325gA.jpg?fit=1024%2C600&ssl=1","width":1024,"height":600},{"@type":"BreadcrumbList","@id":"https:\/\/videom.it\/blog\/shop\/samsung-galaxy-a32-5g\/#breadcrumb","itemListElement":[{"@type":"ListItem","position":1,"name":"Home","item":"https:\/\/videom.it\/blog\/"},{"@type":"ListItem","position":2,"name":"Shop","item":"https:\/\/videom.it\/blog\/shop\/"},{"@type":"ListItem","position":3,"name":"Samsung Galaxy A32 5G"}]},{"@type":"WebSite","@id":"https:\/\/videom.it\/blog\/#website","url":"https:\/\/videom.it\/blog\/","name":"VideoMusic","description":"Luce &amp; Gas - Assicurazioni - Riparazioni","publisher":{"@id":"https:\/\/videom.it\/blog\/#organization"},"potentialAction":[{"@type":"SearchAction","target":{"@type":"EntryPoint","urlTemplate":"https:\/\/videom.it\/blog\/?s={search_term_string}"},"query-input":{"@type":"PropertyValueSpecification","valueRequired":true,"valueName":"search_term_string"}}],"inLanguage":"it-IT"},{"@type":"Organization","@id":"https:\/\/videom.it\/blog\/#organization","name":"VideoMusic","url":"https:\/\/videom.it\/blog\/","logo":{"@type":"ImageObject","inLanguage":"it-IT","@id":"https:\/\/videom.it\/blog\/#\/schema\/logo\/image\/","url":"https:\/\/i2.wp.com\/videom.it\/blog\/wp-content\/uploads\/2015\/04\/25th-giallo-3.jpg?fit=1300%2C1192&ssl=1","contentUrl":"https:\/\/i2.wp.com\/videom.it\/blog\/wp-content\/uploads\/2015\/04\/25th-giallo-3.jpg?fit=1300%2C1192&ssl=1","width":1300,"height":1192,"caption":"VideoMusic"},"image":{"@id":"https:\/\/videom.it\/blog\/#\/schema\/logo\/image\/"},"sameAs":["https:\/\/www.facebook.com\/videomusiccava.trebisacce","https:\/\/x.com\/vbcava","https:\/\/www.youtube.com\/channel\/UCgNxnZpk2zqHaIcIxF3swOA"]}]}},"jetpack_publicize_connections":[],"jetpack_sharing_enabled":true,"_links":{"self":[{"href":"https:\/\/videom.it\/blog\/wp-json\/wp\/v2\/product\/6372","targetHints":{"allow":["GET"]}}],"collection":[{"href":"https:\/\/videom.it\/blog\/wp-json\/wp\/v2\/product"}],"about":[{"href":"https:\/\/videom.it\/blog\/wp-json\/wp\/v2\/types\/product"}],"replies":[{"embeddable":true,"href":"https:\/\/videom.it\/blog\/wp-json\/wp\/v2\/comments?post=6372"}],"wp:featuredmedia":[{"embeddable":true,"href":"https:\/\/videom.it\/blog\/wp-json\/wp\/v2\/media\/6375"}],"wp:attachment":[{"href":"https:\/\/videom.it\/blog\/wp-json\/wp\/v2\/media?parent=6372"}],"wp:term":[{"taxonomy":"product_brand","embeddable":true,"href":"https:\/\/videom.it\/blog\/wp-json\/wp\/v2\/product_brand?post=6372"},{"taxonomy":"product_cat","embeddable":true,"href":"https:\/\/videom.it\/blog\/wp-json\/wp\/v2\/product_cat?post=6372"},{"taxonomy":"product_tag","embeddable":true,"href":"https:\/\/videom.it\/blog\/wp-json\/wp\/v2\/product_tag?post=6372"}],"curies":[{"name":"wp","href":"https:\/\/api.w.org\/{rel}","templated":true}]}}