{"id":6068,"date":"2021-05-05T19:19:53","date_gmt":"2021-05-05T17:19:53","guid":{"rendered":"https:\/\/videom.it\/blog\/?post_type=product&#038;p=6068"},"modified":"2021-06-07T10:50:10","modified_gmt":"2021-06-07T08:50:10","slug":"xiaomi-mi-11-5g","status":"publish","type":"product","link":"https:\/\/videom.it\/blog\/shop\/xiaomi-mi-11-5g\/","title":{"rendered":"Xiaomi Mi 11 5G"},"content":{"rendered":"<div class=\"vod__description__details\">\n<p><span class=\"a-list-item\">Diventa un regista con Xiaomi Mi 11 5G grazie all&#8217;intelligenza artificiale avanzata. Con il sensore cinematografico da 108MP, la fotocamera frontale da 13MP, il grandangolo da 123\u00b0 e la fotocamera telemacro 5MP, Xiaomi Mi 11 5G offre diverse modalit\u00e0 di video making creative e facili da usare oltre ad una incredibile modalit\u00e0 notturna.<\/span><\/p>\n<p><span class=\"a-list-item\">Il <a href=\"https:\/\/it.wikipedia.org\/wiki\/AMOLED\" target=\"_blank\" rel=\"noopener\">display AMOLED<\/a> da 6.81\u201d a 120Hz, la risoluzione WQHD+ , l&#8217;HDR10+ e l&#8217;audio spettacolare firmato Harman Kardon si uniscono per un&#8217;esperienza cinematica immersiva.<\/span><\/p>\n<p><span class=\"a-list-item\">Il nuovo chipset Qualcomm Snapdragon 888 a 5nm arriva con una CPU totalmente rinnovata, GPU e prestazioni AI potenziate, rendendolo il processore pi\u00f9 performante dell&#8217;era 5G.<\/span><\/p>\n<p><span class=\"a-list-item\">La batteria da 4600mAh con ricarica cablata da 55W e wireless da 50W garantisce autonomia per un&#8217;intera giornata.<\/span><\/p>\n<p><span class=\"a-list-item\">Per l&#8217;audio Harman Kardon, Xiaomi ha collaborato con i migliori esperti per migliorare l&#8217;acustica degli altoparlanti, fornendo una qualit\u00e0 del suono high-end chiara e nitida. L&#8217;audio spettacolare ti far\u00e0 sentire pi\u00f9 immerso quando guardi film e pu\u00f2 farti dimenticare l&#8217;ambiente circostante quando ascolti la tua playlist preferita.<\/span><\/p>\n<\/div>\n<p><strong>Proteggi il tuo Smartphone con <a href=\"http:\/\/videom.it\/blog\/protection-pro\/\">PROTECTION PRO ULTRA<\/a>\u00a0<\/strong><\/p>\n<p>Il sistema di protezione pi\u00f9 avanzato sul mercato. Una esclusiva della VideoMusic Cava Trebisacce, unico rivenditore dell&#8217;Alto Ionio<\/p>\n<p><a href=\"https:\/\/i0.wp.com\/videom.it\/blog\/wp-content\/uploads\/2021\/03\/nuova-insegna-blog.jpg?ssl=1\"><img data-recalc-dims=\"1\" fetchpriority=\"high\" decoding=\"async\" class=\"alignnone size-medium wp-image-5230\" src=\"https:\/\/i0.wp.com\/videom.it\/blog\/wp-content\/uploads\/2021\/03\/nuova-insegna-blog-300x173.jpg?resize=300%2C173&#038;ssl=1\" alt=\"Xiaomi Mi 11 5G\" width=\"300\" height=\"173\" \/><\/a>\u00a0 \u00a0<a href=\"https:\/\/i0.wp.com\/videom.it\/blog\/wp-content\/uploads\/2020\/05\/consegna-gratuita-GRAT-e1618251105672.jpg?ssl=1\"><img data-recalc-dims=\"1\" decoding=\"async\" class=\"alignnone size-medium wp-image-4221\" src=\"https:\/\/i0.wp.com\/videom.it\/blog\/wp-content\/uploads\/2020\/05\/consegna-gratuita-GRAT.jpg?resize=300%2C108&#038;ssl=1\" alt=\"Xiaomi Mi 11 5G\" width=\"300\" height=\"108\" \/><\/a><\/p>\n<p><strong>Unica sede a Trebisacce (Cs) in Vle della Libert\u00e0 22\/24 &#8211; 098158459 \/ 51519 &#8211; 3518188174 &#8211; <a href=\"mailto:info@videom.it\">info@videom.it<\/a><\/strong><\/p>\n","protected":false},"excerpt":{"rendered":"<ul>\n<li><strong>Xiaomi Mi 11 5G Smartphone<\/strong><\/li>\n<li><strong>8 GB + 256 GB,<\/strong><\/li>\n<li><strong>Display WQHD+ AMOLED da 6.81\u201d<\/strong><\/li>\n<li><strong>Curvo sui Quattro Lati,<\/strong><\/li>\n<li><strong>Qualcomm Snapdragon 888,<\/strong><\/li>\n<li><strong>8 GB + 256 GB,<\/strong><\/li>\n<li><strong>Tripla Fotocamera 108MP + 13MP + 5MP,<\/strong><\/li>\n<li><strong>Batteria da 46000mAh,<\/strong><\/li>\n<li><strong>NFC<\/strong><\/li>\n<\/ul>\n<p><a href=\"https:\/\/videom.it\/blog\/wp-content\/uploads\/2020\/05\/consegna-gratuita-GRAT-e1618251105672.jpg\"><img decoding=\"async\" class=\"alignnone size-medium wp-image-4221\" src=\"https:\/\/videom.it\/blog\/wp-content\/uploads\/2020\/05\/consegna-gratuita-GRAT-300x108.jpg\" alt=\"\" width=\"300\" height=\"108\" \/><\/a><\/p>\n","protected":false},"featured_media":6071,"comment_status":"open","ping_status":"closed","template":"","meta":{"jetpack_post_was_ever_published":false,"jetpack_publicize_message":"","jetpack_publicize_feature_enabled":true,"jetpack_social_post_already_shared":true,"jetpack_social_options":{"image_generator_settings":{"template":"highway","default_image_id":0,"font":"","enabled":false},"version":2}},"product_brand":[],"product_cat":[27],"product_tag":[140,55,54,215,186],"class_list":{"0":"post-6068","1":"product","2":"type-product","3":"status-publish","4":"has-post-thumbnail","6":"product_cat-smartphone","7":"product_tag-5g","8":"product_tag-android","9":"product_tag-smartphone","10":"product_tag-telefonia-trebisacce","11":"product_tag-xiaomi","13":"first","14":"instock","15":"sale","16":"taxable","17":"shipping-taxable","18":"purchasable","19":"product-type-simple"},"yoast_head":"<!-- This site is optimized with the Yoast SEO plugin v27.4 - https:\/\/yoast.com\/product\/yoast-seo-wordpress\/ -->\n<title>Xiaomi Mi 11 5G<\/title>\n<meta name=\"description\" content=\"Con Xiaomi Mi 11 5G Tripla Fotocamera 108MP+13MP+5M. Audio Harman Kardon. Display WQHD+ AMOLED da 6,81\u201d, a 120Hz. Qualcomm\u00ae Snapdragon\u2122 888..\" \/>\n<meta name=\"robots\" content=\"index, follow, max-snippet:-1, max-image-preview:large, max-video-preview:-1\" \/>\n<link rel=\"canonical\" href=\"https:\/\/videom.it\/blog\/shop\/xiaomi-mi-11-5g\/\" \/>\n<meta property=\"og:locale\" content=\"it_IT\" \/>\n<meta property=\"og:type\" content=\"article\" \/>\n<meta property=\"og:title\" content=\"Xiaomi Mi 11 5G\" \/>\n<meta property=\"og:description\" content=\"Con Xiaomi Mi 11 5G Tripla Fotocamera 108MP+13MP+5M. Audio Harman Kardon. Display WQHD+ AMOLED da 6,81\u201d, a 120Hz. Qualcomm\u00ae Snapdragon\u2122 888..\" \/>\n<meta property=\"og:url\" content=\"https:\/\/videom.it\/blog\/shop\/xiaomi-mi-11-5g\/\" \/>\n<meta property=\"og:site_name\" content=\"VideoMusic\" \/>\n<meta property=\"article:publisher\" content=\"https:\/\/www.facebook.com\/videomusiccava.trebisacce\" \/>\n<meta property=\"article:modified_time\" content=\"2021-06-07T08:50:10+00:00\" \/>\n<meta property=\"og:image\" content=\"https:\/\/i2.wp.com\/videom.it\/blog\/wp-content\/uploads\/2021\/05\/Xiaomi-mi-11-5G-4.jpg?fit=1024%2C600&ssl=1\" \/>\n\t<meta property=\"og:image:width\" content=\"1024\" \/>\n\t<meta property=\"og:image:height\" content=\"600\" \/>\n\t<meta property=\"og:image:type\" content=\"image\/jpeg\" \/>\n<meta name=\"twitter:label1\" content=\"Tempo di lettura stimato\" \/>\n\t<meta name=\"twitter:data1\" content=\"2 minuti\" \/>\n<script type=\"application\/ld+json\" class=\"yoast-schema-graph\">{\"@context\":\"https:\\\/\\\/schema.org\",\"@graph\":[{\"@type\":\"WebPage\",\"@id\":\"https:\\\/\\\/videom.it\\\/blog\\\/shop\\\/xiaomi-mi-11-5g\\\/\",\"url\":\"https:\\\/\\\/videom.it\\\/blog\\\/shop\\\/xiaomi-mi-11-5g\\\/\",\"name\":\"Xiaomi Mi 11 5G\",\"isPartOf\":{\"@id\":\"https:\\\/\\\/videom.it\\\/blog\\\/#website\"},\"primaryImageOfPage\":{\"@id\":\"https:\\\/\\\/videom.it\\\/blog\\\/shop\\\/xiaomi-mi-11-5g\\\/#primaryimage\"},\"image\":{\"@id\":\"https:\\\/\\\/videom.it\\\/blog\\\/shop\\\/xiaomi-mi-11-5g\\\/#primaryimage\"},\"thumbnailUrl\":\"https:\\\/\\\/i0.wp.com\\\/videom.it\\\/blog\\\/wp-content\\\/uploads\\\/2021\\\/05\\\/Xiaomi-mi-11-5G-4.jpg?fit=1024%2C600&ssl=1\",\"datePublished\":\"2021-05-05T17:19:53+00:00\",\"dateModified\":\"2021-06-07T08:50:10+00:00\",\"description\":\"Con Xiaomi Mi 11 5G Tripla Fotocamera 108MP+13MP+5M. Audio Harman Kardon. Display WQHD+ AMOLED da 6,81\u201d, a 120Hz. Qualcomm\u00ae Snapdragon\u2122 888..\",\"breadcrumb\":{\"@id\":\"https:\\\/\\\/videom.it\\\/blog\\\/shop\\\/xiaomi-mi-11-5g\\\/#breadcrumb\"},\"inLanguage\":\"it-IT\",\"potentialAction\":[{\"@type\":\"ReadAction\",\"target\":[\"https:\\\/\\\/videom.it\\\/blog\\\/shop\\\/xiaomi-mi-11-5g\\\/\"]}]},{\"@type\":\"ImageObject\",\"inLanguage\":\"it-IT\",\"@id\":\"https:\\\/\\\/videom.it\\\/blog\\\/shop\\\/xiaomi-mi-11-5g\\\/#primaryimage\",\"url\":\"https:\\\/\\\/i0.wp.com\\\/videom.it\\\/blog\\\/wp-content\\\/uploads\\\/2021\\\/05\\\/Xiaomi-mi-11-5G-4.jpg?fit=1024%2C600&ssl=1\",\"contentUrl\":\"https:\\\/\\\/i0.wp.com\\\/videom.it\\\/blog\\\/wp-content\\\/uploads\\\/2021\\\/05\\\/Xiaomi-mi-11-5G-4.jpg?fit=1024%2C600&ssl=1\",\"width\":1024,\"height\":600},{\"@type\":\"BreadcrumbList\",\"@id\":\"https:\\\/\\\/videom.it\\\/blog\\\/shop\\\/xiaomi-mi-11-5g\\\/#breadcrumb\",\"itemListElement\":[{\"@type\":\"ListItem\",\"position\":1,\"name\":\"Home\",\"item\":\"https:\\\/\\\/videom.it\\\/blog\\\/\"},{\"@type\":\"ListItem\",\"position\":2,\"name\":\"Shop\",\"item\":\"https:\\\/\\\/videom.it\\\/blog\\\/shop\\\/\"},{\"@type\":\"ListItem\",\"position\":3,\"name\":\"Xiaomi Mi 11 5G\"}]},{\"@type\":\"WebSite\",\"@id\":\"https:\\\/\\\/videom.it\\\/blog\\\/#website\",\"url\":\"https:\\\/\\\/videom.it\\\/blog\\\/\",\"name\":\"VideoMusic\",\"description\":\"Luce &amp; Gas - Assicurazioni - Riparazioni\",\"publisher\":{\"@id\":\"https:\\\/\\\/videom.it\\\/blog\\\/#organization\"},\"potentialAction\":[{\"@type\":\"SearchAction\",\"target\":{\"@type\":\"EntryPoint\",\"urlTemplate\":\"https:\\\/\\\/videom.it\\\/blog\\\/?s={search_term_string}\"},\"query-input\":{\"@type\":\"PropertyValueSpecification\",\"valueRequired\":true,\"valueName\":\"search_term_string\"}}],\"inLanguage\":\"it-IT\"},{\"@type\":\"Organization\",\"@id\":\"https:\\\/\\\/videom.it\\\/blog\\\/#organization\",\"name\":\"VideoMusic\",\"url\":\"https:\\\/\\\/videom.it\\\/blog\\\/\",\"logo\":{\"@type\":\"ImageObject\",\"inLanguage\":\"it-IT\",\"@id\":\"https:\\\/\\\/videom.it\\\/blog\\\/#\\\/schema\\\/logo\\\/image\\\/\",\"url\":\"https:\\\/\\\/i2.wp.com\\\/videom.it\\\/blog\\\/wp-content\\\/uploads\\\/2015\\\/04\\\/25th-giallo-3.jpg?fit=1300%2C1192&ssl=1\",\"contentUrl\":\"https:\\\/\\\/i2.wp.com\\\/videom.it\\\/blog\\\/wp-content\\\/uploads\\\/2015\\\/04\\\/25th-giallo-3.jpg?fit=1300%2C1192&ssl=1\",\"width\":1300,\"height\":1192,\"caption\":\"VideoMusic\"},\"image\":{\"@id\":\"https:\\\/\\\/videom.it\\\/blog\\\/#\\\/schema\\\/logo\\\/image\\\/\"},\"sameAs\":[\"https:\\\/\\\/www.facebook.com\\\/videomusiccava.trebisacce\",\"https:\\\/\\\/x.com\\\/vbcava\",\"https:\\\/\\\/www.youtube.com\\\/channel\\\/UCgNxnZpk2zqHaIcIxF3swOA\"]}]}<\/script>\n<!-- \/ Yoast SEO plugin. -->","yoast_head_json":{"title":"Xiaomi Mi 11 5G","description":"Con Xiaomi Mi 11 5G Tripla Fotocamera 108MP+13MP+5M. Audio Harman Kardon. Display WQHD+ AMOLED da 6,81\u201d, a 120Hz. Qualcomm\u00ae Snapdragon\u2122 888..","robots":{"index":"index","follow":"follow","max-snippet":"max-snippet:-1","max-image-preview":"max-image-preview:large","max-video-preview":"max-video-preview:-1"},"canonical":"https:\/\/videom.it\/blog\/shop\/xiaomi-mi-11-5g\/","og_locale":"it_IT","og_type":"article","og_title":"Xiaomi Mi 11 5G","og_description":"Con Xiaomi Mi 11 5G Tripla Fotocamera 108MP+13MP+5M. Audio Harman Kardon. Display WQHD+ AMOLED da 6,81\u201d, a 120Hz. Qualcomm\u00ae Snapdragon\u2122 888..","og_url":"https:\/\/videom.it\/blog\/shop\/xiaomi-mi-11-5g\/","og_site_name":"VideoMusic","article_publisher":"https:\/\/www.facebook.com\/videomusiccava.trebisacce","article_modified_time":"2021-06-07T08:50:10+00:00","og_image":[{"width":1024,"height":600,"url":"https:\/\/i2.wp.com\/videom.it\/blog\/wp-content\/uploads\/2021\/05\/Xiaomi-mi-11-5G-4.jpg?fit=1024%2C600&ssl=1","type":"image\/jpeg"}],"twitter_misc":{"Tempo di lettura stimato":"2 minuti"},"schema":{"@context":"https:\/\/schema.org","@graph":[{"@type":"WebPage","@id":"https:\/\/videom.it\/blog\/shop\/xiaomi-mi-11-5g\/","url":"https:\/\/videom.it\/blog\/shop\/xiaomi-mi-11-5g\/","name":"Xiaomi Mi 11 5G","isPartOf":{"@id":"https:\/\/videom.it\/blog\/#website"},"primaryImageOfPage":{"@id":"https:\/\/videom.it\/blog\/shop\/xiaomi-mi-11-5g\/#primaryimage"},"image":{"@id":"https:\/\/videom.it\/blog\/shop\/xiaomi-mi-11-5g\/#primaryimage"},"thumbnailUrl":"https:\/\/i0.wp.com\/videom.it\/blog\/wp-content\/uploads\/2021\/05\/Xiaomi-mi-11-5G-4.jpg?fit=1024%2C600&ssl=1","datePublished":"2021-05-05T17:19:53+00:00","dateModified":"2021-06-07T08:50:10+00:00","description":"Con Xiaomi Mi 11 5G Tripla Fotocamera 108MP+13MP+5M. Audio Harman Kardon. Display WQHD+ AMOLED da 6,81\u201d, a 120Hz. Qualcomm\u00ae Snapdragon\u2122 888..","breadcrumb":{"@id":"https:\/\/videom.it\/blog\/shop\/xiaomi-mi-11-5g\/#breadcrumb"},"inLanguage":"it-IT","potentialAction":[{"@type":"ReadAction","target":["https:\/\/videom.it\/blog\/shop\/xiaomi-mi-11-5g\/"]}]},{"@type":"ImageObject","inLanguage":"it-IT","@id":"https:\/\/videom.it\/blog\/shop\/xiaomi-mi-11-5g\/#primaryimage","url":"https:\/\/i0.wp.com\/videom.it\/blog\/wp-content\/uploads\/2021\/05\/Xiaomi-mi-11-5G-4.jpg?fit=1024%2C600&ssl=1","contentUrl":"https:\/\/i0.wp.com\/videom.it\/blog\/wp-content\/uploads\/2021\/05\/Xiaomi-mi-11-5G-4.jpg?fit=1024%2C600&ssl=1","width":1024,"height":600},{"@type":"BreadcrumbList","@id":"https:\/\/videom.it\/blog\/shop\/xiaomi-mi-11-5g\/#breadcrumb","itemListElement":[{"@type":"ListItem","position":1,"name":"Home","item":"https:\/\/videom.it\/blog\/"},{"@type":"ListItem","position":2,"name":"Shop","item":"https:\/\/videom.it\/blog\/shop\/"},{"@type":"ListItem","position":3,"name":"Xiaomi Mi 11 5G"}]},{"@type":"WebSite","@id":"https:\/\/videom.it\/blog\/#website","url":"https:\/\/videom.it\/blog\/","name":"VideoMusic","description":"Luce &amp; Gas - Assicurazioni - Riparazioni","publisher":{"@id":"https:\/\/videom.it\/blog\/#organization"},"potentialAction":[{"@type":"SearchAction","target":{"@type":"EntryPoint","urlTemplate":"https:\/\/videom.it\/blog\/?s={search_term_string}"},"query-input":{"@type":"PropertyValueSpecification","valueRequired":true,"valueName":"search_term_string"}}],"inLanguage":"it-IT"},{"@type":"Organization","@id":"https:\/\/videom.it\/blog\/#organization","name":"VideoMusic","url":"https:\/\/videom.it\/blog\/","logo":{"@type":"ImageObject","inLanguage":"it-IT","@id":"https:\/\/videom.it\/blog\/#\/schema\/logo\/image\/","url":"https:\/\/i2.wp.com\/videom.it\/blog\/wp-content\/uploads\/2015\/04\/25th-giallo-3.jpg?fit=1300%2C1192&ssl=1","contentUrl":"https:\/\/i2.wp.com\/videom.it\/blog\/wp-content\/uploads\/2015\/04\/25th-giallo-3.jpg?fit=1300%2C1192&ssl=1","width":1300,"height":1192,"caption":"VideoMusic"},"image":{"@id":"https:\/\/videom.it\/blog\/#\/schema\/logo\/image\/"},"sameAs":["https:\/\/www.facebook.com\/videomusiccava.trebisacce","https:\/\/x.com\/vbcava","https:\/\/www.youtube.com\/channel\/UCgNxnZpk2zqHaIcIxF3swOA"]}]}},"jetpack_publicize_connections":[],"jetpack_sharing_enabled":true,"_links":{"self":[{"href":"https:\/\/videom.it\/blog\/wp-json\/wp\/v2\/product\/6068","targetHints":{"allow":["GET"]}}],"collection":[{"href":"https:\/\/videom.it\/blog\/wp-json\/wp\/v2\/product"}],"about":[{"href":"https:\/\/videom.it\/blog\/wp-json\/wp\/v2\/types\/product"}],"replies":[{"embeddable":true,"href":"https:\/\/videom.it\/blog\/wp-json\/wp\/v2\/comments?post=6068"}],"wp:featuredmedia":[{"embeddable":true,"href":"https:\/\/videom.it\/blog\/wp-json\/wp\/v2\/media\/6071"}],"wp:attachment":[{"href":"https:\/\/videom.it\/blog\/wp-json\/wp\/v2\/media?parent=6068"}],"wp:term":[{"taxonomy":"product_brand","embeddable":true,"href":"https:\/\/videom.it\/blog\/wp-json\/wp\/v2\/product_brand?post=6068"},{"taxonomy":"product_cat","embeddable":true,"href":"https:\/\/videom.it\/blog\/wp-json\/wp\/v2\/product_cat?post=6068"},{"taxonomy":"product_tag","embeddable":true,"href":"https:\/\/videom.it\/blog\/wp-json\/wp\/v2\/product_tag?post=6068"}],"curies":[{"name":"wp","href":"https:\/\/api.w.org\/{rel}","templated":true}]}}