{"id":5435,"date":"2021-04-26T18:46:32","date_gmt":"2021-04-26T16:46:32","guid":{"rendered":"https:\/\/videom.it\/blog\/?post_type=product&#038;p=5435"},"modified":"2025-05-26T05:12:39","modified_gmt":"2025-05-26T03:12:39","slug":"zte-blade-a51","status":"publish","type":"product","link":"https:\/\/videom.it\/blog\/shop\/zte-blade-a51\/","title":{"rendered":"ZTE Blade A51"},"content":{"rendered":"<div class=\"post-header-inner\">\n<div class=\"post-header-title\">\n<h3 class=\"single-post-title\"><span class=\"post-title\">ZTE Blade A51 il super smartphone (economico) da acquistare assolutamente<\/span><\/h3>\n<\/div>\n<\/div>\n<div class=\"entry-content clearfix single-post-content\">\n<p><strong>ZTE<\/strong> <strong>Blade A51<\/strong> \u00e8 un nuovo ed intrigante smartphone. Il nuovo cellulare ZTE \u00e8 un apparato economico ma molto efficace con ottime caratteristiche e una resistenza pi\u00f9 che ottima. Blade A51 \u00e8 dotato di <strong>un display con notch a forma di goccia<\/strong>, mentre sul retro la scocca \u00e8 in<strong>\u00a0<a href=\"https:\/\/it.wikipedia.org\/wiki\/Policarbonato\" target=\"_blank\" rel=\"noopener\">policarbonato<\/a><\/strong>\u00a0di colore grigio. Qui sono alloggiati la\u00a0<strong>doppia fotocamera<\/strong>\u00a0con LED flash e il sensore per il riconoscimento delle impronte digitali.<\/p>\n<p><b>ZTE Blade A51<\/b>\u00a0\u00e8 uno smartphone\u00a0<b>Android 5.1<\/b>\u00a0Dual SIM del 2016, che adotta una fotocamera da\u00a0<b>13 MP<\/b>\u00a0con flash mentre quella secondaria \u00e8 da\u00a0<b>5 MP<\/b>\u00a0e dispone di una memoria di\u00a0<b>1GB RAM<\/b>\u00a0+\u00a0<b>8GB<\/b>\u00a0con slot\u00a0<b>microSD<\/b>.<\/p>\n<p>Il processore ha un chip <b>MediaTek MT6735<\/b>, monta una batteria da\u00a0<b>2200mAh<\/b>\u00a0di capacit\u00e0 e offre uno schermo in formato\u00a0<b>HD<\/b>\u00a0da\u00a0<b>5.0 pollici<\/b>\u00a0con una risoluzione di\u00a0<b>720 x 1280 pixel<\/b>.<\/p>\n<p>Troviamo anche\u00a0<b>Bluetooth 4.0<\/b>,\u00a0<b>Wi-Fi<\/b>,\u00a0<b>vivavoce<\/b>\u00a0e\u00a0<b>lettore MP3<\/b>.<\/p>\n<p>&nbsp;<\/p>\n<p><strong>Proteggi il tuo Smartphone con <a href=\"http:\/\/videom.it\/blog\/protection-pro\/\">PROTECTION PRO ULTRA<\/a> \u2013\u00a0<\/strong><\/p>\n<p>Il sistema di protezione pi\u00f9 avanzato sul mercato. <strong>Una esclusiva della VideoMusic Cava Trebisacce<\/strong>, unico rivenditore dell&#8217;Alto Ionio<\/p>\n<p><a href=\"https:\/\/i0.wp.com\/videom.it\/blog\/wp-content\/uploads\/2020\/01\/Logo-Videomusic-Blog1.jpg?ssl=1\"><img data-recalc-dims=\"1\" decoding=\"async\" class=\"alignnone wp-image-3983\" src=\"https:\/\/i0.wp.com\/videom.it\/blog\/wp-content\/uploads\/2020\/01\/Logo-Videomusic-Blog1.jpg?resize=361%2C89&#038;ssl=1\" alt=\"\" width=\"361\" height=\"89\" srcset=\"https:\/\/i0.wp.com\/videom.it\/blog\/wp-content\/uploads\/2020\/01\/Logo-Videomusic-Blog1.jpg?resize=1024%2C252&amp;ssl=1 1024w, https:\/\/i0.wp.com\/videom.it\/blog\/wp-content\/uploads\/2020\/01\/Logo-Videomusic-Blog1.jpg?resize=300%2C74&amp;ssl=1 300w, https:\/\/i0.wp.com\/videom.it\/blog\/wp-content\/uploads\/2020\/01\/Logo-Videomusic-Blog1.jpg?resize=768%2C189&amp;ssl=1 768w, https:\/\/i0.wp.com\/videom.it\/blog\/wp-content\/uploads\/2020\/01\/Logo-Videomusic-Blog1.jpg?resize=1536%2C379&amp;ssl=1 1536w, https:\/\/i0.wp.com\/videom.it\/blog\/wp-content\/uploads\/2020\/01\/Logo-Videomusic-Blog1.jpg?resize=100%2C25&amp;ssl=1 100w, https:\/\/i0.wp.com\/videom.it\/blog\/wp-content\/uploads\/2020\/01\/Logo-Videomusic-Blog1.jpg?resize=150%2C37&amp;ssl=1 150w, https:\/\/i0.wp.com\/videom.it\/blog\/wp-content\/uploads\/2020\/01\/Logo-Videomusic-Blog1.jpg?resize=200%2C49&amp;ssl=1 200w, https:\/\/i0.wp.com\/videom.it\/blog\/wp-content\/uploads\/2020\/01\/Logo-Videomusic-Blog1.jpg?resize=450%2C111&amp;ssl=1 450w, https:\/\/i0.wp.com\/videom.it\/blog\/wp-content\/uploads\/2020\/01\/Logo-Videomusic-Blog1.jpg?resize=600%2C148&amp;ssl=1 600w, https:\/\/i0.wp.com\/videom.it\/blog\/wp-content\/uploads\/2020\/01\/Logo-Videomusic-Blog1.jpg?resize=900%2C222&amp;ssl=1 900w, https:\/\/i0.wp.com\/videom.it\/blog\/wp-content\/uploads\/2020\/01\/Logo-Videomusic-Blog1.jpg?w=1712&amp;ssl=1 1712w\" sizes=\"(max-width: 361px) 100vw, 361px\" \/><\/a>\u00a0 <a href=\"https:\/\/i0.wp.com\/videom.it\/blog\/wp-content\/uploads\/2021\/03\/nuova-insegna-blog.jpg?ssl=1\"><img data-recalc-dims=\"1\" decoding=\"async\" class=\"alignnone wp-image-5230\" src=\"https:\/\/i0.wp.com\/videom.it\/blog\/wp-content\/uploads\/2021\/03\/nuova-insegna-blog-1024x591.jpg?resize=267%2C154&#038;ssl=1\" alt=\"ZTE Blade A51\" width=\"267\" height=\"154\" \/><\/a> \u00a0<a href=\"https:\/\/i0.wp.com\/videom.it\/blog\/wp-content\/uploads\/2020\/05\/consegna-gratuita-GRAT-e1618251105672.jpg?ssl=1\"><img data-recalc-dims=\"1\" decoding=\"async\" class=\"alignnone size-medium wp-image-4221\" src=\"https:\/\/i0.wp.com\/videom.it\/blog\/wp-content\/uploads\/2020\/05\/consegna-gratuita-GRAT.jpg?resize=300%2C108&#038;ssl=1\" alt=\"ZTE Blade A51\" width=\"300\" height=\"108\" \/><\/a><\/p>\n<p><strong>Unica sede a Trebisacce (Cs) in Vle della Libert\u00e0 22\/24 &#8211; 098158459 \/ 51519 &#8211; 3518188174 &#8211; info@videom.it<\/strong><\/p>\n<\/div>\n","protected":false},"excerpt":{"rendered":"<ul>\n<li><span class=\"aps-feature-nm\">Operating System: <\/span><strong class=\"aps-feature-vl\">Android 10<\/strong><\/li>\n<li><span class=\"aps-feature-nm\">DISPLAY: Size <\/span><strong class=\"aps-feature-vl\">6.1 inch<\/strong><\/li>\n<li><span class=\"aps-feature-nm\">CPU: <\/span><strong class=\"aps-feature-vl\">Spreadtrum UniSoC SC9863A<\/strong><\/li>\n<li><span class=\"aps-feature-nm\">RAM: <\/span><strong class=\"aps-feature-vl\">2 GB Ram<\/strong><\/li>\n<li><span class=\"aps-feature-nm\">Storage: <\/span><strong class=\"aps-feature-vl\">32 GB (espandibile con micro SD)\u00a0<\/strong><\/li>\n<li><span class=\"aps-feature-nm\">Camera <\/span><strong class=\"aps-feature-vl\">Dual: 13+2 MP<\/strong><\/li>\n<li class=\"micon_sim\" title=\"SIM Card\">SIM Card: Dual SIM<\/li>\n<\/ul>\n<p><a href=\"https:\/\/videom.it\/blog\/wp-content\/uploads\/2020\/05\/consegna-gratuita-GRAT-e1618251105672.jpg\"><img loading=\"lazy\" decoding=\"async\" class=\"alignnone size-medium wp-image-4221\" src=\"https:\/\/videom.it\/blog\/wp-content\/uploads\/2020\/05\/consegna-gratuita-GRAT-300x108.jpg\" alt=\"\" width=\"300\" height=\"108\" \/><\/a><\/p>\n","protected":false},"featured_media":5438,"comment_status":"open","ping_status":"closed","template":"","meta":{"jetpack_post_was_ever_published":false,"jetpack_publicize_message":"","jetpack_publicize_feature_enabled":true,"jetpack_social_post_already_shared":true,"jetpack_social_options":{"image_generator_settings":{"template":"highway","default_image_id":0,"font":"","enabled":false},"version":2}},"product_brand":[],"product_cat":[27],"product_tag":[55,85,54,215],"class_list":{"0":"post-5435","1":"product","2":"type-product","3":"status-publish","4":"has-post-thumbnail","6":"product_cat-smartphone","7":"product_tag-android","8":"product_tag-dual-sim","9":"product_tag-smartphone","10":"product_tag-telefonia-trebisacce","12":"first","13":"instock","14":"sale","15":"taxable","16":"shipping-taxable","17":"purchasable","18":"product-type-simple"},"yoast_head":"<!-- This site is optimized with the Yoast SEO plugin v27.5 - https:\/\/yoast.com\/product\/yoast-seo-wordpress\/ -->\n<title>ZTE Blade A51<\/title>\n<meta name=\"description\" content=\"ZTE Blade A51 \u00e8 un nuovo ed intrigante smartphone. Il nuovo cellulare ZTE \u00e8 un apparato economico ma molto efficace con ottime...\" \/>\n<meta name=\"robots\" content=\"index, follow, max-snippet:-1, max-image-preview:large, max-video-preview:-1\" \/>\n<link rel=\"canonical\" href=\"https:\/\/videom.it\/blog\/shop\/zte-blade-a51\/\" \/>\n<meta property=\"og:locale\" content=\"it_IT\" \/>\n<meta property=\"og:type\" content=\"article\" \/>\n<meta property=\"og:title\" content=\"ZTE Blade A51\" \/>\n<meta property=\"og:description\" content=\"ZTE Blade A51 \u00e8 un nuovo ed intrigante smartphone. Il nuovo cellulare ZTE \u00e8 un apparato economico ma molto efficace con ottime...\" \/>\n<meta property=\"og:url\" content=\"https:\/\/videom.it\/blog\/shop\/zte-blade-a51\/\" \/>\n<meta property=\"og:site_name\" content=\"VideoMusic\" \/>\n<meta property=\"article:publisher\" content=\"https:\/\/www.facebook.com\/videomusiccava.trebisacce\" \/>\n<meta property=\"article:modified_time\" content=\"2025-05-26T03:12:39+00:00\" \/>\n<meta property=\"og:image\" content=\"https:\/\/videom.it\/blog\/wp-content\/uploads\/2021\/04\/A51blog.jpg\" \/>\n\t<meta property=\"og:image:width\" content=\"1024\" \/>\n\t<meta property=\"og:image:height\" content=\"600\" \/>\n\t<meta property=\"og:image:type\" content=\"image\/jpeg\" \/>\n<meta name=\"twitter:label1\" content=\"Tempo di lettura stimato\" \/>\n\t<meta name=\"twitter:data1\" content=\"2 minuti\" \/>\n<script type=\"application\/ld+json\" class=\"yoast-schema-graph\">{\"@context\":\"https:\\\/\\\/schema.org\",\"@graph\":[{\"@type\":\"WebPage\",\"@id\":\"https:\\\/\\\/videom.it\\\/blog\\\/shop\\\/zte-blade-a51\\\/\",\"url\":\"https:\\\/\\\/videom.it\\\/blog\\\/shop\\\/zte-blade-a51\\\/\",\"name\":\"ZTE Blade A51\",\"isPartOf\":{\"@id\":\"https:\\\/\\\/videom.it\\\/blog\\\/#website\"},\"primaryImageOfPage\":{\"@id\":\"https:\\\/\\\/videom.it\\\/blog\\\/shop\\\/zte-blade-a51\\\/#primaryimage\"},\"image\":{\"@id\":\"https:\\\/\\\/videom.it\\\/blog\\\/shop\\\/zte-blade-a51\\\/#primaryimage\"},\"thumbnailUrl\":\"https:\\\/\\\/i0.wp.com\\\/videom.it\\\/blog\\\/wp-content\\\/uploads\\\/2021\\\/04\\\/A51blog.jpg?fit=1024%2C600&ssl=1\",\"datePublished\":\"2021-04-26T16:46:32+00:00\",\"dateModified\":\"2025-05-26T03:12:39+00:00\",\"description\":\"ZTE Blade A51 \u00e8 un nuovo ed intrigante smartphone. Il nuovo cellulare ZTE \u00e8 un apparato economico ma molto efficace con ottime...\",\"breadcrumb\":{\"@id\":\"https:\\\/\\\/videom.it\\\/blog\\\/shop\\\/zte-blade-a51\\\/#breadcrumb\"},\"inLanguage\":\"it-IT\",\"potentialAction\":[{\"@type\":\"ReadAction\",\"target\":[\"https:\\\/\\\/videom.it\\\/blog\\\/shop\\\/zte-blade-a51\\\/\"]}]},{\"@type\":\"ImageObject\",\"inLanguage\":\"it-IT\",\"@id\":\"https:\\\/\\\/videom.it\\\/blog\\\/shop\\\/zte-blade-a51\\\/#primaryimage\",\"url\":\"https:\\\/\\\/i0.wp.com\\\/videom.it\\\/blog\\\/wp-content\\\/uploads\\\/2021\\\/04\\\/A51blog.jpg?fit=1024%2C600&ssl=1\",\"contentUrl\":\"https:\\\/\\\/i0.wp.com\\\/videom.it\\\/blog\\\/wp-content\\\/uploads\\\/2021\\\/04\\\/A51blog.jpg?fit=1024%2C600&ssl=1\",\"width\":1024,\"height\":600},{\"@type\":\"BreadcrumbList\",\"@id\":\"https:\\\/\\\/videom.it\\\/blog\\\/shop\\\/zte-blade-a51\\\/#breadcrumb\",\"itemListElement\":[{\"@type\":\"ListItem\",\"position\":1,\"name\":\"Home\",\"item\":\"https:\\\/\\\/videom.it\\\/blog\\\/\"},{\"@type\":\"ListItem\",\"position\":2,\"name\":\"Shop\",\"item\":\"https:\\\/\\\/videom.it\\\/blog\\\/shop\\\/\"},{\"@type\":\"ListItem\",\"position\":3,\"name\":\"ZTE Blade A51\"}]},{\"@type\":\"WebSite\",\"@id\":\"https:\\\/\\\/videom.it\\\/blog\\\/#website\",\"url\":\"https:\\\/\\\/videom.it\\\/blog\\\/\",\"name\":\"VideoMusic\",\"description\":\"Luce &amp; Gas - Assicurazioni - Riparazioni\",\"publisher\":{\"@id\":\"https:\\\/\\\/videom.it\\\/blog\\\/#organization\"},\"potentialAction\":[{\"@type\":\"SearchAction\",\"target\":{\"@type\":\"EntryPoint\",\"urlTemplate\":\"https:\\\/\\\/videom.it\\\/blog\\\/?s={search_term_string}\"},\"query-input\":{\"@type\":\"PropertyValueSpecification\",\"valueRequired\":true,\"valueName\":\"search_term_string\"}}],\"inLanguage\":\"it-IT\"},{\"@type\":\"Organization\",\"@id\":\"https:\\\/\\\/videom.it\\\/blog\\\/#organization\",\"name\":\"VideoMusic\",\"url\":\"https:\\\/\\\/videom.it\\\/blog\\\/\",\"logo\":{\"@type\":\"ImageObject\",\"inLanguage\":\"it-IT\",\"@id\":\"https:\\\/\\\/videom.it\\\/blog\\\/#\\\/schema\\\/logo\\\/image\\\/\",\"url\":\"https:\\\/\\\/i2.wp.com\\\/videom.it\\\/blog\\\/wp-content\\\/uploads\\\/2015\\\/04\\\/25th-giallo-3.jpg?fit=1300%2C1192&ssl=1\",\"contentUrl\":\"https:\\\/\\\/i2.wp.com\\\/videom.it\\\/blog\\\/wp-content\\\/uploads\\\/2015\\\/04\\\/25th-giallo-3.jpg?fit=1300%2C1192&ssl=1\",\"width\":1300,\"height\":1192,\"caption\":\"VideoMusic\"},\"image\":{\"@id\":\"https:\\\/\\\/videom.it\\\/blog\\\/#\\\/schema\\\/logo\\\/image\\\/\"},\"sameAs\":[\"https:\\\/\\\/www.facebook.com\\\/videomusiccava.trebisacce\",\"https:\\\/\\\/x.com\\\/vbcava\",\"https:\\\/\\\/www.youtube.com\\\/channel\\\/UCgNxnZpk2zqHaIcIxF3swOA\"]}]}<\/script>\n<!-- \/ Yoast SEO plugin. -->","yoast_head_json":{"title":"ZTE Blade A51","description":"ZTE Blade A51 \u00e8 un nuovo ed intrigante smartphone. Il nuovo cellulare ZTE \u00e8 un apparato economico ma molto efficace con ottime...","robots":{"index":"index","follow":"follow","max-snippet":"max-snippet:-1","max-image-preview":"max-image-preview:large","max-video-preview":"max-video-preview:-1"},"canonical":"https:\/\/videom.it\/blog\/shop\/zte-blade-a51\/","og_locale":"it_IT","og_type":"article","og_title":"ZTE Blade A51","og_description":"ZTE Blade A51 \u00e8 un nuovo ed intrigante smartphone. Il nuovo cellulare ZTE \u00e8 un apparato economico ma molto efficace con ottime...","og_url":"https:\/\/videom.it\/blog\/shop\/zte-blade-a51\/","og_site_name":"VideoMusic","article_publisher":"https:\/\/www.facebook.com\/videomusiccava.trebisacce","article_modified_time":"2025-05-26T03:12:39+00:00","og_image":[{"width":1024,"height":600,"url":"https:\/\/videom.it\/blog\/wp-content\/uploads\/2021\/04\/A51blog.jpg","type":"image\/jpeg"}],"twitter_misc":{"Tempo di lettura stimato":"2 minuti"},"schema":{"@context":"https:\/\/schema.org","@graph":[{"@type":"WebPage","@id":"https:\/\/videom.it\/blog\/shop\/zte-blade-a51\/","url":"https:\/\/videom.it\/blog\/shop\/zte-blade-a51\/","name":"ZTE Blade A51","isPartOf":{"@id":"https:\/\/videom.it\/blog\/#website"},"primaryImageOfPage":{"@id":"https:\/\/videom.it\/blog\/shop\/zte-blade-a51\/#primaryimage"},"image":{"@id":"https:\/\/videom.it\/blog\/shop\/zte-blade-a51\/#primaryimage"},"thumbnailUrl":"https:\/\/i0.wp.com\/videom.it\/blog\/wp-content\/uploads\/2021\/04\/A51blog.jpg?fit=1024%2C600&ssl=1","datePublished":"2021-04-26T16:46:32+00:00","dateModified":"2025-05-26T03:12:39+00:00","description":"ZTE Blade A51 \u00e8 un nuovo ed intrigante smartphone. Il nuovo cellulare ZTE \u00e8 un apparato economico ma molto efficace con ottime...","breadcrumb":{"@id":"https:\/\/videom.it\/blog\/shop\/zte-blade-a51\/#breadcrumb"},"inLanguage":"it-IT","potentialAction":[{"@type":"ReadAction","target":["https:\/\/videom.it\/blog\/shop\/zte-blade-a51\/"]}]},{"@type":"ImageObject","inLanguage":"it-IT","@id":"https:\/\/videom.it\/blog\/shop\/zte-blade-a51\/#primaryimage","url":"https:\/\/i0.wp.com\/videom.it\/blog\/wp-content\/uploads\/2021\/04\/A51blog.jpg?fit=1024%2C600&ssl=1","contentUrl":"https:\/\/i0.wp.com\/videom.it\/blog\/wp-content\/uploads\/2021\/04\/A51blog.jpg?fit=1024%2C600&ssl=1","width":1024,"height":600},{"@type":"BreadcrumbList","@id":"https:\/\/videom.it\/blog\/shop\/zte-blade-a51\/#breadcrumb","itemListElement":[{"@type":"ListItem","position":1,"name":"Home","item":"https:\/\/videom.it\/blog\/"},{"@type":"ListItem","position":2,"name":"Shop","item":"https:\/\/videom.it\/blog\/shop\/"},{"@type":"ListItem","position":3,"name":"ZTE Blade A51"}]},{"@type":"WebSite","@id":"https:\/\/videom.it\/blog\/#website","url":"https:\/\/videom.it\/blog\/","name":"VideoMusic","description":"Luce &amp; Gas - Assicurazioni - Riparazioni","publisher":{"@id":"https:\/\/videom.it\/blog\/#organization"},"potentialAction":[{"@type":"SearchAction","target":{"@type":"EntryPoint","urlTemplate":"https:\/\/videom.it\/blog\/?s={search_term_string}"},"query-input":{"@type":"PropertyValueSpecification","valueRequired":true,"valueName":"search_term_string"}}],"inLanguage":"it-IT"},{"@type":"Organization","@id":"https:\/\/videom.it\/blog\/#organization","name":"VideoMusic","url":"https:\/\/videom.it\/blog\/","logo":{"@type":"ImageObject","inLanguage":"it-IT","@id":"https:\/\/videom.it\/blog\/#\/schema\/logo\/image\/","url":"https:\/\/i2.wp.com\/videom.it\/blog\/wp-content\/uploads\/2015\/04\/25th-giallo-3.jpg?fit=1300%2C1192&ssl=1","contentUrl":"https:\/\/i2.wp.com\/videom.it\/blog\/wp-content\/uploads\/2015\/04\/25th-giallo-3.jpg?fit=1300%2C1192&ssl=1","width":1300,"height":1192,"caption":"VideoMusic"},"image":{"@id":"https:\/\/videom.it\/blog\/#\/schema\/logo\/image\/"},"sameAs":["https:\/\/www.facebook.com\/videomusiccava.trebisacce","https:\/\/x.com\/vbcava","https:\/\/www.youtube.com\/channel\/UCgNxnZpk2zqHaIcIxF3swOA"]}]}},"jetpack_publicize_connections":[],"jetpack_sharing_enabled":true,"_links":{"self":[{"href":"https:\/\/videom.it\/blog\/wp-json\/wp\/v2\/product\/5435","targetHints":{"allow":["GET"]}}],"collection":[{"href":"https:\/\/videom.it\/blog\/wp-json\/wp\/v2\/product"}],"about":[{"href":"https:\/\/videom.it\/blog\/wp-json\/wp\/v2\/types\/product"}],"replies":[{"embeddable":true,"href":"https:\/\/videom.it\/blog\/wp-json\/wp\/v2\/comments?post=5435"}],"wp:featuredmedia":[{"embeddable":true,"href":"https:\/\/videom.it\/blog\/wp-json\/wp\/v2\/media\/5438"}],"wp:attachment":[{"href":"https:\/\/videom.it\/blog\/wp-json\/wp\/v2\/media?parent=5435"}],"wp:term":[{"taxonomy":"product_brand","embeddable":true,"href":"https:\/\/videom.it\/blog\/wp-json\/wp\/v2\/product_brand?post=5435"},{"taxonomy":"product_cat","embeddable":true,"href":"https:\/\/videom.it\/blog\/wp-json\/wp\/v2\/product_cat?post=5435"},{"taxonomy":"product_tag","embeddable":true,"href":"https:\/\/videom.it\/blog\/wp-json\/wp\/v2\/product_tag?post=5435"}],"curies":[{"name":"wp","href":"https:\/\/api.w.org\/{rel}","templated":true}]}}