{"id":5424,"date":"2021-04-22T20:09:02","date_gmt":"2021-04-22T18:09:02","guid":{"rendered":"https:\/\/videom.it\/blog\/?post_type=product&#038;p=5424"},"modified":"2024-12-12T00:58:55","modified_gmt":"2024-12-11T23:58:55","slug":"tcl-20-se","status":"publish","type":"product","link":"https:\/\/videom.it\/blog\/shop\/tcl-20-se\/","title":{"rendered":"TCL 20 SE RAM 4GB"},"content":{"rendered":"<p>La famiglia TCL 20 si allarga con il lancio del nuovo modello <strong>TCL 20 SE<\/strong> che \u00e8 un dispositivo equilibrato nelle caratteristiche tecniche ed \u00e8 probabilmente uno dei pi\u00f9 convenienti nella sua fascia prezzo.<\/p>\n<p>\u00c8 sostanzialmente uno <a href=\"https:\/\/videom.it\/blog\/protection-pro\/\" target=\"_blank\" rel=\"noopener\">smartphone<\/a> per l&#8217;intrattenimento, grazie al suo grande display LCD IPS da\u00a0<strong>6.82 pollici HD+ (1640 x 720 pixel).<\/strong> Rapporto\u00a0<strong>screen-to-body del 90%<\/strong>\u00a0e tecnologia\u00a0<strong>NXTVISION<\/strong>\u00a0per coloro che vogliono ottenere il massimo nel multimedia. Per sfruttare ulteriormente il display, TCL 20 SE dispone anche della funzione\u00a0<strong>Smart Floating Window.<\/strong> Questo consente agli utenti di navigare sul web o rispondere ai messaggi senza interrompere la visione di video. Questa funzione \u00e8 facilmente attivabile e pu\u00f2 essere regolata nelle dimensioni o spostata in qualsiasi punto dello schermo. Il dispositivo \u00e8 anche in grado di proteggere gli occhi in qualsiasi condizione di luce grazie alle modalit\u00e0 di lettura e <strong>Eye Comfort<\/strong>. L\u2019esperienza audio in stereo si fa forte del design a\u00a0<strong>doppio altoparlante.<\/strong><\/p>\n<p>Sotto la scocca, TCL ha previsto un SoC octa-core\u00a0<strong>Qualcomm Snapdragon 460\u00a0<\/strong>con 4GB di RAM e 64GB di memoria espandibile con schede microSD fino a 256GB. Il comparto fotografico \u00e8 invece composto da una <strong>selfie-camera da 8MP<\/strong> nascosta nel notch a V che supporta il sistema di face-unlock.\u00a0 La fotocamera posteriore \u00e8 quad-camera con un <strong>sensore principale da 16MP AI<\/strong>, una grandangolare da 5MP, una macro da 2MP ed una depth camera da 2MP. L&#8217;Intelligenza Artificiale offre inoltre funzionalit\u00e0 di ritratto e miglioramento del cielo. Progettate per rilevare automaticamente i soggetti e regolare lo sfondo per ottenere scatti pi\u00f9 belli.<\/p>\n<p>TCL 20 SE \u00e8 dotato di una\u00a0<strong>batteria da 5000 mAh<\/strong> che dovrebbe offrire fino a 17 ore di riproduzione video non-stop, 154 ore di musica o 20 ore di navigazione web in 4G. Per semplificare la vita, sempre in movimento, \u00e8 inoltre presente la ricarica rapida fino a 18W e la ricarica OTG Reverse. Questo consente di ricaricare i propri dispositivi in qualsiasi momento, ovunque ci si trovi, grazie alla batteria dello smartphone. Non manca WiFi, Bluetooth 5.0, una USB Type-C, NFC ed il lettore di impronte digitali. TCL 20 SE gira su <strong><a href=\"https:\/\/www.android.com\/intl\/it_it\/android-11\/\" target=\"_blank\" rel=\"noopener\">Android 11<\/a>.<\/strong><\/p>\n<p><strong>Proteggi il tuo Smartphone con <a href=\"http:\/\/videom.it\/blog\/protection-pro\/\">PROTECTION PRO ULTRA<\/a> <\/strong>\u2013<\/p>\n<p>Il sistema di protezione pi\u00f9 avanzato sul mercato. <strong>Una esclusiva VideoMusic<\/strong> <strong>Cava<\/strong> Trebisacce, unico rivenditore dell&#8217;Alto Ionio<\/p>\n<p><a href=\"https:\/\/i0.wp.com\/videom.it\/blog\/wp-content\/uploads\/2020\/01\/Logo-Videomusic-Blog1.jpg?ssl=1\"><img data-recalc-dims=\"1\" decoding=\"async\" class=\"alignnone wp-image-3983\" src=\"https:\/\/i0.wp.com\/videom.it\/blog\/wp-content\/uploads\/2020\/01\/Logo-Videomusic-Blog1.jpg?resize=349%2C86&#038;ssl=1\" alt=\"\" width=\"349\" height=\"86\" srcset=\"https:\/\/i0.wp.com\/videom.it\/blog\/wp-content\/uploads\/2020\/01\/Logo-Videomusic-Blog1.jpg?resize=1024%2C252&amp;ssl=1 1024w, https:\/\/i0.wp.com\/videom.it\/blog\/wp-content\/uploads\/2020\/01\/Logo-Videomusic-Blog1.jpg?resize=300%2C74&amp;ssl=1 300w, https:\/\/i0.wp.com\/videom.it\/blog\/wp-content\/uploads\/2020\/01\/Logo-Videomusic-Blog1.jpg?resize=768%2C189&amp;ssl=1 768w, https:\/\/i0.wp.com\/videom.it\/blog\/wp-content\/uploads\/2020\/01\/Logo-Videomusic-Blog1.jpg?resize=1536%2C379&amp;ssl=1 1536w, https:\/\/i0.wp.com\/videom.it\/blog\/wp-content\/uploads\/2020\/01\/Logo-Videomusic-Blog1.jpg?resize=100%2C25&amp;ssl=1 100w, https:\/\/i0.wp.com\/videom.it\/blog\/wp-content\/uploads\/2020\/01\/Logo-Videomusic-Blog1.jpg?resize=150%2C37&amp;ssl=1 150w, https:\/\/i0.wp.com\/videom.it\/blog\/wp-content\/uploads\/2020\/01\/Logo-Videomusic-Blog1.jpg?resize=200%2C49&amp;ssl=1 200w, https:\/\/i0.wp.com\/videom.it\/blog\/wp-content\/uploads\/2020\/01\/Logo-Videomusic-Blog1.jpg?resize=450%2C111&amp;ssl=1 450w, https:\/\/i0.wp.com\/videom.it\/blog\/wp-content\/uploads\/2020\/01\/Logo-Videomusic-Blog1.jpg?resize=600%2C148&amp;ssl=1 600w, https:\/\/i0.wp.com\/videom.it\/blog\/wp-content\/uploads\/2020\/01\/Logo-Videomusic-Blog1.jpg?resize=900%2C222&amp;ssl=1 900w, https:\/\/i0.wp.com\/videom.it\/blog\/wp-content\/uploads\/2020\/01\/Logo-Videomusic-Blog1.jpg?w=1712&amp;ssl=1 1712w\" sizes=\"(max-width: 349px) 100vw, 349px\" \/><\/a> <a href=\"https:\/\/i0.wp.com\/videom.it\/blog\/wp-content\/uploads\/2021\/03\/nuova-insegna-blog.jpg?ssl=1\"><img data-recalc-dims=\"1\" decoding=\"async\" class=\"alignnone wp-image-5230\" src=\"https:\/\/i0.wp.com\/videom.it\/blog\/wp-content\/uploads\/2021\/03\/nuova-insegna-blog-300x173.jpg?resize=241%2C139&#038;ssl=1\" alt=\"TCL 20 SE \" width=\"241\" height=\"139\" \/><\/a> \u00a0 \u00a0<a href=\"https:\/\/i0.wp.com\/videom.it\/blog\/wp-content\/uploads\/2020\/05\/consegna-gratuita-GRAT-e1618251105672.jpg?ssl=1\"><img data-recalc-dims=\"1\" decoding=\"async\" class=\"alignnone size-medium wp-image-4221\" src=\"https:\/\/i0.wp.com\/videom.it\/blog\/wp-content\/uploads\/2020\/05\/consegna-gratuita-GRAT.jpg?resize=300%2C108&#038;ssl=1\" alt=\"TCL 20 SE \" width=\"300\" height=\"108\" \/><\/a><\/p>\n<p><strong>Unica sede a Trebisacce (Cs) in Vle della Libert\u00e0 22\/24 &#8211; 098158459 \/ 51519 &#8211; 3518188174 &#8211; info@videom.it<\/strong><\/p>\n","protected":false},"excerpt":{"rendered":"<ul>\n<li><strong>Display:<\/strong> 6.82\u201d HD+,<\/li>\n<li><strong>Dual SIM, <\/strong><\/li>\n<li><strong>Fotocamera<\/strong>: Quadrupla Cam 16+5+2+2MP,<\/li>\n<li><strong>Ram<\/strong>: 4GB<\/li>\n<li><strong>Memoria Interna<\/strong>: 64GB espandibile fino a 256GB<\/li>\n<li><strong>Batteria: <\/strong>5000mAh<\/li>\n<li><strong>Sistema Operativo<\/strong>: Android 11<\/li>\n<\/ul>\n<p><a href=\"https:\/\/videom.it\/blog\/wp-content\/uploads\/2020\/05\/consegna-gratuita-GRAT-e1618251105672.jpg\"><img loading=\"lazy\" decoding=\"async\" class=\"alignnone size-medium wp-image-4221\" src=\"https:\/\/videom.it\/blog\/wp-content\/uploads\/2020\/05\/consegna-gratuita-GRAT-300x108.jpg\" alt=\"\" width=\"300\" height=\"108\" \/><\/a><\/p>\n","protected":false},"featured_media":5425,"comment_status":"open","ping_status":"closed","template":"","meta":{"jetpack_post_was_ever_published":false,"jetpack_publicize_message":"","jetpack_publicize_feature_enabled":true,"jetpack_social_post_already_shared":true,"jetpack_social_options":{"image_generator_settings":{"template":"highway","default_image_id":0,"font":"","enabled":false},"version":2}},"product_brand":[],"product_cat":[27],"product_tag":[55,85,54,215],"class_list":{"0":"post-5424","1":"product","2":"type-product","3":"status-publish","4":"has-post-thumbnail","6":"product_cat-smartphone","7":"product_tag-android","8":"product_tag-dual-sim","9":"product_tag-smartphone","10":"product_tag-telefonia-trebisacce","12":"first","13":"instock","14":"sale","15":"taxable","16":"shipping-taxable","17":"purchasable","18":"product-type-simple"},"yoast_head":"<!-- This site is optimized with the Yoast SEO plugin v27.4 - https:\/\/yoast.com\/product\/yoast-seo-wordpress\/ -->\n<title>TCL 20 SE RAM 4GB<\/title>\n<meta name=\"description\" content=\"Il nuovo TCL 20 SE ha un SoC octa-core\u00a0Qualcomm Snapdragon 460\u00a0con 4GB di RAM e 64GB di memoria e una fotocamera da 16MP\" \/>\n<meta name=\"robots\" content=\"index, follow, max-snippet:-1, max-image-preview:large, max-video-preview:-1\" \/>\n<link rel=\"canonical\" href=\"https:\/\/videom.it\/blog\/shop\/tcl-20-se\/\" \/>\n<meta property=\"og:locale\" content=\"it_IT\" \/>\n<meta property=\"og:type\" content=\"article\" \/>\n<meta property=\"og:title\" content=\"TCL 20 SE RAM 4GB\" \/>\n<meta property=\"og:description\" content=\"Il nuovo TCL 20 SE ha un SoC octa-core\u00a0Qualcomm Snapdragon 460\u00a0con 4GB di RAM e 64GB di memoria e una fotocamera da 16MP\" \/>\n<meta property=\"og:url\" content=\"https:\/\/videom.it\/blog\/shop\/tcl-20-se\/\" \/>\n<meta property=\"og:site_name\" content=\"VideoMusic\" \/>\n<meta property=\"article:publisher\" content=\"https:\/\/www.facebook.com\/videomusiccava.trebisacce\" \/>\n<meta property=\"article:modified_time\" content=\"2024-12-11T23:58:55+00:00\" \/>\n<meta property=\"og:image\" content=\"https:\/\/i2.wp.com\/videom.it\/blog\/wp-content\/uploads\/2021\/04\/tcl-20se-A.jpg?fit=1024%2C600&ssl=1\" \/>\n\t<meta property=\"og:image:width\" content=\"1024\" \/>\n\t<meta property=\"og:image:height\" content=\"600\" \/>\n\t<meta property=\"og:image:type\" content=\"image\/jpeg\" \/>\n<meta name=\"twitter:label1\" content=\"Tempo di lettura stimato\" \/>\n\t<meta name=\"twitter:data1\" content=\"3 minuti\" \/>\n<script type=\"application\/ld+json\" class=\"yoast-schema-graph\">{\"@context\":\"https:\\\/\\\/schema.org\",\"@graph\":[{\"@type\":\"WebPage\",\"@id\":\"https:\\\/\\\/videom.it\\\/blog\\\/shop\\\/tcl-20-se\\\/\",\"url\":\"https:\\\/\\\/videom.it\\\/blog\\\/shop\\\/tcl-20-se\\\/\",\"name\":\"TCL 20 SE RAM 4GB\",\"isPartOf\":{\"@id\":\"https:\\\/\\\/videom.it\\\/blog\\\/#website\"},\"primaryImageOfPage\":{\"@id\":\"https:\\\/\\\/videom.it\\\/blog\\\/shop\\\/tcl-20-se\\\/#primaryimage\"},\"image\":{\"@id\":\"https:\\\/\\\/videom.it\\\/blog\\\/shop\\\/tcl-20-se\\\/#primaryimage\"},\"thumbnailUrl\":\"https:\\\/\\\/i0.wp.com\\\/videom.it\\\/blog\\\/wp-content\\\/uploads\\\/2021\\\/04\\\/tcl-20se-A.jpg?fit=1024%2C600&ssl=1\",\"datePublished\":\"2021-04-22T18:09:02+00:00\",\"dateModified\":\"2024-12-11T23:58:55+00:00\",\"description\":\"Il nuovo TCL 20 SE ha un SoC octa-core\u00a0Qualcomm Snapdragon 460\u00a0con 4GB di RAM e 64GB di memoria e una fotocamera da 16MP\",\"breadcrumb\":{\"@id\":\"https:\\\/\\\/videom.it\\\/blog\\\/shop\\\/tcl-20-se\\\/#breadcrumb\"},\"inLanguage\":\"it-IT\",\"potentialAction\":[{\"@type\":\"ReadAction\",\"target\":[\"https:\\\/\\\/videom.it\\\/blog\\\/shop\\\/tcl-20-se\\\/\"]}]},{\"@type\":\"ImageObject\",\"inLanguage\":\"it-IT\",\"@id\":\"https:\\\/\\\/videom.it\\\/blog\\\/shop\\\/tcl-20-se\\\/#primaryimage\",\"url\":\"https:\\\/\\\/i0.wp.com\\\/videom.it\\\/blog\\\/wp-content\\\/uploads\\\/2021\\\/04\\\/tcl-20se-A.jpg?fit=1024%2C600&ssl=1\",\"contentUrl\":\"https:\\\/\\\/i0.wp.com\\\/videom.it\\\/blog\\\/wp-content\\\/uploads\\\/2021\\\/04\\\/tcl-20se-A.jpg?fit=1024%2C600&ssl=1\",\"width\":1024,\"height\":600},{\"@type\":\"BreadcrumbList\",\"@id\":\"https:\\\/\\\/videom.it\\\/blog\\\/shop\\\/tcl-20-se\\\/#breadcrumb\",\"itemListElement\":[{\"@type\":\"ListItem\",\"position\":1,\"name\":\"Home\",\"item\":\"https:\\\/\\\/videom.it\\\/blog\\\/\"},{\"@type\":\"ListItem\",\"position\":2,\"name\":\"Shop\",\"item\":\"https:\\\/\\\/videom.it\\\/blog\\\/shop\\\/\"},{\"@type\":\"ListItem\",\"position\":3,\"name\":\"TCL 20 SE RAM 4GB\"}]},{\"@type\":\"WebSite\",\"@id\":\"https:\\\/\\\/videom.it\\\/blog\\\/#website\",\"url\":\"https:\\\/\\\/videom.it\\\/blog\\\/\",\"name\":\"VideoMusic\",\"description\":\"Luce &amp; Gas - Assicurazioni - Riparazioni\",\"publisher\":{\"@id\":\"https:\\\/\\\/videom.it\\\/blog\\\/#organization\"},\"potentialAction\":[{\"@type\":\"SearchAction\",\"target\":{\"@type\":\"EntryPoint\",\"urlTemplate\":\"https:\\\/\\\/videom.it\\\/blog\\\/?s={search_term_string}\"},\"query-input\":{\"@type\":\"PropertyValueSpecification\",\"valueRequired\":true,\"valueName\":\"search_term_string\"}}],\"inLanguage\":\"it-IT\"},{\"@type\":\"Organization\",\"@id\":\"https:\\\/\\\/videom.it\\\/blog\\\/#organization\",\"name\":\"VideoMusic\",\"url\":\"https:\\\/\\\/videom.it\\\/blog\\\/\",\"logo\":{\"@type\":\"ImageObject\",\"inLanguage\":\"it-IT\",\"@id\":\"https:\\\/\\\/videom.it\\\/blog\\\/#\\\/schema\\\/logo\\\/image\\\/\",\"url\":\"https:\\\/\\\/i2.wp.com\\\/videom.it\\\/blog\\\/wp-content\\\/uploads\\\/2015\\\/04\\\/25th-giallo-3.jpg?fit=1300%2C1192&ssl=1\",\"contentUrl\":\"https:\\\/\\\/i2.wp.com\\\/videom.it\\\/blog\\\/wp-content\\\/uploads\\\/2015\\\/04\\\/25th-giallo-3.jpg?fit=1300%2C1192&ssl=1\",\"width\":1300,\"height\":1192,\"caption\":\"VideoMusic\"},\"image\":{\"@id\":\"https:\\\/\\\/videom.it\\\/blog\\\/#\\\/schema\\\/logo\\\/image\\\/\"},\"sameAs\":[\"https:\\\/\\\/www.facebook.com\\\/videomusiccava.trebisacce\",\"https:\\\/\\\/x.com\\\/vbcava\",\"https:\\\/\\\/www.youtube.com\\\/channel\\\/UCgNxnZpk2zqHaIcIxF3swOA\"]}]}<\/script>\n<!-- \/ Yoast SEO plugin. -->","yoast_head_json":{"title":"TCL 20 SE RAM 4GB","description":"Il nuovo TCL 20 SE ha un SoC octa-core\u00a0Qualcomm Snapdragon 460\u00a0con 4GB di RAM e 64GB di memoria e una fotocamera da 16MP","robots":{"index":"index","follow":"follow","max-snippet":"max-snippet:-1","max-image-preview":"max-image-preview:large","max-video-preview":"max-video-preview:-1"},"canonical":"https:\/\/videom.it\/blog\/shop\/tcl-20-se\/","og_locale":"it_IT","og_type":"article","og_title":"TCL 20 SE RAM 4GB","og_description":"Il nuovo TCL 20 SE ha un SoC octa-core\u00a0Qualcomm Snapdragon 460\u00a0con 4GB di RAM e 64GB di memoria e una fotocamera da 16MP","og_url":"https:\/\/videom.it\/blog\/shop\/tcl-20-se\/","og_site_name":"VideoMusic","article_publisher":"https:\/\/www.facebook.com\/videomusiccava.trebisacce","article_modified_time":"2024-12-11T23:58:55+00:00","og_image":[{"width":1024,"height":600,"url":"https:\/\/i2.wp.com\/videom.it\/blog\/wp-content\/uploads\/2021\/04\/tcl-20se-A.jpg?fit=1024%2C600&ssl=1","type":"image\/jpeg"}],"twitter_misc":{"Tempo di lettura stimato":"3 minuti"},"schema":{"@context":"https:\/\/schema.org","@graph":[{"@type":"WebPage","@id":"https:\/\/videom.it\/blog\/shop\/tcl-20-se\/","url":"https:\/\/videom.it\/blog\/shop\/tcl-20-se\/","name":"TCL 20 SE RAM 4GB","isPartOf":{"@id":"https:\/\/videom.it\/blog\/#website"},"primaryImageOfPage":{"@id":"https:\/\/videom.it\/blog\/shop\/tcl-20-se\/#primaryimage"},"image":{"@id":"https:\/\/videom.it\/blog\/shop\/tcl-20-se\/#primaryimage"},"thumbnailUrl":"https:\/\/i0.wp.com\/videom.it\/blog\/wp-content\/uploads\/2021\/04\/tcl-20se-A.jpg?fit=1024%2C600&ssl=1","datePublished":"2021-04-22T18:09:02+00:00","dateModified":"2024-12-11T23:58:55+00:00","description":"Il nuovo TCL 20 SE ha un SoC octa-core\u00a0Qualcomm Snapdragon 460\u00a0con 4GB di RAM e 64GB di memoria e una fotocamera da 16MP","breadcrumb":{"@id":"https:\/\/videom.it\/blog\/shop\/tcl-20-se\/#breadcrumb"},"inLanguage":"it-IT","potentialAction":[{"@type":"ReadAction","target":["https:\/\/videom.it\/blog\/shop\/tcl-20-se\/"]}]},{"@type":"ImageObject","inLanguage":"it-IT","@id":"https:\/\/videom.it\/blog\/shop\/tcl-20-se\/#primaryimage","url":"https:\/\/i0.wp.com\/videom.it\/blog\/wp-content\/uploads\/2021\/04\/tcl-20se-A.jpg?fit=1024%2C600&ssl=1","contentUrl":"https:\/\/i0.wp.com\/videom.it\/blog\/wp-content\/uploads\/2021\/04\/tcl-20se-A.jpg?fit=1024%2C600&ssl=1","width":1024,"height":600},{"@type":"BreadcrumbList","@id":"https:\/\/videom.it\/blog\/shop\/tcl-20-se\/#breadcrumb","itemListElement":[{"@type":"ListItem","position":1,"name":"Home","item":"https:\/\/videom.it\/blog\/"},{"@type":"ListItem","position":2,"name":"Shop","item":"https:\/\/videom.it\/blog\/shop\/"},{"@type":"ListItem","position":3,"name":"TCL 20 SE RAM 4GB"}]},{"@type":"WebSite","@id":"https:\/\/videom.it\/blog\/#website","url":"https:\/\/videom.it\/blog\/","name":"VideoMusic","description":"Luce &amp; Gas - Assicurazioni - Riparazioni","publisher":{"@id":"https:\/\/videom.it\/blog\/#organization"},"potentialAction":[{"@type":"SearchAction","target":{"@type":"EntryPoint","urlTemplate":"https:\/\/videom.it\/blog\/?s={search_term_string}"},"query-input":{"@type":"PropertyValueSpecification","valueRequired":true,"valueName":"search_term_string"}}],"inLanguage":"it-IT"},{"@type":"Organization","@id":"https:\/\/videom.it\/blog\/#organization","name":"VideoMusic","url":"https:\/\/videom.it\/blog\/","logo":{"@type":"ImageObject","inLanguage":"it-IT","@id":"https:\/\/videom.it\/blog\/#\/schema\/logo\/image\/","url":"https:\/\/i2.wp.com\/videom.it\/blog\/wp-content\/uploads\/2015\/04\/25th-giallo-3.jpg?fit=1300%2C1192&ssl=1","contentUrl":"https:\/\/i2.wp.com\/videom.it\/blog\/wp-content\/uploads\/2015\/04\/25th-giallo-3.jpg?fit=1300%2C1192&ssl=1","width":1300,"height":1192,"caption":"VideoMusic"},"image":{"@id":"https:\/\/videom.it\/blog\/#\/schema\/logo\/image\/"},"sameAs":["https:\/\/www.facebook.com\/videomusiccava.trebisacce","https:\/\/x.com\/vbcava","https:\/\/www.youtube.com\/channel\/UCgNxnZpk2zqHaIcIxF3swOA"]}]}},"jetpack_publicize_connections":[],"jetpack_sharing_enabled":true,"_links":{"self":[{"href":"https:\/\/videom.it\/blog\/wp-json\/wp\/v2\/product\/5424","targetHints":{"allow":["GET"]}}],"collection":[{"href":"https:\/\/videom.it\/blog\/wp-json\/wp\/v2\/product"}],"about":[{"href":"https:\/\/videom.it\/blog\/wp-json\/wp\/v2\/types\/product"}],"replies":[{"embeddable":true,"href":"https:\/\/videom.it\/blog\/wp-json\/wp\/v2\/comments?post=5424"}],"wp:featuredmedia":[{"embeddable":true,"href":"https:\/\/videom.it\/blog\/wp-json\/wp\/v2\/media\/5425"}],"wp:attachment":[{"href":"https:\/\/videom.it\/blog\/wp-json\/wp\/v2\/media?parent=5424"}],"wp:term":[{"taxonomy":"product_brand","embeddable":true,"href":"https:\/\/videom.it\/blog\/wp-json\/wp\/v2\/product_brand?post=5424"},{"taxonomy":"product_cat","embeddable":true,"href":"https:\/\/videom.it\/blog\/wp-json\/wp\/v2\/product_cat?post=5424"},{"taxonomy":"product_tag","embeddable":true,"href":"https:\/\/videom.it\/blog\/wp-json\/wp\/v2\/product_tag?post=5424"}],"curies":[{"name":"wp","href":"https:\/\/api.w.org\/{rel}","templated":true}]}}