{"id":5385,"date":"2021-04-15T19:04:44","date_gmt":"2021-04-15T17:04:44","guid":{"rendered":"https:\/\/videom.it\/blog\/?post_type=product&#038;p=5385"},"modified":"2024-12-28T11:20:50","modified_gmt":"2024-12-28T10:20:50","slug":"oppo-find-x3-neo-5g","status":"publish","type":"product","link":"https:\/\/videom.it\/blog\/shop\/oppo-find-x3-neo-5g\/","title":{"rendered":"Oppo Find X3 Neo 5G"},"content":{"rendered":"<h2 class=\"vod__description__title\">OPPO Find X3 Neo 5G<\/h2>\n<div class=\"vod__description__details\">\n<p><b>DESIGN ELEGANTE E FUNZIONALE<\/b><br \/>\nOppo Find X3 Neo \u00e8 realizzato con l\u2019esclusivo processo di lavorazione OPPO Glow che dona alla scocca posteriore in vetro un aspetto brillante ed elegante.<br \/>\n<b>PERFORMANCE DA FLAGSHIP<\/b><br \/>\nFind X3 Neo<span class=\"morecontent\">\u00a0dispone di di <a href=\"https:\/\/it.wikipedia.org\/wiki\/RAM\" target=\"_blank\" rel=\"noopener\">12 GB di RAM<\/a>, processore Qualcomm Snapdragon 865 e del sistema di ricarica proprietario OPPO.<br \/>\n<b>BATTERIA E RICARICA<\/b><br \/>\nEquipaggiato con una batteria da 4.500mAh, Find X3 Neo \u00e8 dotato del sistema di ricarica proprietario <a href=\"https:\/\/videom.it\/blog\/shop\/oppo-find-x3-pro\/\" target=\"_blank\" rel=\"noopener\">OPPO Super VOOC 2.0<\/a> a 65W, che consente di ricaricare il dispositivo al 100% in poco pi\u00f9 di 30 minuti.<br \/>\n<b>QUADRUPLA FOTOCAMERA AI<\/b><br \/>\nIl comparto fotografico di Find X3 Neo (Primaria 50MP | sensore Sony IMX766) consente di scattare foto e girare video in qualsiasi condizione di luce (AI Video) e di sfruttare la stabilizzazione video sia frontale che posteriore (Ultra Steady Video 3.0).<\/span><\/p>\n<\/div>\n<p>Il nuovo Find X3 Neo \u00e8 indubbiamente uno degli smartphone <b>Android<\/b>\u00a0pi\u00f9 avanzati e completi disponibili sul mercato, grazie alla ricca dotazione e all&#8217;elevata multimedialit\u00e0. Dispone di un grande display da\u00a0<b>6.55<\/b>\u00a0pollici con una risoluzione di\u00a0<b>2400&#215;1080<\/b> pixel. Le funzionalit\u00e0 offerte da questo Find X3 Neo sono veramente tante e all&#8217;avanguardia. A cominciare dal modulo\u00a0<b>5G<\/b>\u00a0che permette un trasferimento dati e una navigazione in internet eccellente.<br \/>\nQuesto Find X3 Neo \u00e8 un prodotto con pochi competitor per ci\u00f2 che riguarda la multimedialit\u00e0 grazie alla fotocamera da ben <b>50<\/b> megapixel che permette al Find X3 Neo di scattare foto di alta qualit\u00e0 con una risoluzione di\u00a0<b>8150&#215;6120<\/b>\u00a0pixel e di registrare video in\u00a0<b>4K<\/b>\u00a0alla risoluzione di\u00a0<b>3840&#215;2160<\/b>\u00a0pixel. Lo spessore di\u00a0<b>8mm<\/b> \u00e8 veramente contenuto e rende questo Find X3 Neo ancora pi\u00f9 spettacolare.<\/p>\n<p><strong>Proteggi il tuo Smartphone con <a href=\"http:\/\/videom.it\/blog\/protection-pro\/\">PROTECTION PRO ULTRA<\/a> <\/strong>\u2013<\/p>\n<p>Il sistema di protezione pi\u00f9 avanzato sul mercato. <strong>Una esclusiva VideoMusic<\/strong> <strong>Cava<\/strong> Trebisacce, unico rivenditore dell&#8217;Alto Ionio<\/p>\n<p><a href=\"https:\/\/i0.wp.com\/videom.it\/blog\/wp-content\/uploads\/2020\/01\/Logo-Videomusic-Blog1.jpg?ssl=1\"><img data-recalc-dims=\"1\" decoding=\"async\" class=\"alignnone wp-image-3983\" src=\"https:\/\/i0.wp.com\/videom.it\/blog\/wp-content\/uploads\/2020\/01\/Logo-Videomusic-Blog1.jpg?resize=349%2C86&#038;ssl=1\" alt=\"oppo find\" width=\"349\" height=\"86\" srcset=\"https:\/\/i0.wp.com\/videom.it\/blog\/wp-content\/uploads\/2020\/01\/Logo-Videomusic-Blog1.jpg?resize=1024%2C252&amp;ssl=1 1024w, https:\/\/i0.wp.com\/videom.it\/blog\/wp-content\/uploads\/2020\/01\/Logo-Videomusic-Blog1.jpg?resize=300%2C74&amp;ssl=1 300w, https:\/\/i0.wp.com\/videom.it\/blog\/wp-content\/uploads\/2020\/01\/Logo-Videomusic-Blog1.jpg?resize=768%2C189&amp;ssl=1 768w, https:\/\/i0.wp.com\/videom.it\/blog\/wp-content\/uploads\/2020\/01\/Logo-Videomusic-Blog1.jpg?resize=1536%2C379&amp;ssl=1 1536w, https:\/\/i0.wp.com\/videom.it\/blog\/wp-content\/uploads\/2020\/01\/Logo-Videomusic-Blog1.jpg?resize=100%2C25&amp;ssl=1 100w, https:\/\/i0.wp.com\/videom.it\/blog\/wp-content\/uploads\/2020\/01\/Logo-Videomusic-Blog1.jpg?resize=150%2C37&amp;ssl=1 150w, https:\/\/i0.wp.com\/videom.it\/blog\/wp-content\/uploads\/2020\/01\/Logo-Videomusic-Blog1.jpg?resize=200%2C49&amp;ssl=1 200w, https:\/\/i0.wp.com\/videom.it\/blog\/wp-content\/uploads\/2020\/01\/Logo-Videomusic-Blog1.jpg?resize=450%2C111&amp;ssl=1 450w, https:\/\/i0.wp.com\/videom.it\/blog\/wp-content\/uploads\/2020\/01\/Logo-Videomusic-Blog1.jpg?resize=600%2C148&amp;ssl=1 600w, https:\/\/i0.wp.com\/videom.it\/blog\/wp-content\/uploads\/2020\/01\/Logo-Videomusic-Blog1.jpg?resize=900%2C222&amp;ssl=1 900w, https:\/\/i0.wp.com\/videom.it\/blog\/wp-content\/uploads\/2020\/01\/Logo-Videomusic-Blog1.jpg?w=1712&amp;ssl=1 1712w\" sizes=\"(max-width: 349px) 100vw, 349px\" \/><\/a> <a href=\"https:\/\/i0.wp.com\/videom.it\/blog\/wp-content\/uploads\/2020\/10\/Imma-da-usar-on-line-b.jpg?ssl=1\"><img data-recalc-dims=\"1\" decoding=\"async\" class=\"alignnone wp-image-4732\" src=\"https:\/\/i0.wp.com\/videom.it\/blog\/wp-content\/uploads\/2020\/10\/Imma-da-usar-on-line-b-1024x534.jpg?resize=206%2C107&#038;ssl=1\" alt=\"oppo find\" width=\"206\" height=\"107\" \/><\/a> \u00a0 \u00a0<a href=\"https:\/\/i0.wp.com\/videom.it\/blog\/wp-content\/uploads\/2020\/05\/consegna-gratuita-GRAT-e1618251105672.jpg?ssl=1\"><img data-recalc-dims=\"1\" decoding=\"async\" class=\"alignnone wp-image-4221\" src=\"https:\/\/i0.wp.com\/videom.it\/blog\/wp-content\/uploads\/2020\/05\/consegna-gratuita-GRAT-e1618251105672.jpg?resize=200%2C72&#038;ssl=1\" alt=\"oppo find\" width=\"200\" height=\"72\" \/><\/a><\/p>\n<p><strong>Unica sede a Trebisacce (Cs) in Vle della Libert\u00e0 22\/24 &#8211; 098158459 \/ 51519 &#8211; 3518188174 &#8211; info@videom.it<\/strong><\/p>\n","protected":false},"excerpt":{"rendered":"<ul>\n<li><strong>Display 6,55 &#8221; AMOLED\u00a0<\/strong><\/li>\n<li><strong>Memoria interna: 256 GB\u00a0<\/strong><\/li>\n<li><strong>RAM: 12 GB<\/strong><\/li>\n<li><strong>Penta Band &#8211; 5G &#8211; Wi-Fi &#8211; NFC &#8211; A-GPS<\/strong><\/li>\n<li><strong>Fotocamera posteriore: 50 Megapixel\u00a0<\/strong><\/li>\n<li><strong>Android 11.0 con ColorOS 11.1<\/strong><\/li>\n<li><strong>Processore: 8-Core da 2,8 GHz<\/strong><\/li>\n<li><strong>Memoria interna: 256 GB<\/strong><\/li>\n<\/ul>\n<p><a href=\"https:\/\/videom.it\/blog\/wp-content\/uploads\/2020\/05\/consegna-gratuita-GRAT-e1618251105672.jpg\"><img loading=\"lazy\" decoding=\"async\" class=\"alignnone size-medium wp-image-4221\" src=\"https:\/\/videom.it\/blog\/wp-content\/uploads\/2020\/05\/consegna-gratuita-GRAT-300x108.jpg\" alt=\"\" width=\"300\" height=\"108\" \/><\/a><\/p>\n","protected":false},"featured_media":5390,"comment_status":"open","ping_status":"closed","template":"","meta":{"jetpack_post_was_ever_published":false,"jetpack_publicize_message":"","jetpack_publicize_feature_enabled":true,"jetpack_social_post_already_shared":true,"jetpack_social_options":{"image_generator_settings":{"template":"highway","default_image_id":0,"font":"","enabled":false},"version":2}},"product_brand":[],"product_cat":[27],"product_tag":[55,85,228,54,215],"class_list":{"0":"post-5385","1":"product","2":"type-product","3":"status-publish","4":"has-post-thumbnail","6":"product_cat-smartphone","7":"product_tag-android","8":"product_tag-dual-sim","9":"product_tag-oppo","10":"product_tag-smartphone","11":"product_tag-telefonia-trebisacce","13":"first","14":"outofstock","15":"taxable","16":"shipping-taxable","17":"purchasable","18":"product-type-simple"},"yoast_head":"<!-- This site is optimized with the Yoast SEO plugin v27.4 - https:\/\/yoast.com\/product\/yoast-seo-wordpress\/ -->\n<title>Oppo Find X3 Neo 5G<\/title>\n<meta name=\"description\" content=\"Inuovo Oppo Find X3 Neo \u00e8 indubbiamente uno degli smartphone Android\u00a0pi\u00f9 avanzati e completi disponibili sul mercato 12GB di RAM e 128Gb ..\" \/>\n<meta name=\"robots\" content=\"index, follow, max-snippet:-1, max-image-preview:large, max-video-preview:-1\" \/>\n<link rel=\"canonical\" href=\"https:\/\/videom.it\/blog\/shop\/oppo-find-x3-neo-5g\/\" \/>\n<meta property=\"og:locale\" content=\"it_IT\" \/>\n<meta property=\"og:type\" content=\"article\" \/>\n<meta property=\"og:title\" content=\"Oppo Find X3 Neo 5G\" \/>\n<meta property=\"og:description\" content=\"Inuovo Oppo Find X3 Neo \u00e8 indubbiamente uno degli smartphone Android\u00a0pi\u00f9 avanzati e completi disponibili sul mercato 12GB di RAM e 128Gb ..\" \/>\n<meta property=\"og:url\" content=\"https:\/\/videom.it\/blog\/shop\/oppo-find-x3-neo-5g\/\" \/>\n<meta property=\"og:site_name\" content=\"VideoMusic\" \/>\n<meta property=\"article:publisher\" content=\"https:\/\/www.facebook.com\/videomusiccava.trebisacce\" \/>\n<meta property=\"article:modified_time\" content=\"2024-12-28T10:20:50+00:00\" \/>\n<meta property=\"og:image\" content=\"https:\/\/videom.it\/blog\/wp-content\/uploads\/2021\/04\/OPPO-FIND-X3-NEO-6.jpg\" \/>\n\t<meta property=\"og:image:width\" content=\"1024\" \/>\n\t<meta property=\"og:image:height\" content=\"600\" \/>\n\t<meta property=\"og:image:type\" content=\"image\/jpeg\" \/>\n<meta name=\"twitter:label1\" content=\"Tempo di lettura stimato\" \/>\n\t<meta name=\"twitter:data1\" content=\"2 minuti\" \/>\n<script type=\"application\/ld+json\" class=\"yoast-schema-graph\">{\"@context\":\"https:\\\/\\\/schema.org\",\"@graph\":[{\"@type\":\"WebPage\",\"@id\":\"https:\\\/\\\/videom.it\\\/blog\\\/shop\\\/oppo-find-x3-neo-5g\\\/\",\"url\":\"https:\\\/\\\/videom.it\\\/blog\\\/shop\\\/oppo-find-x3-neo-5g\\\/\",\"name\":\"Oppo Find X3 Neo 5G\",\"isPartOf\":{\"@id\":\"https:\\\/\\\/videom.it\\\/blog\\\/#website\"},\"primaryImageOfPage\":{\"@id\":\"https:\\\/\\\/videom.it\\\/blog\\\/shop\\\/oppo-find-x3-neo-5g\\\/#primaryimage\"},\"image\":{\"@id\":\"https:\\\/\\\/videom.it\\\/blog\\\/shop\\\/oppo-find-x3-neo-5g\\\/#primaryimage\"},\"thumbnailUrl\":\"https:\\\/\\\/i0.wp.com\\\/videom.it\\\/blog\\\/wp-content\\\/uploads\\\/2021\\\/04\\\/OPPO-FIND-X3-NEO-6.jpg?fit=1024%2C600&ssl=1\",\"datePublished\":\"2021-04-15T17:04:44+00:00\",\"dateModified\":\"2024-12-28T10:20:50+00:00\",\"description\":\"Inuovo Oppo Find X3 Neo \u00e8 indubbiamente uno degli smartphone Android\u00a0pi\u00f9 avanzati e completi disponibili sul mercato 12GB di RAM e 128Gb ..\",\"breadcrumb\":{\"@id\":\"https:\\\/\\\/videom.it\\\/blog\\\/shop\\\/oppo-find-x3-neo-5g\\\/#breadcrumb\"},\"inLanguage\":\"it-IT\",\"potentialAction\":[{\"@type\":\"ReadAction\",\"target\":[\"https:\\\/\\\/videom.it\\\/blog\\\/shop\\\/oppo-find-x3-neo-5g\\\/\"]}]},{\"@type\":\"ImageObject\",\"inLanguage\":\"it-IT\",\"@id\":\"https:\\\/\\\/videom.it\\\/blog\\\/shop\\\/oppo-find-x3-neo-5g\\\/#primaryimage\",\"url\":\"https:\\\/\\\/i0.wp.com\\\/videom.it\\\/blog\\\/wp-content\\\/uploads\\\/2021\\\/04\\\/OPPO-FIND-X3-NEO-6.jpg?fit=1024%2C600&ssl=1\",\"contentUrl\":\"https:\\\/\\\/i0.wp.com\\\/videom.it\\\/blog\\\/wp-content\\\/uploads\\\/2021\\\/04\\\/OPPO-FIND-X3-NEO-6.jpg?fit=1024%2C600&ssl=1\",\"width\":1024,\"height\":600},{\"@type\":\"BreadcrumbList\",\"@id\":\"https:\\\/\\\/videom.it\\\/blog\\\/shop\\\/oppo-find-x3-neo-5g\\\/#breadcrumb\",\"itemListElement\":[{\"@type\":\"ListItem\",\"position\":1,\"name\":\"Home\",\"item\":\"https:\\\/\\\/videom.it\\\/blog\\\/\"},{\"@type\":\"ListItem\",\"position\":2,\"name\":\"Shop\",\"item\":\"https:\\\/\\\/videom.it\\\/blog\\\/shop\\\/\"},{\"@type\":\"ListItem\",\"position\":3,\"name\":\"Oppo Find X3 Neo 5G\"}]},{\"@type\":\"WebSite\",\"@id\":\"https:\\\/\\\/videom.it\\\/blog\\\/#website\",\"url\":\"https:\\\/\\\/videom.it\\\/blog\\\/\",\"name\":\"VideoMusic\",\"description\":\"Luce &amp; Gas - Assicurazioni - Riparazioni\",\"publisher\":{\"@id\":\"https:\\\/\\\/videom.it\\\/blog\\\/#organization\"},\"potentialAction\":[{\"@type\":\"SearchAction\",\"target\":{\"@type\":\"EntryPoint\",\"urlTemplate\":\"https:\\\/\\\/videom.it\\\/blog\\\/?s={search_term_string}\"},\"query-input\":{\"@type\":\"PropertyValueSpecification\",\"valueRequired\":true,\"valueName\":\"search_term_string\"}}],\"inLanguage\":\"it-IT\"},{\"@type\":\"Organization\",\"@id\":\"https:\\\/\\\/videom.it\\\/blog\\\/#organization\",\"name\":\"VideoMusic\",\"url\":\"https:\\\/\\\/videom.it\\\/blog\\\/\",\"logo\":{\"@type\":\"ImageObject\",\"inLanguage\":\"it-IT\",\"@id\":\"https:\\\/\\\/videom.it\\\/blog\\\/#\\\/schema\\\/logo\\\/image\\\/\",\"url\":\"https:\\\/\\\/i2.wp.com\\\/videom.it\\\/blog\\\/wp-content\\\/uploads\\\/2015\\\/04\\\/25th-giallo-3.jpg?fit=1300%2C1192&ssl=1\",\"contentUrl\":\"https:\\\/\\\/i2.wp.com\\\/videom.it\\\/blog\\\/wp-content\\\/uploads\\\/2015\\\/04\\\/25th-giallo-3.jpg?fit=1300%2C1192&ssl=1\",\"width\":1300,\"height\":1192,\"caption\":\"VideoMusic\"},\"image\":{\"@id\":\"https:\\\/\\\/videom.it\\\/blog\\\/#\\\/schema\\\/logo\\\/image\\\/\"},\"sameAs\":[\"https:\\\/\\\/www.facebook.com\\\/videomusiccava.trebisacce\",\"https:\\\/\\\/x.com\\\/vbcava\",\"https:\\\/\\\/www.youtube.com\\\/channel\\\/UCgNxnZpk2zqHaIcIxF3swOA\"]}]}<\/script>\n<!-- \/ Yoast SEO plugin. -->","yoast_head_json":{"title":"Oppo Find X3 Neo 5G","description":"Inuovo Oppo Find X3 Neo \u00e8 indubbiamente uno degli smartphone Android\u00a0pi\u00f9 avanzati e completi disponibili sul mercato 12GB di RAM e 128Gb ..","robots":{"index":"index","follow":"follow","max-snippet":"max-snippet:-1","max-image-preview":"max-image-preview:large","max-video-preview":"max-video-preview:-1"},"canonical":"https:\/\/videom.it\/blog\/shop\/oppo-find-x3-neo-5g\/","og_locale":"it_IT","og_type":"article","og_title":"Oppo Find X3 Neo 5G","og_description":"Inuovo Oppo Find X3 Neo \u00e8 indubbiamente uno degli smartphone Android\u00a0pi\u00f9 avanzati e completi disponibili sul mercato 12GB di RAM e 128Gb ..","og_url":"https:\/\/videom.it\/blog\/shop\/oppo-find-x3-neo-5g\/","og_site_name":"VideoMusic","article_publisher":"https:\/\/www.facebook.com\/videomusiccava.trebisacce","article_modified_time":"2024-12-28T10:20:50+00:00","og_image":[{"width":1024,"height":600,"url":"https:\/\/videom.it\/blog\/wp-content\/uploads\/2021\/04\/OPPO-FIND-X3-NEO-6.jpg","type":"image\/jpeg"}],"twitter_misc":{"Tempo di lettura stimato":"2 minuti"},"schema":{"@context":"https:\/\/schema.org","@graph":[{"@type":"WebPage","@id":"https:\/\/videom.it\/blog\/shop\/oppo-find-x3-neo-5g\/","url":"https:\/\/videom.it\/blog\/shop\/oppo-find-x3-neo-5g\/","name":"Oppo Find X3 Neo 5G","isPartOf":{"@id":"https:\/\/videom.it\/blog\/#website"},"primaryImageOfPage":{"@id":"https:\/\/videom.it\/blog\/shop\/oppo-find-x3-neo-5g\/#primaryimage"},"image":{"@id":"https:\/\/videom.it\/blog\/shop\/oppo-find-x3-neo-5g\/#primaryimage"},"thumbnailUrl":"https:\/\/i0.wp.com\/videom.it\/blog\/wp-content\/uploads\/2021\/04\/OPPO-FIND-X3-NEO-6.jpg?fit=1024%2C600&ssl=1","datePublished":"2021-04-15T17:04:44+00:00","dateModified":"2024-12-28T10:20:50+00:00","description":"Inuovo Oppo Find X3 Neo \u00e8 indubbiamente uno degli smartphone Android\u00a0pi\u00f9 avanzati e completi disponibili sul mercato 12GB di RAM e 128Gb ..","breadcrumb":{"@id":"https:\/\/videom.it\/blog\/shop\/oppo-find-x3-neo-5g\/#breadcrumb"},"inLanguage":"it-IT","potentialAction":[{"@type":"ReadAction","target":["https:\/\/videom.it\/blog\/shop\/oppo-find-x3-neo-5g\/"]}]},{"@type":"ImageObject","inLanguage":"it-IT","@id":"https:\/\/videom.it\/blog\/shop\/oppo-find-x3-neo-5g\/#primaryimage","url":"https:\/\/i0.wp.com\/videom.it\/blog\/wp-content\/uploads\/2021\/04\/OPPO-FIND-X3-NEO-6.jpg?fit=1024%2C600&ssl=1","contentUrl":"https:\/\/i0.wp.com\/videom.it\/blog\/wp-content\/uploads\/2021\/04\/OPPO-FIND-X3-NEO-6.jpg?fit=1024%2C600&ssl=1","width":1024,"height":600},{"@type":"BreadcrumbList","@id":"https:\/\/videom.it\/blog\/shop\/oppo-find-x3-neo-5g\/#breadcrumb","itemListElement":[{"@type":"ListItem","position":1,"name":"Home","item":"https:\/\/videom.it\/blog\/"},{"@type":"ListItem","position":2,"name":"Shop","item":"https:\/\/videom.it\/blog\/shop\/"},{"@type":"ListItem","position":3,"name":"Oppo Find X3 Neo 5G"}]},{"@type":"WebSite","@id":"https:\/\/videom.it\/blog\/#website","url":"https:\/\/videom.it\/blog\/","name":"VideoMusic","description":"Luce &amp; Gas - Assicurazioni - Riparazioni","publisher":{"@id":"https:\/\/videom.it\/blog\/#organization"},"potentialAction":[{"@type":"SearchAction","target":{"@type":"EntryPoint","urlTemplate":"https:\/\/videom.it\/blog\/?s={search_term_string}"},"query-input":{"@type":"PropertyValueSpecification","valueRequired":true,"valueName":"search_term_string"}}],"inLanguage":"it-IT"},{"@type":"Organization","@id":"https:\/\/videom.it\/blog\/#organization","name":"VideoMusic","url":"https:\/\/videom.it\/blog\/","logo":{"@type":"ImageObject","inLanguage":"it-IT","@id":"https:\/\/videom.it\/blog\/#\/schema\/logo\/image\/","url":"https:\/\/i2.wp.com\/videom.it\/blog\/wp-content\/uploads\/2015\/04\/25th-giallo-3.jpg?fit=1300%2C1192&ssl=1","contentUrl":"https:\/\/i2.wp.com\/videom.it\/blog\/wp-content\/uploads\/2015\/04\/25th-giallo-3.jpg?fit=1300%2C1192&ssl=1","width":1300,"height":1192,"caption":"VideoMusic"},"image":{"@id":"https:\/\/videom.it\/blog\/#\/schema\/logo\/image\/"},"sameAs":["https:\/\/www.facebook.com\/videomusiccava.trebisacce","https:\/\/x.com\/vbcava","https:\/\/www.youtube.com\/channel\/UCgNxnZpk2zqHaIcIxF3swOA"]}]}},"jetpack_publicize_connections":[],"jetpack_sharing_enabled":true,"_links":{"self":[{"href":"https:\/\/videom.it\/blog\/wp-json\/wp\/v2\/product\/5385","targetHints":{"allow":["GET"]}}],"collection":[{"href":"https:\/\/videom.it\/blog\/wp-json\/wp\/v2\/product"}],"about":[{"href":"https:\/\/videom.it\/blog\/wp-json\/wp\/v2\/types\/product"}],"replies":[{"embeddable":true,"href":"https:\/\/videom.it\/blog\/wp-json\/wp\/v2\/comments?post=5385"}],"wp:featuredmedia":[{"embeddable":true,"href":"https:\/\/videom.it\/blog\/wp-json\/wp\/v2\/media\/5390"}],"wp:attachment":[{"href":"https:\/\/videom.it\/blog\/wp-json\/wp\/v2\/media?parent=5385"}],"wp:term":[{"taxonomy":"product_brand","embeddable":true,"href":"https:\/\/videom.it\/blog\/wp-json\/wp\/v2\/product_brand?post=5385"},{"taxonomy":"product_cat","embeddable":true,"href":"https:\/\/videom.it\/blog\/wp-json\/wp\/v2\/product_cat?post=5385"},{"taxonomy":"product_tag","embeddable":true,"href":"https:\/\/videom.it\/blog\/wp-json\/wp\/v2\/product_tag?post=5385"}],"curies":[{"name":"wp","href":"https:\/\/api.w.org\/{rel}","templated":true}]}}