{"id":5316,"date":"2021-04-03T19:36:06","date_gmt":"2021-04-03T17:36:06","guid":{"rendered":"https:\/\/videom.it\/blog\/?post_type=product&#038;p=5316"},"modified":"2024-02-10T09:52:45","modified_gmt":"2024-02-10T08:52:45","slug":"telefoni-fissi-brondi","status":"publish","type":"product","link":"https:\/\/videom.it\/blog\/shop\/telefoni-fissi-brondi\/","title":{"rendered":"Telefoni fissi Brondi"},"content":{"rendered":"<p>I <strong>telefoni fissi Brondi<\/strong> sono destinati principalmente agli anziani. Dispongono di tutte le funzioni necessarie che consentono di evitare di perdere delle chiamate che potrebbero rivelarsi importanti.<\/p>\n<p>Questi telefoni, sono di colore bianco e nero (a seconda dell&#8217;opzione colore) \u00e8 un eccellente prodotto sul piano estetico. Il loro aspetto \u00e8 compatto e solido.<\/p>\n<p>Nell&#8217;interesse dell&#8217;efficienza, i telefoni fissi Brondi vi permetteranno di essere sempre reperibili quando qualcuno cerca di contattarvi. Il volume della suoneria \u00e8 regolabile (suoneria soft\/suoneria forte).<\/p>\n<p>I grandi tasti sulla base del telefono vi permetteranno di inserire i numeri di telefono senza commettere errori in fase di inserimento.<\/p>\n<p>3 pulsanti vi permetteranno di pre-registrare dei contatti per non dover digitare nuovamente il numero telefono dei vostri contatti preferiti. Premendo una sola volta uno di questi tasti si avvia una chiamata al contatto selezionato.<\/p>\n<p>La funzione vivavoce vi liberer\u00e0 dall&#8217;ingombro del telefono durante le telefonate pi\u00f9 lunghe. In questo caso l&#8217;audio del vostro interlocutore passer\u00e0 per gli altoparlanti del telefono. Il volume degli altoparlanti \u00e8 regolabile per mezzo di un cursore per un livello di comfort superiore.<\/p>\n<p>Questi telefoni sono compatibile con gli apparecchi acustici che hanno la posizione T. Il volume del telefono pu\u00f2 essere regolato. Anche se avete bisogno di sentire a un volume pi\u00f9 alto la persona che vi sta chiamando.<\/p>\n<p>Dispone inoltre di funzioni comuni a tutti i telefoni, come la visualizzazione dell&#8217;ora, la durata della conversazione, ecc.)<\/p>\n<p><a href=\"https:\/\/i0.wp.com\/videom.it\/blog\/wp-content\/uploads\/2020\/01\/Logo-Videomusic-Blog1.jpg?ssl=1\"><img data-recalc-dims=\"1\" decoding=\"async\" class=\"alignnone wp-image-3983\" src=\"https:\/\/i0.wp.com\/videom.it\/blog\/wp-content\/uploads\/2020\/01\/Logo-Videomusic-Blog1.jpg?resize=378%2C93&#038;ssl=1\" alt=\"telefoni fissi \" width=\"378\" height=\"93\" srcset=\"https:\/\/i0.wp.com\/videom.it\/blog\/wp-content\/uploads\/2020\/01\/Logo-Videomusic-Blog1.jpg?resize=1024%2C252&amp;ssl=1 1024w, https:\/\/i0.wp.com\/videom.it\/blog\/wp-content\/uploads\/2020\/01\/Logo-Videomusic-Blog1.jpg?resize=300%2C74&amp;ssl=1 300w, https:\/\/i0.wp.com\/videom.it\/blog\/wp-content\/uploads\/2020\/01\/Logo-Videomusic-Blog1.jpg?resize=768%2C189&amp;ssl=1 768w, https:\/\/i0.wp.com\/videom.it\/blog\/wp-content\/uploads\/2020\/01\/Logo-Videomusic-Blog1.jpg?resize=1536%2C379&amp;ssl=1 1536w, https:\/\/i0.wp.com\/videom.it\/blog\/wp-content\/uploads\/2020\/01\/Logo-Videomusic-Blog1.jpg?resize=100%2C25&amp;ssl=1 100w, https:\/\/i0.wp.com\/videom.it\/blog\/wp-content\/uploads\/2020\/01\/Logo-Videomusic-Blog1.jpg?resize=150%2C37&amp;ssl=1 150w, https:\/\/i0.wp.com\/videom.it\/blog\/wp-content\/uploads\/2020\/01\/Logo-Videomusic-Blog1.jpg?resize=200%2C49&amp;ssl=1 200w, https:\/\/i0.wp.com\/videom.it\/blog\/wp-content\/uploads\/2020\/01\/Logo-Videomusic-Blog1.jpg?resize=450%2C111&amp;ssl=1 450w, https:\/\/i0.wp.com\/videom.it\/blog\/wp-content\/uploads\/2020\/01\/Logo-Videomusic-Blog1.jpg?resize=600%2C148&amp;ssl=1 600w, https:\/\/i0.wp.com\/videom.it\/blog\/wp-content\/uploads\/2020\/01\/Logo-Videomusic-Blog1.jpg?resize=900%2C222&amp;ssl=1 900w, https:\/\/i0.wp.com\/videom.it\/blog\/wp-content\/uploads\/2020\/01\/Logo-Videomusic-Blog1.jpg?w=1712&amp;ssl=1 1712w\" sizes=\"(max-width: 378px) 100vw, 378px\" \/><\/a>\u00a0 <a href=\"https:\/\/i0.wp.com\/videom.it\/blog\/wp-content\/uploads\/2021\/03\/nuova-insegna-blog.jpg?ssl=1\"><img data-recalc-dims=\"1\" decoding=\"async\" class=\"alignnone wp-image-5230\" src=\"https:\/\/i0.wp.com\/videom.it\/blog\/wp-content\/uploads\/2021\/03\/nuova-insegna-blog-1024x591.jpg?resize=227%2C131&#038;ssl=1\" alt=\"telefoni fissi \" width=\"227\" height=\"131\" \/><\/a>\u00a0 \u00a0<a href=\"https:\/\/i0.wp.com\/videom.it\/blog\/wp-content\/uploads\/2020\/05\/consegna-gratuita-GRAT.jpg?ssl=1\"><img data-recalc-dims=\"1\" decoding=\"async\" class=\"alignnone size-medium wp-image-4221\" src=\"https:\/\/i0.wp.com\/videom.it\/blog\/wp-content\/uploads\/2020\/05\/consegna-gratuita-GRAT.jpg?resize=300%2C108&#038;ssl=1\" alt=\"telefoni fissi \" width=\"300\" height=\"108\" \/><\/a><\/p>\n<p><strong>Unica sede a Trebisacce (Cs) in Vle della Libert\u00e0 22\/24 &#8211; 098158459 \/ 51519 &#8211; 3518188174 &#8211; e-mail <a href=\"mailto:info@videom.it\" target=\"_blank\" rel=\"noopener\">info@videom.it<\/a><\/strong><\/p>\n","protected":false},"excerpt":{"rendered":"<ul>\n<li>Telefono con tasti grandi<\/li>\n<li>Vivavoce<\/li>\n<li>3 Tasti di chiamata diretta (Photophone)<\/li>\n<li>Flash luminoso<\/li>\n<li>Altoparlante doppio<\/li>\n<li>10 Tasti di memoria<\/li>\n<li>Compatibile con gli apparecchi acustici<\/li>\n<li>Regolazione del suono e della suoneria<\/li>\n<\/ul>\n<p><a href=\"https:\/\/videom.it\/blog\/wp-content\/uploads\/2020\/05\/consegna-gratuita-GRAT.jpg\"><img decoding=\"async\" class=\"alignnone size-medium wp-image-4221\" src=\"https:\/\/videom.it\/blog\/wp-content\/uploads\/2020\/05\/consegna-gratuita-GRAT-300x108.jpg\" alt=\"telefoni fissi \" width=\"300\" height=\"108\" \/><\/a><\/p>\n","protected":false},"featured_media":5320,"comment_status":"open","ping_status":"closed","template":"","meta":{"jetpack_post_was_ever_published":false,"jetpack_publicize_message":"","jetpack_publicize_feature_enabled":true,"jetpack_social_post_already_shared":true,"jetpack_social_options":{"image_generator_settings":{"template":"highway","default_image_id":0,"font":"","enabled":false},"version":2}},"product_brand":[],"product_cat":[66,204],"product_tag":[50,222,215],"class_list":{"0":"post-5316","1":"product","2":"type-product","3":"status-publish","4":"has-post-thumbnail","6":"product_cat-accessori","7":"product_cat-telefonia-fissa","8":"product_tag-accessori","9":"product_tag-rete-fissa","10":"product_tag-telefonia-trebisacce","12":"first","13":"instock","14":"sale","15":"taxable","16":"shipping-taxable","17":"purchasable","18":"product-type-simple"},"yoast_head":"<!-- This site is optimized with the Yoast SEO plugin v27.4 - https:\/\/yoast.com\/product\/yoast-seo-wordpress\/ -->\n<title>Telefoni fissi Brondi<\/title>\n<meta name=\"description\" content=\"I telefoni fissi Brondi vi permetteranno di essere sempre reperibili quando qualcuno cerca di contattarvi. Il volume della suoneria \u00e8 regolab.\" \/>\n<meta name=\"robots\" content=\"index, follow, max-snippet:-1, max-image-preview:large, max-video-preview:-1\" \/>\n<link rel=\"canonical\" href=\"https:\/\/videom.it\/blog\/shop\/telefoni-fissi-brondi\/\" \/>\n<meta property=\"og:locale\" content=\"it_IT\" \/>\n<meta property=\"og:type\" content=\"article\" \/>\n<meta property=\"og:title\" content=\"Telefoni fissi Brondi\" \/>\n<meta property=\"og:description\" content=\"I telefoni fissi Brondi vi permetteranno di essere sempre reperibili quando qualcuno cerca di contattarvi. Il volume della suoneria \u00e8 regolab.\" \/>\n<meta property=\"og:url\" content=\"https:\/\/videom.it\/blog\/shop\/telefoni-fissi-brondi\/\" \/>\n<meta property=\"og:site_name\" content=\"VideoMusic\" \/>\n<meta property=\"article:publisher\" content=\"https:\/\/www.facebook.com\/videomusiccava.trebisacce\" \/>\n<meta property=\"article:modified_time\" content=\"2024-02-10T08:52:45+00:00\" \/>\n<meta property=\"og:image\" content=\"https:\/\/i0.wp.com\/videom.it\/blog\/wp-content\/uploads\/2021\/04\/telefono-fisso.jpg?fit=1024%2C600&ssl=1\" \/>\n\t<meta property=\"og:image:width\" content=\"1024\" \/>\n\t<meta property=\"og:image:height\" content=\"600\" \/>\n\t<meta property=\"og:image:type\" content=\"image\/jpeg\" \/>\n<meta name=\"twitter:label1\" content=\"Tempo di lettura stimato\" \/>\n\t<meta name=\"twitter:data1\" content=\"2 minuti\" \/>\n<script type=\"application\/ld+json\" class=\"yoast-schema-graph\">{\"@context\":\"https:\\\/\\\/schema.org\",\"@graph\":[{\"@type\":\"WebPage\",\"@id\":\"https:\\\/\\\/videom.it\\\/blog\\\/shop\\\/telefoni-fissi-brondi\\\/\",\"url\":\"https:\\\/\\\/videom.it\\\/blog\\\/shop\\\/telefoni-fissi-brondi\\\/\",\"name\":\"Telefoni fissi Brondi\",\"isPartOf\":{\"@id\":\"https:\\\/\\\/videom.it\\\/blog\\\/#website\"},\"primaryImageOfPage\":{\"@id\":\"https:\\\/\\\/videom.it\\\/blog\\\/shop\\\/telefoni-fissi-brondi\\\/#primaryimage\"},\"image\":{\"@id\":\"https:\\\/\\\/videom.it\\\/blog\\\/shop\\\/telefoni-fissi-brondi\\\/#primaryimage\"},\"thumbnailUrl\":\"https:\\\/\\\/i0.wp.com\\\/videom.it\\\/blog\\\/wp-content\\\/uploads\\\/2021\\\/04\\\/telefono-fisso.jpg?fit=1024%2C600&ssl=1\",\"datePublished\":\"2021-04-03T17:36:06+00:00\",\"dateModified\":\"2024-02-10T08:52:45+00:00\",\"description\":\"I telefoni fissi Brondi vi permetteranno di essere sempre reperibili quando qualcuno cerca di contattarvi. Il volume della suoneria \u00e8 regolab.\",\"breadcrumb\":{\"@id\":\"https:\\\/\\\/videom.it\\\/blog\\\/shop\\\/telefoni-fissi-brondi\\\/#breadcrumb\"},\"inLanguage\":\"it-IT\",\"potentialAction\":[{\"@type\":\"ReadAction\",\"target\":[\"https:\\\/\\\/videom.it\\\/blog\\\/shop\\\/telefoni-fissi-brondi\\\/\"]}]},{\"@type\":\"ImageObject\",\"inLanguage\":\"it-IT\",\"@id\":\"https:\\\/\\\/videom.it\\\/blog\\\/shop\\\/telefoni-fissi-brondi\\\/#primaryimage\",\"url\":\"https:\\\/\\\/i0.wp.com\\\/videom.it\\\/blog\\\/wp-content\\\/uploads\\\/2021\\\/04\\\/telefono-fisso.jpg?fit=1024%2C600&ssl=1\",\"contentUrl\":\"https:\\\/\\\/i0.wp.com\\\/videom.it\\\/blog\\\/wp-content\\\/uploads\\\/2021\\\/04\\\/telefono-fisso.jpg?fit=1024%2C600&ssl=1\",\"width\":1024,\"height\":600},{\"@type\":\"BreadcrumbList\",\"@id\":\"https:\\\/\\\/videom.it\\\/blog\\\/shop\\\/telefoni-fissi-brondi\\\/#breadcrumb\",\"itemListElement\":[{\"@type\":\"ListItem\",\"position\":1,\"name\":\"Home\",\"item\":\"https:\\\/\\\/videom.it\\\/blog\\\/\"},{\"@type\":\"ListItem\",\"position\":2,\"name\":\"Shop\",\"item\":\"https:\\\/\\\/videom.it\\\/blog\\\/shop\\\/\"},{\"@type\":\"ListItem\",\"position\":3,\"name\":\"Telefoni fissi Brondi\"}]},{\"@type\":\"WebSite\",\"@id\":\"https:\\\/\\\/videom.it\\\/blog\\\/#website\",\"url\":\"https:\\\/\\\/videom.it\\\/blog\\\/\",\"name\":\"VideoMusic\",\"description\":\"Luce &amp; Gas - Assicurazioni - Riparazioni\",\"publisher\":{\"@id\":\"https:\\\/\\\/videom.it\\\/blog\\\/#organization\"},\"potentialAction\":[{\"@type\":\"SearchAction\",\"target\":{\"@type\":\"EntryPoint\",\"urlTemplate\":\"https:\\\/\\\/videom.it\\\/blog\\\/?s={search_term_string}\"},\"query-input\":{\"@type\":\"PropertyValueSpecification\",\"valueRequired\":true,\"valueName\":\"search_term_string\"}}],\"inLanguage\":\"it-IT\"},{\"@type\":\"Organization\",\"@id\":\"https:\\\/\\\/videom.it\\\/blog\\\/#organization\",\"name\":\"VideoMusic\",\"url\":\"https:\\\/\\\/videom.it\\\/blog\\\/\",\"logo\":{\"@type\":\"ImageObject\",\"inLanguage\":\"it-IT\",\"@id\":\"https:\\\/\\\/videom.it\\\/blog\\\/#\\\/schema\\\/logo\\\/image\\\/\",\"url\":\"https:\\\/\\\/i2.wp.com\\\/videom.it\\\/blog\\\/wp-content\\\/uploads\\\/2015\\\/04\\\/25th-giallo-3.jpg?fit=1300%2C1192&ssl=1\",\"contentUrl\":\"https:\\\/\\\/i2.wp.com\\\/videom.it\\\/blog\\\/wp-content\\\/uploads\\\/2015\\\/04\\\/25th-giallo-3.jpg?fit=1300%2C1192&ssl=1\",\"width\":1300,\"height\":1192,\"caption\":\"VideoMusic\"},\"image\":{\"@id\":\"https:\\\/\\\/videom.it\\\/blog\\\/#\\\/schema\\\/logo\\\/image\\\/\"},\"sameAs\":[\"https:\\\/\\\/www.facebook.com\\\/videomusiccava.trebisacce\",\"https:\\\/\\\/x.com\\\/vbcava\",\"https:\\\/\\\/www.youtube.com\\\/channel\\\/UCgNxnZpk2zqHaIcIxF3swOA\"]}]}<\/script>\n<!-- \/ Yoast SEO plugin. -->","yoast_head_json":{"title":"Telefoni fissi Brondi","description":"I telefoni fissi Brondi vi permetteranno di essere sempre reperibili quando qualcuno cerca di contattarvi. Il volume della suoneria \u00e8 regolab.","robots":{"index":"index","follow":"follow","max-snippet":"max-snippet:-1","max-image-preview":"max-image-preview:large","max-video-preview":"max-video-preview:-1"},"canonical":"https:\/\/videom.it\/blog\/shop\/telefoni-fissi-brondi\/","og_locale":"it_IT","og_type":"article","og_title":"Telefoni fissi Brondi","og_description":"I telefoni fissi Brondi vi permetteranno di essere sempre reperibili quando qualcuno cerca di contattarvi. Il volume della suoneria \u00e8 regolab.","og_url":"https:\/\/videom.it\/blog\/shop\/telefoni-fissi-brondi\/","og_site_name":"VideoMusic","article_publisher":"https:\/\/www.facebook.com\/videomusiccava.trebisacce","article_modified_time":"2024-02-10T08:52:45+00:00","og_image":[{"width":1024,"height":600,"url":"https:\/\/i0.wp.com\/videom.it\/blog\/wp-content\/uploads\/2021\/04\/telefono-fisso.jpg?fit=1024%2C600&ssl=1","type":"image\/jpeg"}],"twitter_misc":{"Tempo di lettura stimato":"2 minuti"},"schema":{"@context":"https:\/\/schema.org","@graph":[{"@type":"WebPage","@id":"https:\/\/videom.it\/blog\/shop\/telefoni-fissi-brondi\/","url":"https:\/\/videom.it\/blog\/shop\/telefoni-fissi-brondi\/","name":"Telefoni fissi Brondi","isPartOf":{"@id":"https:\/\/videom.it\/blog\/#website"},"primaryImageOfPage":{"@id":"https:\/\/videom.it\/blog\/shop\/telefoni-fissi-brondi\/#primaryimage"},"image":{"@id":"https:\/\/videom.it\/blog\/shop\/telefoni-fissi-brondi\/#primaryimage"},"thumbnailUrl":"https:\/\/i0.wp.com\/videom.it\/blog\/wp-content\/uploads\/2021\/04\/telefono-fisso.jpg?fit=1024%2C600&ssl=1","datePublished":"2021-04-03T17:36:06+00:00","dateModified":"2024-02-10T08:52:45+00:00","description":"I telefoni fissi Brondi vi permetteranno di essere sempre reperibili quando qualcuno cerca di contattarvi. Il volume della suoneria \u00e8 regolab.","breadcrumb":{"@id":"https:\/\/videom.it\/blog\/shop\/telefoni-fissi-brondi\/#breadcrumb"},"inLanguage":"it-IT","potentialAction":[{"@type":"ReadAction","target":["https:\/\/videom.it\/blog\/shop\/telefoni-fissi-brondi\/"]}]},{"@type":"ImageObject","inLanguage":"it-IT","@id":"https:\/\/videom.it\/blog\/shop\/telefoni-fissi-brondi\/#primaryimage","url":"https:\/\/i0.wp.com\/videom.it\/blog\/wp-content\/uploads\/2021\/04\/telefono-fisso.jpg?fit=1024%2C600&ssl=1","contentUrl":"https:\/\/i0.wp.com\/videom.it\/blog\/wp-content\/uploads\/2021\/04\/telefono-fisso.jpg?fit=1024%2C600&ssl=1","width":1024,"height":600},{"@type":"BreadcrumbList","@id":"https:\/\/videom.it\/blog\/shop\/telefoni-fissi-brondi\/#breadcrumb","itemListElement":[{"@type":"ListItem","position":1,"name":"Home","item":"https:\/\/videom.it\/blog\/"},{"@type":"ListItem","position":2,"name":"Shop","item":"https:\/\/videom.it\/blog\/shop\/"},{"@type":"ListItem","position":3,"name":"Telefoni fissi Brondi"}]},{"@type":"WebSite","@id":"https:\/\/videom.it\/blog\/#website","url":"https:\/\/videom.it\/blog\/","name":"VideoMusic","description":"Luce &amp; Gas - Assicurazioni - Riparazioni","publisher":{"@id":"https:\/\/videom.it\/blog\/#organization"},"potentialAction":[{"@type":"SearchAction","target":{"@type":"EntryPoint","urlTemplate":"https:\/\/videom.it\/blog\/?s={search_term_string}"},"query-input":{"@type":"PropertyValueSpecification","valueRequired":true,"valueName":"search_term_string"}}],"inLanguage":"it-IT"},{"@type":"Organization","@id":"https:\/\/videom.it\/blog\/#organization","name":"VideoMusic","url":"https:\/\/videom.it\/blog\/","logo":{"@type":"ImageObject","inLanguage":"it-IT","@id":"https:\/\/videom.it\/blog\/#\/schema\/logo\/image\/","url":"https:\/\/i2.wp.com\/videom.it\/blog\/wp-content\/uploads\/2015\/04\/25th-giallo-3.jpg?fit=1300%2C1192&ssl=1","contentUrl":"https:\/\/i2.wp.com\/videom.it\/blog\/wp-content\/uploads\/2015\/04\/25th-giallo-3.jpg?fit=1300%2C1192&ssl=1","width":1300,"height":1192,"caption":"VideoMusic"},"image":{"@id":"https:\/\/videom.it\/blog\/#\/schema\/logo\/image\/"},"sameAs":["https:\/\/www.facebook.com\/videomusiccava.trebisacce","https:\/\/x.com\/vbcava","https:\/\/www.youtube.com\/channel\/UCgNxnZpk2zqHaIcIxF3swOA"]}]}},"jetpack_publicize_connections":[],"jetpack_sharing_enabled":true,"_links":{"self":[{"href":"https:\/\/videom.it\/blog\/wp-json\/wp\/v2\/product\/5316","targetHints":{"allow":["GET"]}}],"collection":[{"href":"https:\/\/videom.it\/blog\/wp-json\/wp\/v2\/product"}],"about":[{"href":"https:\/\/videom.it\/blog\/wp-json\/wp\/v2\/types\/product"}],"replies":[{"embeddable":true,"href":"https:\/\/videom.it\/blog\/wp-json\/wp\/v2\/comments?post=5316"}],"wp:featuredmedia":[{"embeddable":true,"href":"https:\/\/videom.it\/blog\/wp-json\/wp\/v2\/media\/5320"}],"wp:attachment":[{"href":"https:\/\/videom.it\/blog\/wp-json\/wp\/v2\/media?parent=5316"}],"wp:term":[{"taxonomy":"product_brand","embeddable":true,"href":"https:\/\/videom.it\/blog\/wp-json\/wp\/v2\/product_brand?post=5316"},{"taxonomy":"product_cat","embeddable":true,"href":"https:\/\/videom.it\/blog\/wp-json\/wp\/v2\/product_cat?post=5316"},{"taxonomy":"product_tag","embeddable":true,"href":"https:\/\/videom.it\/blog\/wp-json\/wp\/v2\/product_tag?post=5316"}],"curies":[{"name":"wp","href":"https:\/\/api.w.org\/{rel}","templated":true}]}}