{"id":5057,"date":"2021-01-23T10:45:20","date_gmt":"2021-01-23T09:45:20","guid":{"rendered":"https:\/\/videom.it\/blog\/?post_type=product&#038;p=5057"},"modified":"2025-05-25T00:15:34","modified_gmt":"2025-05-24T22:15:34","slug":"samsung-galaxy-s21-ultra-256gb","status":"publish","type":"product","link":"https:\/\/videom.it\/blog\/shop\/samsung-galaxy-s21-ultra-256gb\/","title":{"rendered":"Samsung Galaxy S21 Ultra 256Gb"},"content":{"rendered":"<div class=\"row align-items-center\">\n<div class=\"col-12 text-center\">\n<p>Samsung Galaxy S21 Ultra \u00e8 indubbiamente uno degli smartphone\u00a0<a href=\"https:\/\/it.wikipedia.org\/wiki\/Android\" target=\"_blank\" rel=\"noopener\"><b>Android<\/b><\/a>\u00a0pi\u00f9 avanzati e completi disponibili sul mercato, grazie alla ricca dotazione e all&#8217;elevata multimedialit\u00e0.<\/p>\n<p>Dispone di un grande display da\u00a0<b>6.8<\/b>\u00a0pollici e di una risoluzione da\u00a0<b>3200&#215;1440<\/b> pixel che \u00e8 fra le pi\u00f9 elevate attualmente in circolazione. Il display vale gi\u00e0 da solo il prezzo del biglietto. Con un<strong>\u00a0picco di luminosit\u00e0 che arriva a 1600 nit\u00a0<\/strong>\u00e8 lo schermo pi\u00f9 luminoso (all&#8217;aperto e in HDR) montato su uno smartphone ma i record non finiscono qua. In particolare si distingue da tutti gli altri grazie alla tecnologia\u00a0<strong>VRR fino a 120 Hz<\/strong>\u00a0per il controllo della frequenza di aggiornamento.<\/p>\n<p>Le funzionalit\u00e0 offerte da questo Samsung Galaxy S21 Ultra sono veramente tante e all&#8217;avanguardia. A cominciare dal modulo\u00a0<b>5G<\/b>\u00a0che permette un trasferimento dati e una navigazione in internet eccellente.<br \/>\nL&#8217;eccellenza di questo Galaxy S21 Ultra \u00e8 completata da una fotocamera con un sensore da ben <b>108<\/b> megapixel. Che permette al Galaxy S21 Ultra di scattare foto di alta qualit\u00e0 con una risoluzione di <b>12000&#215;9000<\/b> pixel. E inoltre di registrare video in <b>8K<\/b>\u00a0alla risoluzione di\u00a0<b>7680&#215;4320<\/b>\u00a0pixel.<\/p>\n<p>Lo spessore di\u00a0<b>8.9mm<\/b> \u00e8 contenuto e rende il Galaxy S21 Ultra molto interessante.<\/p>\n<\/div>\n<\/div>\n<div class=\"d-none d-lg-block\">\n<div class=\"row align-items-center\">\n<div class=\"col-12 col-lg-5 text-center\">\n<p><strong>Proteggi il tuo Smartphone con <a href=\"http:\/\/videom.it\/blog\/protection-pro\/\">PROTECTION PRO ULTRA<\/a><\/strong> \u2013\u00a0 Il sistema di protezione pi\u00f9 avanzato sul mercato. Una esclusiva della VideoMusic Trebisacce, unico rivenditore dell&#8217;Alto Ionio<\/p>\n<p><a href=\"https:\/\/i0.wp.com\/videom.it\/blog\/wp-content\/uploads\/2020\/10\/Imma-da-usar-on-line-b.jpg?ssl=1\"><img data-recalc-dims=\"1\" fetchpriority=\"high\" decoding=\"async\" class=\"alignnone wp-image-4732\" src=\"https:\/\/i0.wp.com\/videom.it\/blog\/wp-content\/uploads\/2020\/10\/Imma-da-usar-on-line-b-1024x534.jpg?resize=369%2C192&#038;ssl=1\" alt=\"\" width=\"369\" height=\"192\" \/><\/a> <a href=\"https:\/\/i0.wp.com\/videom.it\/blog\/wp-content\/uploads\/2020\/01\/Logo-Videomusic-Blog1.jpg?ssl=1\"><img data-recalc-dims=\"1\" decoding=\"async\" class=\"alignnone wp-image-3983\" src=\"https:\/\/i0.wp.com\/videom.it\/blog\/wp-content\/uploads\/2020\/01\/Logo-Videomusic-Blog1.jpg?resize=429%2C105&#038;ssl=1\" alt=\"\" width=\"429\" height=\"105\" srcset=\"https:\/\/i0.wp.com\/videom.it\/blog\/wp-content\/uploads\/2020\/01\/Logo-Videomusic-Blog1.jpg?resize=1024%2C252&amp;ssl=1 1024w, https:\/\/i0.wp.com\/videom.it\/blog\/wp-content\/uploads\/2020\/01\/Logo-Videomusic-Blog1.jpg?resize=300%2C74&amp;ssl=1 300w, https:\/\/i0.wp.com\/videom.it\/blog\/wp-content\/uploads\/2020\/01\/Logo-Videomusic-Blog1.jpg?resize=768%2C189&amp;ssl=1 768w, https:\/\/i0.wp.com\/videom.it\/blog\/wp-content\/uploads\/2020\/01\/Logo-Videomusic-Blog1.jpg?resize=1536%2C379&amp;ssl=1 1536w, https:\/\/i0.wp.com\/videom.it\/blog\/wp-content\/uploads\/2020\/01\/Logo-Videomusic-Blog1.jpg?resize=100%2C25&amp;ssl=1 100w, https:\/\/i0.wp.com\/videom.it\/blog\/wp-content\/uploads\/2020\/01\/Logo-Videomusic-Blog1.jpg?resize=150%2C37&amp;ssl=1 150w, https:\/\/i0.wp.com\/videom.it\/blog\/wp-content\/uploads\/2020\/01\/Logo-Videomusic-Blog1.jpg?resize=200%2C49&amp;ssl=1 200w, https:\/\/i0.wp.com\/videom.it\/blog\/wp-content\/uploads\/2020\/01\/Logo-Videomusic-Blog1.jpg?resize=450%2C111&amp;ssl=1 450w, https:\/\/i0.wp.com\/videom.it\/blog\/wp-content\/uploads\/2020\/01\/Logo-Videomusic-Blog1.jpg?resize=600%2C148&amp;ssl=1 600w, https:\/\/i0.wp.com\/videom.it\/blog\/wp-content\/uploads\/2020\/01\/Logo-Videomusic-Blog1.jpg?resize=900%2C222&amp;ssl=1 900w, https:\/\/i0.wp.com\/videom.it\/blog\/wp-content\/uploads\/2020\/01\/Logo-Videomusic-Blog1.jpg?w=1712&amp;ssl=1 1712w\" sizes=\"(max-width: 429px) 100vw, 429px\" \/><\/a><\/p>\n<p><strong>Unica sede a Trebisacce (Cs) in Vle della Libert\u00e0 22\/24 &#8211; 098158459 \/ 51519 &#8211; 3518188174 &#8211; info@videom.it<\/strong><\/p>\n<\/div>\n<\/div>\n<\/div>\n","protected":false},"excerpt":{"rendered":"<ul>\n<li><strong>Schermo<\/strong>: 6,8\u201d Dynamic AMOLED 2X, WQHD + (1.440 x 3.200 pixel, 515 ppi), 120 Hz, 1.600 nit, Gorilla Glass 7<\/li>\n<li><strong>CPU<\/strong>:\u00a0Exynos 2100 OctaCore, 3x 2.8 + 4x 2.4 + 1x 2.9 GHz<\/li>\n<li><strong>RAM<\/strong>: 12 GB LPDDR5<\/li>\n<li><strong>Memoria interna<\/strong>: 128 \/ 256 GB UFS 3.1 (<strong>senza microSD<\/strong>)<\/li>\n<li><strong>Fotocamera posteriore<\/strong>:\n<ul>\n<li><strong>Principale<\/strong>:\u00a0108 megapixel, f\/1.8, FOV 79\u00b0, 24 mm, 1\/1,33\u201d, 0,8 \u00b5m, OIS<\/li>\n<li><strong>Grandangolo<\/strong>:\u00a012 megapixel, f\/2.2, FOV 120\u00b0, 13 mm, 1\/2.55\u201d, 1,4 \u00b5m<\/li>\n<li><strong>Zoom 3x<\/strong>: 10 megapixel, f\/2.4, FOV 35\u00b0, 72 mm, 1\/3,24\u201d, 1,22 \u00b5m, OIS)<\/li>\n<li><strong>Zoom 10x<\/strong>:\u00a010 megapixel, f\/4.9, FOV 10\u00b0, 240 mm, 1\/3,24\u201d, 1,22 \u00b5m, OIS<\/li>\n<\/ul>\n<\/li>\n<li><strong>Fotocamera frontale<\/strong>: 40 megapixel, f\/2.2, FOV 80\u00b0, 1\/2.8\u201d, 0,7 \u00b5m, 25 mm, AF<\/li>\n<li><strong>Connettivit\u00e0<\/strong>: 5G , LTE, Wi-Fi ax dual band, Bluetooth 5.0, NFC, GPS, USB 3.1 Type-C, no jack audio<\/li>\n<li><strong>Certificazione<\/strong>: IP68<\/li>\n<li><strong>Dimensioni<\/strong>: 165,1 x 75,6 x 8,9 mm<\/li>\n<li><strong>Peso<\/strong>: 228 grammi<\/li>\n<li><strong>Batteria<\/strong>: 5.000 mAh<\/li>\n<li><strong>OS<\/strong>: Android 11 con OneUI 3.1<\/li>\n<\/ul>\n<p><a href=\"https:\/\/videom.it\/blog\/wp-content\/uploads\/2020\/05\/consegna-gratuita-GRAT.jpg\"><img decoding=\"async\" class=\"alignnone size-medium wp-image-4221\" src=\"https:\/\/videom.it\/blog\/wp-content\/uploads\/2020\/05\/consegna-gratuita-GRAT-300x108.jpg\" alt=\"\" width=\"300\" height=\"108\" \/><\/a><\/p>\n","protected":false},"featured_media":5058,"comment_status":"open","ping_status":"closed","template":"","meta":{"jetpack_publicize_message":"","jetpack_publicize_feature_enabled":true,"jetpack_social_post_already_shared":true,"jetpack_social_options":{"image_generator_settings":{"template":"highway","default_image_id":0,"font":"","enabled":false},"version":2}},"product_brand":[],"product_cat":[27],"product_tag":[140,55,85,53,54,215],"class_list":{"0":"post-5057","1":"product","2":"type-product","3":"status-publish","4":"has-post-thumbnail","6":"product_cat-smartphone","7":"product_tag-5g","8":"product_tag-android","9":"product_tag-dual-sim","10":"product_tag-samsung","11":"product_tag-smartphone","12":"product_tag-telefonia-trebisacce","14":"first","15":"outofstock","16":"taxable","17":"shipping-taxable","18":"purchasable","19":"product-type-simple"},"yoast_head":"<!-- This site is optimized with the Yoast SEO plugin v27.6 - https:\/\/yoast.com\/product\/yoast-seo-wordpress\/ -->\n<title>Samsung Galaxy S21 Ultra 256Gb<\/title>\n<meta name=\"description\" content=\"Il nuovo Samsung Galaxy S21 Ultra \u00e8 disponibile. Display DynamicAMOLED 2X. RAM 12GB. Display 6.8 pollici. Batteria 5000....\" \/>\n<meta name=\"robots\" content=\"index, follow, max-snippet:-1, max-image-preview:large, max-video-preview:-1\" \/>\n<link rel=\"canonical\" href=\"https:\/\/videom.it\/blog\/shop\/samsung-galaxy-s21-ultra-256gb\/\" \/>\n<meta property=\"og:locale\" content=\"it_IT\" \/>\n<meta property=\"og:type\" content=\"article\" \/>\n<meta property=\"og:title\" content=\"Samsung Galaxy S21 Ultra 256Gb\" \/>\n<meta property=\"og:description\" content=\"Il nuovo Samsung Galaxy S21 Ultra \u00e8 disponibile. Display DynamicAMOLED 2X. RAM 12GB. Display 6.8 pollici. Batteria 5000....\" \/>\n<meta property=\"og:url\" content=\"https:\/\/videom.it\/blog\/shop\/samsung-galaxy-s21-ultra-256gb\/\" \/>\n<meta property=\"og:site_name\" content=\"VideoMusic\" \/>\n<meta property=\"article:publisher\" content=\"https:\/\/www.facebook.com\/videomusiccava.trebisacce\" \/>\n<meta property=\"article:modified_time\" content=\"2025-05-24T22:15:34+00:00\" \/>\n<meta property=\"og:image\" content=\"https:\/\/videom.it\/blog\/wp-content\/uploads\/2021\/01\/S21-ULTRA-5G-A.jpg\" \/>\n\t<meta property=\"og:image:width\" content=\"1200\" \/>\n\t<meta property=\"og:image:height\" content=\"600\" \/>\n\t<meta property=\"og:image:type\" content=\"image\/jpeg\" \/>\n<meta name=\"twitter:label1\" content=\"Tempo di lettura stimato\" \/>\n\t<meta name=\"twitter:data1\" content=\"2 minuti\" \/>\n<script type=\"application\/ld+json\" class=\"yoast-schema-graph\">{\"@context\":\"https:\\\/\\\/schema.org\",\"@graph\":[{\"@type\":\"WebPage\",\"@id\":\"https:\\\/\\\/videom.it\\\/blog\\\/shop\\\/samsung-galaxy-s21-ultra-256gb\\\/\",\"url\":\"https:\\\/\\\/videom.it\\\/blog\\\/shop\\\/samsung-galaxy-s21-ultra-256gb\\\/\",\"name\":\"Samsung Galaxy S21 Ultra 256Gb\",\"isPartOf\":{\"@id\":\"https:\\\/\\\/videom.it\\\/blog\\\/#website\"},\"primaryImageOfPage\":{\"@id\":\"https:\\\/\\\/videom.it\\\/blog\\\/shop\\\/samsung-galaxy-s21-ultra-256gb\\\/#primaryimage\"},\"image\":{\"@id\":\"https:\\\/\\\/videom.it\\\/blog\\\/shop\\\/samsung-galaxy-s21-ultra-256gb\\\/#primaryimage\"},\"thumbnailUrl\":\"https:\\\/\\\/i0.wp.com\\\/videom.it\\\/blog\\\/wp-content\\\/uploads\\\/2021\\\/01\\\/S21-ULTRA-5G-A.jpg?fit=1200%2C600&ssl=1\",\"datePublished\":\"2021-01-23T09:45:20+00:00\",\"dateModified\":\"2025-05-24T22:15:34+00:00\",\"description\":\"Il nuovo Samsung Galaxy S21 Ultra \u00e8 disponibile. Display DynamicAMOLED 2X. RAM 12GB. Display 6.8 pollici. Batteria 5000....\",\"breadcrumb\":{\"@id\":\"https:\\\/\\\/videom.it\\\/blog\\\/shop\\\/samsung-galaxy-s21-ultra-256gb\\\/#breadcrumb\"},\"inLanguage\":\"it-IT\",\"potentialAction\":[{\"@type\":\"ReadAction\",\"target\":[\"https:\\\/\\\/videom.it\\\/blog\\\/shop\\\/samsung-galaxy-s21-ultra-256gb\\\/\"]}]},{\"@type\":\"ImageObject\",\"inLanguage\":\"it-IT\",\"@id\":\"https:\\\/\\\/videom.it\\\/blog\\\/shop\\\/samsung-galaxy-s21-ultra-256gb\\\/#primaryimage\",\"url\":\"https:\\\/\\\/i0.wp.com\\\/videom.it\\\/blog\\\/wp-content\\\/uploads\\\/2021\\\/01\\\/S21-ULTRA-5G-A.jpg?fit=1200%2C600&ssl=1\",\"contentUrl\":\"https:\\\/\\\/i0.wp.com\\\/videom.it\\\/blog\\\/wp-content\\\/uploads\\\/2021\\\/01\\\/S21-ULTRA-5G-A.jpg?fit=1200%2C600&ssl=1\",\"width\":1200,\"height\":600},{\"@type\":\"BreadcrumbList\",\"@id\":\"https:\\\/\\\/videom.it\\\/blog\\\/shop\\\/samsung-galaxy-s21-ultra-256gb\\\/#breadcrumb\",\"itemListElement\":[{\"@type\":\"ListItem\",\"position\":1,\"name\":\"Home\",\"item\":\"https:\\\/\\\/videom.it\\\/blog\\\/\"},{\"@type\":\"ListItem\",\"position\":2,\"name\":\"Shop\",\"item\":\"https:\\\/\\\/videom.it\\\/blog\\\/shop\\\/\"},{\"@type\":\"ListItem\",\"position\":3,\"name\":\"Samsung Galaxy S21 Ultra 256Gb\"}]},{\"@type\":\"WebSite\",\"@id\":\"https:\\\/\\\/videom.it\\\/blog\\\/#website\",\"url\":\"https:\\\/\\\/videom.it\\\/blog\\\/\",\"name\":\"VideoMusic\",\"description\":\"Luce &amp; Gas - Assicurazioni - Riparazioni\",\"publisher\":{\"@id\":\"https:\\\/\\\/videom.it\\\/blog\\\/#organization\"},\"potentialAction\":[{\"@type\":\"SearchAction\",\"target\":{\"@type\":\"EntryPoint\",\"urlTemplate\":\"https:\\\/\\\/videom.it\\\/blog\\\/?s={search_term_string}\"},\"query-input\":{\"@type\":\"PropertyValueSpecification\",\"valueRequired\":true,\"valueName\":\"search_term_string\"}}],\"inLanguage\":\"it-IT\"},{\"@type\":\"Organization\",\"@id\":\"https:\\\/\\\/videom.it\\\/blog\\\/#organization\",\"name\":\"VideoMusic\",\"url\":\"https:\\\/\\\/videom.it\\\/blog\\\/\",\"logo\":{\"@type\":\"ImageObject\",\"inLanguage\":\"it-IT\",\"@id\":\"https:\\\/\\\/videom.it\\\/blog\\\/#\\\/schema\\\/logo\\\/image\\\/\",\"url\":\"https:\\\/\\\/i2.wp.com\\\/videom.it\\\/blog\\\/wp-content\\\/uploads\\\/2015\\\/04\\\/25th-giallo-3.jpg?fit=1300%2C1192&ssl=1\",\"contentUrl\":\"https:\\\/\\\/i2.wp.com\\\/videom.it\\\/blog\\\/wp-content\\\/uploads\\\/2015\\\/04\\\/25th-giallo-3.jpg?fit=1300%2C1192&ssl=1\",\"width\":1300,\"height\":1192,\"caption\":\"VideoMusic\"},\"image\":{\"@id\":\"https:\\\/\\\/videom.it\\\/blog\\\/#\\\/schema\\\/logo\\\/image\\\/\"},\"sameAs\":[\"https:\\\/\\\/www.facebook.com\\\/videomusiccava.trebisacce\",\"https:\\\/\\\/x.com\\\/vbcava\",\"https:\\\/\\\/www.youtube.com\\\/channel\\\/UCgNxnZpk2zqHaIcIxF3swOA\"]}]}<\/script>\n<!-- \/ Yoast SEO plugin. -->","yoast_head_json":{"title":"Samsung Galaxy S21 Ultra 256Gb","description":"Il nuovo Samsung Galaxy S21 Ultra \u00e8 disponibile. Display DynamicAMOLED 2X. RAM 12GB. Display 6.8 pollici. Batteria 5000....","robots":{"index":"index","follow":"follow","max-snippet":"max-snippet:-1","max-image-preview":"max-image-preview:large","max-video-preview":"max-video-preview:-1"},"canonical":"https:\/\/videom.it\/blog\/shop\/samsung-galaxy-s21-ultra-256gb\/","og_locale":"it_IT","og_type":"article","og_title":"Samsung Galaxy S21 Ultra 256Gb","og_description":"Il nuovo Samsung Galaxy S21 Ultra \u00e8 disponibile. Display DynamicAMOLED 2X. RAM 12GB. Display 6.8 pollici. Batteria 5000....","og_url":"https:\/\/videom.it\/blog\/shop\/samsung-galaxy-s21-ultra-256gb\/","og_site_name":"VideoMusic","article_publisher":"https:\/\/www.facebook.com\/videomusiccava.trebisacce","article_modified_time":"2025-05-24T22:15:34+00:00","og_image":[{"width":1200,"height":600,"url":"https:\/\/videom.it\/blog\/wp-content\/uploads\/2021\/01\/S21-ULTRA-5G-A.jpg","type":"image\/jpeg"}],"twitter_misc":{"Tempo di lettura stimato":"2 minuti"},"schema":{"@context":"https:\/\/schema.org","@graph":[{"@type":"WebPage","@id":"https:\/\/videom.it\/blog\/shop\/samsung-galaxy-s21-ultra-256gb\/","url":"https:\/\/videom.it\/blog\/shop\/samsung-galaxy-s21-ultra-256gb\/","name":"Samsung Galaxy S21 Ultra 256Gb","isPartOf":{"@id":"https:\/\/videom.it\/blog\/#website"},"primaryImageOfPage":{"@id":"https:\/\/videom.it\/blog\/shop\/samsung-galaxy-s21-ultra-256gb\/#primaryimage"},"image":{"@id":"https:\/\/videom.it\/blog\/shop\/samsung-galaxy-s21-ultra-256gb\/#primaryimage"},"thumbnailUrl":"https:\/\/i0.wp.com\/videom.it\/blog\/wp-content\/uploads\/2021\/01\/S21-ULTRA-5G-A.jpg?fit=1200%2C600&ssl=1","datePublished":"2021-01-23T09:45:20+00:00","dateModified":"2025-05-24T22:15:34+00:00","description":"Il nuovo Samsung Galaxy S21 Ultra \u00e8 disponibile. Display DynamicAMOLED 2X. RAM 12GB. Display 6.8 pollici. Batteria 5000....","breadcrumb":{"@id":"https:\/\/videom.it\/blog\/shop\/samsung-galaxy-s21-ultra-256gb\/#breadcrumb"},"inLanguage":"it-IT","potentialAction":[{"@type":"ReadAction","target":["https:\/\/videom.it\/blog\/shop\/samsung-galaxy-s21-ultra-256gb\/"]}]},{"@type":"ImageObject","inLanguage":"it-IT","@id":"https:\/\/videom.it\/blog\/shop\/samsung-galaxy-s21-ultra-256gb\/#primaryimage","url":"https:\/\/i0.wp.com\/videom.it\/blog\/wp-content\/uploads\/2021\/01\/S21-ULTRA-5G-A.jpg?fit=1200%2C600&ssl=1","contentUrl":"https:\/\/i0.wp.com\/videom.it\/blog\/wp-content\/uploads\/2021\/01\/S21-ULTRA-5G-A.jpg?fit=1200%2C600&ssl=1","width":1200,"height":600},{"@type":"BreadcrumbList","@id":"https:\/\/videom.it\/blog\/shop\/samsung-galaxy-s21-ultra-256gb\/#breadcrumb","itemListElement":[{"@type":"ListItem","position":1,"name":"Home","item":"https:\/\/videom.it\/blog\/"},{"@type":"ListItem","position":2,"name":"Shop","item":"https:\/\/videom.it\/blog\/shop\/"},{"@type":"ListItem","position":3,"name":"Samsung Galaxy S21 Ultra 256Gb"}]},{"@type":"WebSite","@id":"https:\/\/videom.it\/blog\/#website","url":"https:\/\/videom.it\/blog\/","name":"VideoMusic","description":"Luce &amp; Gas - Assicurazioni - Riparazioni","publisher":{"@id":"https:\/\/videom.it\/blog\/#organization"},"potentialAction":[{"@type":"SearchAction","target":{"@type":"EntryPoint","urlTemplate":"https:\/\/videom.it\/blog\/?s={search_term_string}"},"query-input":{"@type":"PropertyValueSpecification","valueRequired":true,"valueName":"search_term_string"}}],"inLanguage":"it-IT"},{"@type":"Organization","@id":"https:\/\/videom.it\/blog\/#organization","name":"VideoMusic","url":"https:\/\/videom.it\/blog\/","logo":{"@type":"ImageObject","inLanguage":"it-IT","@id":"https:\/\/videom.it\/blog\/#\/schema\/logo\/image\/","url":"https:\/\/i2.wp.com\/videom.it\/blog\/wp-content\/uploads\/2015\/04\/25th-giallo-3.jpg?fit=1300%2C1192&ssl=1","contentUrl":"https:\/\/i2.wp.com\/videom.it\/blog\/wp-content\/uploads\/2015\/04\/25th-giallo-3.jpg?fit=1300%2C1192&ssl=1","width":1300,"height":1192,"caption":"VideoMusic"},"image":{"@id":"https:\/\/videom.it\/blog\/#\/schema\/logo\/image\/"},"sameAs":["https:\/\/www.facebook.com\/videomusiccava.trebisacce","https:\/\/x.com\/vbcava","https:\/\/www.youtube.com\/channel\/UCgNxnZpk2zqHaIcIxF3swOA"]}]}},"jetpack_publicize_connections":[],"jetpack_sharing_enabled":true,"_links":{"self":[{"href":"https:\/\/videom.it\/blog\/wp-json\/wp\/v2\/product\/5057","targetHints":{"allow":["GET"]}}],"collection":[{"href":"https:\/\/videom.it\/blog\/wp-json\/wp\/v2\/product"}],"about":[{"href":"https:\/\/videom.it\/blog\/wp-json\/wp\/v2\/types\/product"}],"replies":[{"embeddable":true,"href":"https:\/\/videom.it\/blog\/wp-json\/wp\/v2\/comments?post=5057"}],"wp:featuredmedia":[{"embeddable":true,"href":"https:\/\/videom.it\/blog\/wp-json\/wp\/v2\/media\/5058"}],"wp:attachment":[{"href":"https:\/\/videom.it\/blog\/wp-json\/wp\/v2\/media?parent=5057"}],"wp:term":[{"taxonomy":"product_brand","embeddable":true,"href":"https:\/\/videom.it\/blog\/wp-json\/wp\/v2\/product_brand?post=5057"},{"taxonomy":"product_cat","embeddable":true,"href":"https:\/\/videom.it\/blog\/wp-json\/wp\/v2\/product_cat?post=5057"},{"taxonomy":"product_tag","embeddable":true,"href":"https:\/\/videom.it\/blog\/wp-json\/wp\/v2\/product_tag?post=5057"}],"curies":[{"name":"wp","href":"https:\/\/api.w.org\/{rel}","templated":true}]}}