{"id":4898,"date":"2020-12-31T18:40:24","date_gmt":"2020-12-31T17:40:24","guid":{"rendered":"https:\/\/videom.it\/blog\/?post_type=product&#038;p=4898"},"modified":"2025-05-23T11:07:17","modified_gmt":"2025-05-23T09:07:17","slug":"oppo-a91-2020","status":"publish","type":"product","link":"https:\/\/videom.it\/blog\/shop\/oppo-a91-2020\/","title":{"rendered":"OPPO A91 2020"},"content":{"rendered":"<p>Oppo A91 \u00e8 un smartphone\u00a0<a href=\"https:\/\/it.wikipedia.org\/wiki\/Android\" target=\"_blank\" rel=\"noopener\"><b>Android<\/b><\/a> di buon livello, fortemente votato all&#8217;imaging, in grado di soddisfare anche l&#8217;utente pi\u00f9 esigente. Sorprende il display <b>Touchscreen<\/b>\u00a0da\u00a0<b>6.4<\/b>\u00a0pollici che pone questo Oppo al vertice della categoria. Risoluzione di\u00a0<b>2400&#215;1080<\/b> pixel.<\/p>\n<p>A questo smartphone sul versante delle funzionalit\u00e0 non manca davvero nulla. A cominciare dal modulo <b>LTE 4G<\/b>\u00a0che permette un trasferimento dati e una navigazione in internet eccellente, passando per la connettivit\u00e0\u00a0<b>Wi-fi<\/b>\u00a0e il\u00a0<b>GPS<\/b>.<br \/>\nQuesto Oppo A91 \u00e8 un prodotto con pochi competitor per ci\u00f2 che riguarda la multimedialit\u00e0 grazie alla fotocamera da ben\u00a0<b>48<\/b> megapixel. Questo permette al Oppo A91 di scattare foto di alta qualit\u00e0 con una risoluzione di <b>8000&#215;6000<\/b>\u00a0pixel e di registrare video in\u00a0<b>4K<\/b>\u00a0alla risoluzione di\u00a0<b>3840&#215;2160<\/b>\u00a0pixel.<\/p>\n<div id=\"descriptionAndDetails\" class=\"a-section a-spacing-extra-large\">\n<div id=\"productDescription_feature_div\" class=\"celwidget\" data-feature-name=\"productDescription\" data-csa-c-id=\"dtyse2-ustjmv-qo9me4-duvs6p\" data-cel-widget=\"productDescription_feature_div\">\n<div>\n<div id=\"productDescription_feature_div\" class=\"a-row feature\" data-feature-name=\"productDescription\" data-template-name=\"productDescription\" data-cel-widget=\"productDescription_feature_div\">\n<div id=\"productDescription\" class=\"a-section a-spacing-small\">\n<p>A completare le sue caratteristiche troviamo una batteria da 4025 mAh con ricarica rapida, un lettore di impronte integrato nello schermo e ColorOS 6.1 basato su Android 9.0 Pie. Lo spessore di <b>7.9mm<\/b> \u00e8 veramente contenuto e rende questo Oppo ancora pi\u00f9 spettacolare.<\/p>\n<\/div>\n<\/div>\n<\/div>\n<\/div>\n<\/div>\n<p><strong>Proteggi il tuo Smartphone con <a href=\"http:\/\/videom.it\/blog\/protection-pro\/\">PROTECTION PRO ULTRA<\/a> <\/strong>\u2013\u00a0 Il sistema di protezione pi\u00f9 avanzato sul mercato. Una esclusiva della VideoMusic Trebisacce, unico rivenditore dell&#8217;Alto Ionio<\/p>\n<p>&nbsp;<\/p>\n<p><a href=\"https:\/\/i0.wp.com\/videom.it\/blog\/wp-content\/uploads\/2020\/01\/Logo-Videomusic-Blog1.jpg?ssl=1\"><img data-recalc-dims=\"1\" fetchpriority=\"high\" decoding=\"async\" class=\"alignnone wp-image-3983\" src=\"https:\/\/i0.wp.com\/videom.it\/blog\/wp-content\/uploads\/2020\/01\/Logo-Videomusic-Blog1.jpg?resize=458%2C112&#038;ssl=1\" alt=\"oppo a91\" width=\"458\" height=\"112\" srcset=\"https:\/\/i0.wp.com\/videom.it\/blog\/wp-content\/uploads\/2020\/01\/Logo-Videomusic-Blog1.jpg?resize=1024%2C252&amp;ssl=1 1024w, https:\/\/i0.wp.com\/videom.it\/blog\/wp-content\/uploads\/2020\/01\/Logo-Videomusic-Blog1.jpg?resize=300%2C74&amp;ssl=1 300w, https:\/\/i0.wp.com\/videom.it\/blog\/wp-content\/uploads\/2020\/01\/Logo-Videomusic-Blog1.jpg?resize=768%2C189&amp;ssl=1 768w, https:\/\/i0.wp.com\/videom.it\/blog\/wp-content\/uploads\/2020\/01\/Logo-Videomusic-Blog1.jpg?resize=1536%2C379&amp;ssl=1 1536w, https:\/\/i0.wp.com\/videom.it\/blog\/wp-content\/uploads\/2020\/01\/Logo-Videomusic-Blog1.jpg?resize=100%2C25&amp;ssl=1 100w, https:\/\/i0.wp.com\/videom.it\/blog\/wp-content\/uploads\/2020\/01\/Logo-Videomusic-Blog1.jpg?resize=150%2C37&amp;ssl=1 150w, https:\/\/i0.wp.com\/videom.it\/blog\/wp-content\/uploads\/2020\/01\/Logo-Videomusic-Blog1.jpg?resize=200%2C49&amp;ssl=1 200w, https:\/\/i0.wp.com\/videom.it\/blog\/wp-content\/uploads\/2020\/01\/Logo-Videomusic-Blog1.jpg?resize=450%2C111&amp;ssl=1 450w, https:\/\/i0.wp.com\/videom.it\/blog\/wp-content\/uploads\/2020\/01\/Logo-Videomusic-Blog1.jpg?resize=600%2C148&amp;ssl=1 600w, https:\/\/i0.wp.com\/videom.it\/blog\/wp-content\/uploads\/2020\/01\/Logo-Videomusic-Blog1.jpg?resize=900%2C222&amp;ssl=1 900w, https:\/\/i0.wp.com\/videom.it\/blog\/wp-content\/uploads\/2020\/01\/Logo-Videomusic-Blog1.jpg?w=1712&amp;ssl=1 1712w\" sizes=\"(max-width: 458px) 100vw, 458px\" \/><\/a> \u00a0<a href=\"https:\/\/i0.wp.com\/videom.it\/blog\/wp-content\/uploads\/2020\/10\/Imma-da-usar-on-line-b.jpg?ssl=1\"><img data-recalc-dims=\"1\" decoding=\"async\" class=\"alignnone wp-image-4732\" src=\"https:\/\/i0.wp.com\/videom.it\/blog\/wp-content\/uploads\/2020\/10\/Imma-da-usar-on-line-b.jpg?resize=321%2C167&#038;ssl=1\" alt=\"oppo a91\" width=\"321\" height=\"167\" \/><\/a><\/p>\n<p><strong>Unica sede a Trebisacce (Cs) in Vle della Libert\u00e0 22\/24 &#8211; 098158459 \/ 51519 &#8211; 3518188174 &#8211; info@videom.it<\/strong><\/p>\n","protected":false},"excerpt":{"rendered":"<ul>\n<li><span class=\"a-list-item\">Display: 6,4 &#8220;, 1080 x 2400 pixel<\/span><\/li>\n<li><span class=\"a-list-item\">Processore: MediaTek Helio P70 2.1GHz<\/span><\/li>\n<li><span class=\"a-list-item\">Fotocamera: Quad, 48MP + 8MP + 2MP + 2MP<\/span><\/li>\n<li><span class=\"a-list-item\">Batteria: 4025 mAh<\/span><\/li>\n<li><span id=\"productTitle\" class=\"a-size-large product-title-word-break\">Memoria: 128GB, <\/span><\/li>\n<li><span id=\"productTitle\" class=\"a-size-large product-title-word-break\">RAM: 8GB, <\/span><\/li>\n<li><span id=\"productTitle\" class=\"a-size-large product-title-word-break\">Dual Sim, <\/span><\/li>\n<li><span id=\"productTitle\" class=\"a-size-large product-title-word-break\">Lightening Black<\/span><\/li>\n<\/ul>\n","protected":false},"featured_media":4900,"comment_status":"open","ping_status":"closed","template":"","meta":{"jetpack_post_was_ever_published":false,"jetpack_publicize_message":"","jetpack_publicize_feature_enabled":true,"jetpack_social_post_already_shared":true,"jetpack_social_options":{"image_generator_settings":{"template":"highway","default_image_id":0,"font":"","enabled":false},"version":2}},"product_brand":[],"product_cat":[27],"product_tag":[102,55,228,54,215],"class_list":{"0":"post-4898","1":"product","2":"type-product","3":"status-publish","4":"has-post-thumbnail","6":"product_cat-smartphone","7":"product_tag-4g","8":"product_tag-android","9":"product_tag-oppo","10":"product_tag-smartphone","11":"product_tag-telefonia-trebisacce","13":"first","14":"outofstock","15":"sale","16":"taxable","17":"shipping-taxable","18":"purchasable","19":"product-type-simple"},"yoast_head":"<!-- This site is optimized with the Yoast SEO plugin v27.5 - https:\/\/yoast.com\/product\/yoast-seo-wordpress\/ -->\n<title>OPPO A91 2020<\/title>\n<meta name=\"description\" content=\"Oppo A91 \u00e8 un prodotto con pochi competitor per ci\u00f2 che riguarda la multimedialit\u00e0 grazie alla fotocamera da ben\u00a048\u00a0megapixel\" \/>\n<meta name=\"robots\" content=\"index, follow, max-snippet:-1, max-image-preview:large, max-video-preview:-1\" \/>\n<link rel=\"canonical\" href=\"https:\/\/videom.it\/blog\/shop\/oppo-a91-2020\/\" \/>\n<meta property=\"og:locale\" content=\"it_IT\" \/>\n<meta property=\"og:type\" content=\"article\" \/>\n<meta property=\"og:title\" content=\"OPPO A91 2020\" \/>\n<meta property=\"og:description\" content=\"Oppo A91 \u00e8 un prodotto con pochi competitor per ci\u00f2 che riguarda la multimedialit\u00e0 grazie alla fotocamera da ben\u00a048\u00a0megapixel\" \/>\n<meta property=\"og:url\" content=\"https:\/\/videom.it\/blog\/shop\/oppo-a91-2020\/\" \/>\n<meta property=\"og:site_name\" content=\"VideoMusic\" \/>\n<meta property=\"article:publisher\" content=\"https:\/\/www.facebook.com\/videomusiccava.trebisacce\" \/>\n<meta property=\"article:modified_time\" content=\"2025-05-23T09:07:17+00:00\" \/>\n<meta property=\"og:image\" content=\"https:\/\/videom.it\/blog\/wp-content\/uploads\/2020\/12\/OPPO-A91-2020-10.jpg\" \/>\n\t<meta property=\"og:image:width\" content=\"1200\" \/>\n\t<meta property=\"og:image:height\" content=\"600\" \/>\n\t<meta property=\"og:image:type\" content=\"image\/jpeg\" \/>\n<meta name=\"twitter:label1\" content=\"Tempo di lettura stimato\" \/>\n\t<meta name=\"twitter:data1\" content=\"1 minuto\" \/>\n<script type=\"application\/ld+json\" class=\"yoast-schema-graph\">{\"@context\":\"https:\\\/\\\/schema.org\",\"@graph\":[{\"@type\":\"WebPage\",\"@id\":\"https:\\\/\\\/videom.it\\\/blog\\\/shop\\\/oppo-a91-2020\\\/\",\"url\":\"https:\\\/\\\/videom.it\\\/blog\\\/shop\\\/oppo-a91-2020\\\/\",\"name\":\"OPPO A91 2020\",\"isPartOf\":{\"@id\":\"https:\\\/\\\/videom.it\\\/blog\\\/#website\"},\"primaryImageOfPage\":{\"@id\":\"https:\\\/\\\/videom.it\\\/blog\\\/shop\\\/oppo-a91-2020\\\/#primaryimage\"},\"image\":{\"@id\":\"https:\\\/\\\/videom.it\\\/blog\\\/shop\\\/oppo-a91-2020\\\/#primaryimage\"},\"thumbnailUrl\":\"https:\\\/\\\/i0.wp.com\\\/videom.it\\\/blog\\\/wp-content\\\/uploads\\\/2020\\\/12\\\/OPPO-A91-2020-10.jpg?fit=1200%2C600&ssl=1\",\"datePublished\":\"2020-12-31T17:40:24+00:00\",\"dateModified\":\"2025-05-23T09:07:17+00:00\",\"description\":\"Oppo A91 \u00e8 un prodotto con pochi competitor per ci\u00f2 che riguarda la multimedialit\u00e0 grazie alla fotocamera da ben\u00a048\u00a0megapixel\",\"breadcrumb\":{\"@id\":\"https:\\\/\\\/videom.it\\\/blog\\\/shop\\\/oppo-a91-2020\\\/#breadcrumb\"},\"inLanguage\":\"it-IT\",\"potentialAction\":[{\"@type\":\"ReadAction\",\"target\":[\"https:\\\/\\\/videom.it\\\/blog\\\/shop\\\/oppo-a91-2020\\\/\"]}]},{\"@type\":\"ImageObject\",\"inLanguage\":\"it-IT\",\"@id\":\"https:\\\/\\\/videom.it\\\/blog\\\/shop\\\/oppo-a91-2020\\\/#primaryimage\",\"url\":\"https:\\\/\\\/i0.wp.com\\\/videom.it\\\/blog\\\/wp-content\\\/uploads\\\/2020\\\/12\\\/OPPO-A91-2020-10.jpg?fit=1200%2C600&ssl=1\",\"contentUrl\":\"https:\\\/\\\/i0.wp.com\\\/videom.it\\\/blog\\\/wp-content\\\/uploads\\\/2020\\\/12\\\/OPPO-A91-2020-10.jpg?fit=1200%2C600&ssl=1\",\"width\":1200,\"height\":600},{\"@type\":\"BreadcrumbList\",\"@id\":\"https:\\\/\\\/videom.it\\\/blog\\\/shop\\\/oppo-a91-2020\\\/#breadcrumb\",\"itemListElement\":[{\"@type\":\"ListItem\",\"position\":1,\"name\":\"Home\",\"item\":\"https:\\\/\\\/videom.it\\\/blog\\\/\"},{\"@type\":\"ListItem\",\"position\":2,\"name\":\"Shop\",\"item\":\"https:\\\/\\\/videom.it\\\/blog\\\/shop\\\/\"},{\"@type\":\"ListItem\",\"position\":3,\"name\":\"OPPO A91 2020\"}]},{\"@type\":\"WebSite\",\"@id\":\"https:\\\/\\\/videom.it\\\/blog\\\/#website\",\"url\":\"https:\\\/\\\/videom.it\\\/blog\\\/\",\"name\":\"VideoMusic\",\"description\":\"Luce &amp; Gas - Assicurazioni - Riparazioni\",\"publisher\":{\"@id\":\"https:\\\/\\\/videom.it\\\/blog\\\/#organization\"},\"potentialAction\":[{\"@type\":\"SearchAction\",\"target\":{\"@type\":\"EntryPoint\",\"urlTemplate\":\"https:\\\/\\\/videom.it\\\/blog\\\/?s={search_term_string}\"},\"query-input\":{\"@type\":\"PropertyValueSpecification\",\"valueRequired\":true,\"valueName\":\"search_term_string\"}}],\"inLanguage\":\"it-IT\"},{\"@type\":\"Organization\",\"@id\":\"https:\\\/\\\/videom.it\\\/blog\\\/#organization\",\"name\":\"VideoMusic\",\"url\":\"https:\\\/\\\/videom.it\\\/blog\\\/\",\"logo\":{\"@type\":\"ImageObject\",\"inLanguage\":\"it-IT\",\"@id\":\"https:\\\/\\\/videom.it\\\/blog\\\/#\\\/schema\\\/logo\\\/image\\\/\",\"url\":\"https:\\\/\\\/i2.wp.com\\\/videom.it\\\/blog\\\/wp-content\\\/uploads\\\/2015\\\/04\\\/25th-giallo-3.jpg?fit=1300%2C1192&ssl=1\",\"contentUrl\":\"https:\\\/\\\/i2.wp.com\\\/videom.it\\\/blog\\\/wp-content\\\/uploads\\\/2015\\\/04\\\/25th-giallo-3.jpg?fit=1300%2C1192&ssl=1\",\"width\":1300,\"height\":1192,\"caption\":\"VideoMusic\"},\"image\":{\"@id\":\"https:\\\/\\\/videom.it\\\/blog\\\/#\\\/schema\\\/logo\\\/image\\\/\"},\"sameAs\":[\"https:\\\/\\\/www.facebook.com\\\/videomusiccava.trebisacce\",\"https:\\\/\\\/x.com\\\/vbcava\",\"https:\\\/\\\/www.youtube.com\\\/channel\\\/UCgNxnZpk2zqHaIcIxF3swOA\"]}]}<\/script>\n<!-- \/ Yoast SEO plugin. -->","yoast_head_json":{"title":"OPPO A91 2020","description":"Oppo A91 \u00e8 un prodotto con pochi competitor per ci\u00f2 che riguarda la multimedialit\u00e0 grazie alla fotocamera da ben\u00a048\u00a0megapixel","robots":{"index":"index","follow":"follow","max-snippet":"max-snippet:-1","max-image-preview":"max-image-preview:large","max-video-preview":"max-video-preview:-1"},"canonical":"https:\/\/videom.it\/blog\/shop\/oppo-a91-2020\/","og_locale":"it_IT","og_type":"article","og_title":"OPPO A91 2020","og_description":"Oppo A91 \u00e8 un prodotto con pochi competitor per ci\u00f2 che riguarda la multimedialit\u00e0 grazie alla fotocamera da ben\u00a048\u00a0megapixel","og_url":"https:\/\/videom.it\/blog\/shop\/oppo-a91-2020\/","og_site_name":"VideoMusic","article_publisher":"https:\/\/www.facebook.com\/videomusiccava.trebisacce","article_modified_time":"2025-05-23T09:07:17+00:00","og_image":[{"width":1200,"height":600,"url":"https:\/\/videom.it\/blog\/wp-content\/uploads\/2020\/12\/OPPO-A91-2020-10.jpg","type":"image\/jpeg"}],"twitter_misc":{"Tempo di lettura stimato":"1 minuto"},"schema":{"@context":"https:\/\/schema.org","@graph":[{"@type":"WebPage","@id":"https:\/\/videom.it\/blog\/shop\/oppo-a91-2020\/","url":"https:\/\/videom.it\/blog\/shop\/oppo-a91-2020\/","name":"OPPO A91 2020","isPartOf":{"@id":"https:\/\/videom.it\/blog\/#website"},"primaryImageOfPage":{"@id":"https:\/\/videom.it\/blog\/shop\/oppo-a91-2020\/#primaryimage"},"image":{"@id":"https:\/\/videom.it\/blog\/shop\/oppo-a91-2020\/#primaryimage"},"thumbnailUrl":"https:\/\/i0.wp.com\/videom.it\/blog\/wp-content\/uploads\/2020\/12\/OPPO-A91-2020-10.jpg?fit=1200%2C600&ssl=1","datePublished":"2020-12-31T17:40:24+00:00","dateModified":"2025-05-23T09:07:17+00:00","description":"Oppo A91 \u00e8 un prodotto con pochi competitor per ci\u00f2 che riguarda la multimedialit\u00e0 grazie alla fotocamera da ben\u00a048\u00a0megapixel","breadcrumb":{"@id":"https:\/\/videom.it\/blog\/shop\/oppo-a91-2020\/#breadcrumb"},"inLanguage":"it-IT","potentialAction":[{"@type":"ReadAction","target":["https:\/\/videom.it\/blog\/shop\/oppo-a91-2020\/"]}]},{"@type":"ImageObject","inLanguage":"it-IT","@id":"https:\/\/videom.it\/blog\/shop\/oppo-a91-2020\/#primaryimage","url":"https:\/\/i0.wp.com\/videom.it\/blog\/wp-content\/uploads\/2020\/12\/OPPO-A91-2020-10.jpg?fit=1200%2C600&ssl=1","contentUrl":"https:\/\/i0.wp.com\/videom.it\/blog\/wp-content\/uploads\/2020\/12\/OPPO-A91-2020-10.jpg?fit=1200%2C600&ssl=1","width":1200,"height":600},{"@type":"BreadcrumbList","@id":"https:\/\/videom.it\/blog\/shop\/oppo-a91-2020\/#breadcrumb","itemListElement":[{"@type":"ListItem","position":1,"name":"Home","item":"https:\/\/videom.it\/blog\/"},{"@type":"ListItem","position":2,"name":"Shop","item":"https:\/\/videom.it\/blog\/shop\/"},{"@type":"ListItem","position":3,"name":"OPPO A91 2020"}]},{"@type":"WebSite","@id":"https:\/\/videom.it\/blog\/#website","url":"https:\/\/videom.it\/blog\/","name":"VideoMusic","description":"Luce &amp; Gas - Assicurazioni - Riparazioni","publisher":{"@id":"https:\/\/videom.it\/blog\/#organization"},"potentialAction":[{"@type":"SearchAction","target":{"@type":"EntryPoint","urlTemplate":"https:\/\/videom.it\/blog\/?s={search_term_string}"},"query-input":{"@type":"PropertyValueSpecification","valueRequired":true,"valueName":"search_term_string"}}],"inLanguage":"it-IT"},{"@type":"Organization","@id":"https:\/\/videom.it\/blog\/#organization","name":"VideoMusic","url":"https:\/\/videom.it\/blog\/","logo":{"@type":"ImageObject","inLanguage":"it-IT","@id":"https:\/\/videom.it\/blog\/#\/schema\/logo\/image\/","url":"https:\/\/i2.wp.com\/videom.it\/blog\/wp-content\/uploads\/2015\/04\/25th-giallo-3.jpg?fit=1300%2C1192&ssl=1","contentUrl":"https:\/\/i2.wp.com\/videom.it\/blog\/wp-content\/uploads\/2015\/04\/25th-giallo-3.jpg?fit=1300%2C1192&ssl=1","width":1300,"height":1192,"caption":"VideoMusic"},"image":{"@id":"https:\/\/videom.it\/blog\/#\/schema\/logo\/image\/"},"sameAs":["https:\/\/www.facebook.com\/videomusiccava.trebisacce","https:\/\/x.com\/vbcava","https:\/\/www.youtube.com\/channel\/UCgNxnZpk2zqHaIcIxF3swOA"]}]}},"jetpack_publicize_connections":[],"jetpack_sharing_enabled":true,"_links":{"self":[{"href":"https:\/\/videom.it\/blog\/wp-json\/wp\/v2\/product\/4898","targetHints":{"allow":["GET"]}}],"collection":[{"href":"https:\/\/videom.it\/blog\/wp-json\/wp\/v2\/product"}],"about":[{"href":"https:\/\/videom.it\/blog\/wp-json\/wp\/v2\/types\/product"}],"replies":[{"embeddable":true,"href":"https:\/\/videom.it\/blog\/wp-json\/wp\/v2\/comments?post=4898"}],"wp:featuredmedia":[{"embeddable":true,"href":"https:\/\/videom.it\/blog\/wp-json\/wp\/v2\/media\/4900"}],"wp:attachment":[{"href":"https:\/\/videom.it\/blog\/wp-json\/wp\/v2\/media?parent=4898"}],"wp:term":[{"taxonomy":"product_brand","embeddable":true,"href":"https:\/\/videom.it\/blog\/wp-json\/wp\/v2\/product_brand?post=4898"},{"taxonomy":"product_cat","embeddable":true,"href":"https:\/\/videom.it\/blog\/wp-json\/wp\/v2\/product_cat?post=4898"},{"taxonomy":"product_tag","embeddable":true,"href":"https:\/\/videom.it\/blog\/wp-json\/wp\/v2\/product_tag?post=4898"}],"curies":[{"name":"wp","href":"https:\/\/api.w.org\/{rel}","templated":true}]}}