{"id":4859,"date":"2020-12-23T19:37:06","date_gmt":"2020-12-23T18:37:06","guid":{"rendered":"https:\/\/videom.it\/blog\/?post_type=product&#038;p=4859"},"modified":"2025-05-23T11:07:28","modified_gmt":"2025-05-23T09:07:28","slug":"apple-watch-s6-gps-44mm","status":"publish","type":"product","link":"https:\/\/videom.it\/blog\/shop\/apple-watch-s6-gps-44mm\/","title":{"rendered":"Apple Watch S6 44mm"},"content":{"rendered":"<p><b>Apple Watch S6 GPS 44mm<\/b><\/p>\n<p>Apple Watch 6 \u00e8 uno smartwatch di alto profilo e va a sostituire il modello <a href=\"https:\/\/videom.it\/blog\/shop\/apple-watch-series-5-44m\/\" target=\"_blank\" rel=\"noopener\">Series 5<\/a> che ha portato poca innovazione rispetto al diretto predecessore, se non per il display always-on e la bussola.<\/p>\n<p><b>Il futuro della salute \u00e8 qui, al tuo polso:<\/b><br \/>\nControlla l\u2019ossigeno nel sangue con un sensore e un\u2019app rivoluzionari. Fai un <a href=\"https:\/\/it.wikipedia.org\/wiki\/Elettrocardiogramma\" target=\"_blank\" rel=\"noopener\">ECG<\/a> in qualsiasi momento, ovunque ti trovi. E tieni d\u2019occhio tutti i parametri dei tuoi allenamenti su un display Retina always-on ancora pi\u00f9 brillante. Con Apple Watch Series 6 una vita pi\u00f9 sana, attiva e connessa \u00e8 a portata di mano.<\/p>\n<p><b>Nuovo sensore, nuove informazioni:<\/b><br \/>\nIl nuovo Sensore Livelli O2 \u00e8 composto da quattro gruppi di LED e quattro fotodiodi. \u00c8 integrato nel cristallo posteriore completamente ridisegnato, e funziona insieme all\u2019app Livelli O2 per determinare la quantit\u00e0 di ossigeno presente nel tuo sangue.<\/p>\n<p><b>Profondamente illuminante:<\/b><br \/>\nI LED verdi, rossi e a infrarossi proiettano la loro luce sui vasi sanguigni del polso, mentre i fotodiodi misurano la quantit\u00e0 di luce riflessa. Algoritmi evoluti calcolano quindi il colore del sangue, che indica la quantit\u00e0 di ossigeno al suo interno.<\/p>\n<p><b>Apple Watch S6 GPS 44mm, A portata di mano, sempre, ovunque:<\/b><br \/>\nCon l\u2019app ECG, Apple Watch Series 6 \u00e8 in grado di generare un elettrocardiogramma a singola derivazione. Pu\u00f2 quindi fornire dati di importanza vitale ai medici e dare pi\u00f9 serenit\u00e0 a chi lo usa: un traguardo eccezionale per un dispositivo indossabile.<\/p>\n<p><strong>Proteggi il tuo Smartphone con <a href=\"http:\/\/videom.it\/blog\/protection-pro\/\">PROTECTION PRO ULTRA<\/a> <\/strong>\u2013\u00a0 Il sistema di protezione pi\u00f9 avanzato sul mercato. Una esclusiva della VideoMusic Trebisacce, unico rivenditore dell&#8217;Alto Ionio<\/p>\n<p><a href=\"https:\/\/i0.wp.com\/videom.it\/blog\/wp-content\/uploads\/2020\/01\/Logo-Videomusic-Blog1.jpg?ssl=1\"><img data-recalc-dims=\"1\" decoding=\"async\" class=\"alignnone wp-image-3983\" src=\"https:\/\/i0.wp.com\/videom.it\/blog\/wp-content\/uploads\/2020\/01\/Logo-Videomusic-Blog1.jpg?resize=439%2C108&#038;ssl=1\" alt=\"Apple Watch S6 \" width=\"439\" height=\"108\" srcset=\"https:\/\/i0.wp.com\/videom.it\/blog\/wp-content\/uploads\/2020\/01\/Logo-Videomusic-Blog1.jpg?resize=1024%2C252&amp;ssl=1 1024w, https:\/\/i0.wp.com\/videom.it\/blog\/wp-content\/uploads\/2020\/01\/Logo-Videomusic-Blog1.jpg?resize=300%2C74&amp;ssl=1 300w, https:\/\/i0.wp.com\/videom.it\/blog\/wp-content\/uploads\/2020\/01\/Logo-Videomusic-Blog1.jpg?resize=768%2C189&amp;ssl=1 768w, https:\/\/i0.wp.com\/videom.it\/blog\/wp-content\/uploads\/2020\/01\/Logo-Videomusic-Blog1.jpg?resize=1536%2C379&amp;ssl=1 1536w, https:\/\/i0.wp.com\/videom.it\/blog\/wp-content\/uploads\/2020\/01\/Logo-Videomusic-Blog1.jpg?resize=100%2C25&amp;ssl=1 100w, https:\/\/i0.wp.com\/videom.it\/blog\/wp-content\/uploads\/2020\/01\/Logo-Videomusic-Blog1.jpg?resize=150%2C37&amp;ssl=1 150w, https:\/\/i0.wp.com\/videom.it\/blog\/wp-content\/uploads\/2020\/01\/Logo-Videomusic-Blog1.jpg?resize=200%2C49&amp;ssl=1 200w, https:\/\/i0.wp.com\/videom.it\/blog\/wp-content\/uploads\/2020\/01\/Logo-Videomusic-Blog1.jpg?resize=450%2C111&amp;ssl=1 450w, https:\/\/i0.wp.com\/videom.it\/blog\/wp-content\/uploads\/2020\/01\/Logo-Videomusic-Blog1.jpg?resize=600%2C148&amp;ssl=1 600w, https:\/\/i0.wp.com\/videom.it\/blog\/wp-content\/uploads\/2020\/01\/Logo-Videomusic-Blog1.jpg?resize=900%2C222&amp;ssl=1 900w, https:\/\/i0.wp.com\/videom.it\/blog\/wp-content\/uploads\/2020\/01\/Logo-Videomusic-Blog1.jpg?w=1712&amp;ssl=1 1712w\" sizes=\"(max-width: 439px) 100vw, 439px\" \/><\/a>\u00a0 \u00a0 <a href=\"https:\/\/i0.wp.com\/videom.it\/blog\/wp-content\/uploads\/2020\/08\/Imma-da-usar-on-line.jpg?ssl=1\"><img data-recalc-dims=\"1\" fetchpriority=\"high\" decoding=\"async\" class=\"alignnone wp-image-4676\" src=\"https:\/\/i0.wp.com\/videom.it\/blog\/wp-content\/uploads\/2020\/08\/Imma-da-usar-on-line.jpg?resize=306%2C186&#038;ssl=1\" alt=\"Apple Watch S6 \" width=\"306\" height=\"186\" \/><\/a><\/p>\n<p><strong>Unica sede a Trebisacce (Cs) in Vle della Libert\u00e0 22\/24 &#8211; 098158459 \/ 51519 &#8211; 3518188174 &#8211; info@videom.it<\/strong><\/p>\n","protected":false},"excerpt":{"rendered":"<ul class=\"a-unordered-list a-vertical a-spacing-mini\">\n<li><span class=\"a-list-item\">Con il modello GPS rispondi a chiamate e messaggi dall\u2019orologio<\/span><\/li>\n<li><span class=\"a-list-item\">Puoi misurare l\u2019ossigeno nel sangue con un nuovo sensore e una nuova app<\/span><\/li>\n<li><span class=\"a-list-item\">Puoi controllare il ritmo cardiaco con l\u2019app ECG<\/span><\/li>\n<li><span class=\"a-list-item\">Il display Retina always-on \u00e8 2,5 volte pi\u00f9 luminoso alla luce del giorno, anche quando tieni abbassato il polso<\/span><\/li>\n<li><span class=\"a-list-item\">Il chip S6 SiP \u00e8 fino al 20% pi\u00f9 veloce rispetto al chip dei modelli Series 5<\/span><\/li>\n<li><span class=\"a-list-item\">Wi-Fi a 5GHz e chip U1 Ultra Wideband<\/span><\/li>\n<li><span class=\"a-list-item\">Con Apple Watch misuri ogni giorno quanto ti muovi, e i progressi compiuti li controlli nell\u2019app Fitness su iPhone<\/span><\/li>\n<\/ul>\n","protected":false},"featured_media":5072,"comment_status":"open","ping_status":"closed","template":"","meta":{"jetpack_post_was_ever_published":false,"jetpack_publicize_message":"","jetpack_publicize_feature_enabled":true,"jetpack_social_post_already_shared":true,"jetpack_social_options":{"image_generator_settings":{"template":"highway","default_image_id":0,"font":"","enabled":false},"version":2}},"product_brand":[],"product_cat":[67,231],"product_tag":[102,50,21,20,54,215],"class_list":{"0":"post-4859","1":"product","2":"type-product","3":"status-publish","4":"has-post-thumbnail","6":"product_cat-apple","7":"product_cat-smartwatch","8":"product_tag-4g","9":"product_tag-accessori","10":"product_tag-apple","11":"product_tag-iphone","12":"product_tag-smartphone","13":"product_tag-telefonia-trebisacce","15":"first","16":"outofstock","17":"taxable","18":"shipping-taxable","19":"purchasable","20":"product-type-simple"},"yoast_head":"<!-- This site is optimized with the Yoast SEO plugin v27.4 - https:\/\/yoast.com\/product\/yoast-seo-wordpress\/ -->\n<title>Apple Watch S6 44mm<\/title>\n<meta name=\"description\" content=\"Apple Watch S6 aggiunge funzioni e sensori per chi \u00e8 interessato a monitorare salute e prestazioni. Vediamo come si \u00e8 comportato dopo due ...\" \/>\n<meta name=\"robots\" content=\"index, follow, max-snippet:-1, max-image-preview:large, max-video-preview:-1\" \/>\n<link rel=\"canonical\" href=\"https:\/\/videom.it\/blog\/shop\/apple-watch-s6-gps-44mm\/\" \/>\n<meta property=\"og:locale\" content=\"it_IT\" \/>\n<meta property=\"og:type\" content=\"article\" \/>\n<meta property=\"og:title\" content=\"Apple Watch S6 44mm\" \/>\n<meta property=\"og:description\" content=\"Apple Watch S6 aggiunge funzioni e sensori per chi \u00e8 interessato a monitorare salute e prestazioni. Vediamo come si \u00e8 comportato dopo due ...\" \/>\n<meta property=\"og:url\" content=\"https:\/\/videom.it\/blog\/shop\/apple-watch-s6-gps-44mm\/\" \/>\n<meta property=\"og:site_name\" content=\"VideoMusic\" \/>\n<meta property=\"article:publisher\" content=\"https:\/\/www.facebook.com\/videomusiccava.trebisacce\" \/>\n<meta property=\"article:modified_time\" content=\"2025-05-23T09:07:28+00:00\" \/>\n<meta property=\"og:image\" content=\"https:\/\/videom.it\/blog\/wp-content\/uploads\/2020\/12\/Apple-Watch-6s1.jpg\" \/>\n\t<meta property=\"og:image:width\" content=\"1200\" \/>\n\t<meta property=\"og:image:height\" content=\"600\" \/>\n\t<meta property=\"og:image:type\" content=\"image\/jpeg\" \/>\n<meta name=\"twitter:label1\" content=\"Tempo di lettura stimato\" \/>\n\t<meta name=\"twitter:data1\" content=\"1 minuto\" \/>\n<script type=\"application\/ld+json\" class=\"yoast-schema-graph\">{\"@context\":\"https:\\\/\\\/schema.org\",\"@graph\":[{\"@type\":\"WebPage\",\"@id\":\"https:\\\/\\\/videom.it\\\/blog\\\/shop\\\/apple-watch-s6-gps-44mm\\\/\",\"url\":\"https:\\\/\\\/videom.it\\\/blog\\\/shop\\\/apple-watch-s6-gps-44mm\\\/\",\"name\":\"Apple Watch S6 44mm\",\"isPartOf\":{\"@id\":\"https:\\\/\\\/videom.it\\\/blog\\\/#website\"},\"primaryImageOfPage\":{\"@id\":\"https:\\\/\\\/videom.it\\\/blog\\\/shop\\\/apple-watch-s6-gps-44mm\\\/#primaryimage\"},\"image\":{\"@id\":\"https:\\\/\\\/videom.it\\\/blog\\\/shop\\\/apple-watch-s6-gps-44mm\\\/#primaryimage\"},\"thumbnailUrl\":\"https:\\\/\\\/i0.wp.com\\\/videom.it\\\/blog\\\/wp-content\\\/uploads\\\/2020\\\/12\\\/Apple-Watch-6s1.jpg?fit=1200%2C600&ssl=1\",\"datePublished\":\"2020-12-23T18:37:06+00:00\",\"dateModified\":\"2025-05-23T09:07:28+00:00\",\"description\":\"Apple Watch S6 aggiunge funzioni e sensori per chi \u00e8 interessato a monitorare salute e prestazioni. Vediamo come si \u00e8 comportato dopo due ...\",\"breadcrumb\":{\"@id\":\"https:\\\/\\\/videom.it\\\/blog\\\/shop\\\/apple-watch-s6-gps-44mm\\\/#breadcrumb\"},\"inLanguage\":\"it-IT\",\"potentialAction\":[{\"@type\":\"ReadAction\",\"target\":[\"https:\\\/\\\/videom.it\\\/blog\\\/shop\\\/apple-watch-s6-gps-44mm\\\/\"]}]},{\"@type\":\"ImageObject\",\"inLanguage\":\"it-IT\",\"@id\":\"https:\\\/\\\/videom.it\\\/blog\\\/shop\\\/apple-watch-s6-gps-44mm\\\/#primaryimage\",\"url\":\"https:\\\/\\\/i0.wp.com\\\/videom.it\\\/blog\\\/wp-content\\\/uploads\\\/2020\\\/12\\\/Apple-Watch-6s1.jpg?fit=1200%2C600&ssl=1\",\"contentUrl\":\"https:\\\/\\\/i0.wp.com\\\/videom.it\\\/blog\\\/wp-content\\\/uploads\\\/2020\\\/12\\\/Apple-Watch-6s1.jpg?fit=1200%2C600&ssl=1\",\"width\":1200,\"height\":600},{\"@type\":\"BreadcrumbList\",\"@id\":\"https:\\\/\\\/videom.it\\\/blog\\\/shop\\\/apple-watch-s6-gps-44mm\\\/#breadcrumb\",\"itemListElement\":[{\"@type\":\"ListItem\",\"position\":1,\"name\":\"Home\",\"item\":\"https:\\\/\\\/videom.it\\\/blog\\\/\"},{\"@type\":\"ListItem\",\"position\":2,\"name\":\"Shop\",\"item\":\"https:\\\/\\\/videom.it\\\/blog\\\/shop\\\/\"},{\"@type\":\"ListItem\",\"position\":3,\"name\":\"Apple Watch S6 44mm\"}]},{\"@type\":\"WebSite\",\"@id\":\"https:\\\/\\\/videom.it\\\/blog\\\/#website\",\"url\":\"https:\\\/\\\/videom.it\\\/blog\\\/\",\"name\":\"VideoMusic\",\"description\":\"Luce &amp; Gas - Assicurazioni - Riparazioni\",\"publisher\":{\"@id\":\"https:\\\/\\\/videom.it\\\/blog\\\/#organization\"},\"potentialAction\":[{\"@type\":\"SearchAction\",\"target\":{\"@type\":\"EntryPoint\",\"urlTemplate\":\"https:\\\/\\\/videom.it\\\/blog\\\/?s={search_term_string}\"},\"query-input\":{\"@type\":\"PropertyValueSpecification\",\"valueRequired\":true,\"valueName\":\"search_term_string\"}}],\"inLanguage\":\"it-IT\"},{\"@type\":\"Organization\",\"@id\":\"https:\\\/\\\/videom.it\\\/blog\\\/#organization\",\"name\":\"VideoMusic\",\"url\":\"https:\\\/\\\/videom.it\\\/blog\\\/\",\"logo\":{\"@type\":\"ImageObject\",\"inLanguage\":\"it-IT\",\"@id\":\"https:\\\/\\\/videom.it\\\/blog\\\/#\\\/schema\\\/logo\\\/image\\\/\",\"url\":\"https:\\\/\\\/i2.wp.com\\\/videom.it\\\/blog\\\/wp-content\\\/uploads\\\/2015\\\/04\\\/25th-giallo-3.jpg?fit=1300%2C1192&ssl=1\",\"contentUrl\":\"https:\\\/\\\/i2.wp.com\\\/videom.it\\\/blog\\\/wp-content\\\/uploads\\\/2015\\\/04\\\/25th-giallo-3.jpg?fit=1300%2C1192&ssl=1\",\"width\":1300,\"height\":1192,\"caption\":\"VideoMusic\"},\"image\":{\"@id\":\"https:\\\/\\\/videom.it\\\/blog\\\/#\\\/schema\\\/logo\\\/image\\\/\"},\"sameAs\":[\"https:\\\/\\\/www.facebook.com\\\/videomusiccava.trebisacce\",\"https:\\\/\\\/x.com\\\/vbcava\",\"https:\\\/\\\/www.youtube.com\\\/channel\\\/UCgNxnZpk2zqHaIcIxF3swOA\"]}]}<\/script>\n<!-- \/ Yoast SEO plugin. -->","yoast_head_json":{"title":"Apple Watch S6 44mm","description":"Apple Watch S6 aggiunge funzioni e sensori per chi \u00e8 interessato a monitorare salute e prestazioni. Vediamo come si \u00e8 comportato dopo due ...","robots":{"index":"index","follow":"follow","max-snippet":"max-snippet:-1","max-image-preview":"max-image-preview:large","max-video-preview":"max-video-preview:-1"},"canonical":"https:\/\/videom.it\/blog\/shop\/apple-watch-s6-gps-44mm\/","og_locale":"it_IT","og_type":"article","og_title":"Apple Watch S6 44mm","og_description":"Apple Watch S6 aggiunge funzioni e sensori per chi \u00e8 interessato a monitorare salute e prestazioni. Vediamo come si \u00e8 comportato dopo due ...","og_url":"https:\/\/videom.it\/blog\/shop\/apple-watch-s6-gps-44mm\/","og_site_name":"VideoMusic","article_publisher":"https:\/\/www.facebook.com\/videomusiccava.trebisacce","article_modified_time":"2025-05-23T09:07:28+00:00","og_image":[{"width":1200,"height":600,"url":"https:\/\/videom.it\/blog\/wp-content\/uploads\/2020\/12\/Apple-Watch-6s1.jpg","type":"image\/jpeg"}],"twitter_misc":{"Tempo di lettura stimato":"1 minuto"},"schema":{"@context":"https:\/\/schema.org","@graph":[{"@type":"WebPage","@id":"https:\/\/videom.it\/blog\/shop\/apple-watch-s6-gps-44mm\/","url":"https:\/\/videom.it\/blog\/shop\/apple-watch-s6-gps-44mm\/","name":"Apple Watch S6 44mm","isPartOf":{"@id":"https:\/\/videom.it\/blog\/#website"},"primaryImageOfPage":{"@id":"https:\/\/videom.it\/blog\/shop\/apple-watch-s6-gps-44mm\/#primaryimage"},"image":{"@id":"https:\/\/videom.it\/blog\/shop\/apple-watch-s6-gps-44mm\/#primaryimage"},"thumbnailUrl":"https:\/\/i0.wp.com\/videom.it\/blog\/wp-content\/uploads\/2020\/12\/Apple-Watch-6s1.jpg?fit=1200%2C600&ssl=1","datePublished":"2020-12-23T18:37:06+00:00","dateModified":"2025-05-23T09:07:28+00:00","description":"Apple Watch S6 aggiunge funzioni e sensori per chi \u00e8 interessato a monitorare salute e prestazioni. Vediamo come si \u00e8 comportato dopo due ...","breadcrumb":{"@id":"https:\/\/videom.it\/blog\/shop\/apple-watch-s6-gps-44mm\/#breadcrumb"},"inLanguage":"it-IT","potentialAction":[{"@type":"ReadAction","target":["https:\/\/videom.it\/blog\/shop\/apple-watch-s6-gps-44mm\/"]}]},{"@type":"ImageObject","inLanguage":"it-IT","@id":"https:\/\/videom.it\/blog\/shop\/apple-watch-s6-gps-44mm\/#primaryimage","url":"https:\/\/i0.wp.com\/videom.it\/blog\/wp-content\/uploads\/2020\/12\/Apple-Watch-6s1.jpg?fit=1200%2C600&ssl=1","contentUrl":"https:\/\/i0.wp.com\/videom.it\/blog\/wp-content\/uploads\/2020\/12\/Apple-Watch-6s1.jpg?fit=1200%2C600&ssl=1","width":1200,"height":600},{"@type":"BreadcrumbList","@id":"https:\/\/videom.it\/blog\/shop\/apple-watch-s6-gps-44mm\/#breadcrumb","itemListElement":[{"@type":"ListItem","position":1,"name":"Home","item":"https:\/\/videom.it\/blog\/"},{"@type":"ListItem","position":2,"name":"Shop","item":"https:\/\/videom.it\/blog\/shop\/"},{"@type":"ListItem","position":3,"name":"Apple Watch S6 44mm"}]},{"@type":"WebSite","@id":"https:\/\/videom.it\/blog\/#website","url":"https:\/\/videom.it\/blog\/","name":"VideoMusic","description":"Luce &amp; Gas - Assicurazioni - Riparazioni","publisher":{"@id":"https:\/\/videom.it\/blog\/#organization"},"potentialAction":[{"@type":"SearchAction","target":{"@type":"EntryPoint","urlTemplate":"https:\/\/videom.it\/blog\/?s={search_term_string}"},"query-input":{"@type":"PropertyValueSpecification","valueRequired":true,"valueName":"search_term_string"}}],"inLanguage":"it-IT"},{"@type":"Organization","@id":"https:\/\/videom.it\/blog\/#organization","name":"VideoMusic","url":"https:\/\/videom.it\/blog\/","logo":{"@type":"ImageObject","inLanguage":"it-IT","@id":"https:\/\/videom.it\/blog\/#\/schema\/logo\/image\/","url":"https:\/\/i2.wp.com\/videom.it\/blog\/wp-content\/uploads\/2015\/04\/25th-giallo-3.jpg?fit=1300%2C1192&ssl=1","contentUrl":"https:\/\/i2.wp.com\/videom.it\/blog\/wp-content\/uploads\/2015\/04\/25th-giallo-3.jpg?fit=1300%2C1192&ssl=1","width":1300,"height":1192,"caption":"VideoMusic"},"image":{"@id":"https:\/\/videom.it\/blog\/#\/schema\/logo\/image\/"},"sameAs":["https:\/\/www.facebook.com\/videomusiccava.trebisacce","https:\/\/x.com\/vbcava","https:\/\/www.youtube.com\/channel\/UCgNxnZpk2zqHaIcIxF3swOA"]}]}},"jetpack_publicize_connections":[],"jetpack_sharing_enabled":true,"_links":{"self":[{"href":"https:\/\/videom.it\/blog\/wp-json\/wp\/v2\/product\/4859","targetHints":{"allow":["GET"]}}],"collection":[{"href":"https:\/\/videom.it\/blog\/wp-json\/wp\/v2\/product"}],"about":[{"href":"https:\/\/videom.it\/blog\/wp-json\/wp\/v2\/types\/product"}],"replies":[{"embeddable":true,"href":"https:\/\/videom.it\/blog\/wp-json\/wp\/v2\/comments?post=4859"}],"wp:featuredmedia":[{"embeddable":true,"href":"https:\/\/videom.it\/blog\/wp-json\/wp\/v2\/media\/5072"}],"wp:attachment":[{"href":"https:\/\/videom.it\/blog\/wp-json\/wp\/v2\/media?parent=4859"}],"wp:term":[{"taxonomy":"product_brand","embeddable":true,"href":"https:\/\/videom.it\/blog\/wp-json\/wp\/v2\/product_brand?post=4859"},{"taxonomy":"product_cat","embeddable":true,"href":"https:\/\/videom.it\/blog\/wp-json\/wp\/v2\/product_cat?post=4859"},{"taxonomy":"product_tag","embeddable":true,"href":"https:\/\/videom.it\/blog\/wp-json\/wp\/v2\/product_tag?post=4859"}],"curies":[{"name":"wp","href":"https:\/\/api.w.org\/{rel}","templated":true}]}}