{"id":4622,"date":"2020-07-24T09:53:03","date_gmt":"2020-07-24T07:53:03","guid":{"rendered":"https:\/\/videom.it\/blog\/?post_type=product&#038;p=4622"},"modified":"2025-05-23T07:52:35","modified_gmt":"2025-05-23T05:52:35","slug":"xiaomi-note-9-pro","status":"publish","type":"product","link":"https:\/\/videom.it\/blog\/shop\/xiaomi-note-9-pro\/","title":{"rendered":"Xiaomi Note 9 Pro 128GB"},"content":{"rendered":"<p><strong>\u00a0Xiaomi\u00a0Note 9 Pro<\/strong>\u00a0\u00e8 uno smartphone con sistema operativo Android di fascia media ma dal prezzo molto competitivo.<\/p>\n<p>Ha un display\u00a0<strong>6,67 pollici<\/strong>\u00a0realizzato in tecnologia <strong><a href=\"https:\/\/it.wikipedia.org\/wiki\/Display_a_cristalli_liquidi\" target=\"_blank\" rel=\"noopener noreferrer\">IPS LCD<\/a><\/strong>. La risoluzione \u00e8 assolutamente adeguata essendo FullHD+. Lo schermo \u00e8 poi con pochi bordi, ma \u00e8 comunque interrotto dalla fotocamera frontale da 16 megapixel nel foro. Parlando di fotocamere questo\u00a0<strong>Xiaomi Note 9 Pro<\/strong>\u00a0ha ben quattro sensori. Il principale \u00e8 un\u00a0<strong>64 megapixel \u0192\/1.9<\/strong>\u00a0(non stabilizzato) per scatti ottimi in tutte le condizioni di luce. Abbiamo poi una 8 megapixel \u0192\/2.2 grandangolare, un sensore da 5 megapixel \u0192\/2.4 per le macro e una fotocamera da 2 megapixel per aiutare nei ritratti. Pu\u00f2 anche registrare discreti <a href=\"https:\/\/videom.it\/blog\/shop\/xiaomi-mi-note-10\/\" target=\"_blank\" rel=\"noopener noreferrer\">video in 4K<\/a>.<\/p>\n<p>Questo dispositivo dual SIM supporta le reti LTE e la Wi-Fi a\/b\/g\/n\/ac. Il Bluetooth \u00e8 alla versione 5.0, mentre, sempre parlando di connettivit\u00e0 abbiamo il GPS, la radio FM e l\u2019NFC. Non manca neanche la porta infrarossi, mentre invece non \u00e8 presente nessun tipo di uscita video via cavo.<\/p>\n<p>Il processore di questo dispositivo \u00e8 un\u00a0<strong>Qualcomm SM7125 Snapdragon 720G<\/strong>\u00a0octa core da 2.3 GHz e ha un processore grafico Adreno 618. Abbiamo poi\u00a0<strong>6 GB<\/strong>\u00a0di RAM e\u00a0<strong>64 \/ 128 GB<\/strong>\u00a0di memoria, espandibile tramite l\u2019ausilio di una microSD. La batteria non removibile \u00e8 da 5020 mAh e abbiamo la ricarica molto rapida a 30W.<\/p>\n<p><strong>Proteggi il tuo Smartphone con <a href=\"http:\/\/videom.it\/blog\/protection-pro\/\">PROTECTION PRO ULTRA<\/a><\/strong> \u2013\u00a0 Il sistema di protezione pi\u00f9 avanzato sul mercato. Una esclusiva della VideoMusic Trebisacce, unico rivenditore dell&#8217;Alto Ionio<\/p>\n<p>&nbsp;<\/p>\n<p><a href=\"https:\/\/i0.wp.com\/videom.it\/blog\/wp-content\/uploads\/2020\/01\/Logo-Videomusic-Blog1.jpg?ssl=1\"><img data-recalc-dims=\"1\" decoding=\"async\" class=\"alignnone size-medium wp-image-3983\" src=\"https:\/\/i0.wp.com\/videom.it\/blog\/wp-content\/uploads\/2020\/01\/Logo-Videomusic-Blog1.jpg?resize=300%2C74&#038;ssl=1\" alt=\"Xiaomi Note 9 Pro\" width=\"300\" height=\"74\" srcset=\"https:\/\/i0.wp.com\/videom.it\/blog\/wp-content\/uploads\/2020\/01\/Logo-Videomusic-Blog1.jpg?resize=300%2C74&amp;ssl=1 300w, https:\/\/i0.wp.com\/videom.it\/blog\/wp-content\/uploads\/2020\/01\/Logo-Videomusic-Blog1.jpg?resize=1024%2C252&amp;ssl=1 1024w, https:\/\/i0.wp.com\/videom.it\/blog\/wp-content\/uploads\/2020\/01\/Logo-Videomusic-Blog1.jpg?resize=768%2C189&amp;ssl=1 768w, https:\/\/i0.wp.com\/videom.it\/blog\/wp-content\/uploads\/2020\/01\/Logo-Videomusic-Blog1.jpg?resize=1536%2C379&amp;ssl=1 1536w, https:\/\/i0.wp.com\/videom.it\/blog\/wp-content\/uploads\/2020\/01\/Logo-Videomusic-Blog1.jpg?resize=100%2C25&amp;ssl=1 100w, https:\/\/i0.wp.com\/videom.it\/blog\/wp-content\/uploads\/2020\/01\/Logo-Videomusic-Blog1.jpg?resize=150%2C37&amp;ssl=1 150w, https:\/\/i0.wp.com\/videom.it\/blog\/wp-content\/uploads\/2020\/01\/Logo-Videomusic-Blog1.jpg?resize=200%2C49&amp;ssl=1 200w, https:\/\/i0.wp.com\/videom.it\/blog\/wp-content\/uploads\/2020\/01\/Logo-Videomusic-Blog1.jpg?resize=450%2C111&amp;ssl=1 450w, https:\/\/i0.wp.com\/videom.it\/blog\/wp-content\/uploads\/2020\/01\/Logo-Videomusic-Blog1.jpg?resize=600%2C148&amp;ssl=1 600w, https:\/\/i0.wp.com\/videom.it\/blog\/wp-content\/uploads\/2020\/01\/Logo-Videomusic-Blog1.jpg?resize=900%2C222&amp;ssl=1 900w, https:\/\/i0.wp.com\/videom.it\/blog\/wp-content\/uploads\/2020\/01\/Logo-Videomusic-Blog1.jpg?w=1712&amp;ssl=1 1712w\" sizes=\"(max-width: 300px) 100vw, 300px\" \/><\/a> <a href=\"https:\/\/i0.wp.com\/videom.it\/blog\/wp-content\/uploads\/2020\/05\/consegna-gratuita-GRAT.jpg?ssl=1\"><img data-recalc-dims=\"1\" decoding=\"async\" class=\"alignnone wp-image-4221\" src=\"https:\/\/i0.wp.com\/videom.it\/blog\/wp-content\/uploads\/2020\/05\/consegna-gratuita-GRAT.jpg?resize=258%2C93&#038;ssl=1\" alt=\"\" width=\"258\" height=\"93\" \/><\/a><\/p>\n<p><a href=\"https:\/\/i0.wp.com\/videom.it\/blog\/wp-content\/uploads\/2020\/08\/Imma-da-usar-on-line.jpg?ssl=1\"><img data-recalc-dims=\"1\" decoding=\"async\" class=\"alignnone  wp-image-4676\" src=\"https:\/\/i0.wp.com\/videom.it\/blog\/wp-content\/uploads\/2020\/08\/Imma-da-usar-on-line-1024x622.jpg?resize=271%2C165&#038;ssl=1\" alt=\"\" width=\"271\" height=\"165\" \/><\/a>\u00a0<strong>Unica sede a Trebisacce (Cs) in Vle della Libert\u00e0 22\/24 &#8211; 098158459 \/ 51519 &#8211; 3518188174 &#8211; info@videom.it<\/strong><\/p>\n","protected":false},"excerpt":{"rendered":"<ul class=\"productDetails__specifications\">\n<li><span class=\"a-list-item\">Schermo: 6,67 &#8220;, 1080 x 2400 pixel<\/span><\/li>\n<li><span class=\"a-list-item\">Processore: Snapdragon 720G 2.3GHz<\/span><\/li>\n<li><span class=\"a-list-item\">Fotocamera: Quad, 64MP + 8MP + 2MP + 2MP<\/span><\/li>\n<li>Ram 6Gb<\/li>\n<li>Memoria interna 128 Gb<\/li>\n<li>Dual Sim<\/li>\n<li><span class=\"a-list-item\">Batteria: 5020 mAh<\/span><\/li>\n<li><span class=\"a-list-item\">OS: Android 10<\/span><\/li>\n<\/ul>\n","protected":false},"featured_media":4623,"comment_status":"open","ping_status":"closed","template":"","meta":{"jetpack_post_was_ever_published":false,"jetpack_publicize_message":"","jetpack_publicize_feature_enabled":true,"jetpack_social_post_already_shared":true,"jetpack_social_options":{"image_generator_settings":{"template":"highway","default_image_id":0,"font":"","enabled":false},"version":2}},"product_brand":[],"product_cat":[27],"product_tag":[102,55,85,215,186],"class_list":{"0":"post-4622","1":"product","2":"type-product","3":"status-publish","4":"has-post-thumbnail","6":"product_cat-smartphone","7":"product_tag-4g","8":"product_tag-android","9":"product_tag-dual-sim","10":"product_tag-telefonia-trebisacce","11":"product_tag-xiaomi","13":"first","14":"outofstock","15":"sale","16":"taxable","17":"shipping-taxable","18":"purchasable","19":"product-type-simple"},"yoast_head":"<!-- This site is optimized with the Yoast SEO plugin v27.5 - https:\/\/yoast.com\/product\/yoast-seo-wordpress\/ -->\n<title>Xiaomi Note 9 Pro 128GB<\/title>\n<meta name=\"description\" content=\"Xiaomi Note 9 Pro\u00a0\u00e8 uno smartphone con sistema operativo Android di fascia media ma dal prezzo molto competitivo.Ha un display\u00a06,67 pollici\u00a0realizzato..\" \/>\n<meta name=\"robots\" content=\"index, follow, max-snippet:-1, max-image-preview:large, max-video-preview:-1\" \/>\n<link rel=\"canonical\" href=\"https:\/\/videom.it\/blog\/shop\/xiaomi-note-9-pro\/\" \/>\n<meta property=\"og:locale\" content=\"it_IT\" \/>\n<meta property=\"og:type\" content=\"article\" \/>\n<meta property=\"og:title\" content=\"Xiaomi Note 9 Pro 128GB\" \/>\n<meta property=\"og:description\" content=\"Xiaomi Note 9 Pro\u00a0\u00e8 uno smartphone con sistema operativo Android di fascia media ma dal prezzo molto competitivo.Ha un display\u00a06,67 pollici\u00a0realizzato..\" \/>\n<meta property=\"og:url\" content=\"https:\/\/videom.it\/blog\/shop\/xiaomi-note-9-pro\/\" \/>\n<meta property=\"og:site_name\" content=\"VideoMusic\" \/>\n<meta property=\"article:publisher\" content=\"https:\/\/www.facebook.com\/videomusiccava.trebisacce\" \/>\n<meta property=\"article:modified_time\" content=\"2025-05-23T05:52:35+00:00\" \/>\n<meta property=\"og:image\" content=\"https:\/\/videom.it\/blog\/wp-content\/uploads\/2020\/07\/Xiaomi-Note-9-pro-shop.jpg\" \/>\n\t<meta property=\"og:image:width\" content=\"1200\" \/>\n\t<meta property=\"og:image:height\" content=\"600\" \/>\n\t<meta property=\"og:image:type\" content=\"image\/jpeg\" \/>\n<meta name=\"twitter:label1\" content=\"Tempo di lettura stimato\" \/>\n\t<meta name=\"twitter:data1\" content=\"1 minuto\" \/>\n<script type=\"application\/ld+json\" class=\"yoast-schema-graph\">{\"@context\":\"https:\\\/\\\/schema.org\",\"@graph\":[{\"@type\":\"WebPage\",\"@id\":\"https:\\\/\\\/videom.it\\\/blog\\\/shop\\\/xiaomi-note-9-pro\\\/\",\"url\":\"https:\\\/\\\/videom.it\\\/blog\\\/shop\\\/xiaomi-note-9-pro\\\/\",\"name\":\"Xiaomi Note 9 Pro 128GB\",\"isPartOf\":{\"@id\":\"https:\\\/\\\/videom.it\\\/blog\\\/#website\"},\"primaryImageOfPage\":{\"@id\":\"https:\\\/\\\/videom.it\\\/blog\\\/shop\\\/xiaomi-note-9-pro\\\/#primaryimage\"},\"image\":{\"@id\":\"https:\\\/\\\/videom.it\\\/blog\\\/shop\\\/xiaomi-note-9-pro\\\/#primaryimage\"},\"thumbnailUrl\":\"https:\\\/\\\/i0.wp.com\\\/videom.it\\\/blog\\\/wp-content\\\/uploads\\\/2020\\\/07\\\/Xiaomi-Note-9-pro-shop.jpg?fit=1200%2C600&ssl=1\",\"datePublished\":\"2020-07-24T07:53:03+00:00\",\"dateModified\":\"2025-05-23T05:52:35+00:00\",\"description\":\"Xiaomi Note 9 Pro\u00a0\u00e8 uno smartphone con sistema operativo Android di fascia media ma dal prezzo molto competitivo.Ha un display\u00a06,67 pollici\u00a0realizzato..\",\"breadcrumb\":{\"@id\":\"https:\\\/\\\/videom.it\\\/blog\\\/shop\\\/xiaomi-note-9-pro\\\/#breadcrumb\"},\"inLanguage\":\"it-IT\",\"potentialAction\":[{\"@type\":\"ReadAction\",\"target\":[\"https:\\\/\\\/videom.it\\\/blog\\\/shop\\\/xiaomi-note-9-pro\\\/\"]}]},{\"@type\":\"ImageObject\",\"inLanguage\":\"it-IT\",\"@id\":\"https:\\\/\\\/videom.it\\\/blog\\\/shop\\\/xiaomi-note-9-pro\\\/#primaryimage\",\"url\":\"https:\\\/\\\/i0.wp.com\\\/videom.it\\\/blog\\\/wp-content\\\/uploads\\\/2020\\\/07\\\/Xiaomi-Note-9-pro-shop.jpg?fit=1200%2C600&ssl=1\",\"contentUrl\":\"https:\\\/\\\/i0.wp.com\\\/videom.it\\\/blog\\\/wp-content\\\/uploads\\\/2020\\\/07\\\/Xiaomi-Note-9-pro-shop.jpg?fit=1200%2C600&ssl=1\",\"width\":1200,\"height\":600},{\"@type\":\"BreadcrumbList\",\"@id\":\"https:\\\/\\\/videom.it\\\/blog\\\/shop\\\/xiaomi-note-9-pro\\\/#breadcrumb\",\"itemListElement\":[{\"@type\":\"ListItem\",\"position\":1,\"name\":\"Home\",\"item\":\"https:\\\/\\\/videom.it\\\/blog\\\/\"},{\"@type\":\"ListItem\",\"position\":2,\"name\":\"Shop\",\"item\":\"https:\\\/\\\/videom.it\\\/blog\\\/shop\\\/\"},{\"@type\":\"ListItem\",\"position\":3,\"name\":\"Xiaomi Note 9 Pro 128GB\"}]},{\"@type\":\"WebSite\",\"@id\":\"https:\\\/\\\/videom.it\\\/blog\\\/#website\",\"url\":\"https:\\\/\\\/videom.it\\\/blog\\\/\",\"name\":\"VideoMusic\",\"description\":\"Luce &amp; Gas - Assicurazioni - Riparazioni\",\"publisher\":{\"@id\":\"https:\\\/\\\/videom.it\\\/blog\\\/#organization\"},\"potentialAction\":[{\"@type\":\"SearchAction\",\"target\":{\"@type\":\"EntryPoint\",\"urlTemplate\":\"https:\\\/\\\/videom.it\\\/blog\\\/?s={search_term_string}\"},\"query-input\":{\"@type\":\"PropertyValueSpecification\",\"valueRequired\":true,\"valueName\":\"search_term_string\"}}],\"inLanguage\":\"it-IT\"},{\"@type\":\"Organization\",\"@id\":\"https:\\\/\\\/videom.it\\\/blog\\\/#organization\",\"name\":\"VideoMusic\",\"url\":\"https:\\\/\\\/videom.it\\\/blog\\\/\",\"logo\":{\"@type\":\"ImageObject\",\"inLanguage\":\"it-IT\",\"@id\":\"https:\\\/\\\/videom.it\\\/blog\\\/#\\\/schema\\\/logo\\\/image\\\/\",\"url\":\"https:\\\/\\\/i2.wp.com\\\/videom.it\\\/blog\\\/wp-content\\\/uploads\\\/2015\\\/04\\\/25th-giallo-3.jpg?fit=1300%2C1192&ssl=1\",\"contentUrl\":\"https:\\\/\\\/i2.wp.com\\\/videom.it\\\/blog\\\/wp-content\\\/uploads\\\/2015\\\/04\\\/25th-giallo-3.jpg?fit=1300%2C1192&ssl=1\",\"width\":1300,\"height\":1192,\"caption\":\"VideoMusic\"},\"image\":{\"@id\":\"https:\\\/\\\/videom.it\\\/blog\\\/#\\\/schema\\\/logo\\\/image\\\/\"},\"sameAs\":[\"https:\\\/\\\/www.facebook.com\\\/videomusiccava.trebisacce\",\"https:\\\/\\\/x.com\\\/vbcava\",\"https:\\\/\\\/www.youtube.com\\\/channel\\\/UCgNxnZpk2zqHaIcIxF3swOA\"]}]}<\/script>\n<!-- \/ Yoast SEO plugin. -->","yoast_head_json":{"title":"Xiaomi Note 9 Pro 128GB","description":"Xiaomi Note 9 Pro\u00a0\u00e8 uno smartphone con sistema operativo Android di fascia media ma dal prezzo molto competitivo.Ha un display\u00a06,67 pollici\u00a0realizzato..","robots":{"index":"index","follow":"follow","max-snippet":"max-snippet:-1","max-image-preview":"max-image-preview:large","max-video-preview":"max-video-preview:-1"},"canonical":"https:\/\/videom.it\/blog\/shop\/xiaomi-note-9-pro\/","og_locale":"it_IT","og_type":"article","og_title":"Xiaomi Note 9 Pro 128GB","og_description":"Xiaomi Note 9 Pro\u00a0\u00e8 uno smartphone con sistema operativo Android di fascia media ma dal prezzo molto competitivo.Ha un display\u00a06,67 pollici\u00a0realizzato..","og_url":"https:\/\/videom.it\/blog\/shop\/xiaomi-note-9-pro\/","og_site_name":"VideoMusic","article_publisher":"https:\/\/www.facebook.com\/videomusiccava.trebisacce","article_modified_time":"2025-05-23T05:52:35+00:00","og_image":[{"width":1200,"height":600,"url":"https:\/\/videom.it\/blog\/wp-content\/uploads\/2020\/07\/Xiaomi-Note-9-pro-shop.jpg","type":"image\/jpeg"}],"twitter_misc":{"Tempo di lettura stimato":"1 minuto"},"schema":{"@context":"https:\/\/schema.org","@graph":[{"@type":"WebPage","@id":"https:\/\/videom.it\/blog\/shop\/xiaomi-note-9-pro\/","url":"https:\/\/videom.it\/blog\/shop\/xiaomi-note-9-pro\/","name":"Xiaomi Note 9 Pro 128GB","isPartOf":{"@id":"https:\/\/videom.it\/blog\/#website"},"primaryImageOfPage":{"@id":"https:\/\/videom.it\/blog\/shop\/xiaomi-note-9-pro\/#primaryimage"},"image":{"@id":"https:\/\/videom.it\/blog\/shop\/xiaomi-note-9-pro\/#primaryimage"},"thumbnailUrl":"https:\/\/i0.wp.com\/videom.it\/blog\/wp-content\/uploads\/2020\/07\/Xiaomi-Note-9-pro-shop.jpg?fit=1200%2C600&ssl=1","datePublished":"2020-07-24T07:53:03+00:00","dateModified":"2025-05-23T05:52:35+00:00","description":"Xiaomi Note 9 Pro\u00a0\u00e8 uno smartphone con sistema operativo Android di fascia media ma dal prezzo molto competitivo.Ha un display\u00a06,67 pollici\u00a0realizzato..","breadcrumb":{"@id":"https:\/\/videom.it\/blog\/shop\/xiaomi-note-9-pro\/#breadcrumb"},"inLanguage":"it-IT","potentialAction":[{"@type":"ReadAction","target":["https:\/\/videom.it\/blog\/shop\/xiaomi-note-9-pro\/"]}]},{"@type":"ImageObject","inLanguage":"it-IT","@id":"https:\/\/videom.it\/blog\/shop\/xiaomi-note-9-pro\/#primaryimage","url":"https:\/\/i0.wp.com\/videom.it\/blog\/wp-content\/uploads\/2020\/07\/Xiaomi-Note-9-pro-shop.jpg?fit=1200%2C600&ssl=1","contentUrl":"https:\/\/i0.wp.com\/videom.it\/blog\/wp-content\/uploads\/2020\/07\/Xiaomi-Note-9-pro-shop.jpg?fit=1200%2C600&ssl=1","width":1200,"height":600},{"@type":"BreadcrumbList","@id":"https:\/\/videom.it\/blog\/shop\/xiaomi-note-9-pro\/#breadcrumb","itemListElement":[{"@type":"ListItem","position":1,"name":"Home","item":"https:\/\/videom.it\/blog\/"},{"@type":"ListItem","position":2,"name":"Shop","item":"https:\/\/videom.it\/blog\/shop\/"},{"@type":"ListItem","position":3,"name":"Xiaomi Note 9 Pro 128GB"}]},{"@type":"WebSite","@id":"https:\/\/videom.it\/blog\/#website","url":"https:\/\/videom.it\/blog\/","name":"VideoMusic","description":"Luce &amp; Gas - Assicurazioni - Riparazioni","publisher":{"@id":"https:\/\/videom.it\/blog\/#organization"},"potentialAction":[{"@type":"SearchAction","target":{"@type":"EntryPoint","urlTemplate":"https:\/\/videom.it\/blog\/?s={search_term_string}"},"query-input":{"@type":"PropertyValueSpecification","valueRequired":true,"valueName":"search_term_string"}}],"inLanguage":"it-IT"},{"@type":"Organization","@id":"https:\/\/videom.it\/blog\/#organization","name":"VideoMusic","url":"https:\/\/videom.it\/blog\/","logo":{"@type":"ImageObject","inLanguage":"it-IT","@id":"https:\/\/videom.it\/blog\/#\/schema\/logo\/image\/","url":"https:\/\/i2.wp.com\/videom.it\/blog\/wp-content\/uploads\/2015\/04\/25th-giallo-3.jpg?fit=1300%2C1192&ssl=1","contentUrl":"https:\/\/i2.wp.com\/videom.it\/blog\/wp-content\/uploads\/2015\/04\/25th-giallo-3.jpg?fit=1300%2C1192&ssl=1","width":1300,"height":1192,"caption":"VideoMusic"},"image":{"@id":"https:\/\/videom.it\/blog\/#\/schema\/logo\/image\/"},"sameAs":["https:\/\/www.facebook.com\/videomusiccava.trebisacce","https:\/\/x.com\/vbcava","https:\/\/www.youtube.com\/channel\/UCgNxnZpk2zqHaIcIxF3swOA"]}]}},"jetpack_publicize_connections":[],"jetpack_sharing_enabled":true,"_links":{"self":[{"href":"https:\/\/videom.it\/blog\/wp-json\/wp\/v2\/product\/4622","targetHints":{"allow":["GET"]}}],"collection":[{"href":"https:\/\/videom.it\/blog\/wp-json\/wp\/v2\/product"}],"about":[{"href":"https:\/\/videom.it\/blog\/wp-json\/wp\/v2\/types\/product"}],"replies":[{"embeddable":true,"href":"https:\/\/videom.it\/blog\/wp-json\/wp\/v2\/comments?post=4622"}],"wp:featuredmedia":[{"embeddable":true,"href":"https:\/\/videom.it\/blog\/wp-json\/wp\/v2\/media\/4623"}],"wp:attachment":[{"href":"https:\/\/videom.it\/blog\/wp-json\/wp\/v2\/media?parent=4622"}],"wp:term":[{"taxonomy":"product_brand","embeddable":true,"href":"https:\/\/videom.it\/blog\/wp-json\/wp\/v2\/product_brand?post=4622"},{"taxonomy":"product_cat","embeddable":true,"href":"https:\/\/videom.it\/blog\/wp-json\/wp\/v2\/product_cat?post=4622"},{"taxonomy":"product_tag","embeddable":true,"href":"https:\/\/videom.it\/blog\/wp-json\/wp\/v2\/product_tag?post=4622"}],"curies":[{"name":"wp","href":"https:\/\/api.w.org\/{rel}","templated":true}]}}