{"id":4488,"date":"2020-06-27T20:55:43","date_gmt":"2020-06-27T18:55:43","guid":{"rendered":"https:\/\/videom.it\/blog\/?post_type=product&#038;p=4488"},"modified":"2024-12-28T11:28:19","modified_gmt":"2024-12-28T10:28:19","slug":"huawei-p40-lite-e","status":"publish","type":"product","link":"https:\/\/videom.it\/blog\/shop\/huawei-p40-lite-e\/","title":{"rendered":"Huawei P40 Lite E"},"content":{"rendered":"<p><strong>Huawei P40 Lite E<\/strong> \u00e8 uno smartphone con sistema operativo Android ed \u00e8 la versione pi\u00f9 economica del modello <a href=\"https:\/\/videom.it\/blog\/shop\/huawei-p40-lite\/\" target=\"_blank\" rel=\"noopener noreferrer\"><strong>P40 Lite<\/strong><\/a>. La tecnologia del display dello smartphone \u00e8 IPS LCD. Ha una diagonale di <strong>6,39 pollici<\/strong> ed una risoluzione di HD+ \/ 720 x 1560 pixel.<\/p>\n<p>Huawei P40 Lite E ha la fotocamera posteriore \u00e8 da <strong>48 megapixel<\/strong>, mentre quella frontale per i selfie \u00e8 da 8 megapixel. La principale \u00e8 dotata anche di flash Singolo, pu\u00f2 registrare video a Full HD &#8211; 1920 x 1080 pixel. Abbiamo a che fare con un dispositivo <strong>dual SIM. <\/strong>Abbiamo la connettivit\u00e0 di rete LTE, e la Wi-Fi b\/g\/n.<\/p>\n<p>Nel Huawei P40 Lite E non manca il GPS e il Bluetooth alla versione 5.0. La CPU \u00e8 un <a href=\"http:\/\/www.hisilicon.com\/en\/Products\/ProductList\/Kirin\" target=\"_blank\" rel=\"noopener noreferrer\"><strong>Hisilicon Kirin 710F<\/strong><\/a>\u00a0octa a 64 bit da 2.2 GHz e GPU Mali-G51 MP4, il tutto supportato da\u00a0<strong>4 GB<\/strong>\u00a0di RAM e\u00a0<strong>64 GB<\/strong> di memoria, espandibile tramite una microSD. All&#8217;interno del dispositivo troviamo una batteria non removibile da 4000 mAh<\/p>\n<h4>Il software del Hauwei P40 Lite E.<\/h4>\n<p>Per il software, Huawei P40 Lite E \u00e8 uno smartphone che mostra i segni della lotta fra governo USA e Huawei. <strong>Di conseguenza niente servizi di Google per lui, ma c\u2019\u00e8 pur sempre Android,<\/strong> declinato nella nona versione (Android 9 Pie) e personalizzato con la <strong>EMUI 9.1<\/strong>. <strong>Niente Google Play Store perci\u00f2<\/strong>, e stesso discorso vale per le app di casa Mountain View, ma a garantire funzionalit\u00e0 e compatibilit\u00e0 c\u2019\u00e8 l\u2019AppGallery. Lo store di app alternativo di casa Huawei e i servizi proprietari: gli <a href=\"https:\/\/videom.it\/blog\/huawei-vip-service\/\" target=\"_blank\" rel=\"noopener noreferrer\"><strong>Huawei Mobile Services.<\/strong><\/a> Per il resto nel Huawei P40 Lite E troviamo anche funzioni specifiche come AI Scene Recognition e la modalit\u00e0 ritratto. Per il software fotografico e il Face Recognition 2.0 in alternativa al sensore per le impronte digitali posteriore.<\/p>\n<p><strong>Ricordiamo che non supporta i Google Play Services facendo affidamento sulla piattaforma proprietaria Huawei Mobile Services.<\/strong><\/p>\n<p>Proteggi il tuo Smartphone con <a href=\"http:\/\/videom.it\/blog\/protection-pro\/\">PROTECTION PRO ULTRA<\/a> \u2013 Una esclusiva della VideoMusic Trebisacce, unico rivenditore dell&#8217;Alto Ionio<\/p>\n<p><strong>VideoMusic Trebisacce<\/strong> assicura assistenza Huawei per tutti i nuovi prodotti con il <strong><a href=\"https:\/\/videom.it\/blog\/huawei-vip-service\/\" target=\"_blank\" rel=\"noopener noreferrer\">VIP SERVICE Point<\/a><\/strong> <a href=\"https:\/\/i0.wp.com\/videom.it\/blog\/wp-content\/uploads\/2020\/06\/vip-service-VMdef.jpg?ssl=1\"><img data-recalc-dims=\"1\" decoding=\"async\" class=\"alignnone size-medium wp-image-4433\" src=\"https:\/\/i0.wp.com\/videom.it\/blog\/wp-content\/uploads\/2020\/06\/vip-service-VMdef-300x104.jpg?resize=300%2C104&#038;ssl=1\" alt=\"\" width=\"300\" height=\"104\" \/><\/a><\/p>\n<p>&nbsp;<\/p>\n<p><a href=\"https:\/\/i0.wp.com\/videom.it\/blog\/wp-content\/uploads\/2020\/01\/Logo-Videomusic-Blog1.jpg?ssl=1\"><img data-recalc-dims=\"1\" decoding=\"async\" class=\"alignnone size-medium wp-image-3983\" src=\"https:\/\/i0.wp.com\/videom.it\/blog\/wp-content\/uploads\/2020\/01\/Logo-Videomusic-Blog1.jpg?resize=300%2C74&#038;ssl=1\" alt=\"Huawei P40 Lite E\" width=\"300\" height=\"74\" srcset=\"https:\/\/i0.wp.com\/videom.it\/blog\/wp-content\/uploads\/2020\/01\/Logo-Videomusic-Blog1.jpg?resize=300%2C74&amp;ssl=1 300w, https:\/\/i0.wp.com\/videom.it\/blog\/wp-content\/uploads\/2020\/01\/Logo-Videomusic-Blog1.jpg?resize=1024%2C252&amp;ssl=1 1024w, https:\/\/i0.wp.com\/videom.it\/blog\/wp-content\/uploads\/2020\/01\/Logo-Videomusic-Blog1.jpg?resize=768%2C189&amp;ssl=1 768w, https:\/\/i0.wp.com\/videom.it\/blog\/wp-content\/uploads\/2020\/01\/Logo-Videomusic-Blog1.jpg?resize=1536%2C379&amp;ssl=1 1536w, https:\/\/i0.wp.com\/videom.it\/blog\/wp-content\/uploads\/2020\/01\/Logo-Videomusic-Blog1.jpg?resize=100%2C25&amp;ssl=1 100w, https:\/\/i0.wp.com\/videom.it\/blog\/wp-content\/uploads\/2020\/01\/Logo-Videomusic-Blog1.jpg?resize=150%2C37&amp;ssl=1 150w, https:\/\/i0.wp.com\/videom.it\/blog\/wp-content\/uploads\/2020\/01\/Logo-Videomusic-Blog1.jpg?resize=200%2C49&amp;ssl=1 200w, https:\/\/i0.wp.com\/videom.it\/blog\/wp-content\/uploads\/2020\/01\/Logo-Videomusic-Blog1.jpg?resize=450%2C111&amp;ssl=1 450w, https:\/\/i0.wp.com\/videom.it\/blog\/wp-content\/uploads\/2020\/01\/Logo-Videomusic-Blog1.jpg?resize=600%2C148&amp;ssl=1 600w, https:\/\/i0.wp.com\/videom.it\/blog\/wp-content\/uploads\/2020\/01\/Logo-Videomusic-Blog1.jpg?resize=900%2C222&amp;ssl=1 900w, https:\/\/i0.wp.com\/videom.it\/blog\/wp-content\/uploads\/2020\/01\/Logo-Videomusic-Blog1.jpg?w=1712&amp;ssl=1 1712w\" sizes=\"(max-width: 300px) 100vw, 300px\" \/><\/a><strong>Unica sede a Trebisacce (Cs) in Vle della Libert\u00e0 22\/24 &#8211; 098158459 \/ 51519 &#8211; 3518188174 &#8211; info@videom.it<\/strong><\/p>\n","protected":false},"excerpt":{"rendered":"<p class=\"product-description\">-Quadri Band &#8211; 4G-LTE &#8211; Wi-Fi &#8211; A-GPS<br \/>\n-Fotocamera posteriore: 48 Megapixel<br \/>\n-Android 9 Open Source ed EMUI 9.1.1<br \/>\n-Processore: 8-Core da 2,2 GHz<br \/>\n-Memoria interna: 64 GB &#8211; RAM: 4 GB<br \/>\n-Display 6,39 &#8221; LCD<\/p>\n<p>&nbsp;<\/p>\n<p>&nbsp;<\/p>\n","protected":false},"featured_media":4489,"comment_status":"open","ping_status":"closed","template":"","meta":{"jetpack_post_was_ever_published":false,"jetpack_publicize_message":"","jetpack_publicize_feature_enabled":true,"jetpack_social_post_already_shared":true,"jetpack_social_options":{"image_generator_settings":{"template":"highway","default_image_id":0,"font":"","enabled":false},"version":2}},"product_brand":[],"product_cat":[27],"product_tag":[220,55,85,114,215,214],"class_list":{"0":"post-4488","1":"product","2":"type-product","3":"status-publish","4":"has-post-thumbnail","6":"product_cat-smartphone","7":"product_tag-accessori-huawei","8":"product_tag-android","9":"product_tag-dual-sim","10":"product_tag-huawei","11":"product_tag-telefonia-trebisacce","12":"product_tag-vip-service","14":"first","15":"outofstock","16":"sale","17":"taxable","18":"shipping-taxable","19":"purchasable","20":"product-type-simple"},"yoast_head":"<!-- This site is optimized with the Yoast SEO plugin v27.4 - https:\/\/yoast.com\/product\/yoast-seo-wordpress\/ -->\n<title>Huawei P40 Lite E<\/title>\n<meta name=\"description\" content=\"HUAWEI P40 lite E \u00e8 dotato di display Punch FullView da 6.39 pollici, tripla fotocamera da 48MP con AI e ampia batteria da 4000mAh, con la comodit\u00e0 di ...\" \/>\n<meta name=\"robots\" content=\"index, follow, max-snippet:-1, max-image-preview:large, max-video-preview:-1\" \/>\n<link rel=\"canonical\" href=\"https:\/\/videom.it\/blog\/shop\/huawei-p40-lite-e\/\" \/>\n<meta property=\"og:locale\" content=\"it_IT\" \/>\n<meta property=\"og:type\" content=\"article\" \/>\n<meta property=\"og:title\" content=\"Huawei P40 Lite E\" \/>\n<meta property=\"og:description\" content=\"HUAWEI P40 lite E \u00e8 dotato di display Punch FullView da 6.39 pollici, tripla fotocamera da 48MP con AI e ampia batteria da 4000mAh, con la comodit\u00e0 di ...\" \/>\n<meta property=\"og:url\" content=\"https:\/\/videom.it\/blog\/shop\/huawei-p40-lite-e\/\" \/>\n<meta property=\"og:site_name\" content=\"VideoMusic\" \/>\n<meta property=\"article:publisher\" content=\"https:\/\/www.facebook.com\/videomusiccava.trebisacce\" \/>\n<meta property=\"article:modified_time\" content=\"2024-12-28T10:28:19+00:00\" \/>\n<meta property=\"og:image\" content=\"https:\/\/videom.it\/blog\/wp-content\/uploads\/2020\/06\/p40liteE.jpg\" \/>\n\t<meta property=\"og:image:width\" content=\"1200\" \/>\n\t<meta property=\"og:image:height\" content=\"600\" \/>\n\t<meta property=\"og:image:type\" content=\"image\/jpeg\" \/>\n<meta name=\"twitter:label1\" content=\"Tempo di lettura stimato\" \/>\n\t<meta name=\"twitter:data1\" content=\"2 minuti\" \/>\n<script type=\"application\/ld+json\" class=\"yoast-schema-graph\">{\"@context\":\"https:\\\/\\\/schema.org\",\"@graph\":[{\"@type\":\"WebPage\",\"@id\":\"https:\\\/\\\/videom.it\\\/blog\\\/shop\\\/huawei-p40-lite-e\\\/\",\"url\":\"https:\\\/\\\/videom.it\\\/blog\\\/shop\\\/huawei-p40-lite-e\\\/\",\"name\":\"Huawei P40 Lite E\",\"isPartOf\":{\"@id\":\"https:\\\/\\\/videom.it\\\/blog\\\/#website\"},\"primaryImageOfPage\":{\"@id\":\"https:\\\/\\\/videom.it\\\/blog\\\/shop\\\/huawei-p40-lite-e\\\/#primaryimage\"},\"image\":{\"@id\":\"https:\\\/\\\/videom.it\\\/blog\\\/shop\\\/huawei-p40-lite-e\\\/#primaryimage\"},\"thumbnailUrl\":\"https:\\\/\\\/i0.wp.com\\\/videom.it\\\/blog\\\/wp-content\\\/uploads\\\/2020\\\/06\\\/p40liteE.jpg?fit=1200%2C600&ssl=1\",\"datePublished\":\"2020-06-27T18:55:43+00:00\",\"dateModified\":\"2024-12-28T10:28:19+00:00\",\"description\":\"HUAWEI P40 lite E \u00e8 dotato di display Punch FullView da 6.39 pollici, tripla fotocamera da 48MP con AI e ampia batteria da 4000mAh, con la comodit\u00e0 di ...\",\"breadcrumb\":{\"@id\":\"https:\\\/\\\/videom.it\\\/blog\\\/shop\\\/huawei-p40-lite-e\\\/#breadcrumb\"},\"inLanguage\":\"it-IT\",\"potentialAction\":[{\"@type\":\"ReadAction\",\"target\":[\"https:\\\/\\\/videom.it\\\/blog\\\/shop\\\/huawei-p40-lite-e\\\/\"]}]},{\"@type\":\"ImageObject\",\"inLanguage\":\"it-IT\",\"@id\":\"https:\\\/\\\/videom.it\\\/blog\\\/shop\\\/huawei-p40-lite-e\\\/#primaryimage\",\"url\":\"https:\\\/\\\/i0.wp.com\\\/videom.it\\\/blog\\\/wp-content\\\/uploads\\\/2020\\\/06\\\/p40liteE.jpg?fit=1200%2C600&ssl=1\",\"contentUrl\":\"https:\\\/\\\/i0.wp.com\\\/videom.it\\\/blog\\\/wp-content\\\/uploads\\\/2020\\\/06\\\/p40liteE.jpg?fit=1200%2C600&ssl=1\",\"width\":1200,\"height\":600},{\"@type\":\"BreadcrumbList\",\"@id\":\"https:\\\/\\\/videom.it\\\/blog\\\/shop\\\/huawei-p40-lite-e\\\/#breadcrumb\",\"itemListElement\":[{\"@type\":\"ListItem\",\"position\":1,\"name\":\"Home\",\"item\":\"https:\\\/\\\/videom.it\\\/blog\\\/\"},{\"@type\":\"ListItem\",\"position\":2,\"name\":\"Shop\",\"item\":\"https:\\\/\\\/videom.it\\\/blog\\\/shop\\\/\"},{\"@type\":\"ListItem\",\"position\":3,\"name\":\"Huawei P40 Lite E\"}]},{\"@type\":\"WebSite\",\"@id\":\"https:\\\/\\\/videom.it\\\/blog\\\/#website\",\"url\":\"https:\\\/\\\/videom.it\\\/blog\\\/\",\"name\":\"VideoMusic\",\"description\":\"Luce &amp; Gas - Assicurazioni - Riparazioni\",\"publisher\":{\"@id\":\"https:\\\/\\\/videom.it\\\/blog\\\/#organization\"},\"potentialAction\":[{\"@type\":\"SearchAction\",\"target\":{\"@type\":\"EntryPoint\",\"urlTemplate\":\"https:\\\/\\\/videom.it\\\/blog\\\/?s={search_term_string}\"},\"query-input\":{\"@type\":\"PropertyValueSpecification\",\"valueRequired\":true,\"valueName\":\"search_term_string\"}}],\"inLanguage\":\"it-IT\"},{\"@type\":\"Organization\",\"@id\":\"https:\\\/\\\/videom.it\\\/blog\\\/#organization\",\"name\":\"VideoMusic\",\"url\":\"https:\\\/\\\/videom.it\\\/blog\\\/\",\"logo\":{\"@type\":\"ImageObject\",\"inLanguage\":\"it-IT\",\"@id\":\"https:\\\/\\\/videom.it\\\/blog\\\/#\\\/schema\\\/logo\\\/image\\\/\",\"url\":\"https:\\\/\\\/i2.wp.com\\\/videom.it\\\/blog\\\/wp-content\\\/uploads\\\/2015\\\/04\\\/25th-giallo-3.jpg?fit=1300%2C1192&ssl=1\",\"contentUrl\":\"https:\\\/\\\/i2.wp.com\\\/videom.it\\\/blog\\\/wp-content\\\/uploads\\\/2015\\\/04\\\/25th-giallo-3.jpg?fit=1300%2C1192&ssl=1\",\"width\":1300,\"height\":1192,\"caption\":\"VideoMusic\"},\"image\":{\"@id\":\"https:\\\/\\\/videom.it\\\/blog\\\/#\\\/schema\\\/logo\\\/image\\\/\"},\"sameAs\":[\"https:\\\/\\\/www.facebook.com\\\/videomusiccava.trebisacce\",\"https:\\\/\\\/x.com\\\/vbcava\",\"https:\\\/\\\/www.youtube.com\\\/channel\\\/UCgNxnZpk2zqHaIcIxF3swOA\"]}]}<\/script>\n<!-- \/ Yoast SEO plugin. -->","yoast_head_json":{"title":"Huawei P40 Lite E","description":"HUAWEI P40 lite E \u00e8 dotato di display Punch FullView da 6.39 pollici, tripla fotocamera da 48MP con AI e ampia batteria da 4000mAh, con la comodit\u00e0 di ...","robots":{"index":"index","follow":"follow","max-snippet":"max-snippet:-1","max-image-preview":"max-image-preview:large","max-video-preview":"max-video-preview:-1"},"canonical":"https:\/\/videom.it\/blog\/shop\/huawei-p40-lite-e\/","og_locale":"it_IT","og_type":"article","og_title":"Huawei P40 Lite E","og_description":"HUAWEI P40 lite E \u00e8 dotato di display Punch FullView da 6.39 pollici, tripla fotocamera da 48MP con AI e ampia batteria da 4000mAh, con la comodit\u00e0 di ...","og_url":"https:\/\/videom.it\/blog\/shop\/huawei-p40-lite-e\/","og_site_name":"VideoMusic","article_publisher":"https:\/\/www.facebook.com\/videomusiccava.trebisacce","article_modified_time":"2024-12-28T10:28:19+00:00","og_image":[{"width":1200,"height":600,"url":"https:\/\/videom.it\/blog\/wp-content\/uploads\/2020\/06\/p40liteE.jpg","type":"image\/jpeg"}],"twitter_misc":{"Tempo di lettura stimato":"2 minuti"},"schema":{"@context":"https:\/\/schema.org","@graph":[{"@type":"WebPage","@id":"https:\/\/videom.it\/blog\/shop\/huawei-p40-lite-e\/","url":"https:\/\/videom.it\/blog\/shop\/huawei-p40-lite-e\/","name":"Huawei P40 Lite E","isPartOf":{"@id":"https:\/\/videom.it\/blog\/#website"},"primaryImageOfPage":{"@id":"https:\/\/videom.it\/blog\/shop\/huawei-p40-lite-e\/#primaryimage"},"image":{"@id":"https:\/\/videom.it\/blog\/shop\/huawei-p40-lite-e\/#primaryimage"},"thumbnailUrl":"https:\/\/i0.wp.com\/videom.it\/blog\/wp-content\/uploads\/2020\/06\/p40liteE.jpg?fit=1200%2C600&ssl=1","datePublished":"2020-06-27T18:55:43+00:00","dateModified":"2024-12-28T10:28:19+00:00","description":"HUAWEI P40 lite E \u00e8 dotato di display Punch FullView da 6.39 pollici, tripla fotocamera da 48MP con AI e ampia batteria da 4000mAh, con la comodit\u00e0 di ...","breadcrumb":{"@id":"https:\/\/videom.it\/blog\/shop\/huawei-p40-lite-e\/#breadcrumb"},"inLanguage":"it-IT","potentialAction":[{"@type":"ReadAction","target":["https:\/\/videom.it\/blog\/shop\/huawei-p40-lite-e\/"]}]},{"@type":"ImageObject","inLanguage":"it-IT","@id":"https:\/\/videom.it\/blog\/shop\/huawei-p40-lite-e\/#primaryimage","url":"https:\/\/i0.wp.com\/videom.it\/blog\/wp-content\/uploads\/2020\/06\/p40liteE.jpg?fit=1200%2C600&ssl=1","contentUrl":"https:\/\/i0.wp.com\/videom.it\/blog\/wp-content\/uploads\/2020\/06\/p40liteE.jpg?fit=1200%2C600&ssl=1","width":1200,"height":600},{"@type":"BreadcrumbList","@id":"https:\/\/videom.it\/blog\/shop\/huawei-p40-lite-e\/#breadcrumb","itemListElement":[{"@type":"ListItem","position":1,"name":"Home","item":"https:\/\/videom.it\/blog\/"},{"@type":"ListItem","position":2,"name":"Shop","item":"https:\/\/videom.it\/blog\/shop\/"},{"@type":"ListItem","position":3,"name":"Huawei P40 Lite E"}]},{"@type":"WebSite","@id":"https:\/\/videom.it\/blog\/#website","url":"https:\/\/videom.it\/blog\/","name":"VideoMusic","description":"Luce &amp; Gas - Assicurazioni - Riparazioni","publisher":{"@id":"https:\/\/videom.it\/blog\/#organization"},"potentialAction":[{"@type":"SearchAction","target":{"@type":"EntryPoint","urlTemplate":"https:\/\/videom.it\/blog\/?s={search_term_string}"},"query-input":{"@type":"PropertyValueSpecification","valueRequired":true,"valueName":"search_term_string"}}],"inLanguage":"it-IT"},{"@type":"Organization","@id":"https:\/\/videom.it\/blog\/#organization","name":"VideoMusic","url":"https:\/\/videom.it\/blog\/","logo":{"@type":"ImageObject","inLanguage":"it-IT","@id":"https:\/\/videom.it\/blog\/#\/schema\/logo\/image\/","url":"https:\/\/i2.wp.com\/videom.it\/blog\/wp-content\/uploads\/2015\/04\/25th-giallo-3.jpg?fit=1300%2C1192&ssl=1","contentUrl":"https:\/\/i2.wp.com\/videom.it\/blog\/wp-content\/uploads\/2015\/04\/25th-giallo-3.jpg?fit=1300%2C1192&ssl=1","width":1300,"height":1192,"caption":"VideoMusic"},"image":{"@id":"https:\/\/videom.it\/blog\/#\/schema\/logo\/image\/"},"sameAs":["https:\/\/www.facebook.com\/videomusiccava.trebisacce","https:\/\/x.com\/vbcava","https:\/\/www.youtube.com\/channel\/UCgNxnZpk2zqHaIcIxF3swOA"]}]}},"jetpack_publicize_connections":[],"jetpack_sharing_enabled":true,"_links":{"self":[{"href":"https:\/\/videom.it\/blog\/wp-json\/wp\/v2\/product\/4488","targetHints":{"allow":["GET"]}}],"collection":[{"href":"https:\/\/videom.it\/blog\/wp-json\/wp\/v2\/product"}],"about":[{"href":"https:\/\/videom.it\/blog\/wp-json\/wp\/v2\/types\/product"}],"replies":[{"embeddable":true,"href":"https:\/\/videom.it\/blog\/wp-json\/wp\/v2\/comments?post=4488"}],"wp:featuredmedia":[{"embeddable":true,"href":"https:\/\/videom.it\/blog\/wp-json\/wp\/v2\/media\/4489"}],"wp:attachment":[{"href":"https:\/\/videom.it\/blog\/wp-json\/wp\/v2\/media?parent=4488"}],"wp:term":[{"taxonomy":"product_brand","embeddable":true,"href":"https:\/\/videom.it\/blog\/wp-json\/wp\/v2\/product_brand?post=4488"},{"taxonomy":"product_cat","embeddable":true,"href":"https:\/\/videom.it\/blog\/wp-json\/wp\/v2\/product_cat?post=4488"},{"taxonomy":"product_tag","embeddable":true,"href":"https:\/\/videom.it\/blog\/wp-json\/wp\/v2\/product_tag?post=4488"}],"curies":[{"name":"wp","href":"https:\/\/api.w.org\/{rel}","templated":true}]}}