{"id":4480,"date":"2020-06-25T11:29:02","date_gmt":"2020-06-25T09:29:02","guid":{"rendered":"https:\/\/videom.it\/blog\/?post_type=product&#038;p=4480"},"modified":"2025-05-23T11:09:30","modified_gmt":"2025-05-23T09:09:30","slug":"samsung-galaxy-a21s","status":"publish","type":"product","link":"https:\/\/videom.it\/blog\/shop\/samsung-galaxy-a21s\/","title":{"rendered":"Samsung Galaxy A21s"},"content":{"rendered":"<p>Samsung Galaxy A21s si presenta con uno\u00a0<strong>schermo<\/strong>\u00a0<a href=\"https:\/\/it.wikipedia.org\/wiki\/Samsung_Galaxy_A\" target=\"_blank\" rel=\"noopener noreferrer\">TFT LCD Infinity-O<\/a> da 6,5 pollici di diagonale. Con una risoluzione HD+ (720 x 1600 pixel), formato 20:9 e un foro defilato a sinistra, contenitore di una fotocamera frontale da 13 megapixel. Sul retro le <strong>fotocamere posteriori <\/strong>invece sono quattro \u00a0con un sensore principale da 48 megapixel con apertura f\/2.0. Affiancato da una grandangolare da 8 megapixel f\/2.2 e da una coppia di sensori da 2 megapixel f\/2.4. Un macro e uno per il calcolo della profondit\u00e0 di campo. Sotto la scocca <a href=\"https:\/\/videom.it\/blog\/shop\/samsung-galaxy-a30s\/\" target=\"_blank\" rel=\"noopener noreferrer\">Samsung<\/a> Galaxy A21s monta un <b>chipset\u00a0<\/b>Exynos 850 con CPU octa core da 2.0 GHz. Il processore \u00e8 supportato da 3 GB di <strong>RAM<\/strong>\u00a0e da 32 di\u00a0<strong>memoria<\/strong>\u00a0<strong>interna\u00a0<\/strong>in ogni caso espandibile tramite schede microSD fino a un massimo di 512 GB. Per il resto, lato\u00a0<strong>connettivit\u00e0<\/strong> 4G\/LTE, Wi-Fi 802.11 b\/g\/n, Bluetooth 5.0. Supporto al dual SIM, GPS, una porta jack audio da 3,5 mm, una microUSB e un lettore di impronte digitali posteriore. Notevole infine la capacit\u00e0 della <strong>batteria<\/strong> di Samsung Galaxy A21s, che tocca quota 5.000 mAh con supporto alla ricarica rapida a 15 watt.<\/p>\n<p>Proteggi il tuo Smartphone con <strong><a href=\"http:\/\/videom.it\/blog\/protection-pro\/\">PROTECTION PRO ULTRA<\/a><\/strong> \u2013 Il sistema di protezione pi\u00f9 avanzato sul mercato. Una esclusiva della VideoMusic Trebisacce, unico rivenditore dell&#8217;Alto Ionio<\/p>\n<p>&nbsp;<\/p>\n<p><a href=\"https:\/\/i0.wp.com\/videom.it\/blog\/wp-content\/uploads\/2020\/05\/consegna-gratuita-GRAT.jpg?ssl=1\"><img data-recalc-dims=\"1\" decoding=\"async\" class=\"alignnone wp-image-4221\" src=\"https:\/\/i0.wp.com\/videom.it\/blog\/wp-content\/uploads\/2020\/05\/consegna-gratuita-GRAT.jpg?resize=258%2C93&#038;ssl=1\" alt=\"Galaxy A21s\" width=\"258\" height=\"93\" \/><\/a>\u00a0 <a href=\"https:\/\/i0.wp.com\/videom.it\/blog\/wp-content\/uploads\/2020\/01\/Logo-Videomusic-Blog1.jpg?ssl=1\"><img data-recalc-dims=\"1\" decoding=\"async\" class=\"alignnone wp-image-3983\" src=\"https:\/\/i0.wp.com\/videom.it\/blog\/wp-content\/uploads\/2020\/01\/Logo-Videomusic-Blog1.jpg?resize=268%2C66&#038;ssl=1\" alt=\"Galaxy A21s\" width=\"268\" height=\"66\" srcset=\"https:\/\/i0.wp.com\/videom.it\/blog\/wp-content\/uploads\/2020\/01\/Logo-Videomusic-Blog1.jpg?resize=300%2C74&amp;ssl=1 300w, https:\/\/i0.wp.com\/videom.it\/blog\/wp-content\/uploads\/2020\/01\/Logo-Videomusic-Blog1.jpg?resize=1024%2C252&amp;ssl=1 1024w, https:\/\/i0.wp.com\/videom.it\/blog\/wp-content\/uploads\/2020\/01\/Logo-Videomusic-Blog1.jpg?resize=768%2C189&amp;ssl=1 768w, https:\/\/i0.wp.com\/videom.it\/blog\/wp-content\/uploads\/2020\/01\/Logo-Videomusic-Blog1.jpg?resize=1536%2C379&amp;ssl=1 1536w, https:\/\/i0.wp.com\/videom.it\/blog\/wp-content\/uploads\/2020\/01\/Logo-Videomusic-Blog1.jpg?resize=100%2C25&amp;ssl=1 100w, https:\/\/i0.wp.com\/videom.it\/blog\/wp-content\/uploads\/2020\/01\/Logo-Videomusic-Blog1.jpg?resize=150%2C37&amp;ssl=1 150w, https:\/\/i0.wp.com\/videom.it\/blog\/wp-content\/uploads\/2020\/01\/Logo-Videomusic-Blog1.jpg?resize=200%2C49&amp;ssl=1 200w, https:\/\/i0.wp.com\/videom.it\/blog\/wp-content\/uploads\/2020\/01\/Logo-Videomusic-Blog1.jpg?resize=450%2C111&amp;ssl=1 450w, https:\/\/i0.wp.com\/videom.it\/blog\/wp-content\/uploads\/2020\/01\/Logo-Videomusic-Blog1.jpg?resize=600%2C148&amp;ssl=1 600w, https:\/\/i0.wp.com\/videom.it\/blog\/wp-content\/uploads\/2020\/01\/Logo-Videomusic-Blog1.jpg?resize=900%2C222&amp;ssl=1 900w, https:\/\/i0.wp.com\/videom.it\/blog\/wp-content\/uploads\/2020\/01\/Logo-Videomusic-Blog1.jpg?w=1712&amp;ssl=1 1712w\" sizes=\"(max-width: 268px) 100vw, 268px\" \/><\/a> <strong>Unica sede a Trebiscace (Cs) in Vle della Libert\u00e0 22\/24 &#8211; 098158459 \/ 51519 &#8211; 3518188174 &#8211; info@videom.it<\/strong><\/p>\n","protected":false},"excerpt":{"rendered":"<h2><strong>SALDI ESTATE 2020 &#8211; SCONTO 40\u20ac<\/strong><\/h2>\n<ul>\n<li>Display: 6.5 pollici<\/li>\n<li class=\"micon_camera\" title=\"Fotocamera\">Fotocamera: 48+8+2+2MP \/ 13MP<\/li>\n<li class=\"micon_cpu\" title=\"Processore\">Processore: Octa Core<\/li>\n<li class=\"micon_memory\" title=\"Memoria\">Memoria: 3GB RAM + 32GB<\/li>\n<li class=\"micon_battery\" title=\"Batteria\">Batteria: 5000mAh<\/li>\n<li class=\"micon_os\" title=\"Sistema operativo\">Sistema operativo: Android 10<\/li>\n<li class=\"micon_network\" title=\"Rete Mobile\">Rete mobile: LTE 150\/50Mbps<\/li>\n<li class=\"micon_sim\" title=\"SIM Card\">SIM Card: Dual SIM<\/li>\n<li class=\"micon_finger\" title=\"Lettore impronte\">Lettore impronte posteriore<\/li>\n<li class=\"micon_finger\" title=\"Lettore impronte\">Sistema operativo: Android 10<\/li>\n<\/ul>\n","protected":false},"featured_media":4481,"comment_status":"open","ping_status":"closed","template":"","meta":{"jetpack_post_was_ever_published":false,"jetpack_publicize_message":"","jetpack_publicize_feature_enabled":true,"jetpack_social_post_already_shared":true,"jetpack_social_options":{"image_generator_settings":{"template":"highway","default_image_id":0,"font":"","enabled":false},"version":2}},"product_brand":[],"product_cat":[27],"product_tag":[102,55,36,53,54,215,69],"class_list":{"0":"post-4480","1":"product","2":"type-product","3":"status-publish","4":"has-post-thumbnail","6":"product_cat-smartphone","7":"product_tag-4g","8":"product_tag-android","9":"product_tag-cellulari","10":"product_tag-samsung","11":"product_tag-smartphone","12":"product_tag-telefonia-trebisacce","13":"product_tag-videomusic-trebisacce","15":"first","16":"outofstock","17":"sale","18":"taxable","19":"shipping-taxable","20":"purchasable","21":"product-type-simple"},"yoast_head":"<!-- This site is optimized with the Yoast SEO plugin v27.3 - https:\/\/yoast.com\/product\/yoast-seo-wordpress\/ -->\n<title>Samsung Galaxy A21s<\/title>\n<meta name=\"description\" content=\"Samsung Galaxy A21s (SALDI ESTATE 2020 - SCONTO 40\u20ac ) \u00e8 uno smartphone Android di buona qualit\u00e0, presentato dal produttore sudcoreano a met\u00e0 maggio 2020...\" \/>\n<meta name=\"robots\" content=\"index, follow, max-snippet:-1, max-image-preview:large, max-video-preview:-1\" \/>\n<link rel=\"canonical\" href=\"https:\/\/videom.it\/blog\/shop\/samsung-galaxy-a21s\/\" \/>\n<meta property=\"og:locale\" content=\"it_IT\" \/>\n<meta property=\"og:type\" content=\"article\" \/>\n<meta property=\"og:title\" content=\"Samsung Galaxy A21s\" \/>\n<meta property=\"og:description\" content=\"Samsung Galaxy A21s (SALDI ESTATE 2020 - SCONTO 40\u20ac ) \u00e8 uno smartphone Android di buona qualit\u00e0, presentato dal produttore sudcoreano a met\u00e0 maggio 2020...\" \/>\n<meta property=\"og:url\" content=\"https:\/\/videom.it\/blog\/shop\/samsung-galaxy-a21s\/\" \/>\n<meta property=\"og:site_name\" content=\"VideoMusic\" \/>\n<meta property=\"article:publisher\" content=\"https:\/\/www.facebook.com\/videomusiccava.trebisacce\" \/>\n<meta property=\"article:modified_time\" content=\"2025-05-23T09:09:30+00:00\" \/>\n<meta property=\"og:image\" content=\"https:\/\/videom.it\/blog\/wp-content\/uploads\/2020\/06\/home.jpg\" \/>\n\t<meta property=\"og:image:width\" content=\"1200\" \/>\n\t<meta property=\"og:image:height\" content=\"600\" \/>\n\t<meta property=\"og:image:type\" content=\"image\/jpeg\" \/>\n<meta name=\"twitter:label1\" content=\"Tempo di lettura stimato\" \/>\n\t<meta name=\"twitter:data1\" content=\"1 minuto\" \/>\n<script type=\"application\/ld+json\" class=\"yoast-schema-graph\">{\"@context\":\"https:\\\/\\\/schema.org\",\"@graph\":[{\"@type\":\"WebPage\",\"@id\":\"https:\\\/\\\/videom.it\\\/blog\\\/shop\\\/samsung-galaxy-a21s\\\/\",\"url\":\"https:\\\/\\\/videom.it\\\/blog\\\/shop\\\/samsung-galaxy-a21s\\\/\",\"name\":\"Samsung Galaxy A21s\",\"isPartOf\":{\"@id\":\"https:\\\/\\\/videom.it\\\/blog\\\/#website\"},\"primaryImageOfPage\":{\"@id\":\"https:\\\/\\\/videom.it\\\/blog\\\/shop\\\/samsung-galaxy-a21s\\\/#primaryimage\"},\"image\":{\"@id\":\"https:\\\/\\\/videom.it\\\/blog\\\/shop\\\/samsung-galaxy-a21s\\\/#primaryimage\"},\"thumbnailUrl\":\"https:\\\/\\\/i0.wp.com\\\/videom.it\\\/blog\\\/wp-content\\\/uploads\\\/2020\\\/06\\\/home.jpg?fit=1200%2C600&ssl=1\",\"datePublished\":\"2020-06-25T09:29:02+00:00\",\"dateModified\":\"2025-05-23T09:09:30+00:00\",\"description\":\"Samsung Galaxy A21s (SALDI ESTATE 2020 - SCONTO 40\u20ac ) \u00e8 uno smartphone Android di buona qualit\u00e0, presentato dal produttore sudcoreano a met\u00e0 maggio 2020...\",\"breadcrumb\":{\"@id\":\"https:\\\/\\\/videom.it\\\/blog\\\/shop\\\/samsung-galaxy-a21s\\\/#breadcrumb\"},\"inLanguage\":\"it-IT\",\"potentialAction\":[{\"@type\":\"ReadAction\",\"target\":[\"https:\\\/\\\/videom.it\\\/blog\\\/shop\\\/samsung-galaxy-a21s\\\/\"]}]},{\"@type\":\"ImageObject\",\"inLanguage\":\"it-IT\",\"@id\":\"https:\\\/\\\/videom.it\\\/blog\\\/shop\\\/samsung-galaxy-a21s\\\/#primaryimage\",\"url\":\"https:\\\/\\\/i0.wp.com\\\/videom.it\\\/blog\\\/wp-content\\\/uploads\\\/2020\\\/06\\\/home.jpg?fit=1200%2C600&ssl=1\",\"contentUrl\":\"https:\\\/\\\/i0.wp.com\\\/videom.it\\\/blog\\\/wp-content\\\/uploads\\\/2020\\\/06\\\/home.jpg?fit=1200%2C600&ssl=1\",\"width\":1200,\"height\":600},{\"@type\":\"BreadcrumbList\",\"@id\":\"https:\\\/\\\/videom.it\\\/blog\\\/shop\\\/samsung-galaxy-a21s\\\/#breadcrumb\",\"itemListElement\":[{\"@type\":\"ListItem\",\"position\":1,\"name\":\"Home\",\"item\":\"https:\\\/\\\/videom.it\\\/blog\\\/\"},{\"@type\":\"ListItem\",\"position\":2,\"name\":\"Shop\",\"item\":\"https:\\\/\\\/videom.it\\\/blog\\\/shop\\\/\"},{\"@type\":\"ListItem\",\"position\":3,\"name\":\"Samsung Galaxy A21s\"}]},{\"@type\":\"WebSite\",\"@id\":\"https:\\\/\\\/videom.it\\\/blog\\\/#website\",\"url\":\"https:\\\/\\\/videom.it\\\/blog\\\/\",\"name\":\"VideoMusic\",\"description\":\"Luce &amp; Gas - Assicurazioni - Riparazioni\",\"publisher\":{\"@id\":\"https:\\\/\\\/videom.it\\\/blog\\\/#organization\"},\"potentialAction\":[{\"@type\":\"SearchAction\",\"target\":{\"@type\":\"EntryPoint\",\"urlTemplate\":\"https:\\\/\\\/videom.it\\\/blog\\\/?s={search_term_string}\"},\"query-input\":{\"@type\":\"PropertyValueSpecification\",\"valueRequired\":true,\"valueName\":\"search_term_string\"}}],\"inLanguage\":\"it-IT\"},{\"@type\":\"Organization\",\"@id\":\"https:\\\/\\\/videom.it\\\/blog\\\/#organization\",\"name\":\"VideoMusic\",\"url\":\"https:\\\/\\\/videom.it\\\/blog\\\/\",\"logo\":{\"@type\":\"ImageObject\",\"inLanguage\":\"it-IT\",\"@id\":\"https:\\\/\\\/videom.it\\\/blog\\\/#\\\/schema\\\/logo\\\/image\\\/\",\"url\":\"https:\\\/\\\/i2.wp.com\\\/videom.it\\\/blog\\\/wp-content\\\/uploads\\\/2015\\\/04\\\/25th-giallo-3.jpg?fit=1300%2C1192&ssl=1\",\"contentUrl\":\"https:\\\/\\\/i2.wp.com\\\/videom.it\\\/blog\\\/wp-content\\\/uploads\\\/2015\\\/04\\\/25th-giallo-3.jpg?fit=1300%2C1192&ssl=1\",\"width\":1300,\"height\":1192,\"caption\":\"VideoMusic\"},\"image\":{\"@id\":\"https:\\\/\\\/videom.it\\\/blog\\\/#\\\/schema\\\/logo\\\/image\\\/\"},\"sameAs\":[\"https:\\\/\\\/www.facebook.com\\\/videomusiccava.trebisacce\",\"https:\\\/\\\/x.com\\\/vbcava\",\"https:\\\/\\\/www.youtube.com\\\/channel\\\/UCgNxnZpk2zqHaIcIxF3swOA\"]}]}<\/script>\n<!-- \/ Yoast SEO plugin. -->","yoast_head_json":{"title":"Samsung Galaxy A21s","description":"Samsung Galaxy A21s (SALDI ESTATE 2020 - SCONTO 40\u20ac ) \u00e8 uno smartphone Android di buona qualit\u00e0, presentato dal produttore sudcoreano a met\u00e0 maggio 2020...","robots":{"index":"index","follow":"follow","max-snippet":"max-snippet:-1","max-image-preview":"max-image-preview:large","max-video-preview":"max-video-preview:-1"},"canonical":"https:\/\/videom.it\/blog\/shop\/samsung-galaxy-a21s\/","og_locale":"it_IT","og_type":"article","og_title":"Samsung Galaxy A21s","og_description":"Samsung Galaxy A21s (SALDI ESTATE 2020 - SCONTO 40\u20ac ) \u00e8 uno smartphone Android di buona qualit\u00e0, presentato dal produttore sudcoreano a met\u00e0 maggio 2020...","og_url":"https:\/\/videom.it\/blog\/shop\/samsung-galaxy-a21s\/","og_site_name":"VideoMusic","article_publisher":"https:\/\/www.facebook.com\/videomusiccava.trebisacce","article_modified_time":"2025-05-23T09:09:30+00:00","og_image":[{"width":1200,"height":600,"url":"https:\/\/videom.it\/blog\/wp-content\/uploads\/2020\/06\/home.jpg","type":"image\/jpeg"}],"twitter_misc":{"Tempo di lettura stimato":"1 minuto"},"schema":{"@context":"https:\/\/schema.org","@graph":[{"@type":"WebPage","@id":"https:\/\/videom.it\/blog\/shop\/samsung-galaxy-a21s\/","url":"https:\/\/videom.it\/blog\/shop\/samsung-galaxy-a21s\/","name":"Samsung Galaxy A21s","isPartOf":{"@id":"https:\/\/videom.it\/blog\/#website"},"primaryImageOfPage":{"@id":"https:\/\/videom.it\/blog\/shop\/samsung-galaxy-a21s\/#primaryimage"},"image":{"@id":"https:\/\/videom.it\/blog\/shop\/samsung-galaxy-a21s\/#primaryimage"},"thumbnailUrl":"https:\/\/i0.wp.com\/videom.it\/blog\/wp-content\/uploads\/2020\/06\/home.jpg?fit=1200%2C600&ssl=1","datePublished":"2020-06-25T09:29:02+00:00","dateModified":"2025-05-23T09:09:30+00:00","description":"Samsung Galaxy A21s (SALDI ESTATE 2020 - SCONTO 40\u20ac ) \u00e8 uno smartphone Android di buona qualit\u00e0, presentato dal produttore sudcoreano a met\u00e0 maggio 2020...","breadcrumb":{"@id":"https:\/\/videom.it\/blog\/shop\/samsung-galaxy-a21s\/#breadcrumb"},"inLanguage":"it-IT","potentialAction":[{"@type":"ReadAction","target":["https:\/\/videom.it\/blog\/shop\/samsung-galaxy-a21s\/"]}]},{"@type":"ImageObject","inLanguage":"it-IT","@id":"https:\/\/videom.it\/blog\/shop\/samsung-galaxy-a21s\/#primaryimage","url":"https:\/\/i0.wp.com\/videom.it\/blog\/wp-content\/uploads\/2020\/06\/home.jpg?fit=1200%2C600&ssl=1","contentUrl":"https:\/\/i0.wp.com\/videom.it\/blog\/wp-content\/uploads\/2020\/06\/home.jpg?fit=1200%2C600&ssl=1","width":1200,"height":600},{"@type":"BreadcrumbList","@id":"https:\/\/videom.it\/blog\/shop\/samsung-galaxy-a21s\/#breadcrumb","itemListElement":[{"@type":"ListItem","position":1,"name":"Home","item":"https:\/\/videom.it\/blog\/"},{"@type":"ListItem","position":2,"name":"Shop","item":"https:\/\/videom.it\/blog\/shop\/"},{"@type":"ListItem","position":3,"name":"Samsung Galaxy A21s"}]},{"@type":"WebSite","@id":"https:\/\/videom.it\/blog\/#website","url":"https:\/\/videom.it\/blog\/","name":"VideoMusic","description":"Luce &amp; Gas - Assicurazioni - Riparazioni","publisher":{"@id":"https:\/\/videom.it\/blog\/#organization"},"potentialAction":[{"@type":"SearchAction","target":{"@type":"EntryPoint","urlTemplate":"https:\/\/videom.it\/blog\/?s={search_term_string}"},"query-input":{"@type":"PropertyValueSpecification","valueRequired":true,"valueName":"search_term_string"}}],"inLanguage":"it-IT"},{"@type":"Organization","@id":"https:\/\/videom.it\/blog\/#organization","name":"VideoMusic","url":"https:\/\/videom.it\/blog\/","logo":{"@type":"ImageObject","inLanguage":"it-IT","@id":"https:\/\/videom.it\/blog\/#\/schema\/logo\/image\/","url":"https:\/\/i2.wp.com\/videom.it\/blog\/wp-content\/uploads\/2015\/04\/25th-giallo-3.jpg?fit=1300%2C1192&ssl=1","contentUrl":"https:\/\/i2.wp.com\/videom.it\/blog\/wp-content\/uploads\/2015\/04\/25th-giallo-3.jpg?fit=1300%2C1192&ssl=1","width":1300,"height":1192,"caption":"VideoMusic"},"image":{"@id":"https:\/\/videom.it\/blog\/#\/schema\/logo\/image\/"},"sameAs":["https:\/\/www.facebook.com\/videomusiccava.trebisacce","https:\/\/x.com\/vbcava","https:\/\/www.youtube.com\/channel\/UCgNxnZpk2zqHaIcIxF3swOA"]}]}},"jetpack_publicize_connections":[],"jetpack_sharing_enabled":true,"_links":{"self":[{"href":"https:\/\/videom.it\/blog\/wp-json\/wp\/v2\/product\/4480","targetHints":{"allow":["GET"]}}],"collection":[{"href":"https:\/\/videom.it\/blog\/wp-json\/wp\/v2\/product"}],"about":[{"href":"https:\/\/videom.it\/blog\/wp-json\/wp\/v2\/types\/product"}],"replies":[{"embeddable":true,"href":"https:\/\/videom.it\/blog\/wp-json\/wp\/v2\/comments?post=4480"}],"wp:featuredmedia":[{"embeddable":true,"href":"https:\/\/videom.it\/blog\/wp-json\/wp\/v2\/media\/4481"}],"wp:attachment":[{"href":"https:\/\/videom.it\/blog\/wp-json\/wp\/v2\/media?parent=4480"}],"wp:term":[{"taxonomy":"product_brand","embeddable":true,"href":"https:\/\/videom.it\/blog\/wp-json\/wp\/v2\/product_brand?post=4480"},{"taxonomy":"product_cat","embeddable":true,"href":"https:\/\/videom.it\/blog\/wp-json\/wp\/v2\/product_cat?post=4480"},{"taxonomy":"product_tag","embeddable":true,"href":"https:\/\/videom.it\/blog\/wp-json\/wp\/v2\/product_tag?post=4480"}],"curies":[{"name":"wp","href":"https:\/\/api.w.org\/{rel}","templated":true}]}}