{"id":4173,"date":"2020-04-17T11:06:01","date_gmt":"2020-04-17T09:06:01","guid":{"rendered":"http:\/\/videom.it\/blog\/?post_type=product&#038;p=4173"},"modified":"2025-05-23T11:09:46","modified_gmt":"2025-05-23T09:09:46","slug":"huawei-p40-lite","status":"publish","type":"product","link":"https:\/\/videom.it\/blog\/shop\/huawei-p40-lite\/","title":{"rendered":"HUAWEI P40 LITE 128Gb"},"content":{"rendered":"<p>HUAWEI P40 lite utilizza l&#8217;interfaccia EMUI e HUAWEI Mobile Services (HMS). Ci\u00f2 significa che i servizi e<strong> le applicazioni di Google non sono integrati<\/strong> nella serie <a href=\"http:\/\/videom.it\/blog\/google-huawei\/\" target=\"_blank\" rel=\"noopener noreferrer\">HUAWEI P40<\/a> .<\/p>\n<p>Tuttavia,\u00a0 si\u00a0 ha l&#8217;accesso a molte delle applicazioni pi\u00f9 popolari tramite il marketplace HUAWEI AppGallery.\u00a0 Il nuovo Hawei \u00e8 coperto dalla garanzia legale e pertanto beneficia del nostro Servizio Clienti. <strong>Accettando questo, riconosci che HUAWEI P40 lite utilizza HUAWEI Mobile Services (<u><a href=\"https:\/\/consumer.huawei.com\/it\/campaign\/hms-risponde\/\">HMS<\/a><\/u>) anzich\u00e9 Google Mobile Services (<u><a href=\"https:\/\/consumer.huawei.com\/it\/campaign\/huawei-risponde\/\">GMS<\/a><\/u>).<\/strong><\/p>\n<p>Huawei P40 Lite \u00e8 un smartphone\u00a0<a href=\"https:\/\/it.wikipedia.org\/wiki\/Android\" target=\"_blank\" rel=\"noopener noreferrer\"><b>Android<\/b><\/a>\u00a0di buon livello, fortemente votato all&#8217;imaging, in grado di soddisfare anche l&#8217;utente pi\u00f9 esigente. Sorprende il display\u00a0<b>Touchscreen<\/b>\u00a0da\u00a0<b>6.4<\/b> pollici che pone il Nuovo Huawei al vertice della categoria. Risoluzione di <b>2310&#215;1080<\/b> pixel.<\/p>\n<p>Sul versante delle funzionalit\u00e0 al\u00a0 P40 Lite non manca davvero nulla. A cominciare dal modulo <b>LTE 4G<\/b>\u00a0che permette un trasferimento dati e una navigazione in internet eccellente, passando per la connettivit\u00e0\u00a0<b>Wi-fi<\/b>\u00a0e il\u00a0<b>GPS<\/b>.<br \/>\nQuesto Huawei \u00e8 un prodotto con pochi competitor, per ci\u00f2 che riguarda la multimedialit\u00e0 grazie alla fotocamera da ben <b>48<\/b> megapixel.\u00a0 Tutto ci\u00f2 permette al Huawei P40 Lit di scattare foto di alta qualit\u00e0 con una risoluzione di <b>8000&#215;6000<\/b>\u00a0pixel e di registrare video in\u00a0<b>4K<\/b>\u00a0alla risoluzione di\u00a0<b>3840&#215;2160<\/b>\u00a0pixel. Lo spessore di\u00a0<b>8.7mm<\/b> \u00e8 contenuto e rende questo Smartphone molto interessante.<\/p>\n<p>Disponibile anche in Rateizzazione con Vodafone e WindTre a partire da 2,99 \u20ac.<\/p>\n<p>Proteggi il tuo Smartphone con <strong><a href=\"http:\/\/videom.it\/blog\/protection-pro\/\">PROTECTION PRO ULTRA<\/a><\/strong> \u2013\u00a0 Il sistema di protezione pi\u00f9 avanzato sul mercato. Una esclusiva della VideoMusic Trebisacce, unico rivenditore dell&#8217;Alto Ionio<\/p>\n<p><a href=\"https:\/\/i0.wp.com\/videom.it\/blog\/wp-content\/uploads\/2020\/01\/Logo-Videomusic-Blog1.jpg?ssl=1\"><img data-recalc-dims=\"1\" decoding=\"async\" class=\"alignnone size-medium wp-image-3983\" src=\"https:\/\/i0.wp.com\/videom.it\/blog\/wp-content\/uploads\/2020\/01\/Logo-Videomusic-Blog1.jpg?resize=300%2C74&#038;ssl=1\" alt=\"huawei p40 lite\" width=\"300\" height=\"74\" srcset=\"https:\/\/i0.wp.com\/videom.it\/blog\/wp-content\/uploads\/2020\/01\/Logo-Videomusic-Blog1.jpg?resize=300%2C74&amp;ssl=1 300w, https:\/\/i0.wp.com\/videom.it\/blog\/wp-content\/uploads\/2020\/01\/Logo-Videomusic-Blog1.jpg?resize=1024%2C252&amp;ssl=1 1024w, https:\/\/i0.wp.com\/videom.it\/blog\/wp-content\/uploads\/2020\/01\/Logo-Videomusic-Blog1.jpg?resize=768%2C189&amp;ssl=1 768w, https:\/\/i0.wp.com\/videom.it\/blog\/wp-content\/uploads\/2020\/01\/Logo-Videomusic-Blog1.jpg?resize=1536%2C379&amp;ssl=1 1536w, https:\/\/i0.wp.com\/videom.it\/blog\/wp-content\/uploads\/2020\/01\/Logo-Videomusic-Blog1.jpg?resize=100%2C25&amp;ssl=1 100w, https:\/\/i0.wp.com\/videom.it\/blog\/wp-content\/uploads\/2020\/01\/Logo-Videomusic-Blog1.jpg?resize=150%2C37&amp;ssl=1 150w, https:\/\/i0.wp.com\/videom.it\/blog\/wp-content\/uploads\/2020\/01\/Logo-Videomusic-Blog1.jpg?resize=200%2C49&amp;ssl=1 200w, https:\/\/i0.wp.com\/videom.it\/blog\/wp-content\/uploads\/2020\/01\/Logo-Videomusic-Blog1.jpg?resize=450%2C111&amp;ssl=1 450w, https:\/\/i0.wp.com\/videom.it\/blog\/wp-content\/uploads\/2020\/01\/Logo-Videomusic-Blog1.jpg?resize=600%2C148&amp;ssl=1 600w, https:\/\/i0.wp.com\/videom.it\/blog\/wp-content\/uploads\/2020\/01\/Logo-Videomusic-Blog1.jpg?resize=900%2C222&amp;ssl=1 900w, https:\/\/i0.wp.com\/videom.it\/blog\/wp-content\/uploads\/2020\/01\/Logo-Videomusic-Blog1.jpg?w=1712&amp;ssl=1 1712w\" sizes=\"(max-width: 300px) 100vw, 300px\" \/><\/a> <a href=\"https:\/\/i0.wp.com\/videom.it\/blog\/wp-content\/uploads\/2019\/08\/Videomusic-da-usare.jpg?ssl=1\"><img data-recalc-dims=\"1\" decoding=\"async\" class=\"alignnone wp-image-3751\" src=\"https:\/\/i0.wp.com\/videom.it\/blog\/wp-content\/uploads\/2019\/08\/Videomusic-da-usare-1024x521.jpg?resize=198%2C101&#038;ssl=1\" alt=\"huawei p40 lite\" width=\"198\" height=\"101\" \/><\/a>VideoMusic Trebisacce : Vle della Libert\u00e0 22\/24 &#8211; Trebisacce (Cs) 0981 58459 \/51519 &#8211; 351 8188174<\/p>\n","protected":false},"excerpt":{"rendered":"<ul class=\"listTable\">\n<li>Dimensione Schermo6.4 &#8220;<\/li>\n<li>Ram 6Gb<\/li>\n<li>Capacit\u00e0 128 GB<\/li>\n<li>Display Full HD+<\/li>\n<li>CPU Octa Core<\/li>\n<li>Connessione 4G\/LTE<\/li>\n<li>Versione Sistema Operativo10.0<\/li>\n<li>Caratteristiche PlusDual Sim<\/li>\n<li>Fotocamera 48 Megapixel<\/li>\n<li>Sistema Operativo Android<\/li>\n<li>Altre: LTE<\/li>\n<\/ul>\n","protected":false},"featured_media":4174,"comment_status":"open","ping_status":"closed","template":"","meta":{"jetpack_post_was_ever_published":false,"jetpack_publicize_message":"","jetpack_publicize_feature_enabled":true,"jetpack_social_post_already_shared":true,"jetpack_social_options":{"image_generator_settings":{"template":"highway","default_image_id":0,"font":"","enabled":false},"version":2}},"product_brand":[],"product_cat":[27],"product_tag":[55,114,54],"class_list":{"0":"post-4173","1":"product","2":"type-product","3":"status-publish","4":"has-post-thumbnail","6":"product_cat-smartphone","7":"product_tag-android","8":"product_tag-huawei","9":"product_tag-smartphone","11":"first","12":"outofstock","13":"sale","14":"taxable","15":"shipping-taxable","16":"purchasable","17":"product-type-simple"},"yoast_head":"<!-- This site is optimized with the Yoast SEO plugin v27.3 - https:\/\/yoast.com\/product\/yoast-seo-wordpress\/ -->\n<title>HUAWEI P40 LITE 128Gb<\/title>\n<meta name=\"description\" content=\"HUAWEI P40 lite \u00e8 dotato di una fotocamera principale da 48 MP, obiettivo ultra grandangolare da 120\u00b0, Memoria da 128Gb, percezione della profondit\u00e0..\" \/>\n<meta name=\"robots\" content=\"index, follow, max-snippet:-1, max-image-preview:large, max-video-preview:-1\" \/>\n<link rel=\"canonical\" href=\"https:\/\/videom.it\/blog\/shop\/huawei-p40-lite\/\" \/>\n<meta property=\"og:locale\" content=\"it_IT\" \/>\n<meta property=\"og:type\" content=\"article\" \/>\n<meta property=\"og:title\" content=\"HUAWEI P40 LITE 128Gb\" \/>\n<meta property=\"og:description\" content=\"HUAWEI P40 lite \u00e8 dotato di una fotocamera principale da 48 MP, obiettivo ultra grandangolare da 120\u00b0, Memoria da 128Gb, percezione della profondit\u00e0..\" \/>\n<meta property=\"og:url\" content=\"https:\/\/videom.it\/blog\/shop\/huawei-p40-lite\/\" \/>\n<meta property=\"og:site_name\" content=\"VideoMusic\" \/>\n<meta property=\"article:publisher\" content=\"https:\/\/www.facebook.com\/videomusiccava.trebisacce\" \/>\n<meta property=\"article:modified_time\" content=\"2025-05-23T09:09:46+00:00\" \/>\n<meta property=\"og:image\" content=\"https:\/\/videom.it\/blog\/wp-content\/uploads\/2020\/04\/p40lite-A.jpg\" \/>\n\t<meta property=\"og:image:width\" content=\"800\" \/>\n\t<meta property=\"og:image:height\" content=\"800\" \/>\n\t<meta property=\"og:image:type\" content=\"image\/jpeg\" \/>\n<meta name=\"twitter:label1\" content=\"Tempo di lettura stimato\" \/>\n\t<meta name=\"twitter:data1\" content=\"1 minuto\" \/>\n<script type=\"application\/ld+json\" class=\"yoast-schema-graph\">{\"@context\":\"https:\\\/\\\/schema.org\",\"@graph\":[{\"@type\":\"WebPage\",\"@id\":\"https:\\\/\\\/videom.it\\\/blog\\\/shop\\\/huawei-p40-lite\\\/\",\"url\":\"https:\\\/\\\/videom.it\\\/blog\\\/shop\\\/huawei-p40-lite\\\/\",\"name\":\"HUAWEI P40 LITE 128Gb\",\"isPartOf\":{\"@id\":\"https:\\\/\\\/videom.it\\\/blog\\\/#website\"},\"primaryImageOfPage\":{\"@id\":\"https:\\\/\\\/videom.it\\\/blog\\\/shop\\\/huawei-p40-lite\\\/#primaryimage\"},\"image\":{\"@id\":\"https:\\\/\\\/videom.it\\\/blog\\\/shop\\\/huawei-p40-lite\\\/#primaryimage\"},\"thumbnailUrl\":\"https:\\\/\\\/i0.wp.com\\\/videom.it\\\/blog\\\/wp-content\\\/uploads\\\/2020\\\/04\\\/p40lite-A.jpg?fit=800%2C800&ssl=1\",\"datePublished\":\"2020-04-17T09:06:01+00:00\",\"dateModified\":\"2025-05-23T09:09:46+00:00\",\"description\":\"HUAWEI P40 lite \u00e8 dotato di una fotocamera principale da 48 MP, obiettivo ultra grandangolare da 120\u00b0, Memoria da 128Gb, percezione della profondit\u00e0..\",\"breadcrumb\":{\"@id\":\"https:\\\/\\\/videom.it\\\/blog\\\/shop\\\/huawei-p40-lite\\\/#breadcrumb\"},\"inLanguage\":\"it-IT\",\"potentialAction\":[{\"@type\":\"ReadAction\",\"target\":[\"https:\\\/\\\/videom.it\\\/blog\\\/shop\\\/huawei-p40-lite\\\/\"]}]},{\"@type\":\"ImageObject\",\"inLanguage\":\"it-IT\",\"@id\":\"https:\\\/\\\/videom.it\\\/blog\\\/shop\\\/huawei-p40-lite\\\/#primaryimage\",\"url\":\"https:\\\/\\\/i0.wp.com\\\/videom.it\\\/blog\\\/wp-content\\\/uploads\\\/2020\\\/04\\\/p40lite-A.jpg?fit=800%2C800&ssl=1\",\"contentUrl\":\"https:\\\/\\\/i0.wp.com\\\/videom.it\\\/blog\\\/wp-content\\\/uploads\\\/2020\\\/04\\\/p40lite-A.jpg?fit=800%2C800&ssl=1\",\"width\":800,\"height\":800},{\"@type\":\"BreadcrumbList\",\"@id\":\"https:\\\/\\\/videom.it\\\/blog\\\/shop\\\/huawei-p40-lite\\\/#breadcrumb\",\"itemListElement\":[{\"@type\":\"ListItem\",\"position\":1,\"name\":\"Home\",\"item\":\"https:\\\/\\\/videom.it\\\/blog\\\/\"},{\"@type\":\"ListItem\",\"position\":2,\"name\":\"Shop\",\"item\":\"https:\\\/\\\/videom.it\\\/blog\\\/shop\\\/\"},{\"@type\":\"ListItem\",\"position\":3,\"name\":\"HUAWEI P40 LITE 128Gb\"}]},{\"@type\":\"WebSite\",\"@id\":\"https:\\\/\\\/videom.it\\\/blog\\\/#website\",\"url\":\"https:\\\/\\\/videom.it\\\/blog\\\/\",\"name\":\"VideoMusic\",\"description\":\"Luce &amp; Gas - Assicurazioni - Riparazioni\",\"publisher\":{\"@id\":\"https:\\\/\\\/videom.it\\\/blog\\\/#organization\"},\"potentialAction\":[{\"@type\":\"SearchAction\",\"target\":{\"@type\":\"EntryPoint\",\"urlTemplate\":\"https:\\\/\\\/videom.it\\\/blog\\\/?s={search_term_string}\"},\"query-input\":{\"@type\":\"PropertyValueSpecification\",\"valueRequired\":true,\"valueName\":\"search_term_string\"}}],\"inLanguage\":\"it-IT\"},{\"@type\":\"Organization\",\"@id\":\"https:\\\/\\\/videom.it\\\/blog\\\/#organization\",\"name\":\"VideoMusic\",\"url\":\"https:\\\/\\\/videom.it\\\/blog\\\/\",\"logo\":{\"@type\":\"ImageObject\",\"inLanguage\":\"it-IT\",\"@id\":\"https:\\\/\\\/videom.it\\\/blog\\\/#\\\/schema\\\/logo\\\/image\\\/\",\"url\":\"https:\\\/\\\/i2.wp.com\\\/videom.it\\\/blog\\\/wp-content\\\/uploads\\\/2015\\\/04\\\/25th-giallo-3.jpg?fit=1300%2C1192&ssl=1\",\"contentUrl\":\"https:\\\/\\\/i2.wp.com\\\/videom.it\\\/blog\\\/wp-content\\\/uploads\\\/2015\\\/04\\\/25th-giallo-3.jpg?fit=1300%2C1192&ssl=1\",\"width\":1300,\"height\":1192,\"caption\":\"VideoMusic\"},\"image\":{\"@id\":\"https:\\\/\\\/videom.it\\\/blog\\\/#\\\/schema\\\/logo\\\/image\\\/\"},\"sameAs\":[\"https:\\\/\\\/www.facebook.com\\\/videomusiccava.trebisacce\",\"https:\\\/\\\/x.com\\\/vbcava\",\"https:\\\/\\\/www.youtube.com\\\/channel\\\/UCgNxnZpk2zqHaIcIxF3swOA\"]}]}<\/script>\n<!-- \/ Yoast SEO plugin. -->","yoast_head_json":{"title":"HUAWEI P40 LITE 128Gb","description":"HUAWEI P40 lite \u00e8 dotato di una fotocamera principale da 48 MP, obiettivo ultra grandangolare da 120\u00b0, Memoria da 128Gb, percezione della profondit\u00e0..","robots":{"index":"index","follow":"follow","max-snippet":"max-snippet:-1","max-image-preview":"max-image-preview:large","max-video-preview":"max-video-preview:-1"},"canonical":"https:\/\/videom.it\/blog\/shop\/huawei-p40-lite\/","og_locale":"it_IT","og_type":"article","og_title":"HUAWEI P40 LITE 128Gb","og_description":"HUAWEI P40 lite \u00e8 dotato di una fotocamera principale da 48 MP, obiettivo ultra grandangolare da 120\u00b0, Memoria da 128Gb, percezione della profondit\u00e0..","og_url":"https:\/\/videom.it\/blog\/shop\/huawei-p40-lite\/","og_site_name":"VideoMusic","article_publisher":"https:\/\/www.facebook.com\/videomusiccava.trebisacce","article_modified_time":"2025-05-23T09:09:46+00:00","og_image":[{"width":800,"height":800,"url":"https:\/\/videom.it\/blog\/wp-content\/uploads\/2020\/04\/p40lite-A.jpg","type":"image\/jpeg"}],"twitter_misc":{"Tempo di lettura stimato":"1 minuto"},"schema":{"@context":"https:\/\/schema.org","@graph":[{"@type":"WebPage","@id":"https:\/\/videom.it\/blog\/shop\/huawei-p40-lite\/","url":"https:\/\/videom.it\/blog\/shop\/huawei-p40-lite\/","name":"HUAWEI P40 LITE 128Gb","isPartOf":{"@id":"https:\/\/videom.it\/blog\/#website"},"primaryImageOfPage":{"@id":"https:\/\/videom.it\/blog\/shop\/huawei-p40-lite\/#primaryimage"},"image":{"@id":"https:\/\/videom.it\/blog\/shop\/huawei-p40-lite\/#primaryimage"},"thumbnailUrl":"https:\/\/i0.wp.com\/videom.it\/blog\/wp-content\/uploads\/2020\/04\/p40lite-A.jpg?fit=800%2C800&ssl=1","datePublished":"2020-04-17T09:06:01+00:00","dateModified":"2025-05-23T09:09:46+00:00","description":"HUAWEI P40 lite \u00e8 dotato di una fotocamera principale da 48 MP, obiettivo ultra grandangolare da 120\u00b0, Memoria da 128Gb, percezione della profondit\u00e0..","breadcrumb":{"@id":"https:\/\/videom.it\/blog\/shop\/huawei-p40-lite\/#breadcrumb"},"inLanguage":"it-IT","potentialAction":[{"@type":"ReadAction","target":["https:\/\/videom.it\/blog\/shop\/huawei-p40-lite\/"]}]},{"@type":"ImageObject","inLanguage":"it-IT","@id":"https:\/\/videom.it\/blog\/shop\/huawei-p40-lite\/#primaryimage","url":"https:\/\/i0.wp.com\/videom.it\/blog\/wp-content\/uploads\/2020\/04\/p40lite-A.jpg?fit=800%2C800&ssl=1","contentUrl":"https:\/\/i0.wp.com\/videom.it\/blog\/wp-content\/uploads\/2020\/04\/p40lite-A.jpg?fit=800%2C800&ssl=1","width":800,"height":800},{"@type":"BreadcrumbList","@id":"https:\/\/videom.it\/blog\/shop\/huawei-p40-lite\/#breadcrumb","itemListElement":[{"@type":"ListItem","position":1,"name":"Home","item":"https:\/\/videom.it\/blog\/"},{"@type":"ListItem","position":2,"name":"Shop","item":"https:\/\/videom.it\/blog\/shop\/"},{"@type":"ListItem","position":3,"name":"HUAWEI P40 LITE 128Gb"}]},{"@type":"WebSite","@id":"https:\/\/videom.it\/blog\/#website","url":"https:\/\/videom.it\/blog\/","name":"VideoMusic","description":"Luce &amp; Gas - Assicurazioni - Riparazioni","publisher":{"@id":"https:\/\/videom.it\/blog\/#organization"},"potentialAction":[{"@type":"SearchAction","target":{"@type":"EntryPoint","urlTemplate":"https:\/\/videom.it\/blog\/?s={search_term_string}"},"query-input":{"@type":"PropertyValueSpecification","valueRequired":true,"valueName":"search_term_string"}}],"inLanguage":"it-IT"},{"@type":"Organization","@id":"https:\/\/videom.it\/blog\/#organization","name":"VideoMusic","url":"https:\/\/videom.it\/blog\/","logo":{"@type":"ImageObject","inLanguage":"it-IT","@id":"https:\/\/videom.it\/blog\/#\/schema\/logo\/image\/","url":"https:\/\/i2.wp.com\/videom.it\/blog\/wp-content\/uploads\/2015\/04\/25th-giallo-3.jpg?fit=1300%2C1192&ssl=1","contentUrl":"https:\/\/i2.wp.com\/videom.it\/blog\/wp-content\/uploads\/2015\/04\/25th-giallo-3.jpg?fit=1300%2C1192&ssl=1","width":1300,"height":1192,"caption":"VideoMusic"},"image":{"@id":"https:\/\/videom.it\/blog\/#\/schema\/logo\/image\/"},"sameAs":["https:\/\/www.facebook.com\/videomusiccava.trebisacce","https:\/\/x.com\/vbcava","https:\/\/www.youtube.com\/channel\/UCgNxnZpk2zqHaIcIxF3swOA"]}]}},"jetpack_publicize_connections":[],"jetpack_sharing_enabled":true,"_links":{"self":[{"href":"https:\/\/videom.it\/blog\/wp-json\/wp\/v2\/product\/4173","targetHints":{"allow":["GET"]}}],"collection":[{"href":"https:\/\/videom.it\/blog\/wp-json\/wp\/v2\/product"}],"about":[{"href":"https:\/\/videom.it\/blog\/wp-json\/wp\/v2\/types\/product"}],"replies":[{"embeddable":true,"href":"https:\/\/videom.it\/blog\/wp-json\/wp\/v2\/comments?post=4173"}],"wp:featuredmedia":[{"embeddable":true,"href":"https:\/\/videom.it\/blog\/wp-json\/wp\/v2\/media\/4174"}],"wp:attachment":[{"href":"https:\/\/videom.it\/blog\/wp-json\/wp\/v2\/media?parent=4173"}],"wp:term":[{"taxonomy":"product_brand","embeddable":true,"href":"https:\/\/videom.it\/blog\/wp-json\/wp\/v2\/product_brand?post=4173"},{"taxonomy":"product_cat","embeddable":true,"href":"https:\/\/videom.it\/blog\/wp-json\/wp\/v2\/product_cat?post=4173"},{"taxonomy":"product_tag","embeddable":true,"href":"https:\/\/videom.it\/blog\/wp-json\/wp\/v2\/product_tag?post=4173"}],"curies":[{"name":"wp","href":"https:\/\/api.w.org\/{rel}","templated":true}]}}