{"id":4120,"date":"2020-03-03T18:31:06","date_gmt":"2020-03-03T17:31:06","guid":{"rendered":"http:\/\/videom.it\/blog\/?post_type=product&#038;p=4120"},"modified":"2022-10-21T11:36:37","modified_gmt":"2022-10-21T09:36:37","slug":"samsung-s20-5g","status":"publish","type":"product","link":"https:\/\/videom.it\/blog\/shop\/samsung-s20-5g\/","title":{"rendered":"Samsung S20 5G 128 GB"},"content":{"rendered":"<p><strong>Samsung Galaxy S20<\/strong>\u00a0\u00e8 uno smartphone con sistema operativo Android che potremmo definire di fascia alta.<\/p>\n<p>La densit\u00e0 di pixel del display <strong><a href=\"https:\/\/it.wikipedia.org\/wiki\/AMOLED\" target=\"_blank\" rel=\"noopener noreferrer\">Dynamic AMOLED<\/a><\/strong> di smartphone \u00e8 di 565 ppi. Questo grazie ad una risoluzione di QHD+ \/ 1440 x 3040 pixel su di una diagonale di\u00a0<strong>6,2 pollici<\/strong>. La fotocamera \u00e8 dotata di stabilizzatore e questo aiuta a realizzare video e foto pi\u00f9 nitide. La risoluzione a cui pu\u00f2 scattare \u00e8 di\u00a0<strong>12 megapixel<\/strong>, mentre i video vengono registrati a 4K &#8211; 3840 x 2160 pixel ed \u00e8 presente il flash Singolo.<\/p>\n<p>Il <strong>Samsung Galaxy S20<\/strong> ha il supporto dual SIM e supporta le reti mobili sino a quelle LTE , mentre la Wi-Fi \u00e8 di tipo a\/b\/g\/n\/ac\/ax e il Bluetooth \u00e8 5.0. Non manca il GPS e neanche il chip NFC. Manca invece la radio FM e la porta ad infrarossi. La batteria non removibile di questo dispositivo \u00e8 da 4000 mAh. \u00a0<strong><a href=\"http:\/\/videom.it\/blog\/nuovo-top-di-gamma-samsung-galaxy-s20\/\" target=\"_blank\" rel=\"noopener noreferrer\">Leggi anche ..<\/a><\/strong><\/p>\n<p>Disponibili, nel nostro Store,\u00a0 anche a rate in 30 mesi con le offerte degli operatori Vodafone e Wind\/Tre.<\/p>\n<p>VideoMusic &#8211; Vle della Libert\u00e0 22\/24 a Trebisacce &#8211; 098158459 \/ 51519 &#8211; 3518188174 &#8211; info@videom.it<\/p>\n<p><a href=\"https:\/\/i0.wp.com\/videom.it\/blog\/wp-content\/uploads\/2019\/08\/Videomusic-da-usare.jpg\"><img data-recalc-dims=\"1\" fetchpriority=\"high\" decoding=\"async\" class=\"alignnone wp-image-3751\" src=\"https:\/\/i0.wp.com\/videom.it\/blog\/wp-content\/uploads\/2019\/08\/Videomusic-da-usare-1024x521.jpg?resize=387%2C197\" alt=\"samsung s20\" width=\"387\" height=\"197\" \/><\/a> <a href=\"https:\/\/i0.wp.com\/videom.it\/blog\/wp-content\/uploads\/2020\/01\/Logo-Videomusic-Blog1.jpg\"><img data-recalc-dims=\"1\" decoding=\"async\" class=\"alignnone size-large wp-image-3983\" src=\"https:\/\/i0.wp.com\/videom.it\/blog\/wp-content\/uploads\/2020\/01\/Logo-Videomusic-Blog1-1024x252.jpg?resize=605%2C149\" alt=\"\" width=\"605\" height=\"149\" srcset=\"https:\/\/i0.wp.com\/videom.it\/blog\/wp-content\/uploads\/2020\/01\/Logo-Videomusic-Blog1.jpg?resize=1024%2C252&amp;ssl=1 1024w, https:\/\/i0.wp.com\/videom.it\/blog\/wp-content\/uploads\/2020\/01\/Logo-Videomusic-Blog1.jpg?resize=300%2C74&amp;ssl=1 300w, https:\/\/i0.wp.com\/videom.it\/blog\/wp-content\/uploads\/2020\/01\/Logo-Videomusic-Blog1.jpg?resize=768%2C189&amp;ssl=1 768w, https:\/\/i0.wp.com\/videom.it\/blog\/wp-content\/uploads\/2020\/01\/Logo-Videomusic-Blog1.jpg?resize=1536%2C379&amp;ssl=1 1536w, https:\/\/i0.wp.com\/videom.it\/blog\/wp-content\/uploads\/2020\/01\/Logo-Videomusic-Blog1.jpg?resize=100%2C25&amp;ssl=1 100w, https:\/\/i0.wp.com\/videom.it\/blog\/wp-content\/uploads\/2020\/01\/Logo-Videomusic-Blog1.jpg?resize=150%2C37&amp;ssl=1 150w, https:\/\/i0.wp.com\/videom.it\/blog\/wp-content\/uploads\/2020\/01\/Logo-Videomusic-Blog1.jpg?resize=200%2C49&amp;ssl=1 200w, https:\/\/i0.wp.com\/videom.it\/blog\/wp-content\/uploads\/2020\/01\/Logo-Videomusic-Blog1.jpg?resize=450%2C111&amp;ssl=1 450w, https:\/\/i0.wp.com\/videom.it\/blog\/wp-content\/uploads\/2020\/01\/Logo-Videomusic-Blog1.jpg?resize=600%2C148&amp;ssl=1 600w, https:\/\/i0.wp.com\/videom.it\/blog\/wp-content\/uploads\/2020\/01\/Logo-Videomusic-Blog1.jpg?resize=900%2C222&amp;ssl=1 900w, https:\/\/i0.wp.com\/videom.it\/blog\/wp-content\/uploads\/2020\/01\/Logo-Videomusic-Blog1.jpg?w=1712&amp;ssl=1 1712w\" sizes=\"(max-width: 605px) 100vw, 605px\" \/><\/a><\/p>\n","protected":false},"excerpt":{"rendered":"<ul>\n<li class=\"product-description hidden-sm\">Penta Band &#8211; 5G &#8211; Wi-Fi &#8211; NFC<\/li>\n<li class=\"product-description hidden-sm\">Tripla Fotocamera Dual OIS con AF e Flash LED<\/li>\n<li class=\"product-description hidden-sm\">Fotocamera anteriore 10 MP, F2.2 &#8211; Android 10<\/li>\n<li class=\"product-description hidden-sm\">Processore: 8-Core da 2,73 GHz<\/li>\n<li class=\"product-description hidden-sm\">Display 6,2 &#8221; Dynamic AMOLED<\/li>\n<li class=\"product-description hidden-sm\">Memoria interna: 128 GB &#8211; RAM: 12 Gb<\/li>\n<li class=\"product-description hidden-sm\">Distribuito da SAMSUNG Italia<\/li>\n<\/ul>\n","protected":false},"featured_media":4121,"comment_status":"open","ping_status":"closed","template":"","meta":{"jetpack_post_was_ever_published":false,"jetpack_publicize_message":"","jetpack_publicize_feature_enabled":true,"jetpack_social_post_already_shared":true,"jetpack_social_options":{"image_generator_settings":{"template":"highway","default_image_id":0,"font":"","enabled":false},"version":2}},"product_brand":[],"product_cat":[27],"product_tag":[140,55,53,54],"class_list":{"0":"post-4120","1":"product","2":"type-product","3":"status-publish","4":"has-post-thumbnail","6":"product_cat-smartphone","7":"product_tag-5g","8":"product_tag-android","9":"product_tag-samsung","10":"product_tag-smartphone","12":"first","13":"outofstock","14":"taxable","15":"shipping-taxable","16":"purchasable","17":"product-type-simple"},"yoast_head":"<!-- This site is optimized with the Yoast SEO plugin v27.4 - https:\/\/yoast.com\/product\/yoast-seo-wordpress\/ -->\n<title>Samsung S20 5G 128 GB<\/title>\n<meta name=\"description\" content=\"I nuovi Samsung S20 5G 128Gb. I nuovi Galaxy sono il top dell&#039;azienda e si posizionano sulla fascia alta degli smartphone in vendita. ..\" \/>\n<meta name=\"robots\" content=\"index, follow, max-snippet:-1, max-image-preview:large, max-video-preview:-1\" \/>\n<link rel=\"canonical\" href=\"https:\/\/videom.it\/blog\/shop\/samsung-s20-5g\/\" \/>\n<meta property=\"og:locale\" content=\"it_IT\" \/>\n<meta property=\"og:type\" content=\"article\" \/>\n<meta property=\"og:title\" content=\"Samsung S20 5G 128 GB\" \/>\n<meta property=\"og:description\" content=\"I nuovi Samsung S20 5G 128Gb. I nuovi Galaxy sono il top dell&#039;azienda e si posizionano sulla fascia alta degli smartphone in vendita. ..\" \/>\n<meta property=\"og:url\" content=\"https:\/\/videom.it\/blog\/shop\/samsung-s20-5g\/\" \/>\n<meta property=\"og:site_name\" content=\"VideoMusic\" \/>\n<meta property=\"article:publisher\" content=\"https:\/\/www.facebook.com\/videomusiccava.trebisacce\" \/>\n<meta property=\"article:modified_time\" content=\"2022-10-21T09:36:37+00:00\" \/>\n<meta property=\"og:image\" content=\"https:\/\/videom.it\/blog\/wp-content\/uploads\/2020\/03\/SamsungS20-ab.jpg\" \/>\n\t<meta property=\"og:image:width\" content=\"800\" \/>\n\t<meta property=\"og:image:height\" content=\"800\" \/>\n\t<meta property=\"og:image:type\" content=\"image\/jpeg\" \/>\n<meta name=\"twitter:label1\" content=\"Tempo di lettura stimato\" \/>\n\t<meta name=\"twitter:data1\" content=\"1 minuto\" \/>\n<script type=\"application\/ld+json\" class=\"yoast-schema-graph\">{\"@context\":\"https:\\\/\\\/schema.org\",\"@graph\":[{\"@type\":\"WebPage\",\"@id\":\"https:\\\/\\\/videom.it\\\/blog\\\/shop\\\/samsung-s20-5g\\\/\",\"url\":\"https:\\\/\\\/videom.it\\\/blog\\\/shop\\\/samsung-s20-5g\\\/\",\"name\":\"Samsung S20 5G 128 GB\",\"isPartOf\":{\"@id\":\"https:\\\/\\\/videom.it\\\/blog\\\/#website\"},\"primaryImageOfPage\":{\"@id\":\"https:\\\/\\\/videom.it\\\/blog\\\/shop\\\/samsung-s20-5g\\\/#primaryimage\"},\"image\":{\"@id\":\"https:\\\/\\\/videom.it\\\/blog\\\/shop\\\/samsung-s20-5g\\\/#primaryimage\"},\"thumbnailUrl\":\"https:\\\/\\\/i0.wp.com\\\/videom.it\\\/blog\\\/wp-content\\\/uploads\\\/2020\\\/03\\\/SamsungS20-ab.jpg?fit=800%2C800&ssl=1\",\"datePublished\":\"2020-03-03T17:31:06+00:00\",\"dateModified\":\"2022-10-21T09:36:37+00:00\",\"description\":\"I nuovi Samsung S20 5G 128Gb. I nuovi Galaxy sono il top dell'azienda e si posizionano sulla fascia alta degli smartphone in vendita. ..\",\"breadcrumb\":{\"@id\":\"https:\\\/\\\/videom.it\\\/blog\\\/shop\\\/samsung-s20-5g\\\/#breadcrumb\"},\"inLanguage\":\"it-IT\",\"potentialAction\":[{\"@type\":\"ReadAction\",\"target\":[\"https:\\\/\\\/videom.it\\\/blog\\\/shop\\\/samsung-s20-5g\\\/\"]}]},{\"@type\":\"ImageObject\",\"inLanguage\":\"it-IT\",\"@id\":\"https:\\\/\\\/videom.it\\\/blog\\\/shop\\\/samsung-s20-5g\\\/#primaryimage\",\"url\":\"https:\\\/\\\/i0.wp.com\\\/videom.it\\\/blog\\\/wp-content\\\/uploads\\\/2020\\\/03\\\/SamsungS20-ab.jpg?fit=800%2C800&ssl=1\",\"contentUrl\":\"https:\\\/\\\/i0.wp.com\\\/videom.it\\\/blog\\\/wp-content\\\/uploads\\\/2020\\\/03\\\/SamsungS20-ab.jpg?fit=800%2C800&ssl=1\",\"width\":800,\"height\":800},{\"@type\":\"BreadcrumbList\",\"@id\":\"https:\\\/\\\/videom.it\\\/blog\\\/shop\\\/samsung-s20-5g\\\/#breadcrumb\",\"itemListElement\":[{\"@type\":\"ListItem\",\"position\":1,\"name\":\"Home\",\"item\":\"https:\\\/\\\/videom.it\\\/blog\\\/\"},{\"@type\":\"ListItem\",\"position\":2,\"name\":\"Shop\",\"item\":\"https:\\\/\\\/videom.it\\\/blog\\\/shop\\\/\"},{\"@type\":\"ListItem\",\"position\":3,\"name\":\"Samsung S20 5G 128 GB\"}]},{\"@type\":\"WebSite\",\"@id\":\"https:\\\/\\\/videom.it\\\/blog\\\/#website\",\"url\":\"https:\\\/\\\/videom.it\\\/blog\\\/\",\"name\":\"VideoMusic\",\"description\":\"Luce &amp; Gas - Assicurazioni - Riparazioni\",\"publisher\":{\"@id\":\"https:\\\/\\\/videom.it\\\/blog\\\/#organization\"},\"potentialAction\":[{\"@type\":\"SearchAction\",\"target\":{\"@type\":\"EntryPoint\",\"urlTemplate\":\"https:\\\/\\\/videom.it\\\/blog\\\/?s={search_term_string}\"},\"query-input\":{\"@type\":\"PropertyValueSpecification\",\"valueRequired\":true,\"valueName\":\"search_term_string\"}}],\"inLanguage\":\"it-IT\"},{\"@type\":\"Organization\",\"@id\":\"https:\\\/\\\/videom.it\\\/blog\\\/#organization\",\"name\":\"VideoMusic\",\"url\":\"https:\\\/\\\/videom.it\\\/blog\\\/\",\"logo\":{\"@type\":\"ImageObject\",\"inLanguage\":\"it-IT\",\"@id\":\"https:\\\/\\\/videom.it\\\/blog\\\/#\\\/schema\\\/logo\\\/image\\\/\",\"url\":\"https:\\\/\\\/i2.wp.com\\\/videom.it\\\/blog\\\/wp-content\\\/uploads\\\/2015\\\/04\\\/25th-giallo-3.jpg?fit=1300%2C1192&ssl=1\",\"contentUrl\":\"https:\\\/\\\/i2.wp.com\\\/videom.it\\\/blog\\\/wp-content\\\/uploads\\\/2015\\\/04\\\/25th-giallo-3.jpg?fit=1300%2C1192&ssl=1\",\"width\":1300,\"height\":1192,\"caption\":\"VideoMusic\"},\"image\":{\"@id\":\"https:\\\/\\\/videom.it\\\/blog\\\/#\\\/schema\\\/logo\\\/image\\\/\"},\"sameAs\":[\"https:\\\/\\\/www.facebook.com\\\/videomusiccava.trebisacce\",\"https:\\\/\\\/x.com\\\/vbcava\",\"https:\\\/\\\/www.youtube.com\\\/channel\\\/UCgNxnZpk2zqHaIcIxF3swOA\"]}]}<\/script>\n<!-- \/ Yoast SEO plugin. -->","yoast_head_json":{"title":"Samsung S20 5G 128 GB","description":"I nuovi Samsung S20 5G 128Gb. I nuovi Galaxy sono il top dell'azienda e si posizionano sulla fascia alta degli smartphone in vendita. ..","robots":{"index":"index","follow":"follow","max-snippet":"max-snippet:-1","max-image-preview":"max-image-preview:large","max-video-preview":"max-video-preview:-1"},"canonical":"https:\/\/videom.it\/blog\/shop\/samsung-s20-5g\/","og_locale":"it_IT","og_type":"article","og_title":"Samsung S20 5G 128 GB","og_description":"I nuovi Samsung S20 5G 128Gb. I nuovi Galaxy sono il top dell'azienda e si posizionano sulla fascia alta degli smartphone in vendita. ..","og_url":"https:\/\/videom.it\/blog\/shop\/samsung-s20-5g\/","og_site_name":"VideoMusic","article_publisher":"https:\/\/www.facebook.com\/videomusiccava.trebisacce","article_modified_time":"2022-10-21T09:36:37+00:00","og_image":[{"width":800,"height":800,"url":"https:\/\/videom.it\/blog\/wp-content\/uploads\/2020\/03\/SamsungS20-ab.jpg","type":"image\/jpeg"}],"twitter_misc":{"Tempo di lettura stimato":"1 minuto"},"schema":{"@context":"https:\/\/schema.org","@graph":[{"@type":"WebPage","@id":"https:\/\/videom.it\/blog\/shop\/samsung-s20-5g\/","url":"https:\/\/videom.it\/blog\/shop\/samsung-s20-5g\/","name":"Samsung S20 5G 128 GB","isPartOf":{"@id":"https:\/\/videom.it\/blog\/#website"},"primaryImageOfPage":{"@id":"https:\/\/videom.it\/blog\/shop\/samsung-s20-5g\/#primaryimage"},"image":{"@id":"https:\/\/videom.it\/blog\/shop\/samsung-s20-5g\/#primaryimage"},"thumbnailUrl":"https:\/\/i0.wp.com\/videom.it\/blog\/wp-content\/uploads\/2020\/03\/SamsungS20-ab.jpg?fit=800%2C800&ssl=1","datePublished":"2020-03-03T17:31:06+00:00","dateModified":"2022-10-21T09:36:37+00:00","description":"I nuovi Samsung S20 5G 128Gb. I nuovi Galaxy sono il top dell'azienda e si posizionano sulla fascia alta degli smartphone in vendita. ..","breadcrumb":{"@id":"https:\/\/videom.it\/blog\/shop\/samsung-s20-5g\/#breadcrumb"},"inLanguage":"it-IT","potentialAction":[{"@type":"ReadAction","target":["https:\/\/videom.it\/blog\/shop\/samsung-s20-5g\/"]}]},{"@type":"ImageObject","inLanguage":"it-IT","@id":"https:\/\/videom.it\/blog\/shop\/samsung-s20-5g\/#primaryimage","url":"https:\/\/i0.wp.com\/videom.it\/blog\/wp-content\/uploads\/2020\/03\/SamsungS20-ab.jpg?fit=800%2C800&ssl=1","contentUrl":"https:\/\/i0.wp.com\/videom.it\/blog\/wp-content\/uploads\/2020\/03\/SamsungS20-ab.jpg?fit=800%2C800&ssl=1","width":800,"height":800},{"@type":"BreadcrumbList","@id":"https:\/\/videom.it\/blog\/shop\/samsung-s20-5g\/#breadcrumb","itemListElement":[{"@type":"ListItem","position":1,"name":"Home","item":"https:\/\/videom.it\/blog\/"},{"@type":"ListItem","position":2,"name":"Shop","item":"https:\/\/videom.it\/blog\/shop\/"},{"@type":"ListItem","position":3,"name":"Samsung S20 5G 128 GB"}]},{"@type":"WebSite","@id":"https:\/\/videom.it\/blog\/#website","url":"https:\/\/videom.it\/blog\/","name":"VideoMusic","description":"Luce &amp; Gas - Assicurazioni - Riparazioni","publisher":{"@id":"https:\/\/videom.it\/blog\/#organization"},"potentialAction":[{"@type":"SearchAction","target":{"@type":"EntryPoint","urlTemplate":"https:\/\/videom.it\/blog\/?s={search_term_string}"},"query-input":{"@type":"PropertyValueSpecification","valueRequired":true,"valueName":"search_term_string"}}],"inLanguage":"it-IT"},{"@type":"Organization","@id":"https:\/\/videom.it\/blog\/#organization","name":"VideoMusic","url":"https:\/\/videom.it\/blog\/","logo":{"@type":"ImageObject","inLanguage":"it-IT","@id":"https:\/\/videom.it\/blog\/#\/schema\/logo\/image\/","url":"https:\/\/i2.wp.com\/videom.it\/blog\/wp-content\/uploads\/2015\/04\/25th-giallo-3.jpg?fit=1300%2C1192&ssl=1","contentUrl":"https:\/\/i2.wp.com\/videom.it\/blog\/wp-content\/uploads\/2015\/04\/25th-giallo-3.jpg?fit=1300%2C1192&ssl=1","width":1300,"height":1192,"caption":"VideoMusic"},"image":{"@id":"https:\/\/videom.it\/blog\/#\/schema\/logo\/image\/"},"sameAs":["https:\/\/www.facebook.com\/videomusiccava.trebisacce","https:\/\/x.com\/vbcava","https:\/\/www.youtube.com\/channel\/UCgNxnZpk2zqHaIcIxF3swOA"]}]}},"jetpack_publicize_connections":[],"jetpack_sharing_enabled":true,"_links":{"self":[{"href":"https:\/\/videom.it\/blog\/wp-json\/wp\/v2\/product\/4120","targetHints":{"allow":["GET"]}}],"collection":[{"href":"https:\/\/videom.it\/blog\/wp-json\/wp\/v2\/product"}],"about":[{"href":"https:\/\/videom.it\/blog\/wp-json\/wp\/v2\/types\/product"}],"replies":[{"embeddable":true,"href":"https:\/\/videom.it\/blog\/wp-json\/wp\/v2\/comments?post=4120"}],"wp:featuredmedia":[{"embeddable":true,"href":"https:\/\/videom.it\/blog\/wp-json\/wp\/v2\/media\/4121"}],"wp:attachment":[{"href":"https:\/\/videom.it\/blog\/wp-json\/wp\/v2\/media?parent=4120"}],"wp:term":[{"taxonomy":"product_brand","embeddable":true,"href":"https:\/\/videom.it\/blog\/wp-json\/wp\/v2\/product_brand?post=4120"},{"taxonomy":"product_cat","embeddable":true,"href":"https:\/\/videom.it\/blog\/wp-json\/wp\/v2\/product_cat?post=4120"},{"taxonomy":"product_tag","embeddable":true,"href":"https:\/\/videom.it\/blog\/wp-json\/wp\/v2\/product_tag?post=4120"}],"curies":[{"name":"wp","href":"https:\/\/api.w.org\/{rel}","templated":true}]}}