{"id":1189,"date":"2020-06-12T19:07:16","date_gmt":"2020-06-12T17:07:16","guid":{"rendered":"http:\/\/videom.it\/blog\/?post_type=product&#038;p=1189"},"modified":"2025-05-23T11:09:36","modified_gmt":"2025-05-23T09:09:36","slug":"samsung-galaxy-a30s","status":"publish","type":"product","link":"https:\/\/videom.it\/blog\/shop\/samsung-galaxy-a30s\/","title":{"rendered":"Samsung Galaxy A30s"},"content":{"rendered":"<p>Samsung Galaxy A30s \u00e8 un smartphone\u00a0<b><a href=\"https:\/\/it.wikipedia.org\/wiki\/Android\" target=\"_blank\" rel=\"noopener noreferrer\">Android<\/a><\/b>\u00a0completo, che non ha molto da invidare ai dispositivi pi\u00f9 avanzati. Sorprende il display\u00a0<b>Touchscreen<\/b>\u00a0da\u00a0<b>6.4<\/b>\u00a0pollici che pone questo Samsung al vertice della categoria. Risoluzione di\u00a0<b>1560&#215;720<\/b>\u00a0pixel. Sul versante delle funzionalit\u00e0 a questo Samsung Galaxy A30s non manca davvero nulla. A cominciare dal modulo\u00a0<b>LTE 4G<\/b>\u00a0che permette un trasferimento dati e una navigazione in internet eccellente, passando per la connettivit\u00e0\u00a0<b>Wi-fi<\/b>\u00a0e il\u00a0<b>GPS<\/b>.<br \/>\nQuesto Galaxy A30s \u00e8 un prodotto con pochi competitor per ci\u00f2 che riguarda la multimedialit\u00e0 grazie alla fotocamera da ben <b>25<\/b>\u00a0megapixel che permette di scattare foto fantastiche con una risoluzione di\u00a0<b>5774&#215;4330<\/b>\u00a0pixel e di registrare video in\u00a0<b>fullHD<\/b>\u00a0alla risoluzione di\u00a0<b>1920&#215;1080<\/b>\u00a0pixel. Lo spessore di\u00a0<b>7.7mm<\/b> \u00e8 veramente contenuto e rende questo Samsung\u00a0 A30s ancora pi\u00f9 spettacolare.<\/p>\n<p class=\"title style-scope ytd-video-primary-info-renderer\">Proteggi il tuo Smartphone con <a href=\"http:\/\/videom.it\/blog\/protection-pro\/\" target=\"_blank\" rel=\"noopener noreferrer\">PROTECTION PRO ULTRA<\/a> \u2013\u00a0 Il sistema di protezione pi\u00f9 avanzato sul mercato. Una esclusiva della VideoMusic Trebisacce, unico rivenditore dell&#8217;Alto Ionio<\/p>\n<p><a href=\"https:\/\/i0.wp.com\/videom.it\/blog\/wp-content\/uploads\/2019\/10\/Logo-video-Blog.jpg?ssl=1\"><img data-recalc-dims=\"1\" decoding=\"async\" class=\"alignnone size-medium wp-image-3821\" src=\"https:\/\/i0.wp.com\/videom.it\/blog\/wp-content\/uploads\/2019\/10\/Logo-video-Blog-300x74.jpg?resize=300%2C74&#038;ssl=1\" alt=\"samsung galaxy A30s\" width=\"300\" height=\"74\" \/><\/a> <strong>Unica sede a Trebiscace (Cs) in Vle della Libert\u00e0 22\/24 &#8211; 098158459 \/ 51519 &#8211; 3518188174 &#8211; info@videom.it<\/strong><\/p>\n","protected":false},"excerpt":{"rendered":"<ul>\n<li><strong>Schermo<\/strong>: 6\u2033 Infinity Display HD+ (720 x 1.480 pixel) con vetro 2.5D<\/li>\n<li><strong>CPU<\/strong>: Qualcomm Snapdragon 425 (quad-core a 1,4 GHz) con GPU<b>\u00a0<\/b>Adreno 308<\/li>\n<li><strong>RAM<\/strong>: 2 GB<\/li>\n<li><strong>Memoria interna<\/strong>: 32 GB (espandibile con microSD fino a 512 GB)<\/li>\n<li><strong>Fotocamera posteriore<\/strong>: 13 megapixel, f\/1.9<\/li>\n<li><strong>Fotocamera frontale<\/strong>: 5 megapixel, f\/2.2, con flash LED<\/li>\n<li><strong>Connettivit\u00e0<\/strong>: Dual SIM, 4G LTE Cat.4, Wi-Fi, Bluetooth 4.2, micro USB, Jack cuffie, NFC<\/li>\n<li><strong>Batteria<\/strong>: 3.300 mAh<\/li>\n<li><strong>Dimensioni<\/strong>: 161,4 x 76,9 x 7,9 mm<\/li>\n<li><strong>Peso<\/strong>: 178 g<\/li>\n<li><strong>OS<\/strong>: Android 8.1 Oreo<\/li>\n<li><strong>Colori<\/strong>: nero, oro, rosa<\/li>\n<\/ul>\n","protected":false},"featured_media":4462,"comment_status":"open","ping_status":"closed","template":"","meta":{"jetpack_post_was_ever_published":false,"jetpack_publicize_message":"","jetpack_publicize_feature_enabled":true,"jetpack_social_post_already_shared":false,"jetpack_social_options":{"image_generator_settings":{"template":"highway","default_image_id":0,"font":"","enabled":false},"version":2}},"product_brand":[],"product_cat":[27],"product_tag":[102,55,53,54],"class_list":{"0":"post-1189","1":"product","2":"type-product","3":"status-publish","4":"has-post-thumbnail","6":"product_cat-smartphone","7":"product_tag-4g","8":"product_tag-android","9":"product_tag-samsung","10":"product_tag-smartphone","12":"first","13":"outofstock","14":"sale","15":"taxable","16":"shipping-taxable","17":"purchasable","18":"product-type-simple"},"yoast_head":"<!-- This site is optimized with the Yoast SEO plugin v27.3 - https:\/\/yoast.com\/product\/yoast-seo-wordpress\/ -->\n<title>Samsung Galaxy A30s<\/title>\n<meta name=\"description\" content=\"Il nuovo Samsung Galaxy A30s ripagher\u00e0 le aspettative degli amanti della tecnologia. A cominciare dalla multimedialit\u00e0 grazie alla fotocamera da 25\u00a0megapix.\" \/>\n<meta name=\"robots\" content=\"index, follow, max-snippet:-1, max-image-preview:large, max-video-preview:-1\" \/>\n<link rel=\"canonical\" href=\"https:\/\/videom.it\/blog\/shop\/samsung-galaxy-a30s\/\" \/>\n<meta property=\"og:locale\" content=\"it_IT\" \/>\n<meta property=\"og:type\" content=\"article\" \/>\n<meta property=\"og:title\" content=\"Samsung Galaxy A30s\" \/>\n<meta property=\"og:description\" content=\"Il nuovo Samsung Galaxy A30s ripagher\u00e0 le aspettative degli amanti della tecnologia. A cominciare dalla multimedialit\u00e0 grazie alla fotocamera da 25\u00a0megapix.\" \/>\n<meta property=\"og:url\" content=\"https:\/\/videom.it\/blog\/shop\/samsung-galaxy-a30s\/\" \/>\n<meta property=\"og:site_name\" content=\"VideoMusic\" \/>\n<meta property=\"article:publisher\" content=\"https:\/\/www.facebook.com\/videomusiccava.trebisacce\" \/>\n<meta property=\"article:modified_time\" content=\"2025-05-23T09:09:36+00:00\" \/>\n<meta property=\"og:image\" content=\"https:\/\/videom.it\/blog\/wp-content\/uploads\/2016\/03\/A30s-c.jpg\" \/>\n\t<meta property=\"og:image:width\" content=\"1200\" \/>\n\t<meta property=\"og:image:height\" content=\"600\" \/>\n\t<meta property=\"og:image:type\" content=\"image\/jpeg\" \/>\n<meta name=\"twitter:label1\" content=\"Tempo di lettura stimato\" \/>\n\t<meta name=\"twitter:data1\" content=\"1 minuto\" \/>\n<script type=\"application\/ld+json\" class=\"yoast-schema-graph\">{\"@context\":\"https:\\\/\\\/schema.org\",\"@graph\":[{\"@type\":\"WebPage\",\"@id\":\"https:\\\/\\\/videom.it\\\/blog\\\/shop\\\/samsung-galaxy-a30s\\\/\",\"url\":\"https:\\\/\\\/videom.it\\\/blog\\\/shop\\\/samsung-galaxy-a30s\\\/\",\"name\":\"Samsung Galaxy A30s\",\"isPartOf\":{\"@id\":\"https:\\\/\\\/videom.it\\\/blog\\\/#website\"},\"primaryImageOfPage\":{\"@id\":\"https:\\\/\\\/videom.it\\\/blog\\\/shop\\\/samsung-galaxy-a30s\\\/#primaryimage\"},\"image\":{\"@id\":\"https:\\\/\\\/videom.it\\\/blog\\\/shop\\\/samsung-galaxy-a30s\\\/#primaryimage\"},\"thumbnailUrl\":\"https:\\\/\\\/i0.wp.com\\\/videom.it\\\/blog\\\/wp-content\\\/uploads\\\/2016\\\/03\\\/A30s-c.jpg?fit=1200%2C600&ssl=1\",\"datePublished\":\"2020-06-12T17:07:16+00:00\",\"dateModified\":\"2025-05-23T09:09:36+00:00\",\"description\":\"Il nuovo Samsung Galaxy A30s ripagher\u00e0 le aspettative degli amanti della tecnologia. A cominciare dalla multimedialit\u00e0 grazie alla fotocamera da 25\u00a0megapix.\",\"breadcrumb\":{\"@id\":\"https:\\\/\\\/videom.it\\\/blog\\\/shop\\\/samsung-galaxy-a30s\\\/#breadcrumb\"},\"inLanguage\":\"it-IT\",\"potentialAction\":[{\"@type\":\"ReadAction\",\"target\":[\"https:\\\/\\\/videom.it\\\/blog\\\/shop\\\/samsung-galaxy-a30s\\\/\"]}]},{\"@type\":\"ImageObject\",\"inLanguage\":\"it-IT\",\"@id\":\"https:\\\/\\\/videom.it\\\/blog\\\/shop\\\/samsung-galaxy-a30s\\\/#primaryimage\",\"url\":\"https:\\\/\\\/i0.wp.com\\\/videom.it\\\/blog\\\/wp-content\\\/uploads\\\/2016\\\/03\\\/A30s-c.jpg?fit=1200%2C600&ssl=1\",\"contentUrl\":\"https:\\\/\\\/i0.wp.com\\\/videom.it\\\/blog\\\/wp-content\\\/uploads\\\/2016\\\/03\\\/A30s-c.jpg?fit=1200%2C600&ssl=1\",\"width\":1200,\"height\":600},{\"@type\":\"BreadcrumbList\",\"@id\":\"https:\\\/\\\/videom.it\\\/blog\\\/shop\\\/samsung-galaxy-a30s\\\/#breadcrumb\",\"itemListElement\":[{\"@type\":\"ListItem\",\"position\":1,\"name\":\"Home\",\"item\":\"https:\\\/\\\/videom.it\\\/blog\\\/\"},{\"@type\":\"ListItem\",\"position\":2,\"name\":\"Shop\",\"item\":\"https:\\\/\\\/videom.it\\\/blog\\\/shop\\\/\"},{\"@type\":\"ListItem\",\"position\":3,\"name\":\"Samsung Galaxy A30s\"}]},{\"@type\":\"WebSite\",\"@id\":\"https:\\\/\\\/videom.it\\\/blog\\\/#website\",\"url\":\"https:\\\/\\\/videom.it\\\/blog\\\/\",\"name\":\"VideoMusic\",\"description\":\"Luce &amp; Gas - Assicurazioni - Riparazioni\",\"publisher\":{\"@id\":\"https:\\\/\\\/videom.it\\\/blog\\\/#organization\"},\"potentialAction\":[{\"@type\":\"SearchAction\",\"target\":{\"@type\":\"EntryPoint\",\"urlTemplate\":\"https:\\\/\\\/videom.it\\\/blog\\\/?s={search_term_string}\"},\"query-input\":{\"@type\":\"PropertyValueSpecification\",\"valueRequired\":true,\"valueName\":\"search_term_string\"}}],\"inLanguage\":\"it-IT\"},{\"@type\":\"Organization\",\"@id\":\"https:\\\/\\\/videom.it\\\/blog\\\/#organization\",\"name\":\"VideoMusic\",\"url\":\"https:\\\/\\\/videom.it\\\/blog\\\/\",\"logo\":{\"@type\":\"ImageObject\",\"inLanguage\":\"it-IT\",\"@id\":\"https:\\\/\\\/videom.it\\\/blog\\\/#\\\/schema\\\/logo\\\/image\\\/\",\"url\":\"https:\\\/\\\/i2.wp.com\\\/videom.it\\\/blog\\\/wp-content\\\/uploads\\\/2015\\\/04\\\/25th-giallo-3.jpg?fit=1300%2C1192&ssl=1\",\"contentUrl\":\"https:\\\/\\\/i2.wp.com\\\/videom.it\\\/blog\\\/wp-content\\\/uploads\\\/2015\\\/04\\\/25th-giallo-3.jpg?fit=1300%2C1192&ssl=1\",\"width\":1300,\"height\":1192,\"caption\":\"VideoMusic\"},\"image\":{\"@id\":\"https:\\\/\\\/videom.it\\\/blog\\\/#\\\/schema\\\/logo\\\/image\\\/\"},\"sameAs\":[\"https:\\\/\\\/www.facebook.com\\\/videomusiccava.trebisacce\",\"https:\\\/\\\/x.com\\\/vbcava\",\"https:\\\/\\\/www.youtube.com\\\/channel\\\/UCgNxnZpk2zqHaIcIxF3swOA\"]}]}<\/script>\n<!-- \/ Yoast SEO plugin. -->","yoast_head_json":{"title":"Samsung Galaxy A30s","description":"Il nuovo Samsung Galaxy A30s ripagher\u00e0 le aspettative degli amanti della tecnologia. A cominciare dalla multimedialit\u00e0 grazie alla fotocamera da 25\u00a0megapix.","robots":{"index":"index","follow":"follow","max-snippet":"max-snippet:-1","max-image-preview":"max-image-preview:large","max-video-preview":"max-video-preview:-1"},"canonical":"https:\/\/videom.it\/blog\/shop\/samsung-galaxy-a30s\/","og_locale":"it_IT","og_type":"article","og_title":"Samsung Galaxy A30s","og_description":"Il nuovo Samsung Galaxy A30s ripagher\u00e0 le aspettative degli amanti della tecnologia. A cominciare dalla multimedialit\u00e0 grazie alla fotocamera da 25\u00a0megapix.","og_url":"https:\/\/videom.it\/blog\/shop\/samsung-galaxy-a30s\/","og_site_name":"VideoMusic","article_publisher":"https:\/\/www.facebook.com\/videomusiccava.trebisacce","article_modified_time":"2025-05-23T09:09:36+00:00","og_image":[{"width":1200,"height":600,"url":"https:\/\/videom.it\/blog\/wp-content\/uploads\/2016\/03\/A30s-c.jpg","type":"image\/jpeg"}],"twitter_misc":{"Tempo di lettura stimato":"1 minuto"},"schema":{"@context":"https:\/\/schema.org","@graph":[{"@type":"WebPage","@id":"https:\/\/videom.it\/blog\/shop\/samsung-galaxy-a30s\/","url":"https:\/\/videom.it\/blog\/shop\/samsung-galaxy-a30s\/","name":"Samsung Galaxy A30s","isPartOf":{"@id":"https:\/\/videom.it\/blog\/#website"},"primaryImageOfPage":{"@id":"https:\/\/videom.it\/blog\/shop\/samsung-galaxy-a30s\/#primaryimage"},"image":{"@id":"https:\/\/videom.it\/blog\/shop\/samsung-galaxy-a30s\/#primaryimage"},"thumbnailUrl":"https:\/\/i0.wp.com\/videom.it\/blog\/wp-content\/uploads\/2016\/03\/A30s-c.jpg?fit=1200%2C600&ssl=1","datePublished":"2020-06-12T17:07:16+00:00","dateModified":"2025-05-23T09:09:36+00:00","description":"Il nuovo Samsung Galaxy A30s ripagher\u00e0 le aspettative degli amanti della tecnologia. A cominciare dalla multimedialit\u00e0 grazie alla fotocamera da 25\u00a0megapix.","breadcrumb":{"@id":"https:\/\/videom.it\/blog\/shop\/samsung-galaxy-a30s\/#breadcrumb"},"inLanguage":"it-IT","potentialAction":[{"@type":"ReadAction","target":["https:\/\/videom.it\/blog\/shop\/samsung-galaxy-a30s\/"]}]},{"@type":"ImageObject","inLanguage":"it-IT","@id":"https:\/\/videom.it\/blog\/shop\/samsung-galaxy-a30s\/#primaryimage","url":"https:\/\/i0.wp.com\/videom.it\/blog\/wp-content\/uploads\/2016\/03\/A30s-c.jpg?fit=1200%2C600&ssl=1","contentUrl":"https:\/\/i0.wp.com\/videom.it\/blog\/wp-content\/uploads\/2016\/03\/A30s-c.jpg?fit=1200%2C600&ssl=1","width":1200,"height":600},{"@type":"BreadcrumbList","@id":"https:\/\/videom.it\/blog\/shop\/samsung-galaxy-a30s\/#breadcrumb","itemListElement":[{"@type":"ListItem","position":1,"name":"Home","item":"https:\/\/videom.it\/blog\/"},{"@type":"ListItem","position":2,"name":"Shop","item":"https:\/\/videom.it\/blog\/shop\/"},{"@type":"ListItem","position":3,"name":"Samsung Galaxy A30s"}]},{"@type":"WebSite","@id":"https:\/\/videom.it\/blog\/#website","url":"https:\/\/videom.it\/blog\/","name":"VideoMusic","description":"Luce &amp; Gas - Assicurazioni - Riparazioni","publisher":{"@id":"https:\/\/videom.it\/blog\/#organization"},"potentialAction":[{"@type":"SearchAction","target":{"@type":"EntryPoint","urlTemplate":"https:\/\/videom.it\/blog\/?s={search_term_string}"},"query-input":{"@type":"PropertyValueSpecification","valueRequired":true,"valueName":"search_term_string"}}],"inLanguage":"it-IT"},{"@type":"Organization","@id":"https:\/\/videom.it\/blog\/#organization","name":"VideoMusic","url":"https:\/\/videom.it\/blog\/","logo":{"@type":"ImageObject","inLanguage":"it-IT","@id":"https:\/\/videom.it\/blog\/#\/schema\/logo\/image\/","url":"https:\/\/i2.wp.com\/videom.it\/blog\/wp-content\/uploads\/2015\/04\/25th-giallo-3.jpg?fit=1300%2C1192&ssl=1","contentUrl":"https:\/\/i2.wp.com\/videom.it\/blog\/wp-content\/uploads\/2015\/04\/25th-giallo-3.jpg?fit=1300%2C1192&ssl=1","width":1300,"height":1192,"caption":"VideoMusic"},"image":{"@id":"https:\/\/videom.it\/blog\/#\/schema\/logo\/image\/"},"sameAs":["https:\/\/www.facebook.com\/videomusiccava.trebisacce","https:\/\/x.com\/vbcava","https:\/\/www.youtube.com\/channel\/UCgNxnZpk2zqHaIcIxF3swOA"]}]}},"jetpack_publicize_connections":[],"jetpack_sharing_enabled":true,"_links":{"self":[{"href":"https:\/\/videom.it\/blog\/wp-json\/wp\/v2\/product\/1189","targetHints":{"allow":["GET"]}}],"collection":[{"href":"https:\/\/videom.it\/blog\/wp-json\/wp\/v2\/product"}],"about":[{"href":"https:\/\/videom.it\/blog\/wp-json\/wp\/v2\/types\/product"}],"replies":[{"embeddable":true,"href":"https:\/\/videom.it\/blog\/wp-json\/wp\/v2\/comments?post=1189"}],"wp:featuredmedia":[{"embeddable":true,"href":"https:\/\/videom.it\/blog\/wp-json\/wp\/v2\/media\/4462"}],"wp:attachment":[{"href":"https:\/\/videom.it\/blog\/wp-json\/wp\/v2\/media?parent=1189"}],"wp:term":[{"taxonomy":"product_brand","embeddable":true,"href":"https:\/\/videom.it\/blog\/wp-json\/wp\/v2\/product_brand?post=1189"},{"taxonomy":"product_cat","embeddable":true,"href":"https:\/\/videom.it\/blog\/wp-json\/wp\/v2\/product_cat?post=1189"},{"taxonomy":"product_tag","embeddable":true,"href":"https:\/\/videom.it\/blog\/wp-json\/wp\/v2\/product_tag?post=1189"}],"curies":[{"name":"wp","href":"https:\/\/api.w.org\/{rel}","templated":true}]}}